{"id":109,"date":"2016-11-17T23:46:55","date_gmt":"2016-11-17T22:46:55","guid":{"rendered":"https:\/\/site.uit.no\/academiaborealis\/?page_id=109"},"modified":"2016-11-17T23:58:54","modified_gmt":"2016-11-17T22:58:54","slug":"minneforelesninger","status":"publish","type":"page","link":"https:\/\/site.uit.no\/academiaborealis\/sample-page\/om-academia-borealis-nord-norges-vitenskapsakademi\/minneforelesninger\/","title":{"rendered":"Minneforelesninger"},"content":{"rendered":"<p>Hvert \u00e5r arrangerer <em>Academia Borealis<\/em> to minneforelesninger:<\/p>\n<p><strong>Harangforelesningen<\/strong> er oppkalt etter den fremst\u00e5ende nordlysforskeren <em>Leiv Marius Harang (1902-1970)<\/em> som virket i Troms\u00f8, blant annet som f\u00f8rste bestyrer (fra 1928) for Nordlysobservatoriet og som gjorde banebrytende studier av den polare ionosf\u00e6ren. <a href=\"https:\/\/site.uit.no\/academiaborealis\/sample-page\/leiv-harang\/\">\u00a0Les mer<\/a><\/p>\n<p><strong>Qvigstadforelesningen<\/strong> er oppkalt etter den fremst\u00e5ende spr\u00e5k- og kulturforskeren, og teologen, <em>Just Knud Qvigstad (1853-1957),<\/em>bl.a. mange\u00e5rig bestyrer for Troms\u00f8 Museum og rektor ved Troms\u00f8 offentlige L\u00e6rerskole, som gjorde banebrytende arbeid innen utforskningen av samisk spr\u00e5k og kultur.<br \/>\n<a href=\"https:\/\/site.uit.no\/academiaborealis\/sample-page\/just-qvigstad\/\">Les mer&#8230;<\/a><\/p>\n<iframe src=\"http:\/\/www.facebook.com\/plugins\/like.php?href=https%3A%2F%2Fsite.uit.no%2Facademiaborealis%2Fsample-page%2Fom-academia-borealis-nord-norges-vitenskapsakademi%2Fminneforelesninger%2F&amp;layout=standard&amp;show_faces=true&amp;width=450&amp;action=like&amp;colorscheme=light&amp;height=80\" scrolling=\"no\" frameborder=\"0\" style=\"border:none; overflow:hidden; width:450px; height:80px;\" allowTransparency=\"true\"><\/iframe>","protected":false},"excerpt":{"rendered":"<p>Hvert \u00e5r arrangerer Academia Borealis to minneforelesninger: Harangforelesningen er oppkalt etter den fremst\u00e5ende nordlysforskeren Leiv Marius Harang (1902-1970) som virket i Troms\u00f8, blant annet som f\u00f8rste bestyrer (fra 1928) for Nordlysobservatoriet og som gjorde banebrytende studier av den polare ionosf\u00e6ren. \u00a0Les mer Qvigstadforelesningen er oppkalt etter den fremst\u00e5ende spr\u00e5k- og kulturforskeren, og teologen, Just Knud [&hellip;]<\/p>\n","protected":false},"author":602,"featured_media":0,"parent":32,"menu_order":0,"comment_status":"closed","ping_status":"closed","template":"","meta":{"footnotes":""},"class_list":["post-109","page","type-page","status-publish","hentry"],"_links":{"self":[{"href":"https:\/\/site.uit.no\/academiaborealis\/wp-json\/wp\/v2\/pages\/109","targetHints":{"allow":["GET"]}}],"collection":[{"href":"https:\/\/site.uit.no\/academiaborealis\/wp-json\/wp\/v2\/pages"}],"about":[{"href":"https:\/\/site.uit.no\/academiaborealis\/wp-json\/wp\/v2\/types\/page"}],"author":[{"embeddable":true,"href":"https:\/\/site.uit.no\/academiaborealis\/wp-json\/wp\/v2\/users\/602"}],"replies":[{"embeddable":true,"href":"https:\/\/site.uit.no\/academiaborealis\/wp-json\/wp\/v2\/comments?post=109"}],"version-history":[{"count":1,"href":"https:\/\/site.uit.no\/academiaborealis\/wp-json\/wp\/v2\/pages\/109\/revisions"}],"predecessor-version":[{"id":110,"href":"https:\/\/site.uit.no\/academiaborealis\/wp-json\/wp\/v2\/pages\/109\/revisions\/110"}],"up":[{"embeddable":true,"href":"https:\/\/site.uit.no\/academiaborealis\/wp-json\/wp\/v2\/pages\/32"}],"wp:attachment":[{"href":"https:\/\/site.uit.no\/academiaborealis\/wp-json\/wp\/v2\/media?parent=109"}],"curies":[{"name":"wp","href":"https:\/\/api.w.org\/{rel}","templated":true}]}}