{"id":133,"date":"2017-01-24T17:27:01","date_gmt":"2017-01-24T16:27:01","guid":{"rendered":"https:\/\/site.uit.no\/academiaborealis\/?page_id=133"},"modified":"2017-10-21T01:09:16","modified_gmt":"2017-10-20T23:09:16","slug":"arrangementer-2017","status":"publish","type":"page","link":"https:\/\/site.uit.no\/academiaborealis\/arrangementer\/arrangementer-2017\/","title":{"rendered":"Arrangementer 2017"},"content":{"rendered":"<div>\n<p>&nbsp;<\/p>\n<h4><img decoding=\"async\" class=\"alignright\" src=\"http:\/\/www.ub.uit.no\/nnva\/images\/stories\/nnva\/logo20academia20borealis.png\" width=\"119\" height=\"152\" border=\"0\" \/>Torsdag 9. november 2017, kl. 1900<\/h4>\n<p style=\"text-align: left\" align=\"center\">Troms\u00f8 Museum, Universitetsmuseet, Rotunden, Lars Th\u00f8ringsvei 10<\/p>\n<h3><span style=\"color: #0000ff\"><em>Hundre \u00e5r siden 1917: Vladimir Putin og arven fra Den russiske revolusjon<\/em><\/span><\/h3>\n<h3 style=\"text-align: left\" align=\"center\">Prof. Jens Petter Nielsen<\/h3>\n<p style=\"text-align: left\" align=\"center\"><em>Institutt for arkeologi, historie, religionsvitenskap og teologi<\/em><br \/>\n<em> UiT, Norges arktiske universitet<\/em><\/p>\n<p>Kreml-ledelsens tiln\u00e6rming til jubileet for Den russiske revolusjon tar sikte p\u00e5 \u00e5 hindre splittelse i befolkningen og samtidig skape sammenheng og kontinuitet i Russlands historie i det 20. \u00e5rhundre. Bak ligger en dyp skepsis til revolusjon som politisk virkemiddel i dag.<\/p>\n<\/div>\n<p><span class=\"Apple-style-span\">Sp\u00f8rsm\u00e5l og debatt. M\u00f8tet er \u00e5pent for alle interesserte.<\/span><\/p>\n<div>\n<hr \/>\n<\/div>\n<div>\n<div>\n<h3 style=\"text-align: left\">Mandag 25. september 2017, kl. 1900<\/h3>\n<\/div>\n<p>Troms\u00f8 Museum, Universitetsmuseet, Rotunden, Lars Th\u00f8ringsvei 10<\/p>\n<h3 style=\"text-align: left\"><span style=\"color: #0000ff\"><em>Donald Trump: Hvorfor ble han valgt, hvorfor kan han holde p\u00e5 som han gj\u00f8r, kan han s\u00e5gar bli gjenvalgt?<\/em><\/span><\/h3>\n<h3 style=\"text-align: left\" align=\"center\">Prof.em. Geir Lundestad<\/h3>\n<hr \/>\n<\/div>\n<div style=\"text-align: left\"><\/div>\n<div style=\"text-align: left\"><span class=\"Apple-style-span\">ACADEMIA BOREALIS<\/span>, Nord-Norges Vitenskapsakademi<\/div>\n<div style=\"text-align: left\">\n<p>\u00a0Invitasjon til \u00e5rets<strong> Qvigstad-forelesning<\/strong>:<\/p>\n<div style=\"text-align: left\">\n<h3>tirsdag 9. mai 2017, kl. 1900<\/h3>\n<\/div>\n<div style=\"text-align: center\">\n<p>Troms\u00f8 Museum, Universitetsmuseet, Rotunden, Lars Th\u00f8ringsvei 10<\/p>\n<h3 style=\"text-align: left\" align=\"center\"><span style=\"color: #0000ff\"><strong><em>Spr\u00e5ksituasjonen i S\u00e1pmi<\/em><\/strong><\/span><\/h3>\n<p style=\"text-align: left\" align=\"center\"><strong>F\u00f8rsteamanuensis Lill Tove Fredriksen<\/strong><br \/>\n<em>Institutt for spr\u00e5k og kultur, UiT, Norges arktiske universitet<\/em><\/p>\n<p style=\"text-align: left\" align=\"center\"><span style=\"color: #0000ff\"><strong><em>Hvor ble spr\u00e5ket mitt av?<\/em><\/strong><\/span><\/p>\n<p style=\"text-align: left\"><strong>Seniorr\u00e5diver Nils \u00d8ivind Helander<br \/>\n<\/strong><em>Sametinget\/S\u00e1mediggi<\/em><\/p>\n<h4 style=\"text-align: left\"><strong><span style=\"color: #0000ff\"><em>Lovverk, tiltak og ordninger for samiske spr\u00e5k. Hva mer skal til for \u00e5 bevare og utvikle spr\u00e5ket?<\/em><\/span><\/strong><\/h4>\n<p style=\"text-align: left\"><span style=\"color: #000000\"><strong>Univ.lektor Berit Anne Bals Baal,<\/strong><\/span><br \/>\n<em>Institutt for spr\u00e5k og kultur, UiT, Norges arktiske universitet<\/em><\/p>\n<h4 style=\"text-align: left\"><strong><span style=\"color: #0000ff\"><em>Tilegnelse og bruk av samisk. Hva skal til for at hjertespr\u00e5ket ogs\u00e5 skal bli talespr\u00e5ket og skrivespr\u00e5ket?<\/em><\/span><\/strong><\/h4>\n<\/div>\n<hr \/>\n<p><strong>\u00c5rsm\u00f8teforedrag\u00a0torsdag 9.februar 2017, kl. 1900<\/strong><\/p>\n<\/div>\n<div style=\"text-align: left\">\n<p>Troms\u00f8 Museum, Universitetsmuseet, Rotunden.<\/p>\n<h3 style=\"text-align: left\" align=\"center\">Hon. professor Thierry Courvoisier<\/h3>\n<p><em>University og Gen\u00e8ve, Invited professor at UiT<\/em><br \/>\n<em>President of the European Academies Science Advisory Council EASAC<\/em><\/p>\n<h3 style=\"text-align: left\" align=\"center\"><em><span style=\"color: #0000ff\"><strong>Knowledge, from Telescopes to Governments<\/strong><\/span><\/em><\/h3>\n<p>Science, astronomy included, plays a dominant role in our mastering of our living conditions. This brings a responsibility that goes far beyond the mere scientific communication. Part of this responsibility is linked to bringing knowledge in the political decision making processes. This is now a most important task, in part because the political world is very far removed from science and in part because of the enormous quantity of knowledge that is needed to address present day problems. Academies are the main players on this scene, they have evolved in the last decades to address this task as independently as possible.<\/p>\n<\/div>\n<iframe src=\"http:\/\/www.facebook.com\/plugins\/like.php?href=https%3A%2F%2Fsite.uit.no%2Facademiaborealis%2Farrangementer%2Farrangementer-2017%2F&amp;layout=standard&amp;show_faces=true&amp;width=450&amp;action=like&amp;colorscheme=light&amp;height=80\" scrolling=\"no\" frameborder=\"0\" style=\"border:none; overflow:hidden; width:450px; height:80px;\" allowTransparency=\"true\"><\/iframe>","protected":false},"excerpt":{"rendered":"<p>&nbsp; Torsdag 9. november 2017, kl. 1900 Troms\u00f8 Museum, Universitetsmuseet, Rotunden, Lars Th\u00f8ringsvei 10 Hundre \u00e5r siden 1917: Vladimir Putin og arven fra Den russiske revolusjon Prof. Jens Petter Nielsen Institutt for arkeologi, historie, religionsvitenskap og teologi UiT, Norges arktiske universitet Kreml-ledelsens tiln\u00e6rming til jubileet for Den russiske revolusjon tar sikte p\u00e5 \u00e5 hindre splittelse [&hellip;]<\/p>\n","protected":false},"author":602,"featured_media":0,"parent":56,"menu_order":0,"comment_status":"closed","ping_status":"closed","template":"","meta":{"footnotes":""},"class_list":["post-133","page","type-page","status-publish","hentry"],"_links":{"self":[{"href":"https:\/\/site.uit.no\/academiaborealis\/wp-json\/wp\/v2\/pages\/133","targetHints":{"allow":["GET"]}}],"collection":[{"href":"https:\/\/site.uit.no\/academiaborealis\/wp-json\/wp\/v2\/pages"}],"about":[{"href":"https:\/\/site.uit.no\/academiaborealis\/wp-json\/wp\/v2\/types\/page"}],"author":[{"embeddable":true,"href":"https:\/\/site.uit.no\/academiaborealis\/wp-json\/wp\/v2\/users\/602"}],"replies":[{"embeddable":true,"href":"https:\/\/site.uit.no\/academiaborealis\/wp-json\/wp\/v2\/comments?post=133"}],"version-history":[{"count":9,"href":"https:\/\/site.uit.no\/academiaborealis\/wp-json\/wp\/v2\/pages\/133\/revisions"}],"predecessor-version":[{"id":189,"href":"https:\/\/site.uit.no\/academiaborealis\/wp-json\/wp\/v2\/pages\/133\/revisions\/189"}],"up":[{"embeddable":true,"href":"https:\/\/site.uit.no\/academiaborealis\/wp-json\/wp\/v2\/pages\/56"}],"wp:attachment":[{"href":"https:\/\/site.uit.no\/academiaborealis\/wp-json\/wp\/v2\/media?parent=133"}],"curies":[{"name":"wp","href":"https:\/\/api.w.org\/{rel}","templated":true}]}}