{"id":15,"date":"2016-11-17T17:04:53","date_gmt":"2016-11-17T16:04:53","guid":{"rendered":"https:\/\/site.uit.no\/academiaborealis\/?page_id=15"},"modified":"2018-10-22T09:44:53","modified_gmt":"2018-10-22T07:44:53","slug":"15-2","status":"publish","type":"page","link":"https:\/\/site.uit.no\/academiaborealis\/sample-page\/om-academia-borealis-nord-norges-vitenskapsakademi\/15-2\/","title":{"rendered":"Statutter"},"content":{"rendered":"<p><!--more--><img decoding=\"async\" class=\"wp-image-5 alignleft\" src=\"https:\/\/site.uit.no\/academiaborealis\/wp-content\/uploads\/sites\/257\/2016\/03\/Logo-Academia-Borealis-235x300.png\" alt=\"Logo Academia Borealis\" width=\"99\" height=\"126\" \/><\/p>\n<h4 style=\"text-align: center\" align=\"center\"><strong><span class=\"Apple-style-span\">STATUTTER<br \/>\n<\/span>for<\/strong><\/h4>\n<h4 style=\"text-align: center\" align=\"center\"><strong><span class=\"Apple-style-span\">ACADEMIA BOREALIS<\/span><\/strong><\/h4>\n<h4 style=\"text-align: center\" align=\"center\"><strong><span class=\"Apple-style-span\">\u2014<\/span><\/strong><\/h4>\n<h4 style=\"text-align: center\" align=\"center\"><strong><span class=\"Apple-style-span\">NORD-NORGES VITENSKAPSAKADEMI<\/span><\/strong><\/h4>\n<p>&nbsp;<\/p>\n<hr \/>\n<p style=\"text-align: left\" align=\"center\">Vedtatt p\u00e5 \u00e5rsm\u00f8tet den 25. januar 2002\u00a0med endringer vedtatt p\u00e5 \u00e5rsm\u00f8tet 10. februar 2011 og 9. februar 2017 inkludert.<\/p>\n<p><strong><span class=\"Apple-style-span\">AKADEMIETS NAVN, SETE OG FORM\u00c5L<\/span><\/strong><\/p>\n<p>\u00a7 1.<br \/>\nAkademiets navn er <em><span class=\"Apple-style-span\">Academia Borealis<\/span><\/em>, med tillegget <em><span class=\"Apple-style-span\">Nord-Norges Vitenskapsakademi<\/span><\/em> i de tilfeller hvor det ansees som \u00f8nskelig. Styret fastsetter ved behov oversettelse til andre spr\u00e5k. Akademiet har sitt sete i Troms\u00f8.<\/p>\n<p>\u00a7 2.<br \/>\nAkademiets form\u00e5l er \u00e5 fremme vitenskap og forst\u00e5else for vitenskapens betydning i samfunnet.<\/p>\n<p><strong>\u00a0<span class=\"Apple-style-span\">AKADEMIETS MEDLEMMER<\/span><\/strong><\/p>\n<p>\u00a73<br \/>\nAkademiet har 1) ordin\u00e6re innenlandske, 2) korresponderende innenlandske, og\u00a0 3) utenlandske medlemmer, dessuten 4) \u00e6resmedlemmer, dessuten 5) institusjonsmedlemmer. Betegnelsen innen- og utenlandsk gjelder bop\u00e6l, ikke nasjonalitet eller statsborgerskap. De ordin\u00e6re innenlandske medlemmer m\u00e5 ha bop\u00e6l i Troms\u00f8 eller n\u00e6rmeste omegn; ved flytning annensteds g\u00e5r de over i kategoriene korresponderende innenlandske eller utenlandske medlemmer.<\/p>\n<p>For de tre f\u00f8rste kategoriene er antall medlemmer under 67 \u00e5r begrenset. Styret fastsetter for en periode p\u00e5 5 \u00e5r det maksimale antall for hver kategori.<\/p>\n<p>Medlemmer innvelges etter en vurdering av vedkommendes vitenskapelige innsats, dokumentert ved publikasjoner eller p\u00e5 annen m\u00e5te. Ved innvalg av utenlandske medlemmer kan det tas hensyn til den foresl\u00e5ttes tilknytning til norsk vitenskap.<\/p>\n<p>Fra og med det \u00e5r et medlem fyller 67 \u00e5r, g\u00e5r det ut av den antallsbegrensede medlemsmasse, men beholder alle rettigheter som medlem.<\/p>\n<p>Institusjonsmedlemmer betaler en \u00e5rlig kontingent som avtales mellom institusjonen og Akademiets styre.<\/p>\n<p>\u00a7 4.<br \/>\nInnvalg av medlemmer skjer etter begrunnet forslag fra minst to av akademiets medlemmer.<\/p>\n<p>Fristen for \u00e5 innsende forslag er den 1. juni hvert \u00e5r. I god tid f\u00f8r fristen utl\u00f8per, skal styret gj\u00f8re kjent forslagsfristen for medlemmene samt eventuelt hvor mange ledige plasser det er i hver medlemskategori.<\/p>\n<p>Begrunnet forslag sendes inn, undertegnet av minst to medlemmer.<\/p>\n<p>Forslagene vurderes av styret eller av en komit\u00e9 som styret nedsetter, hvoretter styret fatter sin beslutning.<\/p>\n<p>Siste \u00e5rs innvalg refereres for \u00e5rsm\u00f8tet, som med tilslutning fra minst halvdelen av akademiets regul\u00e6re medlemmer kan omst\u00f8te styrets vedtak.<\/p>\n<p>De n\u00e6rmere bestemmelser om innvalg fastsettes av styret.<br \/>\nInstitusjonsmedlemmer foresl\u00e5s av Styret.<\/p>\n<p>\u00a7 5.<br \/>\nValg av \u00e6resmedlemmer foretas av akademiets innenlandske medlemmer etter forslag fra styret. Den foresl\u00e5tte m\u00e5 f\u00e5 3\/4 av de avgitte stemmer for \u00e5 bli valgt.<\/p>\n<p>De n\u00e6rmere bestemmelser om valg av \u00e6resmedlemmer fastsettes av styret.<\/p>\n<p><strong><span class=\"Apple-style-span\">AKADEMIETS ORGANER<\/span><\/strong><\/p>\n<p>\u00a7 6.<br \/>\nMedlemsm\u00f8tet er Akademiets h\u00f8yeste organ.\u00a0 Styret kan for bestemte saker beslutte adgang til \u00e5 avgi forh\u00e5ndsstemme; ellers stemmer de fremm\u00f8tte medlemmer. Ved stemmelikhet avgj\u00f8r m\u00f8teleders stemme.<\/p>\n<p>Institusjonsmedlemmer representeres med \u00e9n stemme pr institusjonsmedlem p\u00e5 \u00e5rsm\u00f8tet.<\/p>\n<p>\u00a7 7.<br \/>\nAkademiets virksomhet ledes av et styre, best\u00e5ende av preses, visepreses, generalsekret\u00e6r og to styremedlemmer, helst ett fra humaniora og ett fra naturvitenskap.<\/p>\n<p>Preses leder medlemsm\u00f8tene og styrem\u00f8tene. Visepreses trer inn n\u00e5r preses har forfall. Gyldig vedtak i styrem\u00f8te krever at minst 3 medlemmer deltar.<\/p>\n<p>P\u00e5 \u00e5rets siste medlemsm\u00f8te velges visepreses, generalsekret\u00e6r to styremedlemmer for neste \u00e5r.<\/p>\n<p>Det samme medlemsm\u00f8te kan ogs\u00e5 velge en desisor som skal avgi uttalelse om regnskap og revisjon.<\/p>\n<p>L\u00f8pende \u00e5rs visepreses overtar som preses p\u00e5f\u00f8lgende \u00e5r. Dersom dette ikke lar seg gj\u00f8re, velges preses sammen med det \u00f8vrige styre. Ved uforutsett vakanse i tjenesteperioden velger f\u00f8rste medlemsm\u00f8te nytt styremedlem.<\/p>\n<p>Valget foreg\u00e5r skriftlig n\u00e5r det er flere kandidater til samme ombud og ellers dersom noen krever det.<\/p>\n<p>Styret kan nedsette utvalg til \u00e5 ivareta bestemte oppgaver.<\/p>\n<p>\u00a7 8.<br \/>\nGeneralsekret\u00e6ren s\u00f8rger for i samr\u00e5d med styret for akademiets l\u00f8pende administrasjon, derunder ogs\u00e5 arkiv- og referatordningen.<\/p>\n<p><strong><span class=\"Apple-style-span\">AKADEMIETS VIRKSOMHET<\/span><\/strong><\/p>\n<p>\u00a7 9.<br \/>\nAkademiet holder regelmessige m\u00f8ter, i alminnelighet med vitenskapelige foredrag. Disse er normalt \u00e5pne for allmennheten, mens m\u00f8tene lukkes n\u00e5r foreningssaker behandles.<\/p>\n<p>\u00c5rsm\u00f8te med en forel\u00f8big redegj\u00f8relse for foreg\u00e5ende \u00e5rs virksomhet holdes p\u00e5 stiftelsensdagen eller s\u00e5 n\u00e6r som mulig. N\u00e5r reviderte regnskaper foreligger, skal disse sammen med endelig \u00e5rsberetning fremlegges for godkjennelse p\u00e5 f\u00f8rste medlemsm\u00f8te.<\/p>\n<p>\u00a7 10.<br \/>\nAkademiet utgir en \u00e5rbok med en s\u00e5 fyldig beretning om de forskjellige sider av virksomheten som \u00f8konomi og andre forhold tillater. Annen publisering kan vedtas av et medlemsm\u00f8te etter vurdering av styret. Om akademiet utgir et vitenskapelig arbeid, skal dette f\u00f8rst fremlegges for et medlemsm\u00f8te.<\/p>\n<p>\u00a7 11.<br \/>\nAkademiet arbeider for sitt form\u00e5l med de midler det til enhver tid finner tjenlig. Hvor bedre resultater kan oppn\u00e5s i samvirke med andre selskaper, foreninger, institusjoner osv. i inn- og utland, skal akademiet s\u00f8ke \u00e5 etablere slikt samarbeid.<\/p>\n<p><strong><span class=\"Apple-style-span\">STATUTTENDRINGER<\/span><\/strong><\/p>\n<p>\u00a7 12.<br \/>\nForslag til endring av disse statuttene skal fremlegges p\u00e5 et medlemsm\u00f8te og ledsages av styrets vurdering. Avstemning skjer p\u00e5 det p\u00e5f\u00f8lgende medlemsm\u00f8te, og forslaget m\u00e5 ha to tredjedeler av stemmene for \u00e5 bli vedtatt.<\/p>\n<p>\u00a7 13.<br \/>\nOpph\u00f8rer akademiets virksomhet, tilfaller dets eventuelle kapital \u201cTroms\u00f8 Forskerforenings fond\u201d. Akademiets arkiv disponeres etter arkivetatens bestemmelse.<\/p>\n<iframe src=\"http:\/\/www.facebook.com\/plugins\/like.php?href=https%3A%2F%2Fsite.uit.no%2Facademiaborealis%2Fsample-page%2Fom-academia-borealis-nord-norges-vitenskapsakademi%2F15-2%2F&amp;layout=standard&amp;show_faces=true&amp;width=450&amp;action=like&amp;colorscheme=light&amp;height=80\" scrolling=\"no\" frameborder=\"0\" style=\"border:none; overflow:hidden; width:450px; height:80px;\" allowTransparency=\"true\"><\/iframe>","protected":false},"excerpt":{"rendered":"","protected":false},"author":602,"featured_media":0,"parent":32,"menu_order":0,"comment_status":"closed","ping_status":"closed","template":"","meta":{"footnotes":""},"class_list":["post-15","page","type-page","status-publish","hentry"],"_links":{"self":[{"href":"https:\/\/site.uit.no\/academiaborealis\/wp-json\/wp\/v2\/pages\/15","targetHints":{"allow":["GET"]}}],"collection":[{"href":"https:\/\/site.uit.no\/academiaborealis\/wp-json\/wp\/v2\/pages"}],"about":[{"href":"https:\/\/site.uit.no\/academiaborealis\/wp-json\/wp\/v2\/types\/page"}],"author":[{"embeddable":true,"href":"https:\/\/site.uit.no\/academiaborealis\/wp-json\/wp\/v2\/users\/602"}],"replies":[{"embeddable":true,"href":"https:\/\/site.uit.no\/academiaborealis\/wp-json\/wp\/v2\/comments?post=15"}],"version-history":[{"count":21,"href":"https:\/\/site.uit.no\/academiaborealis\/wp-json\/wp\/v2\/pages\/15\/revisions"}],"predecessor-version":[{"id":19,"href":"https:\/\/site.uit.no\/academiaborealis\/wp-json\/wp\/v2\/pages\/15\/revisions\/19"}],"up":[{"embeddable":true,"href":"https:\/\/site.uit.no\/academiaborealis\/wp-json\/wp\/v2\/pages\/32"}],"wp:attachment":[{"href":"https:\/\/site.uit.no\/academiaborealis\/wp-json\/wp\/v2\/media?parent=15"}],"curies":[{"name":"wp","href":"https:\/\/api.w.org\/{rel}","templated":true}]}}