{"id":2,"date":"2016-03-02T09:46:54","date_gmt":"2016-03-02T09:46:54","guid":{"rendered":"https:\/\/site.uit.no\/academiaborealis\/?page_id=2"},"modified":"2021-11-10T16:06:10","modified_gmt":"2021-11-10T15:06:10","slug":"sample-page","status":"publish","type":"page","link":"https:\/\/site.uit.no\/academiaborealis\/","title":{"rendered":"Med hjerte for vitenskapen"},"content":{"rendered":"<p>&nbsp;<\/p>\n<p>A<img decoding=\"async\" class=\"wp-image-8 alignleft\" src=\"https:\/\/site.uit.no\/academiaborealis\/wp-content\/uploads\/sites\/257\/2016\/03\/cropped-Logo-Academia-Borealis-1-300x300.png\" alt=\"cropped-Logo-Academia-Borealis-1.png\" width=\"196\" height=\"196\" srcset=\"https:\/\/site.uit.no\/academiaborealis\/wp-content\/uploads\/sites\/257\/2016\/03\/cropped-Logo-Academia-Borealis-1-300x300.png 300w, https:\/\/site.uit.no\/academiaborealis\/wp-content\/uploads\/sites\/257\/2016\/03\/cropped-Logo-Academia-Borealis-1-150x150.png 150w, https:\/\/site.uit.no\/academiaborealis\/wp-content\/uploads\/sites\/257\/2016\/03\/cropped-Logo-Academia-Borealis-1-270x270.png 270w, https:\/\/site.uit.no\/academiaborealis\/wp-content\/uploads\/sites\/257\/2016\/03\/cropped-Logo-Academia-Borealis-1-192x192.png 192w, https:\/\/site.uit.no\/academiaborealis\/wp-content\/uploads\/sites\/257\/2016\/03\/cropped-Logo-Academia-Borealis-1-180x180.png 180w, https:\/\/site.uit.no\/academiaborealis\/wp-content\/uploads\/sites\/257\/2016\/03\/cropped-Logo-Academia-Borealis-1-32x32.png 32w, https:\/\/site.uit.no\/academiaborealis\/wp-content\/uploads\/sites\/257\/2016\/03\/cropped-Logo-Academia-Borealis-1.png 512w\" sizes=\"(max-width: 196px) 100vw, 196px\" \/>cademia Borealis, Nord-Norges Vitenskapsakademi, har som form\u00e5l \u00e5 fremme alle former for vitenskapelig virksomhet i Nordomr\u00e5dene og forst\u00e5else for vitenskapens betydning i samfunnet. Dette gj\u00f8r vi blant annet ved \u00e5 arrangere temam\u00f8ter og foredrag.<\/p>\n<p>Akademiet ble grunnlagt\u00a025. januar 2001. Det har for tiden ca. 220 medlemmer, b\u00e5de forskere ansatt ved de ulike vitenskapelige institusjonene i Troms\u00f8 og korresponderende medlemmer ved andre forskningsinstitusjoner utenfor byen.<\/p>\n<p>Academia Borealis er en videref\u00f8ring av \u201cKomiteen for de vitenskapelige institusjoner i Troms\u00f8\u201d som ble stiftet i 1928, et samvirke mellom Troms\u00f8 Museum (opprettet 1872), Vervarslinga i Nord-Norge (opprettet 1920) og Nordlysobservatoriet (flyttet fra Haldde i Alta og etablert i Troms\u00f8 i 1928). Komiteen ble uoffisielt kalt \u201cKometen\u201d og forvaltet forskningsfond som var opprettet noen \u00e5r tidligere med det eksplisitte m\u00e5let \u00e5 arbeide for et universitet i Nord-Norge. Disse fond ble utvidet betraktelig i 2000 og Academia Borealis fikk i 2003 samlet dem som \u201cKometen, Nord-Norges forskningsfond\u201d.<\/p>\n<p>Den internasjonale Mohnprisen for fremragende forskning relatert til Arktis <strong><a href=\"https:\/\/uit.no\/mohnprisen\" target=\"_blank\" rel=\"noopener\">(Mohnprisen)<\/a><\/strong> er opprettet i samarbeid mellom <em>Academia Borealis &#8211; Nord-Norges vitenskapsakademi (NNVA),<\/em> Troms\u00f8 forskningsstiftelse (TFS) og UiT Norges arktiske universitet (UiT). Prisen er p\u00e5 2 millioner kroner og deles ut hvert annet \u00e5r, f\u00f8rste gang i januar 2018.<\/p>\n<p>V\u00e5r logo er en helleristning fra ca 4000 &#8211; 5000 f.Kr. Figuren er funnet p\u00e5 et av de eldste feltene i Hjemmeluft, Alta. Den er laget av mennesker som drev med jakt, fangst og fiske. Hva den forestiller vet vi ikke, men kanskje amulett, kanskje sol eller noe som angir identitet til noe eller noen. Avtegnet av Knut Helskog\/Troms\u00f8 Museum.<\/p>\n<p>Vi ser i denne logoen vitenskapssamfunnets samhold\/vitenskapenes sammenheng og Akademiets forankring i Nord-Norge.<\/p>\n<p>I menyen finner du en oversikt over v\u00e5re\u00a0arrangementer.<\/p>\n<p><img decoding=\"async\" class=\" wp-image-224 alignleft\" src=\"https:\/\/site.uit.no\/academiaborealis\/wp-content\/uploads\/sites\/257\/2018\/01\/Mohn-300x199.png\" alt=\"\" width=\"182\" height=\"121\" srcset=\"https:\/\/site.uit.no\/academiaborealis\/wp-content\/uploads\/sites\/257\/2018\/01\/Mohn-300x199.png 300w, https:\/\/site.uit.no\/academiaborealis\/wp-content\/uploads\/sites\/257\/2018\/01\/Mohn.png 482w\" sizes=\"(max-width: 182px) 100vw, 182px\" \/>Mohn-prisen, utdeling og foredrag:<br \/>\n<a href=\"https:\/\/uit.no\/nyheter\/artikkel?p_document_id=559397&amp;p_dim=88208\">Inaugural Mohn Prize laureates honoured at Arctic Frontiers<\/a><\/p>\n<p>&nbsp;<\/p>\n<p>&nbsp;<\/p>\n<p>&nbsp;<\/p>\n<p>Du finner oss ogs\u00e5 p\u00e5 Facebook: \u00a0<a href=\"https:\/\/www.facebook.com\/AcademiaBorealis\/\">https:\/\/www.facebook.com\/AcademiaBorealis\/<\/a><\/p>\n<p>V\u00e5re sponsorer:<img decoding=\"async\" class=\"wp-image-13 aligncenter\" src=\"https:\/\/site.uit.no\/academiaborealis\/wp-content\/uploads\/sites\/257\/2016\/03\/LogoNorsk-300x295.png\" alt=\"logonorsk\" width=\"99\" height=\"98\" srcset=\"https:\/\/site.uit.no\/academiaborealis\/wp-content\/uploads\/sites\/257\/2016\/03\/LogoNorsk-300x295.png 300w, https:\/\/site.uit.no\/academiaborealis\/wp-content\/uploads\/sites\/257\/2016\/03\/LogoNorsk-150x150.png 150w, https:\/\/site.uit.no\/academiaborealis\/wp-content\/uploads\/sites\/257\/2016\/03\/LogoNorsk.png 465w\" sizes=\"(max-width: 99px) 100vw, 99px\" \/><\/p>\n<iframe src=\"http:\/\/www.facebook.com\/plugins\/like.php?href=https%3A%2F%2Fsite.uit.no%2Facademiaborealis%2F&amp;layout=standard&amp;show_faces=true&amp;width=450&amp;action=like&amp;colorscheme=light&amp;height=80\" scrolling=\"no\" frameborder=\"0\" style=\"border:none; overflow:hidden; width:450px; height:80px;\" allowTransparency=\"true\"><\/iframe>","protected":false},"excerpt":{"rendered":"<p>&nbsp; Academia Borealis, Nord-Norges Vitenskapsakademi, har som form\u00e5l \u00e5 fremme alle former for vitenskapelig virksomhet i Nordomr\u00e5dene og forst\u00e5else for vitenskapens betydning i samfunnet. Dette gj\u00f8r vi blant annet ved \u00e5 arrangere temam\u00f8ter og foredrag. Akademiet ble grunnlagt\u00a025. januar 2001. Det har for tiden ca. 220 medlemmer, b\u00e5de forskere ansatt ved de ulike vitenskapelige institusjonene [&hellip;]<\/p>\n","protected":false},"author":602,"featured_media":0,"parent":0,"menu_order":0,"comment_status":"closed","ping_status":"open","template":"","meta":{"footnotes":""},"class_list":["post-2","page","type-page","status-publish","hentry"],"_links":{"self":[{"href":"https:\/\/site.uit.no\/academiaborealis\/wp-json\/wp\/v2\/pages\/2","targetHints":{"allow":["GET"]}}],"collection":[{"href":"https:\/\/site.uit.no\/academiaborealis\/wp-json\/wp\/v2\/pages"}],"about":[{"href":"https:\/\/site.uit.no\/academiaborealis\/wp-json\/wp\/v2\/types\/page"}],"author":[{"embeddable":true,"href":"https:\/\/site.uit.no\/academiaborealis\/wp-json\/wp\/v2\/users\/602"}],"replies":[{"embeddable":true,"href":"https:\/\/site.uit.no\/academiaborealis\/wp-json\/wp\/v2\/comments?post=2"}],"version-history":[{"count":22,"href":"https:\/\/site.uit.no\/academiaborealis\/wp-json\/wp\/v2\/pages\/2\/revisions"}],"predecessor-version":[{"id":574,"href":"https:\/\/site.uit.no\/academiaborealis\/wp-json\/wp\/v2\/pages\/2\/revisions\/574"}],"wp:attachment":[{"href":"https:\/\/site.uit.no\/academiaborealis\/wp-json\/wp\/v2\/media?parent=2"}],"curies":[{"name":"wp","href":"https:\/\/api.w.org\/{rel}","templated":true}]}}