{"id":234,"date":"2018-01-29T16:10:45","date_gmt":"2018-01-29T15:10:45","guid":{"rendered":"https:\/\/site.uit.no\/academiaborealis\/?page_id=234"},"modified":"2022-03-30T14:21:08","modified_gmt":"2022-03-30T12:21:08","slug":"the-mohn-prize","status":"publish","type":"page","link":"https:\/\/site.uit.no\/academiaborealis\/sample-page\/the-mohn-prize\/","title":{"rendered":"Mohn-prisen"},"content":{"rendered":"<p><img fetchpriority=\"high\" decoding=\"async\" class=\"alignnone size-medium wp-image-224\" src=\"https:\/\/site.uit.no\/academiaborealis\/wp-content\/uploads\/sites\/257\/2018\/01\/Mohn-300x199.png\" alt=\"\" width=\"300\" height=\"199\" srcset=\"https:\/\/site.uit.no\/academiaborealis\/wp-content\/uploads\/sites\/257\/2018\/01\/Mohn-300x199.png 300w, https:\/\/site.uit.no\/academiaborealis\/wp-content\/uploads\/sites\/257\/2018\/01\/Mohn.png 482w\" sizes=\"(max-width: 300px) 100vw, 300px\" \/><\/p>\n<h3><strong>Siste oppdateringer<\/strong><\/h3>\n<p>Reportasjer fra Mohn-prisutdelingen finner du her:<\/p>\n<p><a href=\"https:\/\/site.uit.no\/academiaborealis\/sample-page\/the-mohn-prize\/mohn-prisen-2020-til-professor-dorthe-dahl-jensen\/\">Mohn-prisen 2020 til professor Dorthe Dahl-Jensen<\/a><\/p>\n<p><a href=\"https:\/\/uit.no\/nyheter\/artikkel?p_document_id=559397&amp;p_dim=88208\" target=\"_blank\" rel=\"noopener\">Inaugural Mohn Prize laureates honoured at Arctic Frontiers<\/a><\/p>\n<p>Utdeling av Mohnprisen. Se\u00a0<a href=\"https:\/\/uit.no\/tavla\/artikkel\/538801\/utdeling_av_mohnprisen_under_arctic_frontiers_201\">https:\/\/uit.no\/tavla\/artikkel\/538801\/utdeling_av_mohnprisen_under_arctic_frontiers_201<\/a><\/p>\n<p>og\u00a0<a href=\"https:\/\/uit.no\/tavla\/artikkel\/546193\/forelesninger_av_vinnere_av_mohnprisen_lecture\">Utdeling av Mohnprisen under Arctic Frontiers 2018 \/ The Mohn Award is Granted at Arctic Frontiers 2018<\/a><\/p>\n<h3><strong>Innledning ved kunngj\u00f8ring av Mohn-prisen 2018<br \/>\n<\/strong><strong>holdt av preses Synn\u00f8ve des Bouvrie, Academia Borealis.<\/strong><\/h3>\n<p>Academia Borealis er Nord-Norges vitenskapsakademi. I sin n\u00e5v\u00e6rende form ble Akademiet etablert i 2001, men det har en forhistorie som n\u00e6rmer seg 100 \u00e5r. I 1919 det nemlig opprettet et fond ved navn \u2018Nord-Norges Universitet\u2019. Et nettverk av forskere ble etablert noen \u00e5r senere og Academia Borealis er en videref\u00f8ring av dette nettverket, som forvalter fondet.<\/p>\n<p>Academia Borealis\u2019 styre har i lengre tid arbeidet med planen om \u00e5 f\u00e5 etablert en internasjonal\u00a0 Nord-omr\u00e5de-pris. Planene ble omsatt i et notat som formulerte\u00a0 form\u00e5let med en slik pris. Den skulle v\u00e6re en bel\u00f8nning for fremragende forskning i og om Arktis, men dessuten v\u00e6re grunnlagt p\u00e5 innsikten i at forskning i det arktiske omr\u00e5det m\u00e5 ha s\u00e6rlig oppmerksomhet mot menneskene som bebor regionen og derfor p\u00e5\u00a0 samspillet mellom natur og kultur.\u00a0 Den naturvitenskaplig forskningen som har st\u00e5tt sterkt i regionen\u00a0 burde i st\u00f8rre grad\u00a0 inkludere humanistiske og samfunnsvitenskapelige perspektiver.<\/p>\n<p>Under Akademias arbeid med prisplanen, tok vi kontakt med rektor Anne Husebekk. Det viste seg at UiT ogs\u00e5 hadde luftet planen om \u00e5 f\u00e5 opprettet en internasjonal milj\u00f8pris. Siden Academia allerede var godt i gang, var det kort vei fra id\u00e9en til en konkret strategi. Det er kortversjonen. Rektor Anne Husebekk har gjort en flott innsats med \u00e5 finansiere prisen som har blitt til i et samarbeid mellom UiT Norges arktiske universitet, Academis Borealis og Troms\u00f8 Forskningsstiftelse.<\/p>\n<p>Form\u00e5let med Mohn-prisen, som er grunnlaget for den vitenskapelige komiteens arbeid er som f\u00f8lgenr (utdrag):<\/p>\n<p><em>\u00a0\u00a0\u00a0\u00a0\u00a0\u00a0\u00a0\u00a0\u00a0\u00a0\u00a0 \u00abHvorfor en nordomr\u00e5depris?<\/em> Den internasjonale interessen for Arktis er i vesentlig grad motivert av de rike naturressursene i regionen. Regionen har gjennom denne utviklingen f\u00e5tt \u00f8kt strategisk og \u00f8konomisk interesse nasjonalt og internasjonalt.<\/p>\n<p>Reindrift, jordbruk og sm\u00e5skala fiske er viktige n\u00e6ringer i urfolkssamfunn i hele den arktiske regionen, som har rike urfolkstradisjoner der tradisjonelle levem\u00e5ter fortsatt har en sterk stilling. Nordomr\u00e5dene rommer en rik flora av urfolksspr\u00e5k. \u2026 Flere av urfolksspr\u00e5kene i Arktis h\u00f8rer til blant de mest truede spr\u00e5k i verden. \u00d8kt internasjonalt fokus p\u00e5 Nordomr\u00e5dene aktualiserer behovet for st\u00f8rre oppmerksomhet mot levek\u00e5r og framtidsutsikter for befolkningen i hele regionen. Store landomr\u00e5der i Arktis er under ulike nasjonalstaters jurisdiksjon, men rent folkerettslig har flere av urfolksgruppene forvaltningsretten til store fastlandsomr\u00e5der gjennom lang tids bruk. Dette bidrar til interessekonflikter &#8211; s\u00e6rlig knyttet til utnyttelse av naturressursene. I \u00e5rene som kommer er det ventet at konfliktpotensialet vil bli st\u00f8rre, snarere enn mindre.<\/p>\n<p>I denne situasjonen er det viktig at forskningsmilj\u00f8ene ser helhetlig p\u00e5 fremtiden til regionen. Urfolksamfunn med sin s\u00e6regne historie og tradisjon med \u00e5 h\u00f8ste s\u00e5rbar natur i Nordomr\u00e5dene utgj\u00f8r en viktig del av den arktiske regionens identitet. I flere av de internasjonale forskningsmilj\u00f8ene som er opptatt av klimaendringer samarbeider forskere med ut\u00f8vere av tradisjonelle livsformer. Slik forskning foreg\u00e5r i hele det sirkumpolare nord, og det er \u00f8kende internasjonal interesse for denne forskningen. Moderne forskningsmilj\u00f8 innenfor teknologi, medisin, jus, samfunnsvitenskap og humaniora som setter dagsorden er sentrale premissleverand\u00f8rer i det moderne globale samfunn. Vekst og utvikling i den arktiske regionen forutsetter at vitenskapssamfunnet er lydh\u00f8rt overfor andre kunnskapstradisjoner i nord.\u00bb<\/p>\n<p>I anledning kunngj\u00f8ringen av vinnerne av Mohnprisen 2018<\/p>\n<p>Troms\u00f8 5. desember 2017\u00a0 i \u00c1rdna<\/p>\n<p><em>Synn\u00f8ve des Bouvrie preses i Academia Borealis Nord-Norges vitenskapsakademi og styremedlem i styringskomiteen for Mohnprisen<\/em><\/p>\n<p>og <em>Jens-Ivar Nerg\u00e5rd\u00a0 styremedlem i styret for Academia Borealis, styremedlem i styringskomiteen for Mohnprisen<\/em><\/p>\n<p>&nbsp;<\/p>\n<iframe src=\"http:\/\/www.facebook.com\/plugins\/like.php?href=https%3A%2F%2Fsite.uit.no%2Facademiaborealis%2Fsample-page%2Fthe-mohn-prize%2F&amp;layout=standard&amp;show_faces=true&amp;width=450&amp;action=like&amp;colorscheme=light&amp;height=80\" scrolling=\"no\" frameborder=\"0\" style=\"border:none; overflow:hidden; width:450px; height:80px;\" allowTransparency=\"true\"><\/iframe>","protected":false},"excerpt":{"rendered":"<p>Siste oppdateringer Reportasjer fra Mohn-prisutdelingen finner du her: Mohn-prisen 2020 til professor Dorthe Dahl-Jensen Inaugural Mohn Prize laureates honoured at Arctic Frontiers Utdeling av Mohnprisen. Se\u00a0https:\/\/uit.no\/tavla\/artikkel\/538801\/utdeling_av_mohnprisen_under_arctic_frontiers_201 og\u00a0Utdeling av Mohnprisen under Arctic Frontiers 2018 \/ The Mohn Award is Granted at Arctic Frontiers 2018 Innledning ved kunngj\u00f8ring av Mohn-prisen 2018 holdt av preses Synn\u00f8ve des Bouvrie, [&hellip;]<\/p>\n","protected":false},"author":602,"featured_media":0,"parent":2,"menu_order":0,"comment_status":"closed","ping_status":"closed","template":"","meta":{"footnotes":""},"class_list":["post-234","page","type-page","status-publish","hentry"],"_links":{"self":[{"href":"https:\/\/site.uit.no\/academiaborealis\/wp-json\/wp\/v2\/pages\/234","targetHints":{"allow":["GET"]}}],"collection":[{"href":"https:\/\/site.uit.no\/academiaborealis\/wp-json\/wp\/v2\/pages"}],"about":[{"href":"https:\/\/site.uit.no\/academiaborealis\/wp-json\/wp\/v2\/types\/page"}],"author":[{"embeddable":true,"href":"https:\/\/site.uit.no\/academiaborealis\/wp-json\/wp\/v2\/users\/602"}],"replies":[{"embeddable":true,"href":"https:\/\/site.uit.no\/academiaborealis\/wp-json\/wp\/v2\/comments?post=234"}],"version-history":[{"count":9,"href":"https:\/\/site.uit.no\/academiaborealis\/wp-json\/wp\/v2\/pages\/234\/revisions"}],"predecessor-version":[{"id":634,"href":"https:\/\/site.uit.no\/academiaborealis\/wp-json\/wp\/v2\/pages\/234\/revisions\/634"}],"up":[{"embeddable":true,"href":"https:\/\/site.uit.no\/academiaborealis\/wp-json\/wp\/v2\/pages\/2"}],"wp:attachment":[{"href":"https:\/\/site.uit.no\/academiaborealis\/wp-json\/wp\/v2\/media?parent=234"}],"curies":[{"name":"wp","href":"https:\/\/api.w.org\/{rel}","templated":true}]}}