{"id":32,"date":"2016-11-17T17:17:26","date_gmt":"2016-11-17T16:17:26","guid":{"rendered":"https:\/\/site.uit.no\/academiaborealis\/?page_id=32"},"modified":"2021-11-10T16:15:04","modified_gmt":"2021-11-10T15:15:04","slug":"om-academia-borealis-nord-norges-vitenskapsakademi","status":"publish","type":"page","link":"https:\/\/site.uit.no\/academiaborealis\/sample-page\/om-academia-borealis-nord-norges-vitenskapsakademi\/","title":{"rendered":"Academia Borealis, Nord-Norges vitenskapsakademi"},"content":{"rendered":"<p style=\"text-align: left\"><span class=\"Apple-style-span\">Academia Borealis<\/span> Nord-Norges vitenskapsakademi ble grunnlagt 25. januar 2001, og har som form\u00e5l \u00a0\u2018\u00e5 fremme vitenskap og forst\u00e5else for vitenskapens betydning i samfunnet&#8217; (Statuttene, \u00a7 2).<\/p>\n<p>Academia Borealis er en videref\u00f8ring av \u201cKomiteen for de vitenskapelige institusjoner i Troms\u00f8\u201d som ble stiftet i 1928, et samvirke mellom Troms\u00f8 Museum (opprettet 1872), Vervarslinga i Nord-Norge (opprettet 1920) og Nordlysobservatoriet (flyttet fra Haldde i Alta og etablert i Troms\u00f8 i 1928). Komiteen ble uoffisielt kalt \u201cKometen\u201d og forvaltet forskningsfond som var opprettet noen \u00e5r tidligere med det eksplisitte m\u00e5let \u00e5 arbeide for et universitet i Nord-Norge. Disse fond ble utvidet betraktelig i 2000 og Academia Borealis fikk i 2003 samlet dem som \u201cKometen, Nord-Norges forskningsfond\u201d.<\/p>\n<p style=\"text-align: left\">Vitenskapsakademiets virksomhet har hittil v\u00e6rt sentrert rundt foredrag der etablerte forskere presenterer sine forskningsresultater for en videre krets enn de n\u00e6rmeste fagfellene. Foredragene blir fulgt av sp\u00f8rsm\u00e5l og diskusjon som gir rom for dypere forst\u00e5else av temaet. Foredragskveldene er \u00e5pne for alle og blir annonsert i dagspressen, p\u00e5 v\u00e5r nettsider og p\u00e5 facebook.<\/p>\n<p>Den internasjonale Mohnprisen for fremragende forskning relatert til Arktis <strong><a href=\"https:\/\/uit.no\/mohnprisen\" target=\"_blank\" rel=\"noopener\">(Mohnprisen)<\/a><\/strong> er opprettet i samarbeid mellom <em>Academia Borealis &#8211; Nord-Norges vitenskapsakademi (NNVA),<\/em> Troms\u00f8 forskningsstiftelse (TFS) og UiT Norges arktiske universitet (UiT). Prisen er p\u00e5 2 millioner kroner og deles ut hvert annet \u00e5r, f\u00f8rste gang i januar 2018.<\/p>\n<p><img fetchpriority=\"high\" decoding=\"async\" class=\"aligncenter wp-image-493\" src=\"https:\/\/site.uit.no\/academiaborealis\/wp-content\/uploads\/sites\/257\/2020\/10\/Styret2020Crop2M-1.jpg\" alt=\"\" width=\"646\" height=\"423\" srcset=\"https:\/\/site.uit.no\/academiaborealis\/wp-content\/uploads\/sites\/257\/2020\/10\/Styret2020Crop2M-1.jpg 1748w, https:\/\/site.uit.no\/academiaborealis\/wp-content\/uploads\/sites\/257\/2020\/10\/Styret2020Crop2M-1-300x196.jpg 300w, https:\/\/site.uit.no\/academiaborealis\/wp-content\/uploads\/sites\/257\/2020\/10\/Styret2020Crop2M-1-768x502.jpg 768w, https:\/\/site.uit.no\/academiaborealis\/wp-content\/uploads\/sites\/257\/2020\/10\/Styret2020Crop2M-1-1024x670.jpg 1024w\" sizes=\"(max-width: 646px) 100vw, 646px\" \/><\/p>\n<p>&nbsp;<\/p>\n<p>Styret har fra 2019 best\u00e5tt av (fra venstre): Professor Jens-Ivar Nerg\u00e5rd, professor Steinar Thorvaldsen,\u00a0 professor Synn\u00f8ve des Bouvrie (preses), professor Torsten Aslaksen og professor\u00a0\u00c5shild Fredriksen (generalsekret\u00e6r). Vara professor Hallvard Tjelmeland var ikke til stede da bildet ble tatt.<\/p>\n<p>&nbsp;<\/p>\n<iframe src=\"http:\/\/www.facebook.com\/plugins\/like.php?href=https%3A%2F%2Fsite.uit.no%2Facademiaborealis%2Fsample-page%2Fom-academia-borealis-nord-norges-vitenskapsakademi%2F&amp;layout=standard&amp;show_faces=true&amp;width=450&amp;action=like&amp;colorscheme=light&amp;height=80\" scrolling=\"no\" frameborder=\"0\" style=\"border:none; overflow:hidden; width:450px; height:80px;\" allowTransparency=\"true\"><\/iframe>","protected":false},"excerpt":{"rendered":"<p>Academia Borealis Nord-Norges vitenskapsakademi ble grunnlagt 25. januar 2001, og har som form\u00e5l \u00a0\u2018\u00e5 fremme vitenskap og forst\u00e5else for vitenskapens betydning i samfunnet&#8217; (Statuttene, \u00a7 2). Academia Borealis er en videref\u00f8ring av \u201cKomiteen for de vitenskapelige institusjoner i Troms\u00f8\u201d som ble stiftet i 1928, et samvirke mellom Troms\u00f8 Museum (opprettet 1872), Vervarslinga i Nord-Norge (opprettet [&hellip;]<\/p>\n","protected":false},"author":602,"featured_media":0,"parent":2,"menu_order":0,"comment_status":"closed","ping_status":"closed","template":"","meta":{"footnotes":""},"class_list":["post-32","page","type-page","status-publish","hentry"],"_links":{"self":[{"href":"https:\/\/site.uit.no\/academiaborealis\/wp-json\/wp\/v2\/pages\/32","targetHints":{"allow":["GET"]}}],"collection":[{"href":"https:\/\/site.uit.no\/academiaborealis\/wp-json\/wp\/v2\/pages"}],"about":[{"href":"https:\/\/site.uit.no\/academiaborealis\/wp-json\/wp\/v2\/types\/page"}],"author":[{"embeddable":true,"href":"https:\/\/site.uit.no\/academiaborealis\/wp-json\/wp\/v2\/users\/602"}],"replies":[{"embeddable":true,"href":"https:\/\/site.uit.no\/academiaborealis\/wp-json\/wp\/v2\/comments?post=32"}],"version-history":[{"count":9,"href":"https:\/\/site.uit.no\/academiaborealis\/wp-json\/wp\/v2\/pages\/32\/revisions"}],"predecessor-version":[{"id":577,"href":"https:\/\/site.uit.no\/academiaborealis\/wp-json\/wp\/v2\/pages\/32\/revisions\/577"}],"up":[{"embeddable":true,"href":"https:\/\/site.uit.no\/academiaborealis\/wp-json\/wp\/v2\/pages\/2"}],"wp:attachment":[{"href":"https:\/\/site.uit.no\/academiaborealis\/wp-json\/wp\/v2\/media?parent=32"}],"curies":[{"name":"wp","href":"https:\/\/api.w.org\/{rel}","templated":true}]}}