{"id":38,"date":"2016-11-17T17:19:42","date_gmt":"2016-11-17T16:19:42","guid":{"rendered":"https:\/\/site.uit.no\/academiaborealis\/?page_id=38"},"modified":"2016-11-17T21:06:08","modified_gmt":"2016-11-17T20:06:08","slug":"fond","status":"publish","type":"page","link":"https:\/\/site.uit.no\/academiaborealis\/sample-page\/om-academia-borealis-nord-norges-vitenskapsakademi\/fond\/","title":{"rendered":"Fond"},"content":{"rendered":"<p>Academia Borealis forvalter et fond, &laquo;Kometen &#8211; Nord-Norges forskningsfond&raquo;.<\/p>\n<p>Fondets form\u00e5l er \u00e5 st\u00f8tte vitenskapelig arbeid, prim\u00e6rt i og for Nord-Norge.<\/p>\n<p>Fondet ble opprettet i 2003 ved en sammensl\u00e5ing av &laquo;Nord-Norges Fond&raquo;, som ble opprettet ved gaver p\u00e5 kr 11.000 som i 1919 og 1920 ble skjenket av Vester\u00e5lens Dampskibsselskap, &laquo;Nord-Norges Universitet&raquo; som ble opprettet i 1919 ved en gave p\u00e5 kr 2.000 fra grosserer Hans A. Meyer, Mo i Rana og &laquo;Troms\u00f8 Forskerforenings fond&raquo; som ble opprettet i 2000 ved en gave p\u00e5 kr. 200 000 fra Troms\u00f8 Forskerforening i forbindelse med foreningens opph\u00f8r og omorganiseringen av Norsk Forskerforbund.<\/p>\n<p>Fondets ur\u00f8rlige kapital er p\u00e5 vel 1 million kroner. \u00c5rlig tillegges minst 10 % av fondets avkastning til kapitalen, som for \u00f8vrig kan for\u00f8kes med gaver.<\/p>\n<p>Det lyses ut stipend annet hvert \u00e5r, og st\u00f8tte gis b\u00e5de til arbeid med doktorgradsprosjekt, annen forskning og til mastergradsarbeid. Det har v\u00e6rt gitt rene stipend, men ogs\u00e5 st\u00f8tte til feltarbeid, andre reiser og innkj\u00f8p av n\u00f8dvendig utstyr.<\/p>\n<iframe src=\"http:\/\/www.facebook.com\/plugins\/like.php?href=https%3A%2F%2Fsite.uit.no%2Facademiaborealis%2Fsample-page%2Fom-academia-borealis-nord-norges-vitenskapsakademi%2Ffond%2F&amp;layout=standard&amp;show_faces=true&amp;width=450&amp;action=like&amp;colorscheme=light&amp;height=80\" scrolling=\"no\" frameborder=\"0\" style=\"border:none; overflow:hidden; width:450px; height:80px;\" allowTransparency=\"true\"><\/iframe>","protected":false},"excerpt":{"rendered":"<p>Academia Borealis forvalter et fond, &laquo;Kometen &#8211; Nord-Norges forskningsfond&raquo;. Fondets form\u00e5l er \u00e5 st\u00f8tte vitenskapelig arbeid, prim\u00e6rt i og for Nord-Norge. Fondet ble opprettet i 2003 ved en sammensl\u00e5ing av &laquo;Nord-Norges Fond&raquo;, som ble opprettet ved gaver p\u00e5 kr 11.000 som i 1919 og 1920 ble skjenket av Vester\u00e5lens Dampskibsselskap, &laquo;Nord-Norges Universitet&raquo; som ble opprettet [&hellip;]<\/p>\n","protected":false},"author":602,"featured_media":0,"parent":32,"menu_order":0,"comment_status":"closed","ping_status":"closed","template":"","meta":{"footnotes":""},"class_list":["post-38","page","type-page","status-publish","hentry"],"_links":{"self":[{"href":"https:\/\/site.uit.no\/academiaborealis\/wp-json\/wp\/v2\/pages\/38","targetHints":{"allow":["GET"]}}],"collection":[{"href":"https:\/\/site.uit.no\/academiaborealis\/wp-json\/wp\/v2\/pages"}],"about":[{"href":"https:\/\/site.uit.no\/academiaborealis\/wp-json\/wp\/v2\/types\/page"}],"author":[{"embeddable":true,"href":"https:\/\/site.uit.no\/academiaborealis\/wp-json\/wp\/v2\/users\/602"}],"replies":[{"embeddable":true,"href":"https:\/\/site.uit.no\/academiaborealis\/wp-json\/wp\/v2\/comments?post=38"}],"version-history":[{"count":1,"href":"https:\/\/site.uit.no\/academiaborealis\/wp-json\/wp\/v2\/pages\/38\/revisions"}],"predecessor-version":[{"id":39,"href":"https:\/\/site.uit.no\/academiaborealis\/wp-json\/wp\/v2\/pages\/38\/revisions\/39"}],"up":[{"embeddable":true,"href":"https:\/\/site.uit.no\/academiaborealis\/wp-json\/wp\/v2\/pages\/32"}],"wp:attachment":[{"href":"https:\/\/site.uit.no\/academiaborealis\/wp-json\/wp\/v2\/media?parent=38"}],"curies":[{"name":"wp","href":"https:\/\/api.w.org\/{rel}","templated":true}]}}