{"id":43,"date":"2016-11-17T20:46:28","date_gmt":"2016-11-17T19:46:28","guid":{"rendered":"https:\/\/site.uit.no\/academiaborealis\/?page_id=43"},"modified":"2016-11-17T21:15:27","modified_gmt":"2016-11-17T20:15:27","slug":"arrangementer-2016","status":"publish","type":"page","link":"https:\/\/site.uit.no\/academiaborealis\/arrangementer\/arrangementer-2016\/","title":{"rendered":"Arrangementer 2016"},"content":{"rendered":"<p><img decoding=\"async\" class=\"alignleft\" src=\"http:\/\/www.ub.uit.no\/nnva\/images\/stories\/nnva\/logo20academia20borealis.png\" alt=\"ABLogo\" width=\"157\" height=\"200\" border=\"0\" \/><\/p>\n<p>ACADEMIA BOREALIS, Nord-Norges Vitenskapsakademi<\/p>\n<div>\n<p>&nbsp;<\/p>\n<p>&nbsp;<\/p>\n<p>&nbsp;<\/p>\n<p>&nbsp;<\/p>\n<p>&nbsp;<\/p>\n<p><strong><span class=\"Apple-style-span\">Medlemsm\u00f8te: \u00a0\u00a0<\/span>onsdag 9.november 2016, kl. 1900<\/strong><span class=\"Apple-style-span\"><br \/>\nTroms\u00f8 Museum, Universitetsmuseet, Rotunden.<br \/>\n<\/span><\/p>\n<p style=\"text-align: left\" align=\"center\"><strong><span class=\"Apple-style-span\">PhD Marianne Skandfer<\/span><\/strong><\/p>\n<p style=\"text-align: left\" align=\"center\"><span class=\"Apple-style-span\">F\u00f8rsteamanuensis ved Troms\u00f8 Museum Universitetsmuseet<br \/>\n<\/span>Universitetet i Troms\u00f8, Norges arktiske universitet<\/p>\n<p style=\"text-align: left\" align=\"center\"><strong><span class=\"Apple-style-span\">Verdsetting av dyr i jakt-fangstsamfunn. Om relasjoner mellom mennesker og dyr i steinalderen<\/span><\/strong><\/p>\n<p>Med utgangspunkt i arkeologisk materiale fra Nordkalotten presenterer foredraget nye tolkninger av hvordan dyr har blitt verdsatt som mer enn mat i forhistoriske jeger-fangstsamfunn. Sett i lys av etnografiske eksempler viser dyremotiv i bergkunsten og p\u00e5 bruksgjenstander til menneskers verdsetting av dyrs egenart, og til n\u00e6re relasjoner mellom byttedyr og jegere i steinalderen.<\/p>\n<hr \/>\n<p><strong><span class=\"Apple-style-span\">Harang-forelesnin<\/span><span class=\"Apple-style-span\">g: \u00a0<\/span><span class=\"Apple-style-span\">Onsdag 28. september 2016, kl. 1900<\/span><\/strong><\/p>\n<p><span class=\"Apple-style-span\">Troms\u00f8 Museum, Rotunden<\/span><\/p>\n<p><span class=\"Apple-style-span\"><strong>Overingeni\u00f8r Dr.Philos. Terje Brundtland<\/strong><br \/>\n<\/span>Nordnorsk Vitensenter, Troms\u00f8<\/p>\n<p><strong><span class=\"Apple-style-span\">Laboratorie-nordlys i to hundre \u00e5r:\u00a0Id\u00e9ene bak Kristian Birkelands terrella-eksperimenter<\/span>\u00a0<\/strong><\/p>\n<p>Professor Kristian Birkeland levde et aktivt liv der han drev med laboratoriefysikk, arrangerte ekspedisjoner til Arktis og skrev artikler og b\u00f8ker. Han etablerte et nordlysobservatorium p\u00e5 fjellet Haldde i Alta, grunnla Norsk Hydro og tok ut 60 patenter.<\/p>\n<p>Han er godt kjent for sine spektakul\u00e6re terrella-eksperimenter i perioden 1901-13, der han skapte kunstig nordlys rundt en magnetisert metallkule i vakuum. B\u00e5de Birkeland selv og det st\u00f8rste terrella-eksperimentet er avbildet p\u00e5 200-kroneseddelen.<\/p>\n<p>Disse eksperimentene er blitt beskrevet som unike og banebrytende, men en mer omfattende studie av relevante tekster og museumsgjenstander viser at laboratorie-nordlys ikke var noe nytt p\u00e5 Birkelands tid. Som alle andre baserte Birkeland sine teorier og eksperimenter p\u00e5 eksisterende kunnskap og utstyr.<\/p>\n<p>Jeg skal i dette foredraget ta for meg utviklingen av fors\u00f8kene med \u00e5 skape kunstig nordlys fra ca. \u00e5r 1700 og fram til Birkeland. Gjennom hele denne perioden ble det gjort fors\u00f8k p\u00e5 \u00e5 gjenskape naturfenomenet i laboratoriet, da utfra gjeldene teorier og tilgjengelig teknisk utstyr.<\/p>\n<p>&nbsp;<\/p>\n<p><strong><span class=\"Apple-style-span\">Medlemsm\u00f8te: Onsdag 4. mai 2016, kl. 1900\u00a0<\/span><\/strong><\/p>\n<p>Troms\u00f8 bibliotek<\/p>\n<p><strong><span class=\"Apple-style-span\">Professor dr.scient Torbj\u00f8rn Trondsen<\/span><\/strong><\/p>\n<p><span class=\"Apple-style-span\">Norges Fiskerih\u00f8gskole<\/span><\/p>\n<p><span class=\"Apple-style-span\">Universitetet i Troms\u00f8, Norges arktiske universitet<\/span><\/p>\n<p><strong><span class=\"Apple-style-span\">Kampen om havets ressurser<\/span><\/strong><\/p>\n<p>\u00c5pen h\u00f8stingsadgang til fisken og fjordene har til alle tider dannet det \u00f8konomiske grunnlaget for kystbosettingen. Fisken i havet tilligger i henhold til havressursloven \u00abdet norske folk i fellesskap\u00bb og fjordene for fiskeoppdrett er allmenninger uten privat eiendomsrett.<\/p>\n<p>Overbeskatning og b\u00e5de fiskestammer og \u00f8kologiske fjordsystemer krever at myndigheter regulerer og fordeler h\u00f8stingsadgangen. I dette foredraget skal vi belyse samfunnsmessige konsekvenser av fordelingspolitikken.<\/p>\n<hr \/>\n<\/div>\n<div>\n<p><span class=\"Apple-style-span\">Medlemsm\u00f8te: Onsdag 30.mars 2016, kl. 1900<\/span><\/p>\n<p><span class=\"Apple-style-span\">Prof. dr.philos. Liv Helene Willumsen<\/span><\/p>\n<p>Institutt for historie og religionsvitenskap<\/p>\n<p><span class=\"Apple-style-span\">Universitetet i Troms\u00f8, Norges arktiske universitet<\/span><\/p>\n<p><span class=\"Apple-style-span\">Qvigstad-forelesning:<br \/>\n\u2018Trolldomsprosessene i Finnmark og Steilneset Minnested, Vard\u00f8\u2019<\/span><\/p>\n<p>\u2018Jeg vil i mitt foredrag f\u00f8rst redegj\u00f8re for trolldomsprosessene i Finnmark p\u00e5 1600-tallet og den mentalitetshistoriske bakgrunnen for denne forf\u00f8lgelsen. Dernest vil jeg g\u00e5 inn p\u00e5 mitt arbeid relatert til Steilneset Minnested i Vard\u00f8, der jeg\u00a0har hatt ansvaret for den historiske komponenten. \u00a0Steilneset Minnestedet ble \u00e5pnet i 2011 og er bygd til minne om ofrene for trolldomsprosessene i Finnmark.\u2019<\/p>\n<hr \/>\n<\/div>\n<h2><span class=\"Apple-style-span\">Torsdag 11.februar 2016, kl. 1900<\/span><\/h2>\n<h3><span class=\"Apple-style-span\">Troms\u00f8 Museum (i Rotunden) Lars Th\u00f8ringsvei 10, Troms\u00f8<\/span><\/h3>\n<h3><span class=\"Apple-style-span\"><br \/>\n<\/span><span class=\"Apple-style-span\">Generalsekret\u00e6r i\u00a0Verdensforbundet for reindriftsfolk<br \/>\n<\/span>Johan Mathis I. Turi<\/h3>\n<h3>Internasjonalt senter for reindrift i Kautokeino (ICR)<\/h3>\n<p>\u2018Reindrift i det 21. \u00e5rhundret\u2019<\/p>\n<p>Foredraget vil ta opp reindriften som arktisk fenomen og reindriften p\u00e5 verdensbasis. Dernest utfordringene for reindriften i dag med endringer i det arktiske klima og andre endringer som f\u00f8lger av globaliseringen og kanskje spesielt utfordringer i reindriften i de nordiske land b\u00e5de hva gjelder n\u00e6ringsut\u00f8velsen og forvaltningen.<\/p>\n<iframe src=\"http:\/\/www.facebook.com\/plugins\/like.php?href=https%3A%2F%2Fsite.uit.no%2Facademiaborealis%2Farrangementer%2Farrangementer-2016%2F&amp;layout=standard&amp;show_faces=true&amp;width=450&amp;action=like&amp;colorscheme=light&amp;height=80\" scrolling=\"no\" frameborder=\"0\" style=\"border:none; overflow:hidden; width:450px; height:80px;\" allowTransparency=\"true\"><\/iframe>","protected":false},"excerpt":{"rendered":"<p>ACADEMIA BOREALIS, Nord-Norges Vitenskapsakademi &nbsp; &nbsp; &nbsp; &nbsp; &nbsp; Medlemsm\u00f8te: \u00a0\u00a0onsdag 9.november 2016, kl. 1900 Troms\u00f8 Museum, Universitetsmuseet, Rotunden. PhD Marianne Skandfer F\u00f8rsteamanuensis ved Troms\u00f8 Museum Universitetsmuseet Universitetet i Troms\u00f8, Norges arktiske universitet Verdsetting av dyr i jakt-fangstsamfunn. Om relasjoner mellom mennesker og dyr i steinalderen Med utgangspunkt i arkeologisk materiale fra Nordkalotten presenterer foredraget [&hellip;]<\/p>\n","protected":false},"author":602,"featured_media":0,"parent":56,"menu_order":0,"comment_status":"closed","ping_status":"closed","template":"","meta":{"footnotes":""},"class_list":["post-43","page","type-page","status-publish","hentry"],"_links":{"self":[{"href":"https:\/\/site.uit.no\/academiaborealis\/wp-json\/wp\/v2\/pages\/43","targetHints":{"allow":["GET"]}}],"collection":[{"href":"https:\/\/site.uit.no\/academiaborealis\/wp-json\/wp\/v2\/pages"}],"about":[{"href":"https:\/\/site.uit.no\/academiaborealis\/wp-json\/wp\/v2\/types\/page"}],"author":[{"embeddable":true,"href":"https:\/\/site.uit.no\/academiaborealis\/wp-json\/wp\/v2\/users\/602"}],"replies":[{"embeddable":true,"href":"https:\/\/site.uit.no\/academiaborealis\/wp-json\/wp\/v2\/comments?post=43"}],"version-history":[{"count":4,"href":"https:\/\/site.uit.no\/academiaborealis\/wp-json\/wp\/v2\/pages\/43\/revisions"}],"predecessor-version":[{"id":48,"href":"https:\/\/site.uit.no\/academiaborealis\/wp-json\/wp\/v2\/pages\/43\/revisions\/48"}],"up":[{"embeddable":true,"href":"https:\/\/site.uit.no\/academiaborealis\/wp-json\/wp\/v2\/pages\/56"}],"wp:attachment":[{"href":"https:\/\/site.uit.no\/academiaborealis\/wp-json\/wp\/v2\/media?parent=43"}],"curies":[{"name":"wp","href":"https:\/\/api.w.org\/{rel}","templated":true}]}}