{"id":56,"date":"2016-11-17T21:15:05","date_gmt":"2016-11-17T20:15:05","guid":{"rendered":"https:\/\/site.uit.no\/academiaborealis\/?page_id=56"},"modified":"2023-02-28T13:47:49","modified_gmt":"2023-02-28T12:47:49","slug":"arrangementer","status":"publish","type":"page","link":"https:\/\/site.uit.no\/academiaborealis\/arrangementer\/","title":{"rendered":"Arrangementer (klikk p\u00e5 linken)"},"content":{"rendered":"<p><a href=\"https:\/\/site.uit.no\/academiaborealis\/sample-page\/neste-mote\/\"><strong>Neste m\u00f8te<\/strong><\/a><\/p>\n<p><a href=\"https:\/\/site.uit.no\/academiaborealis\/sample-page\/arrangementer\/varens-program\/\">V\u00e5rens program<\/a><br \/>\n<a href=\"https:\/\/site.uit.no\/academiaborealis\/sample-page\/arrangementer\/hostens-program\/\">H\u00f8stens program<\/a><\/p>\n<p><a href=\"https:\/\/site.uit.no\/academiaborealis\/arrangementer-2023\/\">2023<\/a><br \/>\n<a href=\"https:\/\/site.uit.no\/academiaborealis\/arrangementer\/arrangementer-2022\/\">2022<\/a><br \/>\n<a href=\"https:\/\/site.uit.no\/academiaborealis\/arrangementer-2021\/\">2021<\/a><br \/>\n<a href=\"https:\/\/site.uit.no\/academiaborealis\/arrangementer-2020\/\">2020<\/a><br \/>\n<a href=\"https:\/\/site.uit.no\/academiaborealis\/sample-page\/arrangementer\/arrangementer-2019\/\">2019<\/a><br \/>\n<a href=\"https:\/\/site.uit.no\/academiaborealis\/arrangementer-2018\/\">2018<\/a><br \/>\n<a href=\"https:\/\/site.uit.no\/academiaborealis\/sample-page\/neste-mote\/\">2017<br \/>\n<\/a><a href=\"https:\/\/site.uit.no\/academiaborealis\/arrangementer-2016\/\">2016<br \/>\n<\/a> <a href=\"https:\/\/site.uit.no\/academiaborealis\/sample-page\/arrangementer\/arrangementer-2015\/\">2015<br \/>\n<\/a><a href=\"https:\/\/site.uit.no\/academiaborealis\/sample-page\/arrangementer\/arrangementer-2014\/\">2014<\/a><br \/>\n<a href=\"https:\/\/site.uit.no\/academiaborealis\/sample-page\/arrangementer\/arrangementer-2013\/\">2013<\/a><br \/>\n<a href=\"https:\/\/site.uit.no\/academiaborealis\/sample-page\/arrangementer\/arrangementer-2012\/\">2012<\/a><br \/>\n<a href=\"https:\/\/site.uit.no\/academiaborealis\/sample-page\/arrangementer\/arrangementer-2011\/\">2011<\/a><br \/>\n<a href=\"https:\/\/site.uit.no\/academiaborealis\/sample-page\/arrangementer\/arrangementer-2010\/\">2010<\/a><br \/>\n<a href=\"https:\/\/site.uit.no\/academiaborealis\/sample-page\/arrangementer\/arrangementer-2009\/\">2009<\/a><br \/>\n<a href=\"https:\/\/site.uit.no\/academiaborealis\/sample-page\/arrangementer\/arrangementer-2008\/\">2008<\/a><br \/>\n<a href=\"https:\/\/site.uit.no\/academiaborealis\/sample-page\/arrangementer\/arrangementer-2007\/\">2007<\/a><br \/>\n<a href=\"https:\/\/site.uit.no\/academiaborealis\/sample-page\/arrangementer\/arrangementer-2006\/\">2006<\/a><br \/>\n<a href=\"https:\/\/site.uit.no\/academiaborealis\/sample-page\/arrangementer\/arrangementer-2005\/\">2005<\/a><br \/>\n<a href=\"https:\/\/site.uit.no\/academiaborealis\/sample-page\/arrangementer\/arrangementer-2004\/\">2004<\/a><br \/>\n<a href=\"https:\/\/site.uit.no\/academiaborealis\/sample-page\/arrangementer\/arrangementer-2003\/\">2003<\/a><br \/>\n<a href=\"https:\/\/site.uit.no\/academiaborealis\/sample-page\/arrangementer\/arrangementer-2002\/\">2002<\/a><br \/>\n<a href=\"https:\/\/site.uit.no\/academiaborealis\/sample-page\/arrangementer\/arrangementer-2001\/\">2001<\/a><\/p>\n<iframe src=\"http:\/\/www.facebook.com\/plugins\/like.php?href=https%3A%2F%2Fsite.uit.no%2Facademiaborealis%2Farrangementer%2F&amp;layout=standard&amp;show_faces=true&amp;width=450&amp;action=like&amp;colorscheme=light&amp;height=80\" scrolling=\"no\" frameborder=\"0\" style=\"border:none; overflow:hidden; width:450px; height:80px;\" allowTransparency=\"true\"><\/iframe>","protected":false},"excerpt":{"rendered":"<p>Neste m\u00f8te V\u00e5rens program H\u00f8stens program 2023 2022 2021 2020 2019 2018 2017 2016 2015 2014 2013 2012 2011 2010 2009 2008 2007 2006 2005 2004 2003 2002 2001<\/p>\n","protected":false},"author":602,"featured_media":0,"parent":0,"menu_order":0,"comment_status":"closed","ping_status":"closed","template":"","meta":{"footnotes":""},"class_list":["post-56","page","type-page","status-publish","hentry"],"_links":{"self":[{"href":"https:\/\/site.uit.no\/academiaborealis\/wp-json\/wp\/v2\/pages\/56","targetHints":{"allow":["GET"]}}],"collection":[{"href":"https:\/\/site.uit.no\/academiaborealis\/wp-json\/wp\/v2\/pages"}],"about":[{"href":"https:\/\/site.uit.no\/academiaborealis\/wp-json\/wp\/v2\/types\/page"}],"author":[{"embeddable":true,"href":"https:\/\/site.uit.no\/academiaborealis\/wp-json\/wp\/v2\/users\/602"}],"replies":[{"embeddable":true,"href":"https:\/\/site.uit.no\/academiaborealis\/wp-json\/wp\/v2\/comments?post=56"}],"version-history":[{"count":16,"href":"https:\/\/site.uit.no\/academiaborealis\/wp-json\/wp\/v2\/pages\/56\/revisions"}],"predecessor-version":[{"id":654,"href":"https:\/\/site.uit.no\/academiaborealis\/wp-json\/wp\/v2\/pages\/56\/revisions\/654"}],"wp:attachment":[{"href":"https:\/\/site.uit.no\/academiaborealis\/wp-json\/wp\/v2\/media?parent=56"}],"curies":[{"name":"wp","href":"https:\/\/api.w.org\/{rel}","templated":true}]}}