{"id":58,"date":"2016-11-17T21:21:37","date_gmt":"2016-11-17T20:21:37","guid":{"rendered":"https:\/\/site.uit.no\/academiaborealis\/?page_id=58"},"modified":"2016-11-17T21:21:37","modified_gmt":"2016-11-17T20:21:37","slug":"arrangementer-2015","status":"publish","type":"page","link":"https:\/\/site.uit.no\/academiaborealis\/arrangementer\/arrangementer-2015\/","title":{"rendered":"Arrangementer 2015"},"content":{"rendered":"<p><strong><span class=\"Apple-style-span\">Onsdag 2. desember 2015, kl. 1900<\/span><\/strong><\/p>\n<p><span class=\"Apple-style-span\"> Troms\u00f8 Bibliotek, Gr\u00f8nnegata 94<\/span><\/p>\n<p><strong><span class=\"Apple-style-span\"> Dr. Jane Luu<\/span><\/strong><\/p>\n<p><span class=\"Apple-style-span\">Lincoln Laboratories, Massachusetts Institute of Technology;<br \/>\nFulbright-stipendiat ved Institutt for fysikk og teknologi,<br \/>\nUniversitetet i Troms\u00f8, Norges arktiske universitet<\/span><\/p>\n<p><span class=\"Apple-style-span\"> 2012 Kavli-prize laureate in astrophysics<\/span><\/p>\n<p><strong><span class=\"Apple-style-span\"> \u2018Life on Saturn\u2019s moons?\u2019<\/span><\/strong><\/p>\n<p>With the recent visit of Pluto by the spacecraft New Horizons, some say the age of space\u00a0 exploration has ended, to be followed by the age of biological exploration.\u00a0 In other words, the next priority may be to search for extraterrestrial life.\u00a0 Perhaps at the top of the list of places to search are 2 moons of Saturn: Titan and Enceladus, because of their similarities with Earth.\u00a0 The talk will discuss one commonality these bodies share with Earth: hydrothermal activity \u2014 the interaction of water and rocks.<\/p>\n<hr \/>\n<p><strong><span class=\"Apple-style-span\">Onsdag 23. september 2015, kl 1900<\/span><\/strong><\/p>\n<p><span class=\"Apple-style-span\">Troms\u00f8 Bibliotek, Gr\u00f8nnegata 94,<\/span><\/p>\n<p><strong><span class=\"Apple-style-span\">Harangforelesning: \u00a0<\/span><span class=\"Apple-style-span\">Professor Torbj\u00f8rn Eltoft<\/span><\/strong><\/p>\n<p><span class=\"Apple-style-span\">Institutt for fysikk og teknologi <\/span><span class=\"Apple-style-span\">UiT, Norges arktiske universitet<br \/>\n<\/span>leder for<span class=\"Apple-style-span\"> CIRFA <\/span><span class=\"Apple-style-span\">(Centre for integrated remote sensing and forecasting for arctic operations), <\/span><span class=\"Apple-style-span\">et Senter for Forskningsbasert Innovasjon &#8211; SFI)<\/span><\/p>\n<p><strong><span class=\"Apple-style-span\">\u2018Klima og milj\u00f8overv\u00e5kning fra satellitt \u00a0<\/span><span class=\"Apple-style-span\">\u2013i et Troms\u00f8-perspektiv\u2019<\/span><\/strong><\/p>\n<p>Foredraget vil presentere jordobservasjonsmilj\u00f8et i Troms\u00f8, introdusere \u00a0jordobservasjon fra satellitt, og diskutere hvilke muligheter denne teknologien gir i overv\u00e5kning av klima og milj\u00f8, n\u00e5 og i fremtiden.<\/p>\n<hr \/>\n<p><strong><span class=\"Apple-style-span\">Tirsdag 12.mai 2015, kl. 1900<\/span><\/strong><\/p>\n<p><span class=\"Apple-style-span\">Troms\u00f8 Bibliotek, Gr\u00f8nnegata 94,<\/span><\/p>\n<p><span class=\"Apple-style-span\"><strong>F\u00f8rsteamanuensis Elinor Ytterstad, \u00a0<\/strong><\/span><span class=\"Apple-style-span\">Institutt for matematikk og statistikk<\/span><\/p>\n<p><span class=\"Apple-style-span\"><strong>F\u00f8rsteamanuensis Tormod Brenn,\u00a0<\/strong><\/span><span class=\"Apple-style-span\">Institutt for samfunnsmedisin<\/span><\/p>\n<p><span class=\"Apple-style-span\"><strong>Professor Maja-Lisa L\u00f8chen,\u00a0<\/strong><\/span><span class=\"Apple-style-span\">Institutt for samfunnsmedisin,<\/span><\/p>\n<p><span class=\"Apple-style-span\">alle ved Universitetet i Troms\u00f8, Norges arktiske universitet<\/span><\/p>\n<p><strong><span class=\"Apple-style-span\">\u2018N\u00e5r ektefellen d\u00f8r, \u2026\u2019<\/span><\/strong><\/p>\n<p>En ny studie viser at enker og enkemenn har h\u00f8yere d\u00f8delighet enn gifte. F\u00f8rste \u00e5ret etter ektefellens bortgang er risikoen h\u00f8yest i aldersgruppen 60-64. Flere resultater fra studien presenteres i foredraget.<\/p>\n<p>En \u00e5rsak til \u00f8kt d\u00f8delighet kan v\u00e6re \u2018knust hjerte\u2019 hos den gjenlevende og s\u00f8rgende ektefellen.<\/p>\n<hr \/>\n<p><strong><span class=\"Apple-style-span\">Torsdag 16. april 2015, kl. 1900<\/span><\/strong><\/p>\n<p><span class=\"Apple-style-span\">Troms\u00f8 Bibliotek, Gr\u00f8nnegata 94,<\/span><\/p>\n<p><strong><span class=\"Apple-style-span\">Prof.em. Erik H. Egeberg<\/span><\/strong><\/p>\n<p><span class=\"Apple-style-span\">Institutt for kultur og litteratur<br \/>\n<\/span>Universitetet i Troms\u00f8, Norges arktiske universitet<\/p>\n<p><strong><span class=\"Apple-style-span\">\u2018Russland og Ukraina. <\/span><span class=\"Apple-style-span\">Historie,\u00a0geografi og spr\u00e5k \u2019<\/span><\/strong><\/p>\n<p>Russlands og Ukrainas skrevne historie begynner samtidig &#8211; i det 9. \u00e5rhundre med det som de gang het &laquo;Rus&raquo;.<\/p>\n<p>Siden f\u00f8rte begivenhetene til at Rus ble splittet &#8211; siden atter forenet og igjen adskilt. Dette gjelder geografi og\u00a0politikk, og det gjelder spr\u00e5k og kultur og religion. Disse faktorene forklarer slett ikke alt som skjer i omr\u00e5det i dag, men uten \u00e5 kjenne geografien,\u00a0historien og kulturen forst\u00e5r man nesten ingen ting.<\/p>\n<hr \/>\n<p><strong><span class=\"Apple-style-span\">Torsdag 26. februar 2015, kl. 1900<\/span><\/strong><\/p>\n<p><span class=\"Apple-style-span\">\u2018Teknologibygget\u2019, UiT, Breivika, Hansine Hansens veg<\/span><\/p>\n<p><strong><span class=\"Apple-style-span\">\u00c5rsm\u00f8teforedrag:\u00a0<\/span><span class=\"Apple-style-span\">Professor Berit Kjeldstad<\/span><\/strong><\/p>\n<p><span class=\"Apple-style-span\">Inst. for fysikk, og prorektor for utdanning ved NTNU<br \/>\n<\/span><span class=\"Apple-style-span\">Leder for MOOC-utvalget som 16. juni 2014 avga <\/span><span class=\"Apple-style-span\">NOU 5\/2014 \u2018MOOC i Norge\u2019<\/span><\/p>\n<p><strong><span class=\"Apple-style-span\">\u2018MOOC til Norge. <\/span><span class=\"Apple-style-span\">Nye trender, utdanning i endring\u2019<\/span><\/strong><\/p>\n<p>MOOC st\u00e5r for Massive Open Online Courses og inneb\u00e6rer globale nettkurs som tilbys av universitet rundt om i verden, og som i utgangspunkt er gratis og tilgjengelige for alle. Hva betyr dette for utviklingen av undervisningen i h\u00f8yere utdanning?<\/p>\n<iframe src=\"http:\/\/www.facebook.com\/plugins\/like.php?href=https%3A%2F%2Fsite.uit.no%2Facademiaborealis%2Farrangementer%2Farrangementer-2015%2F&amp;layout=standard&amp;show_faces=true&amp;width=450&amp;action=like&amp;colorscheme=light&amp;height=80\" scrolling=\"no\" frameborder=\"0\" style=\"border:none; overflow:hidden; width:450px; height:80px;\" allowTransparency=\"true\"><\/iframe>","protected":false},"excerpt":{"rendered":"<p>Onsdag 2. desember 2015, kl. 1900 Troms\u00f8 Bibliotek, Gr\u00f8nnegata 94 Dr. Jane Luu Lincoln Laboratories, Massachusetts Institute of Technology; Fulbright-stipendiat ved Institutt for fysikk og teknologi, Universitetet i Troms\u00f8, Norges arktiske universitet 2012 Kavli-prize laureate in astrophysics \u2018Life on Saturn\u2019s moons?\u2019 With the recent visit of Pluto by the spacecraft New Horizons, some say the [&hellip;]<\/p>\n","protected":false},"author":602,"featured_media":0,"parent":56,"menu_order":0,"comment_status":"closed","ping_status":"closed","template":"","meta":{"footnotes":""},"class_list":["post-58","page","type-page","status-publish","hentry"],"_links":{"self":[{"href":"https:\/\/site.uit.no\/academiaborealis\/wp-json\/wp\/v2\/pages\/58","targetHints":{"allow":["GET"]}}],"collection":[{"href":"https:\/\/site.uit.no\/academiaborealis\/wp-json\/wp\/v2\/pages"}],"about":[{"href":"https:\/\/site.uit.no\/academiaborealis\/wp-json\/wp\/v2\/types\/page"}],"author":[{"embeddable":true,"href":"https:\/\/site.uit.no\/academiaborealis\/wp-json\/wp\/v2\/users\/602"}],"replies":[{"embeddable":true,"href":"https:\/\/site.uit.no\/academiaborealis\/wp-json\/wp\/v2\/comments?post=58"}],"version-history":[{"count":2,"href":"https:\/\/site.uit.no\/academiaborealis\/wp-json\/wp\/v2\/pages\/58\/revisions"}],"predecessor-version":[{"id":60,"href":"https:\/\/site.uit.no\/academiaborealis\/wp-json\/wp\/v2\/pages\/58\/revisions\/60"}],"up":[{"embeddable":true,"href":"https:\/\/site.uit.no\/academiaborealis\/wp-json\/wp\/v2\/pages\/56"}],"wp:attachment":[{"href":"https:\/\/site.uit.no\/academiaborealis\/wp-json\/wp\/v2\/media?parent=58"}],"curies":[{"name":"wp","href":"https:\/\/api.w.org\/{rel}","templated":true}]}}