{"id":61,"date":"2016-11-17T21:30:00","date_gmt":"2016-11-17T20:30:00","guid":{"rendered":"https:\/\/site.uit.no\/academiaborealis\/?page_id=61"},"modified":"2016-11-17T21:30:12","modified_gmt":"2016-11-17T20:30:12","slug":"arrangementer-2014","status":"publish","type":"page","link":"https:\/\/site.uit.no\/academiaborealis\/arrangementer\/arrangementer-2014\/","title":{"rendered":"Arrangementer 2014"},"content":{"rendered":"<div>\n<div>\n<p><strong><span class=\"Apple-style-span\">Torsdag 13. november, 2014<\/span><\/strong><\/p>\n<p><span class=\"Apple-style-span\">Troms\u00f8 Bibliotek,<\/span><\/p>\n<p><strong><span class=\"Apple-style-span\">Tidl. prof. Dag \u00d8sterberg<\/span><\/strong><\/p>\n<p><span class=\"Apple-style-span\">Institutt for sosiologi og Institutt for\u00a0 musikkvitenskap,<br \/>\nUniversitetet i Oslo<\/span><\/p>\n<p><strong><span class=\"Apple-style-span\">\u2018Universitetet som sosial institusjon.\u00a0<\/span><span class=\"Apple-style-span\">En sosiologisk betraktning \u2019<\/span><\/strong><\/p>\n<p>\u201cForedraget vil gi et overblikk over universitetets plass innen samfunnslivet tatt som en helhet av \u00f8konomiske, politiske, familiemessige\u00a0 og kulturelle institusjoner. Det dr\u00f8fter\u00a0\u00a0 universitetets\u00a0\u00a0 \u00f8konomiske og liberale reformer\u00a0 de siste ti\u00e5r, og\u00a0\u00a0 deres\u00a0 n\u00f8dvendige\u00a0 grenser.\u201d<\/p>\n<hr \/>\n<p><strong><span class=\"Apple-style-span\">Torsdag 9. oktober 2014 <\/span><\/strong><\/p>\n<p><span class=\"Apple-style-span\">Troms\u00f8 Bibliotek<\/span><\/p>\n<p><strong><span class=\"Apple-style-span\">Prof. Kari Aga Myklebost<\/span><\/strong><\/p>\n<p><span class=\"Apple-style-span\">Institutt for historie og religionsvitenskap<br \/>\n<\/span><span class=\"Apple-style-span\">Universitetet i Troms\u00f8, Norges arktiske universitet<\/span><\/p>\n<p><strong><span class=\"Apple-style-span\">\u2018Russlands todelte ansikt. \u00a0<\/span><span class=\"Apple-style-span\">Norske russlandsbilder gjennom 200 \u00e5r\u2019<\/span><\/strong><\/p>\n<p>Forholdet til Russland har preget norsk samfunnsliv p\u00e5 grunnleggende m\u00e5ter. Russland har skiftevis blitt oppfattet som en truende og barbarisk stat og som en stabil og fredelig nabo, og forestillingene om landet i \u00f8st har p\u00e5virket b\u00e5de norsk politikk og norsk selvforst\u00e5else. I dette foredraget tematiseres norske russlandsbilder fra 1814 og fram til i dag, med utgangspunkt i prosjektet \u00abDet asymmetriske naboskap. Norge og Russland 1814-2014\u00bb. I prosjektet har norske og russiske historikere i fellesskap utforsket de historiske relasjonene mellom v\u00e5re to naboland, fra Norge ble etablert som en selvstendig stat i 1814 og fram til i dag.<\/p>\n<hr \/>\n<p><strong>Tirsdag 3. juni 2014 <\/strong><\/p>\n<p>Troms\u00f8 Bibliotek,<\/p>\n<p><strong>Prof. J\u00fcrgen Mienert<\/strong><\/p>\n<p>Leder Senter for Fremragende Forskning <span class=\"Apple-style-span\">CAGE<br \/>\n<\/span> &#8211; Senter for arktisk gasshydrat, milj\u00f8 og klima (www.cage.uit)<br \/>\nved Institutt for geologi, Universitetet i Troms\u00f8, Norges arktiske universitet<\/p>\n<p><strong>\u2018Jordens klimasymfoni \u2013 Hvem dirigerer?\u2019<\/strong><\/p>\n<p>Et komplekst samspill mellom naturens egne klimavariasjoner i Pliocene (5,3 \u2013 2,6 milloner \u00e5r siden) ga jorden temperaturer som var 2-3 grader varmere enn i dag. Da jordens store klimasymfoni avtok \u00a0etter oppvarmingen, ble samspill forandret til kuling.\u00a0\u00a0 Dette skal vi h\u00f8re mer om. N\u00e5 skriver verdens forskere om symfonien \u2013 med samspill og samhandling &#8211; som forutsier kommende klimascenarier.\u00a0 Vi vil bruke Pliocene som et speilbilde for fremtiden og sp\u00f8r: hvem dirigerte f\u00f8r og hvem dirigerer n\u00e5?<\/p>\n<hr \/>\n<\/div>\n<p><span class=\"Apple-style-span\">Universitetet,\u00a0Hiet i Hovedg\u00e5rden<\/span><\/p>\n<p><span class=\"Apple-style-span\"><strong> \u00c5rsm\u00f8teforedrag<\/strong> ved<\/span><br \/>\n<span class=\"Apple-style-span\"><strong> Professor Kenneth Ruud,<\/strong><br \/>\np<\/span><span class=\"Apple-style-span\">rorektor for forskning:<\/span><br \/>\nUniversitetet i Troms\u00f8, Norges Arktiske Universitet<br \/>\n<strong><span class=\"Apple-style-span\">\u2018Hva betyr UiT sin nye strategi for forskningen ved universitetet? &#8216;<\/span><\/strong><\/p>\n<hr \/>\n<\/div>\n<div>\n<p><strong><span class=\"Apple-style-span\">Tirsdag 18. februar, <\/span><\/strong><\/p>\n<p><span class=\"Apple-style-span\">Troms\u00f8 Bibliotek<\/span><\/p>\n<p><strong><span class=\"Apple-style-span\">Professor em. <\/span><span class=\"Apple-style-span\">Reidar Bertelsen<\/span><\/strong><\/p>\n<p><span class=\"Apple-style-span\">Universitetet i Troms\u00f8, Norges Arktiske Universitet<br \/>\n<\/span><span class=\"Apple-style-span\">Fakultetet for humaniora, samfunnsvitenskap og l\u00e6rerutdanning<br \/>\n<\/span><span class=\"Apple-style-span\">Institutt for arkeologi og sosialantropologi<\/span><\/p>\n<p><strong><span class=\"Apple-style-span\">\u2018Historisk arkeologi, et paradoks?<br \/>\n<\/span><span class=\"Apple-style-span\">Troms\u00f8forskning satt inn i en europeisk faghistorisk kontekst\u2019<\/span><\/strong><\/p>\n<p>Jeg vil gi et kort riss av etterkrigstidas faghistorie i Europa og se p\u00e5 hvordan europeisk mellomalderarkeologi\u00a0 br\u00f8t med den konvensjonelle arbeidsdelinga mellom arkeologi og historie. P\u00e5 denne bakgrunnen vil jeg s\u00e5 se p\u00e5 hvordan det oppsto en akademisk disiplin som f\u00f8rst og fremst arbeider med materiell kultur og ikke et avgrenset tidsrom av fortida.\u00a0 Universitetet i Troms\u00f8 st\u00e5r for mange eksempler som illustrerer dette. Den nordlige konteksten gir b\u00e5de utfordringer og muligheter som er unike.<\/p>\n<\/div>\n<iframe src=\"http:\/\/www.facebook.com\/plugins\/like.php?href=https%3A%2F%2Fsite.uit.no%2Facademiaborealis%2Farrangementer%2Farrangementer-2014%2F&amp;layout=standard&amp;show_faces=true&amp;width=450&amp;action=like&amp;colorscheme=light&amp;height=80\" scrolling=\"no\" frameborder=\"0\" style=\"border:none; overflow:hidden; width:450px; height:80px;\" allowTransparency=\"true\"><\/iframe>","protected":false},"excerpt":{"rendered":"<p>Torsdag 13. november, 2014 Troms\u00f8 Bibliotek, Tidl. prof. Dag \u00d8sterberg Institutt for sosiologi og Institutt for\u00a0 musikkvitenskap, Universitetet i Oslo \u2018Universitetet som sosial institusjon.\u00a0En sosiologisk betraktning \u2019 \u201cForedraget vil gi et overblikk over universitetets plass innen samfunnslivet tatt som en helhet av \u00f8konomiske, politiske, familiemessige\u00a0 og kulturelle institusjoner. Det dr\u00f8fter\u00a0\u00a0 universitetets\u00a0\u00a0 \u00f8konomiske og liberale reformer\u00a0 [&hellip;]<\/p>\n","protected":false},"author":602,"featured_media":0,"parent":56,"menu_order":0,"comment_status":"closed","ping_status":"closed","template":"","meta":{"footnotes":""},"class_list":["post-61","page","type-page","status-publish","hentry"],"_links":{"self":[{"href":"https:\/\/site.uit.no\/academiaborealis\/wp-json\/wp\/v2\/pages\/61","targetHints":{"allow":["GET"]}}],"collection":[{"href":"https:\/\/site.uit.no\/academiaborealis\/wp-json\/wp\/v2\/pages"}],"about":[{"href":"https:\/\/site.uit.no\/academiaborealis\/wp-json\/wp\/v2\/types\/page"}],"author":[{"embeddable":true,"href":"https:\/\/site.uit.no\/academiaborealis\/wp-json\/wp\/v2\/users\/602"}],"replies":[{"embeddable":true,"href":"https:\/\/site.uit.no\/academiaborealis\/wp-json\/wp\/v2\/comments?post=61"}],"version-history":[{"count":1,"href":"https:\/\/site.uit.no\/academiaborealis\/wp-json\/wp\/v2\/pages\/61\/revisions"}],"predecessor-version":[{"id":62,"href":"https:\/\/site.uit.no\/academiaborealis\/wp-json\/wp\/v2\/pages\/61\/revisions\/62"}],"up":[{"embeddable":true,"href":"https:\/\/site.uit.no\/academiaborealis\/wp-json\/wp\/v2\/pages\/56"}],"wp:attachment":[{"href":"https:\/\/site.uit.no\/academiaborealis\/wp-json\/wp\/v2\/media?parent=61"}],"curies":[{"name":"wp","href":"https:\/\/api.w.org\/{rel}","templated":true}]}}