{"id":614,"date":"2022-03-29T13:15:52","date_gmt":"2022-03-29T11:15:52","guid":{"rendered":"https:\/\/site.uit.no\/academiaborealis\/?page_id=614"},"modified":"2022-04-05T11:03:27","modified_gmt":"2022-04-05T09:03:27","slug":"angrepet-pa-ukraina","status":"publish","type":"page","link":"https:\/\/site.uit.no\/academiaborealis\/angrepet-pa-ukraina\/","title":{"rendered":"Uttalelse om angrepet p\u00e5 Ukraina"},"content":{"rendered":"<p><img decoding=\"async\" class=\"alignright wp-image-126\" src=\"https:\/\/site.uit.no\/academiaborealis\/wp-content\/uploads\/sites\/257\/2016\/11\/logo20academia20borealis-1-e1518994366646.png\" alt=\"\" width=\"69\" height=\"88\" srcset=\"https:\/\/site.uit.no\/academiaborealis\/wp-content\/uploads\/sites\/257\/2016\/11\/logo20academia20borealis-1-e1518994366646.png 495w, https:\/\/site.uit.no\/academiaborealis\/wp-content\/uploads\/sites\/257\/2016\/11\/logo20academia20borealis-1-e1518994366646-235x300.png 235w\" sizes=\"(max-width: 69px) 100vw, 69px\" \/><img decoding=\"async\" class=\"wp-image-613 alignleft\" src=\"https:\/\/site.uit.no\/academiaborealis\/wp-content\/uploads\/sites\/257\/2022\/03\/Flag_of_Ukraine.svg_.png\" alt=\"\" width=\"72\" height=\"48\" srcset=\"https:\/\/site.uit.no\/academiaborealis\/wp-content\/uploads\/sites\/257\/2022\/03\/Flag_of_Ukraine.svg_.png 400w, https:\/\/site.uit.no\/academiaborealis\/wp-content\/uploads\/sites\/257\/2022\/03\/Flag_of_Ukraine.svg_-300x200.png 300w\" sizes=\"(max-width: 72px) 100vw, 72px\" \/><\/p>\n<p>&nbsp;<\/p>\n<p>&nbsp;<\/p>\n<p><em>Uttalelse vedtatt p\u00e5 \u00e5rsm\u00f8tet i Academia Borealis 28.03.2022.\u00a0 <\/em><\/p>\n<p><strong>Angrepet p\u00e5 Ukraina<br \/>\n<\/strong>Nord-Norges Vitenskapsakademi &#8211; Academia Borealis &#8211; tar sterk avstand fra Russlands brutale milit\u00e6rangrep p\u00e5 Ukraina. Det har gjort et dypt og uutslettelig inntrykk p\u00e5 oss \u00e5 v\u00e6re vitne til store tap av menneskeliv, \u00f8deleggelsen av materielle ressurser og ringeakten for Ukrainas suverenitet. Mange av v\u00e5re kolleger &#8211; og deres familier &#8211; er drevet p\u00e5 flukt i sitt eget land. Universiteter og akademiske institusjoner blir rasert.<\/p>\n<p>Vi vil oppfordrer alle v\u00e5re kolleger, nasjonale vitenskapsakademier og internasjonale vitenskapelige foreninger om \u00e5 motst\u00e5 politisk press og verne den akademiske frihet. Vi oppfordrer ogs\u00e5 alle til \u00e5 st\u00f8tte opp om den krigsherjede befolkningen i Ukraina og deres akademiske institusjoner.<\/p>\n<p>Russiske borgere i Norge skal ikke p\u00e5 noe vis holdes ansvarlig for det russiske myndigheter n\u00e5 har gjort, og de skal fortsatt oppleve at det er trygt \u00e5 arbeide og studere ved norske universiteter og andre institusjoner.<\/p>\n<p>P\u00e5 ukrainsk\/in ukrainian:\u00a0<a href=\"https:\/\/site.uit.no\/academiaborealis\/wp-content\/uploads\/sites\/257\/2022\/04\/\u0417\u0430\u044f\u0432\u0430-\u041f\u0456\u0432\u043d\u0456\u0447\u043d\u043e\u043d\u043e\u0440\u0432\u0435\u0437\u044c\u043a\u043e\u0456\u0308-\u0430\u043a\u0430\u0434\u0435\u043c\u0456\u0456\u0308-\u043d\u0430\u0443\u043a.pdf\">\u0417\u0430\u044f\u0432\u0430 \u041f\u0456\u0432\u043d\u0456\u0447\u043d\u043e\u043d\u043e\u0440\u0432\u0435\u0437\u044c\u043a\u043e\u0456\u0308 \u0430\u043a\u0430\u0434\u0435\u043c\u0456\u0456\u0308 \u043d\u0430\u0443\u043a<\/a><\/p>\n<p>Academia Borealis henviser ogs\u00e5 til DNVA sin lenke datert 27.02.<\/p>\n<p><a href=\"https:\/\/dnva.no\/detskjer\/2022\/02\/akademiet-er-dypt-bekymret-over-utviklingen-i-ukraina\">https:\/\/dnva.no\/detskjer\/2022\/02\/akademiet-er-dypt-bekymret-over-utviklingen-i-ukraina<\/a><\/p>\n<p>&nbsp;<\/p>\n<iframe src=\"http:\/\/www.facebook.com\/plugins\/like.php?href=https%3A%2F%2Fsite.uit.no%2Facademiaborealis%2Fangrepet-pa-ukraina%2F&amp;layout=standard&amp;show_faces=true&amp;width=450&amp;action=like&amp;colorscheme=light&amp;height=80\" scrolling=\"no\" frameborder=\"0\" style=\"border:none; overflow:hidden; width:450px; height:80px;\" allowTransparency=\"true\"><\/iframe>","protected":false},"excerpt":{"rendered":"<p>&nbsp; &nbsp; Uttalelse vedtatt p\u00e5 \u00e5rsm\u00f8tet i Academia Borealis 28.03.2022.\u00a0 Angrepet p\u00e5 Ukraina Nord-Norges Vitenskapsakademi &#8211; Academia Borealis &#8211; tar sterk avstand fra Russlands brutale milit\u00e6rangrep p\u00e5 Ukraina. Det har gjort et dypt og uutslettelig inntrykk p\u00e5 oss \u00e5 v\u00e6re vitne til store tap av menneskeliv, \u00f8deleggelsen av materielle ressurser og ringeakten for Ukrainas suverenitet. [&hellip;]<\/p>\n","protected":false},"author":602,"featured_media":0,"parent":0,"menu_order":0,"comment_status":"closed","ping_status":"closed","template":"","meta":{"footnotes":""},"class_list":["post-614","page","type-page","status-publish","hentry"],"_links":{"self":[{"href":"https:\/\/site.uit.no\/academiaborealis\/wp-json\/wp\/v2\/pages\/614","targetHints":{"allow":["GET"]}}],"collection":[{"href":"https:\/\/site.uit.no\/academiaborealis\/wp-json\/wp\/v2\/pages"}],"about":[{"href":"https:\/\/site.uit.no\/academiaborealis\/wp-json\/wp\/v2\/types\/page"}],"author":[{"embeddable":true,"href":"https:\/\/site.uit.no\/academiaborealis\/wp-json\/wp\/v2\/users\/602"}],"replies":[{"embeddable":true,"href":"https:\/\/site.uit.no\/academiaborealis\/wp-json\/wp\/v2\/comments?post=614"}],"version-history":[{"count":6,"href":"https:\/\/site.uit.no\/academiaborealis\/wp-json\/wp\/v2\/pages\/614\/revisions"}],"predecessor-version":[{"id":637,"href":"https:\/\/site.uit.no\/academiaborealis\/wp-json\/wp\/v2\/pages\/614\/revisions\/637"}],"wp:attachment":[{"href":"https:\/\/site.uit.no\/academiaborealis\/wp-json\/wp\/v2\/media?parent=614"}],"curies":[{"name":"wp","href":"https:\/\/api.w.org\/{rel}","templated":true}]}}