{"id":63,"date":"2016-11-17T21:36:26","date_gmt":"2016-11-17T20:36:26","guid":{"rendered":"https:\/\/site.uit.no\/academiaborealis\/?page_id=63"},"modified":"2016-11-17T21:36:36","modified_gmt":"2016-11-17T20:36:36","slug":"arrangementer-2013","status":"publish","type":"page","link":"https:\/\/site.uit.no\/academiaborealis\/arrangementer\/arrangementer-2013\/","title":{"rendered":"Arrangementer 2013"},"content":{"rendered":"<div>\n<p><strong><span class=\"Apple-style-span\">Torsdag 12. desember 2013: Qvigstad-m\u00f8te<\/span><\/strong><\/p>\n<p><span class=\"Apple-style-span\">Troms\u00f8 Bibliotek,\u00a0<\/span><\/p>\n<p><strong><span class=\"Apple-style-span\">Prof. Dr. Philos. Ole Henrik Magga<\/span><\/strong><\/p>\n<p style=\"text-align: left\" align=\"center\"><span class=\"Apple-style-span\">Samisk h\u00f8gskole \/ S\u00e1mi allaskuvla <\/span><span class=\"Apple-style-span\">Kautokeino \/Guovdageaidnu<\/span><\/p>\n<p style=\"text-align: left\" align=\"center\"><strong><span class=\"Apple-style-span\">\u2018Samer, samisk kultur og akademia\u2019<\/span><\/strong><\/p>\n<p>Foredraget vil ta opp akademias befatning med samisk kultur og samer, og samers egen rolle i akademia<\/p>\n<div><\/div>\n<\/div>\n<div>\n<hr \/>\n<\/div>\n<div><strong><span class=\"Apple-style-span\">Torsdag \u00a026. september: Harang-forelesningen<\/span><\/strong><\/div>\n<p><span class=\"Apple-style-span\">Troms\u00f8 Bibliotek,<\/span><\/p>\n<p style=\"text-align: left\" align=\"center\"><strong><span class=\"Apple-style-span\">Prof. Dr. Ove Havnes<\/span><\/strong><\/p>\n<p style=\"text-align: left\" align=\"center\"><span class=\"Apple-style-span\">Institutt for fysikk og teknologi, Universitetet I Troms\u00f8<\/span><\/p>\n<p style=\"text-align: center\" align=\"center\"><span class=\"Apple-style-span\"><strong>\u2018Jordens \u00f8vre atmosf\u00e6re, hvilken rolle spiller den og hva har UiT bidratt med for \u00e5 forst\u00e5 den?\u2019<\/strong><br \/>\n<\/span><\/p>\n<div>\n<p>Jordens atmosf\u00e6re er et komplekst system hvor de forskjellige delene, fra bunn til topp,\u00a0 kan p\u00e5virke hverandre.\u00a0 Vim\u00e5 ha grundig kjennskap ogs\u00e5 til de \u00f8vre deler av atmosf\u00e6ren for \u00e5 kunne lage gode klimamodeller og for \u00e5 \u00f8ke presisjonen i v\u00e6rvarsel.<\/p>\n<p>I foredraget vil vi hovedsakelig se p\u00e5 mesosf\u00e6ren, atmosf\u00e6ren i h\u00f8ydeomr\u00e5det fra ca 50 til 100 km. Dette er\u00a0 grenseomr\u00e5det mot \u201cspace\u201d som\u00a0 p\u00e5virkes kraftig av variable partikkelstr\u00f8mmer og UV str\u00e5ling fra solen, samtidig som det bombarderes kontinuerlig med meteoritter som brenner opp\u00a0 som \u201cstjerneskudd\u201d.\u00a0 Mesosf\u00e6ren p\u00e5virkes ogs\u00e5 p\u00e5 en komplisert m\u00e5te av prosesser i de lavere luftlag, noe som blant annet f\u00f8rer til at den om sommeren er det kaldeste sted p\u00e5 jorden med temperaturer ned mot\u00a0 -160\u00a0<span class=\"Apple-style-span\">o<\/span>C samtidig som de h\u00f8yest liggende skyer, \u201cnoctilucent clouds\u201d dannes i 80-90 km h\u00f8yde.<\/p>\n<p>Ved Universitetet i Troms\u00f8 har vi studert mesosf\u00e6ren spesielt med radar og raketter ved EISCAT-anleggene p\u00e5 Ramfjordmoen og And\u00f8ya Rakettskytefelt.\u00a0 Vi har utviklet ny rakettinstrumentering og ny radarteknikk som har v\u00e6rt avgj\u00f8rende i \u00e5 fremskaffe ny kunnskap spesielt om skyfenomenene i mesosf\u00e6ren.\u00a0 Vi vil\u00a0 beskrive\u00a0 gjennombrudd dette har f\u00f8rt til og kort redegj\u00f8re for planene for videre arbeid.<\/p>\n<\/div>\n<hr \/>\n<p><strong>Onsdag 17. april 2013<\/strong><\/p>\n<p><span class=\"Apple-style-span\">Troms\u00f8 Bibliotek,<\/span><\/p>\n<p><strong><span class=\"Apple-style-span\">Prof. Jens Ivar Nerg\u00e5rd<\/span><\/strong><\/p>\n<p><span class=\"Apple-style-span\">Institutt for l\u00e6rerutdanning og pedagogikk<br \/>\n<\/span><span class=\"Apple-style-span\">Universitetet i Troms\u00f8<\/span><\/p>\n<p><strong><span class=\"Apple-style-span\">\u2018Kultur og sykdomsforst\u00e5else\u2019<\/span><\/strong><\/p>\n<p>Samiske pasienter m\u00f8ter ofte helsevesenet i asymmetriske, noen ganger konfliktskapende situasjoner. S\u00e6rlig i psykiatrien griper deler av diagnostikken dypt inn i samisk kosmologi og kulturtradisjon. Forelesningen dr\u00f8fter utfordringene og reiser sp\u00f8rsm\u00e5let om helsevesenet marginaliserer en stor gruppe nordnorske pasienter.<\/p>\n<hr \/>\n<p><strong><span class=\"Apple-style-span\">Mandag 15. april 2013<\/span><\/strong><\/p>\n<p>hadde vi hyggelig lunsj med <strong><span class=\"Apple-style-span\">dr. Jane X. Luu, MIT, Lincoln Laboratories<\/span>,<\/strong> og inviterte gjester. Luu var en av <em>Kavli-prisvinnerne i astrofysikk i 2012.<\/em> Hun mottok prisen sammen med David C. Jewitt (U. California, USA) og Michael E. Brown (CIT, USA) for oppdagelsen og beskrivelsen av Kuiperbeltet og dets st\u00f8rste medlemmer, et arbeid som f\u00f8rte til en stor \u00f8kning av forst\u00e5elsen for historien til v\u00e5rt solsystem. Hun var i f\u00f8lge med presidenten for det Norske Vitenskapsakademiet, Prof. Kirsti Str\u00f8m Bull.<\/p>\n<p><img decoding=\"async\" src=\"http:\/\/www.ub.uit.no\/nnva\/images\/stories\/luulunch3a.jpg\" border=\"0\" \/><\/p>\n<p>Fra venstre: Synn\u00f8ve des Bouvries, Jens Ivar Nergaard, Erik Egeberg, Henning W\u00e6rp, Kirsti Str\u00f8m Bull, \u00c5shild Fredriksen, Jane Luu, Jarle Aarbakke, Maria Kristina Labba. Anne Bruvold og Steinar Thorvaldsen var ogs\u00e5 til stede p\u00e5 lunsjen, men ble ikke med p\u00e5 dette bildet.<\/p>\n<hr \/>\n<p>&nbsp;<\/p>\n<p><strong>Torsdag 7. mars 2013<\/strong><\/p>\n<p>Hiet (B124), Administrasjonen (Hovedg\u00e5rden), UiT, Breivika<\/p>\n<p><strong>prof. em. Ottar Brox<\/strong><\/p>\n<p><span class=\"Apple-style-span\">Professor ved Universitetet i Troms\u00f8 1972-1984, forsker ved Norsk institutt for by- og regionforskning.<br \/>\n\u00c6resdoktor ved Universitetet i Troms\u00f8<\/span><\/p>\n<p><strong><span class=\"Apple-style-span\">\u2018Norge&#8211;og Nord-Norge&#8211; i komparativt perspektiv\u2019<\/span><\/strong><\/p>\n<p>Var det slik at Norge var et av Europas fattigste land &#8212; f\u00f8r vi fant olje og ble det rikeste?<\/p>\n<p>Periferiens rolle i nasjonens \u00f8konomiske utvikling.<br \/>\nRessursgrunnlag, &laquo;kultur&raquo; og politisk makt som forklaringsfaktorer.<\/p>\n<iframe src=\"http:\/\/www.facebook.com\/plugins\/like.php?href=https%3A%2F%2Fsite.uit.no%2Facademiaborealis%2Farrangementer%2Farrangementer-2013%2F&amp;layout=standard&amp;show_faces=true&amp;width=450&amp;action=like&amp;colorscheme=light&amp;height=80\" scrolling=\"no\" frameborder=\"0\" style=\"border:none; overflow:hidden; width:450px; height:80px;\" allowTransparency=\"true\"><\/iframe>","protected":false},"excerpt":{"rendered":"<p>Torsdag 12. desember 2013: Qvigstad-m\u00f8te Troms\u00f8 Bibliotek,\u00a0 Prof. Dr. Philos. Ole Henrik Magga Samisk h\u00f8gskole \/ S\u00e1mi allaskuvla Kautokeino \/Guovdageaidnu \u2018Samer, samisk kultur og akademia\u2019 Foredraget vil ta opp akademias befatning med samisk kultur og samer, og samers egen rolle i akademia Torsdag \u00a026. september: Harang-forelesningen Troms\u00f8 Bibliotek, Prof. Dr. Ove Havnes Institutt for fysikk [&hellip;]<\/p>\n","protected":false},"author":602,"featured_media":0,"parent":56,"menu_order":0,"comment_status":"closed","ping_status":"closed","template":"","meta":{"footnotes":""},"class_list":["post-63","page","type-page","status-publish","hentry"],"_links":{"self":[{"href":"https:\/\/site.uit.no\/academiaborealis\/wp-json\/wp\/v2\/pages\/63","targetHints":{"allow":["GET"]}}],"collection":[{"href":"https:\/\/site.uit.no\/academiaborealis\/wp-json\/wp\/v2\/pages"}],"about":[{"href":"https:\/\/site.uit.no\/academiaborealis\/wp-json\/wp\/v2\/types\/page"}],"author":[{"embeddable":true,"href":"https:\/\/site.uit.no\/academiaborealis\/wp-json\/wp\/v2\/users\/602"}],"replies":[{"embeddable":true,"href":"https:\/\/site.uit.no\/academiaborealis\/wp-json\/wp\/v2\/comments?post=63"}],"version-history":[{"count":2,"href":"https:\/\/site.uit.no\/academiaborealis\/wp-json\/wp\/v2\/pages\/63\/revisions"}],"predecessor-version":[{"id":65,"href":"https:\/\/site.uit.no\/academiaborealis\/wp-json\/wp\/v2\/pages\/63\/revisions\/65"}],"up":[{"embeddable":true,"href":"https:\/\/site.uit.no\/academiaborealis\/wp-json\/wp\/v2\/pages\/56"}],"wp:attachment":[{"href":"https:\/\/site.uit.no\/academiaborealis\/wp-json\/wp\/v2\/media?parent=63"}],"curies":[{"name":"wp","href":"https:\/\/api.w.org\/{rel}","templated":true}]}}