{"id":71,"date":"2016-11-17T21:51:57","date_gmt":"2016-11-17T20:51:57","guid":{"rendered":"https:\/\/site.uit.no\/academiaborealis\/?page_id=71"},"modified":"2016-11-17T21:51:57","modified_gmt":"2016-11-17T20:51:57","slug":"arrangementer-2010","status":"publish","type":"page","link":"https:\/\/site.uit.no\/academiaborealis\/arrangementer\/arrangementer-2010\/","title":{"rendered":"Arrangementer 2010"},"content":{"rendered":"<p>10. november Qvigstadforelesning<br \/>\n<span class=\"Apple-style-span\">Arnfinn \u00c5slund, PhD<br \/>\nDoktorgrad p\u00e5 Bj\u00f8rnson ved Universitetet i Oslo 2009<br \/>\n<\/span>\u2018\u201cFrihetens tale\u201d: Om Bj\u00f8rnstjerne Bj\u00f8rnsons forfatterskap\u2019<br \/>\nI sitt doktorarbeid fra 2009 &#8211; <span class=\"Apple-style-span\">Litteraturens land. Litter\u00e6r nasjonalitet hos Bj\u00f8rnson 1856-59<\/span> &#8211; har Arnfinn \u00c5slund s\u00e6rlig unders\u00f8kt metadimensjonen i Bj\u00f8rnsons tidlige forfatterskap: Hvordan tematiseres dikterrollen og litteraturen? Med dette som utgangspunkt tok han i sitt foredrag for seg h\u00f8ydepunkter fra Bj\u00f8rnsons 60-\u00e5rige forfatterkarriere.<\/p>\n<p>15. september Harangforlesning<br \/>\n<span class=\"Apple-style-span\">Forsker Knut Sunnan\u00e5<br \/>\n<\/span>Leder for forsknings- og r\u00e5dgivingsprogrammet for Barentshavet ved Havforskningsinstituttet<br \/>\n\u201cLofoten \u2013 porten til Barentshavet \u2013 en historie om fisk og rikdom\u201d<br \/>\n-om status og utvikling for de viktigste fiskebestandene utenfor Lofoten og i Barentshavet.<br \/>\n<span class=\"Apple-style-span\">og<br \/>\n<\/span><span class=\"Apple-style-span\">Dir. Yngve Vassmyr,<br \/>\n<\/span>Administrrende\u00a0direkt\u00f8r i Front Exploration AS<br \/>\nRessurspotensial i nord-omr\u00e5dene \u00a0&#8211; \u00a0hva skjules i Lofoten?\u201d<br \/>\n&#8211; om oje- og gass forekomster i havet utenfor Lofoten.<\/p>\n<p>11. februar \u00c5rsm\u00f8te<br \/>\n<span class=\"Apple-style-span\">Prof. Vinjar F\u00f8nneb\u00f8<\/span><br \/>\nUniversitetet i Troms\u00f8, Institutt for Samfunnsmedisin<br \/>\nDirekt\u00f8r Nasjonalt forskningssenter innen komplement\u00e6r og alternativ medisin<br \/>\n&laquo;Hvor kommer skolemedisin til kort? Perspektiver fra psykologi og alternativ medisin&raquo;<br \/>\nProfessor Magne Arve Flaten<br \/>\nUniversitetet i Troms\u00f8, Institutt for psykologi<br \/>\n&laquo;Hjernen sin betyding for behandling&raquo;<\/p>\n<p>28. april<br \/>\n<span class=\"Apple-style-span\">Prof. Trond \u00d8. J\u00f8rgensen<\/span><br \/>\nNorges Fiskerih\u00f8gskole<br \/>\nDirekt\u00f8r ved MabCent-SFI \/ UiT<br \/>\n&laquo;Marin bioprospektering; Hvordan finne gulln\u00e5la i den arktiske h\u00f8ystakken?&raquo;<\/p>\n<p>3. juni<br \/>\n<span class=\"Apple-style-span\">Prof. Geir Ulfstein<\/span><br \/>\nUniversitetet i Oslo, Institutt for offentlig rett<br \/>\n&laquo;Delelinjen i Barentshavet &#8211; folkerett eller politikk?&raquo;<\/p>\n<iframe src=\"http:\/\/www.facebook.com\/plugins\/like.php?href=https%3A%2F%2Fsite.uit.no%2Facademiaborealis%2Farrangementer%2Farrangementer-2010%2F&amp;layout=standard&amp;show_faces=true&amp;width=450&amp;action=like&amp;colorscheme=light&amp;height=80\" scrolling=\"no\" frameborder=\"0\" style=\"border:none; overflow:hidden; width:450px; height:80px;\" allowTransparency=\"true\"><\/iframe>","protected":false},"excerpt":{"rendered":"<p>10. november Qvigstadforelesning Arnfinn \u00c5slund, PhD Doktorgrad p\u00e5 Bj\u00f8rnson ved Universitetet i Oslo 2009 \u2018\u201cFrihetens tale\u201d: Om Bj\u00f8rnstjerne Bj\u00f8rnsons forfatterskap\u2019 I sitt doktorarbeid fra 2009 &#8211; Litteraturens land. Litter\u00e6r nasjonalitet hos Bj\u00f8rnson 1856-59 &#8211; har Arnfinn \u00c5slund s\u00e6rlig unders\u00f8kt metadimensjonen i Bj\u00f8rnsons tidlige forfatterskap: Hvordan tematiseres dikterrollen og litteraturen? Med dette som utgangspunkt tok han [&hellip;]<\/p>\n","protected":false},"author":602,"featured_media":0,"parent":56,"menu_order":0,"comment_status":"closed","ping_status":"closed","template":"","meta":{"footnotes":""},"class_list":["post-71","page","type-page","status-publish","hentry"],"_links":{"self":[{"href":"https:\/\/site.uit.no\/academiaborealis\/wp-json\/wp\/v2\/pages\/71","targetHints":{"allow":["GET"]}}],"collection":[{"href":"https:\/\/site.uit.no\/academiaborealis\/wp-json\/wp\/v2\/pages"}],"about":[{"href":"https:\/\/site.uit.no\/academiaborealis\/wp-json\/wp\/v2\/types\/page"}],"author":[{"embeddable":true,"href":"https:\/\/site.uit.no\/academiaborealis\/wp-json\/wp\/v2\/users\/602"}],"replies":[{"embeddable":true,"href":"https:\/\/site.uit.no\/academiaborealis\/wp-json\/wp\/v2\/comments?post=71"}],"version-history":[{"count":1,"href":"https:\/\/site.uit.no\/academiaborealis\/wp-json\/wp\/v2\/pages\/71\/revisions"}],"predecessor-version":[{"id":72,"href":"https:\/\/site.uit.no\/academiaborealis\/wp-json\/wp\/v2\/pages\/71\/revisions\/72"}],"up":[{"embeddable":true,"href":"https:\/\/site.uit.no\/academiaborealis\/wp-json\/wp\/v2\/pages\/56"}],"wp:attachment":[{"href":"https:\/\/site.uit.no\/academiaborealis\/wp-json\/wp\/v2\/media?parent=71"}],"curies":[{"name":"wp","href":"https:\/\/api.w.org\/{rel}","templated":true}]}}