{"id":75,"date":"2016-11-17T21:54:07","date_gmt":"2016-11-17T20:54:07","guid":{"rendered":"https:\/\/site.uit.no\/academiaborealis\/?page_id=75"},"modified":"2016-11-17T22:25:34","modified_gmt":"2016-11-17T21:25:34","slug":"arrangementer-2008","status":"publish","type":"page","link":"https:\/\/site.uit.no\/academiaborealis\/arrangementer\/arrangementer-2008\/","title":{"rendered":"Arrangementer 2008"},"content":{"rendered":"<p>21. februar<br \/>\n<span class=\"Apple-style-span\">Professor Tom Tiller<\/span><br \/>\nH\u00f8gskolen i Troms\u00f8 og<br \/>\nUniversitetet i Troms\u00f8, Institutt for pedagogikk og l\u00e6rerutdanning<br \/>\nforskningsleder for Nordisk senter for aksjonsforskning<br \/>\n&laquo;Tanker om skolen-og det hele mennesket&raquo;<\/p>\n<p>29. mai<br \/>\n<span class=\"Apple-style-span\">Professor Kenneth Ruud<\/span>,<br \/>\nUniversitetet i Troms\u00f8, Institutt for kemi<br \/>\nleder for\u00a0 Senter for Teoretisk og Beregningsbasert Kjemi (CTCC)<br \/>\n&laquo;Teoretisk kjemi: En selvmotsigelse?&raquo;<\/p>\n<p>16. oktober<br \/>\n<span class=\"Apple-style-span\">Professor Randi R\u00f8nning Balsvik<\/span><br \/>\nUniversitetet i Troms\u00f8, Institutt for historie<br \/>\n&laquo;Kampen for ytringsfrihet: Forholdet mellom universitet og stat i Etiopia.&raquo;<\/p>\n<p>13. november<br \/>\nHarang-forelesningen<br \/>\n<span class=\"Apple-style-span\">Professor Alv Egeland<\/span><br \/>\nUniversitetet i Oslo, Institutt for fysikk<br \/>\nSeksjon for plasma-og romfysikk<br \/>\n&laquo;Nordlyspion\u00e9ren Lars Vegard (1880-1963)&raquo;<\/p>\n<iframe src=\"http:\/\/www.facebook.com\/plugins\/like.php?href=https%3A%2F%2Fsite.uit.no%2Facademiaborealis%2Farrangementer%2Farrangementer-2008%2F&amp;layout=standard&amp;show_faces=true&amp;width=450&amp;action=like&amp;colorscheme=light&amp;height=80\" scrolling=\"no\" frameborder=\"0\" style=\"border:none; overflow:hidden; width:450px; height:80px;\" allowTransparency=\"true\"><\/iframe>","protected":false},"excerpt":{"rendered":"<p>21. februar Professor Tom Tiller H\u00f8gskolen i Troms\u00f8 og Universitetet i Troms\u00f8, Institutt for pedagogikk og l\u00e6rerutdanning forskningsleder for Nordisk senter for aksjonsforskning &laquo;Tanker om skolen-og det hele mennesket&raquo; 29. mai Professor Kenneth Ruud, Universitetet i Troms\u00f8, Institutt for kemi leder for\u00a0 Senter for Teoretisk og Beregningsbasert Kjemi (CTCC) &laquo;Teoretisk kjemi: En selvmotsigelse?&raquo; 16. oktober [&hellip;]<\/p>\n","protected":false},"author":602,"featured_media":0,"parent":56,"menu_order":0,"comment_status":"closed","ping_status":"closed","template":"","meta":{"footnotes":""},"class_list":["post-75","page","type-page","status-publish","hentry"],"_links":{"self":[{"href":"https:\/\/site.uit.no\/academiaborealis\/wp-json\/wp\/v2\/pages\/75","targetHints":{"allow":["GET"]}}],"collection":[{"href":"https:\/\/site.uit.no\/academiaborealis\/wp-json\/wp\/v2\/pages"}],"about":[{"href":"https:\/\/site.uit.no\/academiaborealis\/wp-json\/wp\/v2\/types\/page"}],"author":[{"embeddable":true,"href":"https:\/\/site.uit.no\/academiaborealis\/wp-json\/wp\/v2\/users\/602"}],"replies":[{"embeddable":true,"href":"https:\/\/site.uit.no\/academiaborealis\/wp-json\/wp\/v2\/comments?post=75"}],"version-history":[{"count":1,"href":"https:\/\/site.uit.no\/academiaborealis\/wp-json\/wp\/v2\/pages\/75\/revisions"}],"predecessor-version":[{"id":76,"href":"https:\/\/site.uit.no\/academiaborealis\/wp-json\/wp\/v2\/pages\/75\/revisions\/76"}],"up":[{"embeddable":true,"href":"https:\/\/site.uit.no\/academiaborealis\/wp-json\/wp\/v2\/pages\/56"}],"wp:attachment":[{"href":"https:\/\/site.uit.no\/academiaborealis\/wp-json\/wp\/v2\/media?parent=75"}],"curies":[{"name":"wp","href":"https:\/\/api.w.org\/{rel}","templated":true}]}}