{"id":77,"date":"2016-11-17T21:55:15","date_gmt":"2016-11-17T20:55:15","guid":{"rendered":"https:\/\/site.uit.no\/academiaborealis\/?page_id=77"},"modified":"2016-11-17T22:26:04","modified_gmt":"2016-11-17T21:26:04","slug":"arrangementer-2007","status":"publish","type":"page","link":"https:\/\/site.uit.no\/academiaborealis\/arrangementer\/arrangementer-2007\/","title":{"rendered":"Arrangementer 2007"},"content":{"rendered":"<p>1. mars \u00c5rsm\u00f8te<br \/>\nHarang-forelesningen<br \/>\n<span class=\"Apple-style-span\">Dr. Gennady Milinevsky<\/span><br \/>\nNational Taras Schevchenko University, Kiev<br \/>\n&laquo;The Chernobyl disaster: View from inside &#8211; 20 years away&raquo;<\/p>\n<p>24. mai<br \/>\nQvigstad-forelesningen for 2007<br \/>\n<span class=\"Apple-style-span\">Professor Jens Ivar Nerg\u00e5rd<\/span><br \/>\nUniversitetet i Troms\u00f8, Institutt for pedagogikk og l\u00e6rerutdanning<br \/>\n&laquo;Den levende erfaring. Om naturen som guddom i samisk tradisjon&raquo;<\/p>\n<p>3. oktober<br \/>\n<span class=\"Apple-style-span\">Professor emeritus Hans Skoie<\/span><br \/>\nNIFU-Step<br \/>\n&laquo;Utfordringer i h\u00f8yere utdanning og universitetsforskning&raquo;<\/p>\n<p>6. desember<br \/>\n<span class=\"Apple-style-span\">Professor Jon \u00d8yvind Odland<\/span><br \/>\nUniversitetet i Troms\u00f8, Senter for internasjonal helse<br \/>\nInstitutt for samfunnsmedisin<br \/>\n&laquo;Helse- og milj\u00f8utfordringer i nordomr\u00e5dene. En ny agenda&raquo;<\/p>\n<iframe src=\"http:\/\/www.facebook.com\/plugins\/like.php?href=https%3A%2F%2Fsite.uit.no%2Facademiaborealis%2Farrangementer%2Farrangementer-2007%2F&amp;layout=standard&amp;show_faces=true&amp;width=450&amp;action=like&amp;colorscheme=light&amp;height=80\" scrolling=\"no\" frameborder=\"0\" style=\"border:none; overflow:hidden; width:450px; height:80px;\" allowTransparency=\"true\"><\/iframe>","protected":false},"excerpt":{"rendered":"<p>1. mars \u00c5rsm\u00f8te Harang-forelesningen Dr. Gennady Milinevsky National Taras Schevchenko University, Kiev &laquo;The Chernobyl disaster: View from inside &#8211; 20 years away&raquo; 24. mai Qvigstad-forelesningen for 2007 Professor Jens Ivar Nerg\u00e5rd Universitetet i Troms\u00f8, Institutt for pedagogikk og l\u00e6rerutdanning &laquo;Den levende erfaring. Om naturen som guddom i samisk tradisjon&raquo; 3. oktober Professor emeritus Hans Skoie [&hellip;]<\/p>\n","protected":false},"author":602,"featured_media":0,"parent":56,"menu_order":0,"comment_status":"closed","ping_status":"closed","template":"","meta":{"footnotes":""},"class_list":["post-77","page","type-page","status-publish","hentry"],"_links":{"self":[{"href":"https:\/\/site.uit.no\/academiaborealis\/wp-json\/wp\/v2\/pages\/77","targetHints":{"allow":["GET"]}}],"collection":[{"href":"https:\/\/site.uit.no\/academiaborealis\/wp-json\/wp\/v2\/pages"}],"about":[{"href":"https:\/\/site.uit.no\/academiaborealis\/wp-json\/wp\/v2\/types\/page"}],"author":[{"embeddable":true,"href":"https:\/\/site.uit.no\/academiaborealis\/wp-json\/wp\/v2\/users\/602"}],"replies":[{"embeddable":true,"href":"https:\/\/site.uit.no\/academiaborealis\/wp-json\/wp\/v2\/comments?post=77"}],"version-history":[{"count":1,"href":"https:\/\/site.uit.no\/academiaborealis\/wp-json\/wp\/v2\/pages\/77\/revisions"}],"predecessor-version":[{"id":78,"href":"https:\/\/site.uit.no\/academiaborealis\/wp-json\/wp\/v2\/pages\/77\/revisions\/78"}],"up":[{"embeddable":true,"href":"https:\/\/site.uit.no\/academiaborealis\/wp-json\/wp\/v2\/pages\/56"}],"wp:attachment":[{"href":"https:\/\/site.uit.no\/academiaborealis\/wp-json\/wp\/v2\/media?parent=77"}],"curies":[{"name":"wp","href":"https:\/\/api.w.org\/{rel}","templated":true}]}}