{"id":79,"date":"2016-11-17T21:56:46","date_gmt":"2016-11-17T20:56:46","guid":{"rendered":"https:\/\/site.uit.no\/academiaborealis\/?page_id=79"},"modified":"2016-11-17T22:26:24","modified_gmt":"2016-11-17T21:26:24","slug":"arrangementer-2006","status":"publish","type":"page","link":"https:\/\/site.uit.no\/academiaborealis\/arrangementer\/arrangementer-2006\/","title":{"rendered":"Arrangementer 2006"},"content":{"rendered":"<p>2. februar \u00c5rsm\u00f8te<br \/>\nHarang-forelesningen<br \/>\n<span class=\"Apple-style-span\">Professor Nils Voje Johansen<\/span><br \/>\nUniversitetet i Oslo, Matematisk institutt<br \/>\n&laquo;Einstein i Norge&raquo;<\/p>\n<p>19. mai .<br \/>\n<span class=\"Apple-style-span\">F\u00f8rsteamanuensis Jan Harald Alnes<\/span><br \/>\nUniversitetet i Troms\u00f8, Filosfisk institutt<br \/>\n&laquo;G\u00f6dels ufullstendighetssatser&raquo;<\/p>\n<p>2. november<br \/>\nQvigstad-forelesningen for 2006<br \/>\n<span class=\"Apple-style-span\">F\u00f8rsteamanuensis Eira S\u00f6derholm<\/span><br \/>\nUniversitetet i Troms\u00f8, Institutt for spr\u00e5kvitenskap<br \/>\n&laquo;Kvensk spr\u00e5k-skal det leve?&raquo;<\/p>\n<p>7. desember.<br \/>\n<span class=\"Apple-style-span\">Professor Toril Swan<\/span>:<br \/>\nUniversitetet i Troms\u00f8, Institutt for spr\u00e5kvitendkap<br \/>\n&laquo;Engelsk i Norge&raquo;<\/p>\n<iframe src=\"http:\/\/www.facebook.com\/plugins\/like.php?href=https%3A%2F%2Fsite.uit.no%2Facademiaborealis%2Farrangementer%2Farrangementer-2006%2F&amp;layout=standard&amp;show_faces=true&amp;width=450&amp;action=like&amp;colorscheme=light&amp;height=80\" scrolling=\"no\" frameborder=\"0\" style=\"border:none; overflow:hidden; width:450px; height:80px;\" allowTransparency=\"true\"><\/iframe>","protected":false},"excerpt":{"rendered":"<p>2. februar \u00c5rsm\u00f8te Harang-forelesningen Professor Nils Voje Johansen Universitetet i Oslo, Matematisk institutt &laquo;Einstein i Norge&raquo; 19. mai . F\u00f8rsteamanuensis Jan Harald Alnes Universitetet i Troms\u00f8, Filosfisk institutt &laquo;G\u00f6dels ufullstendighetssatser&raquo; 2. november Qvigstad-forelesningen for 2006 F\u00f8rsteamanuensis Eira S\u00f6derholm Universitetet i Troms\u00f8, Institutt for spr\u00e5kvitenskap &laquo;Kvensk spr\u00e5k-skal det leve?&raquo; 7. desember. Professor Toril Swan: Universitetet i [&hellip;]<\/p>\n","protected":false},"author":602,"featured_media":0,"parent":56,"menu_order":0,"comment_status":"closed","ping_status":"closed","template":"","meta":{"footnotes":""},"class_list":["post-79","page","type-page","status-publish","hentry"],"_links":{"self":[{"href":"https:\/\/site.uit.no\/academiaborealis\/wp-json\/wp\/v2\/pages\/79","targetHints":{"allow":["GET"]}}],"collection":[{"href":"https:\/\/site.uit.no\/academiaborealis\/wp-json\/wp\/v2\/pages"}],"about":[{"href":"https:\/\/site.uit.no\/academiaborealis\/wp-json\/wp\/v2\/types\/page"}],"author":[{"embeddable":true,"href":"https:\/\/site.uit.no\/academiaborealis\/wp-json\/wp\/v2\/users\/602"}],"replies":[{"embeddable":true,"href":"https:\/\/site.uit.no\/academiaborealis\/wp-json\/wp\/v2\/comments?post=79"}],"version-history":[{"count":1,"href":"https:\/\/site.uit.no\/academiaborealis\/wp-json\/wp\/v2\/pages\/79\/revisions"}],"predecessor-version":[{"id":80,"href":"https:\/\/site.uit.no\/academiaborealis\/wp-json\/wp\/v2\/pages\/79\/revisions\/80"}],"up":[{"embeddable":true,"href":"https:\/\/site.uit.no\/academiaborealis\/wp-json\/wp\/v2\/pages\/56"}],"wp:attachment":[{"href":"https:\/\/site.uit.no\/academiaborealis\/wp-json\/wp\/v2\/media?parent=79"}],"curies":[{"name":"wp","href":"https:\/\/api.w.org\/{rel}","templated":true}]}}