{"id":81,"date":"2016-11-17T21:57:59","date_gmt":"2016-11-17T20:57:59","guid":{"rendered":"https:\/\/site.uit.no\/academiaborealis\/?page_id=81"},"modified":"2016-11-17T22:26:43","modified_gmt":"2016-11-17T21:26:43","slug":"arrangementer-2005","status":"publish","type":"page","link":"https:\/\/site.uit.no\/academiaborealis\/arrangementer\/arrangementer-2005\/","title":{"rendered":"Arrangementer 2005"},"content":{"rendered":"<p>27. januar \u00c5rsm\u00f8te<br \/>\n<span class=\"Apple-style-span\">Professor emeritus\u00a0 Olav Holt<\/span><br \/>\nDirekt\u00f8r Forskningsstiftelsen FORUT, tidl. rektor ved Universitetet i Troms\u00f8 og<br \/>\nbestyrer ved Nordlysobservatoriet<br \/>\n&laquo;Fysikken og vi&raquo;<\/p>\n<p>17. mars<br \/>\n<span class=\"Apple-style-span\">Professor Svein Jentoft<\/span><br \/>\nNorges Fiskerih\u00f8gskole, Institutt for Samfunns- og markedsfag<br \/>\n&laquo;Universitetet-Hvor st\u00e5r vi, hvor g\u00e5r vi, hvor vil vi?&raquo;<\/p>\n<p>14. april Harangforelesning<br \/>\n<span class=\"Apple-style-span\">Dr. G\u00f6ran Henriksson<\/span><br \/>\nInstiutionen f\u00f6r fysik och astronomi, Uppsala Universitet<br \/>\n&laquo;Astronomi i Skandinavien under f\u00f6rhistorisk tid&raquo;<\/p>\n<p>29. september Qvigstadforelesning<br \/>\n<span class=\"Apple-style-span\">F\u00f8rsteamanuensis Mary Brekke<\/span><br \/>\nH\u00f8gskolen i Troms\u00f8, Avdeling for l\u00e6rerutdanning.<br \/>\nForedraget ble holdt i Qvigstad auditorium.<br \/>\n&laquo;Just Knud Qvigstad-l\u00e6rerutdanner og skolepolitiker&raquo;<\/p>\n<p>19. desember<br \/>\n<span class=\"Apple-style-span\">Professor Rolf Seljelid<\/span><br \/>\nUniversitetet i Troms\u00f8, Institutt for medisinsk biologi<br \/>\n&laquo;Darwins evolusjonsteori-moden for revisjon?&raquo;<\/p>\n<iframe src=\"http:\/\/www.facebook.com\/plugins\/like.php?href=https%3A%2F%2Fsite.uit.no%2Facademiaborealis%2Farrangementer%2Farrangementer-2005%2F&amp;layout=standard&amp;show_faces=true&amp;width=450&amp;action=like&amp;colorscheme=light&amp;height=80\" scrolling=\"no\" frameborder=\"0\" style=\"border:none; overflow:hidden; width:450px; height:80px;\" allowTransparency=\"true\"><\/iframe>","protected":false},"excerpt":{"rendered":"<p>27. januar \u00c5rsm\u00f8te Professor emeritus\u00a0 Olav Holt Direkt\u00f8r Forskningsstiftelsen FORUT, tidl. rektor ved Universitetet i Troms\u00f8 og bestyrer ved Nordlysobservatoriet &laquo;Fysikken og vi&raquo; 17. mars Professor Svein Jentoft Norges Fiskerih\u00f8gskole, Institutt for Samfunns- og markedsfag &laquo;Universitetet-Hvor st\u00e5r vi, hvor g\u00e5r vi, hvor vil vi?&raquo; 14. april Harangforelesning Dr. G\u00f6ran Henriksson Instiutionen f\u00f6r fysik och astronomi, [&hellip;]<\/p>\n","protected":false},"author":602,"featured_media":0,"parent":56,"menu_order":0,"comment_status":"closed","ping_status":"closed","template":"","meta":{"footnotes":""},"class_list":["post-81","page","type-page","status-publish","hentry"],"_links":{"self":[{"href":"https:\/\/site.uit.no\/academiaborealis\/wp-json\/wp\/v2\/pages\/81","targetHints":{"allow":["GET"]}}],"collection":[{"href":"https:\/\/site.uit.no\/academiaborealis\/wp-json\/wp\/v2\/pages"}],"about":[{"href":"https:\/\/site.uit.no\/academiaborealis\/wp-json\/wp\/v2\/types\/page"}],"author":[{"embeddable":true,"href":"https:\/\/site.uit.no\/academiaborealis\/wp-json\/wp\/v2\/users\/602"}],"replies":[{"embeddable":true,"href":"https:\/\/site.uit.no\/academiaborealis\/wp-json\/wp\/v2\/comments?post=81"}],"version-history":[{"count":1,"href":"https:\/\/site.uit.no\/academiaborealis\/wp-json\/wp\/v2\/pages\/81\/revisions"}],"predecessor-version":[{"id":82,"href":"https:\/\/site.uit.no\/academiaborealis\/wp-json\/wp\/v2\/pages\/81\/revisions\/82"}],"up":[{"embeddable":true,"href":"https:\/\/site.uit.no\/academiaborealis\/wp-json\/wp\/v2\/pages\/56"}],"wp:attachment":[{"href":"https:\/\/site.uit.no\/academiaborealis\/wp-json\/wp\/v2\/media?parent=81"}],"curies":[{"name":"wp","href":"https:\/\/api.w.org\/{rel}","templated":true}]}}