{"id":83,"date":"2016-11-17T21:59:20","date_gmt":"2016-11-17T20:59:20","guid":{"rendered":"https:\/\/site.uit.no\/academiaborealis\/?page_id=83"},"modified":"2016-11-17T22:27:00","modified_gmt":"2016-11-17T21:27:00","slug":"arrangementer-2004","status":"publish","type":"page","link":"https:\/\/site.uit.no\/academiaborealis\/arrangementer\/arrangementer-2004\/","title":{"rendered":"Arrangementer 2004"},"content":{"rendered":"<p>5. februar \u00c5rsm\u00f8te<br \/>\n<span class=\"Apple-style-span\">Mag. art. Per Kyrre Reymert<\/span><br \/>\nTroms\u00f8 museum, Formidlingsavdelingen<br \/>\n&laquo;Den f\u00f8rste forskningsovervintring p\u00e5 Svalbard. Nils Russettveds nordlysekspedisjon til Axel\u00f8ya 1902-03&raquo;<\/p>\n<p>13. mai<br \/>\n<span class=\"Apple-style-span\">Professor Curt Rice<\/span><br \/>\nUniversitetet i Troms\u00f8, Centre for<br \/>\nleder for Center for Advanced Study in Theoretical Linguistics (CASTL)<br \/>\n&laquo;Patterns in Language&raquo;<\/p>\n<p>3. juni<br \/>\n<span class=\"Apple-style-span\">Professor Lars Ivar Hansen<\/span>,<br \/>\nUniversitetet i Troms\u00f8, Institutt for historie<br \/>\n&laquo;Just Knud Qvigstad-kulturforskeren&raquo;<\/p>\n<p>18. november<br \/>\n<span class=\"Apple-style-span\">F\u00f8rsteamanuensis Anne-Grethe Talseth<\/span><br \/>\nH\u00f8gskolen i Troms\u00f8, Avdeling for helsefag, Viderutdanningen i psykisk helsarbeid.<br \/>\n&laquo;Relasjonen mellom selvmordspasienter, deres p\u00e5r\u00f8rende og helsepersonell&raquo;<\/p>\n<p>16. desember,<br \/>\n<span class=\"Apple-style-span\">Professor Synn\u00f8ve des Bouvrie<\/span><br \/>\nUniversitetet i Troms\u00f8, Institutt for kultur og litteratur<br \/>\n&laquo;Hvor tragiske var de greske tragedier i sin samtid?&raquo;<\/p>\n<iframe src=\"http:\/\/www.facebook.com\/plugins\/like.php?href=https%3A%2F%2Fsite.uit.no%2Facademiaborealis%2Farrangementer%2Farrangementer-2004%2F&amp;layout=standard&amp;show_faces=true&amp;width=450&amp;action=like&amp;colorscheme=light&amp;height=80\" scrolling=\"no\" frameborder=\"0\" style=\"border:none; overflow:hidden; width:450px; height:80px;\" allowTransparency=\"true\"><\/iframe>","protected":false},"excerpt":{"rendered":"<p>5. februar \u00c5rsm\u00f8te Mag. art. Per Kyrre Reymert Troms\u00f8 museum, Formidlingsavdelingen &laquo;Den f\u00f8rste forskningsovervintring p\u00e5 Svalbard. Nils Russettveds nordlysekspedisjon til Axel\u00f8ya 1902-03&raquo; 13. mai Professor Curt Rice Universitetet i Troms\u00f8, Centre for leder for Center for Advanced Study in Theoretical Linguistics (CASTL) &laquo;Patterns in Language&raquo; 3. juni Professor Lars Ivar Hansen, Universitetet i Troms\u00f8, Institutt [&hellip;]<\/p>\n","protected":false},"author":602,"featured_media":0,"parent":56,"menu_order":0,"comment_status":"closed","ping_status":"closed","template":"","meta":{"footnotes":""},"class_list":["post-83","page","type-page","status-publish","hentry"],"_links":{"self":[{"href":"https:\/\/site.uit.no\/academiaborealis\/wp-json\/wp\/v2\/pages\/83","targetHints":{"allow":["GET"]}}],"collection":[{"href":"https:\/\/site.uit.no\/academiaborealis\/wp-json\/wp\/v2\/pages"}],"about":[{"href":"https:\/\/site.uit.no\/academiaborealis\/wp-json\/wp\/v2\/types\/page"}],"author":[{"embeddable":true,"href":"https:\/\/site.uit.no\/academiaborealis\/wp-json\/wp\/v2\/users\/602"}],"replies":[{"embeddable":true,"href":"https:\/\/site.uit.no\/academiaborealis\/wp-json\/wp\/v2\/comments?post=83"}],"version-history":[{"count":1,"href":"https:\/\/site.uit.no\/academiaborealis\/wp-json\/wp\/v2\/pages\/83\/revisions"}],"predecessor-version":[{"id":84,"href":"https:\/\/site.uit.no\/academiaborealis\/wp-json\/wp\/v2\/pages\/83\/revisions\/84"}],"up":[{"embeddable":true,"href":"https:\/\/site.uit.no\/academiaborealis\/wp-json\/wp\/v2\/pages\/56"}],"wp:attachment":[{"href":"https:\/\/site.uit.no\/academiaborealis\/wp-json\/wp\/v2\/media?parent=83"}],"curies":[{"name":"wp","href":"https:\/\/api.w.org\/{rel}","templated":true}]}}