{"id":87,"date":"2016-11-17T22:00:54","date_gmt":"2016-11-17T21:00:54","guid":{"rendered":"https:\/\/site.uit.no\/academiaborealis\/?page_id=87"},"modified":"2016-11-17T22:27:37","modified_gmt":"2016-11-17T21:27:37","slug":"arrangementer-2002","status":"publish","type":"page","link":"https:\/\/site.uit.no\/academiaborealis\/arrangementer\/arrangementer-2002\/","title":{"rendered":"Arrangementer 2002"},"content":{"rendered":"<p><span class=\"Apple-style-span\">25. januar \u00c5rsm\u00f8te<\/span><\/p>\n<p>18. april<br \/>\n<span class=\"Apple-style-span\">F\u00f8rsteamanuensis Narve Fuls\u00e5s<\/span><br \/>\nUniversitetet i Troms\u00f8, Institutt for Historie<br \/>\n&laquo;Universitetet ved overgangen til &#8216;universell&#8217; h\u00f8gare utdaning&raquo;<\/p>\n<p>12. juni<br \/>\n<span class=\"Apple-style-span\">F\u00f8rsteamanuensis Liv Helene Willumsen<\/span><br \/>\nH\u00f8gskolen i Troms\u00f8, Avdeling for l\u00e6rerutdanning<br \/>\n&laquo;Regine Normann. Hennes liv og forfatterskap&raquo;<\/p>\n<p>4. oktober Harangforelesning<br \/>\n<span class=\"Apple-style-span\">Professor Tor Hagfors<\/span><br \/>\ntidl. elev av prof. Harang og tidl. dir. for Max Planck-instituttet i Lindau<br \/>\n&laquo;EISCAT, past, present and future. The environment and inspiration provided by Leiv M. Harang&raquo;<\/p>\n<p>12. desember<br \/>\n<span class=\"Apple-style-span\">Professor Jan-Erik Solheim<\/span><br \/>\nUniversitet i Troms\u00f8, Institutt for fysikk<br \/>\n(Senerer Unversitetet i Oslo, Institutt for Teoretisk Astrofysikk)<br \/>\n&laquo;F\u00f8r &#8216;The Big Bang&#8217;-Om Universets opprinnelse&raquo;<\/p>\n<iframe src=\"http:\/\/www.facebook.com\/plugins\/like.php?href=https%3A%2F%2Fsite.uit.no%2Facademiaborealis%2Farrangementer%2Farrangementer-2002%2F&amp;layout=standard&amp;show_faces=true&amp;width=450&amp;action=like&amp;colorscheme=light&amp;height=80\" scrolling=\"no\" frameborder=\"0\" style=\"border:none; overflow:hidden; width:450px; height:80px;\" allowTransparency=\"true\"><\/iframe>","protected":false},"excerpt":{"rendered":"<p>25. januar \u00c5rsm\u00f8te 18. april F\u00f8rsteamanuensis Narve Fuls\u00e5s Universitetet i Troms\u00f8, Institutt for Historie &laquo;Universitetet ved overgangen til &#8216;universell&#8217; h\u00f8gare utdaning&raquo; 12. juni F\u00f8rsteamanuensis Liv Helene Willumsen H\u00f8gskolen i Troms\u00f8, Avdeling for l\u00e6rerutdanning &laquo;Regine Normann. Hennes liv og forfatterskap&raquo; 4. oktober Harangforelesning Professor Tor Hagfors tidl. elev av prof. Harang og tidl. dir. for Max [&hellip;]<\/p>\n","protected":false},"author":602,"featured_media":0,"parent":56,"menu_order":0,"comment_status":"closed","ping_status":"closed","template":"","meta":{"footnotes":""},"class_list":["post-87","page","type-page","status-publish","hentry"],"_links":{"self":[{"href":"https:\/\/site.uit.no\/academiaborealis\/wp-json\/wp\/v2\/pages\/87","targetHints":{"allow":["GET"]}}],"collection":[{"href":"https:\/\/site.uit.no\/academiaborealis\/wp-json\/wp\/v2\/pages"}],"about":[{"href":"https:\/\/site.uit.no\/academiaborealis\/wp-json\/wp\/v2\/types\/page"}],"author":[{"embeddable":true,"href":"https:\/\/site.uit.no\/academiaborealis\/wp-json\/wp\/v2\/users\/602"}],"replies":[{"embeddable":true,"href":"https:\/\/site.uit.no\/academiaborealis\/wp-json\/wp\/v2\/comments?post=87"}],"version-history":[{"count":1,"href":"https:\/\/site.uit.no\/academiaborealis\/wp-json\/wp\/v2\/pages\/87\/revisions"}],"predecessor-version":[{"id":88,"href":"https:\/\/site.uit.no\/academiaborealis\/wp-json\/wp\/v2\/pages\/87\/revisions\/88"}],"up":[{"embeddable":true,"href":"https:\/\/site.uit.no\/academiaborealis\/wp-json\/wp\/v2\/pages\/56"}],"wp:attachment":[{"href":"https:\/\/site.uit.no\/academiaborealis\/wp-json\/wp\/v2\/media?parent=87"}],"curies":[{"name":"wp","href":"https:\/\/api.w.org\/{rel}","templated":true}]}}