{"id":89,"date":"2016-11-17T22:01:38","date_gmt":"2016-11-17T21:01:38","guid":{"rendered":"https:\/\/site.uit.no\/academiaborealis\/?page_id=89"},"modified":"2016-11-17T22:27:53","modified_gmt":"2016-11-17T21:27:53","slug":"arrangementer-2001","status":"publish","type":"page","link":"https:\/\/site.uit.no\/academiaborealis\/arrangementer\/arrangementer-2001\/","title":{"rendered":"Arrangementer 2001"},"content":{"rendered":"<p>(De f\u00f8rste medlemsm\u00f8tene er ikke protokolf\u00f8rt med tittel\/foredragsgolder.)<br \/>\n25.januar<br \/>\nStiftelsesm\u00f8te<\/p>\n<p>26. mars<br \/>\nMedlemsm\u00f8te<\/p>\n<p>31. mai<br \/>\nMedlemsm\u00f8te<\/p>\n<p>29. november<br \/>\nMedlemsm\u00f8te<\/p>\n<iframe src=\"http:\/\/www.facebook.com\/plugins\/like.php?href=https%3A%2F%2Fsite.uit.no%2Facademiaborealis%2Farrangementer%2Farrangementer-2001%2F&amp;layout=standard&amp;show_faces=true&amp;width=450&amp;action=like&amp;colorscheme=light&amp;height=80\" scrolling=\"no\" frameborder=\"0\" style=\"border:none; overflow:hidden; width:450px; height:80px;\" allowTransparency=\"true\"><\/iframe>","protected":false},"excerpt":{"rendered":"<p>(De f\u00f8rste medlemsm\u00f8tene er ikke protokolf\u00f8rt med tittel\/foredragsgolder.) 25.januar Stiftelsesm\u00f8te 26. mars Medlemsm\u00f8te 31. mai Medlemsm\u00f8te 29. november Medlemsm\u00f8te<\/p>\n","protected":false},"author":602,"featured_media":0,"parent":56,"menu_order":0,"comment_status":"closed","ping_status":"closed","template":"","meta":{"footnotes":""},"class_list":["post-89","page","type-page","status-publish","hentry"],"_links":{"self":[{"href":"https:\/\/site.uit.no\/academiaborealis\/wp-json\/wp\/v2\/pages\/89","targetHints":{"allow":["GET"]}}],"collection":[{"href":"https:\/\/site.uit.no\/academiaborealis\/wp-json\/wp\/v2\/pages"}],"about":[{"href":"https:\/\/site.uit.no\/academiaborealis\/wp-json\/wp\/v2\/types\/page"}],"author":[{"embeddable":true,"href":"https:\/\/site.uit.no\/academiaborealis\/wp-json\/wp\/v2\/users\/602"}],"replies":[{"embeddable":true,"href":"https:\/\/site.uit.no\/academiaborealis\/wp-json\/wp\/v2\/comments?post=89"}],"version-history":[{"count":1,"href":"https:\/\/site.uit.no\/academiaborealis\/wp-json\/wp\/v2\/pages\/89\/revisions"}],"predecessor-version":[{"id":90,"href":"https:\/\/site.uit.no\/academiaborealis\/wp-json\/wp\/v2\/pages\/89\/revisions\/90"}],"up":[{"embeddable":true,"href":"https:\/\/site.uit.no\/academiaborealis\/wp-json\/wp\/v2\/pages\/56"}],"wp:attachment":[{"href":"https:\/\/site.uit.no\/academiaborealis\/wp-json\/wp\/v2\/media?parent=89"}],"curies":[{"name":"wp","href":"https:\/\/api.w.org\/{rel}","templated":true}]}}