{"id":91,"date":"2016-11-17T22:05:33","date_gmt":"2016-11-17T21:05:33","guid":{"rendered":"https:\/\/site.uit.no\/academiaborealis\/?page_id=91"},"modified":"2023-12-19T18:14:38","modified_gmt":"2023-12-19T17:14:38","slug":"hostens-program","status":"publish","type":"page","link":"https:\/\/site.uit.no\/academiaborealis\/arrangementer\/hostens-program\/","title":{"rendered":"H\u00f8stens program"},"content":{"rendered":"<hr \/>\n<h3>&nbsp;<\/h3>\n\n\n<h2 class=\"wp-block-heading has-text-align-center\">A<strong>CADEMIA BOREALIS, <\/strong><br \/><strong>Nord-Norges Vitenskapsakademi<\/strong><\/h2>\n\n\n\n<h3 class=\"wp-block-heading has-text-align-center\">Tirsdag 19. desember 2023, kl. 1900<\/h3>\n\n\n\n<h3 class=\"wp-block-heading has-text-align-center\"><em>Norges arktiske universitetsmuseum, Rotunden, <\/em>Lars Th\u00f8rings veg 10<br \/><\/h3>\n\n\n\n<h1 class=\"wp-block-heading has-text-align-center\"><strong>Professor Lisbeth Pettersen Werp<\/strong><\/h1>\n\n\n\n<p class=\"has-text-align-center\"><em>Institutt for spr\u00e5k og litteratur, UiT Norges arktiske universitet<\/em><br \/><\/p>\n\n\n\n<p class=\"has-text-align-center has-x-large-font-size\"><strong>\u00abDet er berre denne uroa\u00bb\u00a0<\/strong> Jon\u00a0Fosses forfatterskap<\/p>\n\n\n\n<p>Nobelprisen i litteratur gikk i 2023 til Jon Fosse, og i Svenska Akademiens annonsering av prisen var begrunnelsen Fosses \u00abnyskapande dramatik och prosa som ger r\u00f6st \u00e5t det os\u00e4gbara\u00bb. Hva kjennetegner forfatterskapet, hvordan er prosa- og dramatekstene komponert og hvordan inviteres vi til \u00e5 lese dem?<\/p>\n\n\n\n<p class=\"has-text-align-center\"><em>Sp\u00f8rsm\u00e5l og debatt. M\u00f8tet er \u00e5pent for alle interesserte<\/em><\/p>\n\n\n\n<p class=\"has-text-align-center\">V e l k o m m e n!<\/p>\n\n\n\n<p class=\"has-text-align-center\">Synn\u00f8ve des Bouvrie,<\/p>\n\n\n\n<p class=\"has-text-align-center\">Preses<\/p>\n\n\n<hr \/>\n<h2 style=\"font-weight: 400;text-align: center\"><strong>ACADEMIA BOREALIS,<br \/>\nNord-Norges Vitenskapsakademi<em>&nbsp;<\/em><\/strong><\/h2>\n<h3 style=\"font-weight: 400;text-align: center\">Tirsdag 5. desember 2023, kl. 1900<\/h3>\n<h3 style=\"font-weight: 400;text-align: center\"><em>Norges arktiske universitetsmuseum<\/em><em>, Museumssalen. <\/em>Lars Th\u00f8rings veg 10<\/h3>\n<p style=\"font-weight: 400;text-align: center\">\n<\/p><h2 style=\"font-weight: 400;text-align: center\"><strong>Professor Gunnar Hartvigsen<\/strong><\/h2>\n<p style=\"font-weight: 400;text-align: center\"><em>Institutt for informatikk, UiT Norges arktiske universitet<\/em><\/p>\n<p style=\"font-weight: 400;text-align: center\"><em>Helgelandssykehuset HF<\/em><\/p>\n<p style=\"font-weight: 400;text-align: center\"><strong>og<\/strong><\/p>\n<h2 style=\"font-weight: 400;text-align: center\"><strong>F\u00f8rsteamanuensis Karl \u00d8yvind Mikalsen<\/strong><\/h2>\n<p style=\"font-weight: 400;text-align: center\"><em>Senter for pasientn\u00e6r kunstig intelligens, Universitetssykehuset Nord-Norge<\/em><\/p>\n<p style=\"font-weight: 400;text-align: center\"><em>Institutt for klinisk medisin og Maskinl\u00e6ringsgruppa, UiT Norges arktiske universitet<\/em><\/p>\n<p style=\"font-weight: 400;text-align: center\">\n<\/p><h1 style=\"font-weight: 400;text-align: center\"><strong>Finnes det noen grense for kunstig intelligens innen helse? Resultater, visjoner og brutte \u201cl\u00f8fter\u201d<\/strong><\/h1>\n<p style=\"font-weight: 400\">\n<\/p><p style=\"font-weight: 400\">Hva er status for utviklingen av kunstig intelligens (KI) innen helse? Dette er hva vi i l\u00f8pet av 60 minutter skal fors\u00f8ke \u00e5 belyse. Vi starter med en presentasjon av utfordringene med bruk av KI innen helse. Videre presenteres noen eksempler p\u00e5 KI anvendelser, bl.a. IBMs satsing innen kreftdiagnostikk, Babylon Healths fors\u00f8k p\u00e5 \u00e5 revolusjonere f\u00f8rstelinjetjenesten i Storbritannia og bruk av KI innen diabetesbehandling. I del to presenteres aktiviteten ved UNNs Senter for pasientn\u00e6r kunstig intelligens (SPKI). Det vil legges fram eksempler p\u00e5 anvendelse av KI innen bildediagnostikk og andre deler av helsetjenesten. SPKI er et regionalt kompetansemilj\u00f8 for implementering av KI for bruk i helsetjenesten som er opprettet i samarbeid mellom UNN HF, UiT Norges arktiske universitet og Helse Nord RHF. Senteret driver utpr\u00f8ving, innovasjon og implementering av kliniske beslutnings\u00adst\u00f8tteverkt\u00f8y til nytte for pasienter og klinikere.<\/p>\n<p style=\"font-weight: 400\">\n<\/p><p style=\"font-weight: 400;text-align: center\"><em>Sp\u00f8rsm\u00e5l og debatt. M\u00f8tet er \u00e5pent for alle interesserte<\/em><em>&nbsp;<\/em><\/p>\n<p style=\"font-weight: 400;text-align: center\">V e l k o m m e n!<\/p>\n<p style=\"font-weight: 400;text-align: center\">Synn\u00f8ve des Bouvrie,<\/p>\n<p style=\"font-weight: 400;text-align: center\">Preses<\/p>\n<h3><\/h3>\n<hr \/>\n<h2 style=\"font-weight: 400;text-align: center\"><strong>ACADEMIA BOREALIS<br \/>\nNord-Norges Vitenskapsakademi<\/strong><\/h2>\n<p style=\"font-weight: 400;text-align: center\">Invitasjon til medlemsm\u00f8te<br \/>\nonsdag 8. november 2023, kl. 1900<\/p>\n<p style=\"font-weight: 400;text-align: center\"><em>Norges arktiske universitetsmuseum, Rotunden. <\/em>Lars Th\u00f8ringsvei 10<\/p>\n<h2 style=\"font-weight: 400;text-align: center\"><strong>Prof. Kjell Arne R\u00f8vik<\/strong><\/h2>\n<p style=\"font-weight: 400;text-align: center\"><strong>Institutt for samfunnsvitenskap, <\/strong><strong>UiT Norges arktiske universitet<\/strong><\/p>\n<h2 style=\"text-align: center\">\u00abFortellingen om medisinerutdanningen i Troms\u00f8: Mulighetsvinduer, strateger, snubletr\u00e5der \u2013 og ei utfordrende framtid<strong>\u00bb<\/strong><\/h2>\n<p style=\"font-weight: 400\"><em>Stortingets beslutning sist p\u00e5 1960-tallet om \u00e5 etablere medisinerutdanning i Troms\u00f8 er en av de aller viktigste og mest konsekvensrike beslutninger om Nord-Norge noensinne. Men var legeutdanning i Troms\u00f8 en historisk n\u00f8dvendig beslutning om modernisering, rettferdighet og velferd for landsdelen som bare tvang seg gjennom og som ville kommet uansett? Slett ikke, sier professor Kjell Arne R\u00f8vik \u2013 som i sitt foredrag vil vise at beslutningsprosessene ogs\u00e5 var preget av lykketreff og \u00abn\u00e6re p\u00e5\u00bb -situasjoner der usynlige hender grep inn og reddet ballen p\u00e5 m\u00e5lstreken for Troms\u00f8.<\/em><\/p>\n<p style=\"font-weight: 400;text-align: center\"><em>Sp\u00f8rsm\u00e5l og debatt. M\u00f8tet er \u00e5pent for alle interesserte<\/em><\/p>\n<p style=\"font-weight: 400;text-align: center\">V e l k o m m e n!<\/p>\n<p style=\"font-weight: 400;text-align: center\">Synn\u00f8ve des Bouvrie,<br \/>\nPreses<\/p>\n<hr \/>\n<h3 style=\"text-align: center\">ACADEMIA BOREALIS,<br \/>\nNord-Norges Vitenskapsakademi<\/h3>\n<h3 style=\"text-align: center\">Invitasjon til Harangforelesning<\/h3>\n<h3 style=\"text-align: center\"><em>onsdag 18. oktober 2023, kl. 19:00<\/em><\/h3>\n<p style=\"text-align: center\"><strong>Norges arktiske universitetsmuseum<\/strong>, <strong>Rotunden. Lars Th\u00f8ringsvei 10<\/strong><\/p>\n<h1 style=\"text-align: center\"><strong>Professor Torbj\u00f8rn Eltoft<\/strong><\/h1>\n<h2 style=\"text-align: center\"><strong>Hva kan satellitter fortelle om sj\u00f8isen<\/strong><strong> i Arktis?<\/strong><\/h2>\n<h4><\/h4>\n<p>Havisen b\u00e5de p\u00e5virker og p\u00e5virkes av global oppvarming. Den reagerer p\u00e5 endringer i atmosf\u00e6ren og havet og er en viktig klimaindikator. Det er derfor viktig \u00e5 f\u00f8lge med p\u00e5 hva som skjer med havisen, b\u00e5de i Arktis og Antarktis, i et stadig varmere klima. Til dette kan en bruke observasjoner fra jordobservasjonssatellitter som g\u00e5r i polare baner rundt jorden. Forskere i CIRFA, et senter for forskningsdrevet innovasjon ledet av UiT Norges Arktiske Universitet, har gjennom de siste \u00e5tte \u00e5rene forsket p\u00e5 hvordan vi kan kartlegge sj\u00f8isen i Arktis ved hjelp av satellittdata, b\u00e5de med tanke p\u00e5 \u00e5 kartlegge endringer, og for \u00e5 bidra til sikrere skipstrafikk og industrielle aktiviteter i isbelagte farvann. Foredraget vil presentere denne forskningen, og gi eksempler p\u00e5 resultater fra arbeidet i CIRFA<\/p>\n<p style=\"text-align: center\"><em>Sp\u00f8rsm\u00e5l og debatt. M\u00f8tet er \u00e5pent for alle interesserte<\/em><\/p>\n<p style=\"text-align: center\"><strong>V e l k o m m e n!<\/strong><\/p>\n<p style=\"text-align: center\">Synn\u00f8ve des Bouvrie,<br \/>\nPreses<\/p>\n<h4><\/h4>\n<h4><\/h4>\n<h4><\/h4><iframe src=\"http:\/\/www.facebook.com\/plugins\/like.php?href=https%3A%2F%2Fsite.uit.no%2Facademiaborealis%2Farrangementer%2Fhostens-program%2F&amp;layout=standard&amp;show_faces=true&amp;width=450&amp;action=like&amp;colorscheme=light&amp;height=80\" scrolling=\"no\" frameborder=\"0\" style=\"border:none; overflow:hidden; width:450px; height:80px;\" allowTransparency=\"true\"><\/iframe>","protected":false},"excerpt":{"rendered":"<p>&nbsp; ACADEMIA BOREALIS, Nord-Norges Vitenskapsakademi Tirsdag 19. desember 2023, kl. 1900 Norges arktiske universitetsmuseum, Rotunden, Lars Th\u00f8rings veg 10 Professor Lisbeth Pettersen Werp Institutt for spr\u00e5k og litteratur, UiT Norges arktiske universitet \u00abDet er berre denne uroa\u00bb\u00a0 Jon\u00a0Fosses forfatterskap Nobelprisen i litteratur gikk i 2023 til Jon Fosse, og i Svenska Akademiens annonsering av prisen [&hellip;]<\/p>\n","protected":false},"author":602,"featured_media":0,"parent":56,"menu_order":0,"comment_status":"closed","ping_status":"closed","template":"","meta":{"footnotes":""},"class_list":["post-91","page","type-page","status-publish","hentry"],"_links":{"self":[{"href":"https:\/\/site.uit.no\/academiaborealis\/wp-json\/wp\/v2\/pages\/91","targetHints":{"allow":["GET"]}}],"collection":[{"href":"https:\/\/site.uit.no\/academiaborealis\/wp-json\/wp\/v2\/pages"}],"about":[{"href":"https:\/\/site.uit.no\/academiaborealis\/wp-json\/wp\/v2\/types\/page"}],"author":[{"embeddable":true,"href":"https:\/\/site.uit.no\/academiaborealis\/wp-json\/wp\/v2\/users\/602"}],"replies":[{"embeddable":true,"href":"https:\/\/site.uit.no\/academiaborealis\/wp-json\/wp\/v2\/comments?post=91"}],"version-history":[{"count":3,"href":"https:\/\/site.uit.no\/academiaborealis\/wp-json\/wp\/v2\/pages\/91\/revisions"}],"predecessor-version":[{"id":724,"href":"https:\/\/site.uit.no\/academiaborealis\/wp-json\/wp\/v2\/pages\/91\/revisions\/724"}],"up":[{"embeddable":true,"href":"https:\/\/site.uit.no\/academiaborealis\/wp-json\/wp\/v2\/pages\/56"}],"wp:attachment":[{"href":"https:\/\/site.uit.no\/academiaborealis\/wp-json\/wp\/v2\/media?parent=91"}],"curies":[{"name":"wp","href":"https:\/\/api.w.org\/{rel}","templated":true}]}}