{"id":93,"date":"2016-11-17T22:07:05","date_gmt":"2016-11-17T21:07:05","guid":{"rendered":"https:\/\/site.uit.no\/academiaborealis\/?page_id=93"},"modified":"2023-12-19T17:55:05","modified_gmt":"2023-12-19T16:55:05","slug":"neste-mote","status":"publish","type":"page","link":"https:\/\/site.uit.no\/academiaborealis\/neste-mote\/","title":{"rendered":"Neste m\u00f8te"},"content":{"rendered":"<h2 style=\"text-align: center\">ACADEMIA BOREALIS,<img decoding=\"async\" class=\"wp-image-28 alignright\" src=\"https:\/\/site.uit.no\/academiaborealis\/wp-content\/uploads\/sites\/257\/2016\/11\/logo20academia20borealis-235x300.png\" alt=\"\" width=\"94\" height=\"120\" srcset=\"https:\/\/site.uit.no\/academiaborealis\/wp-content\/uploads\/sites\/257\/2016\/11\/logo20academia20borealis-235x300.png 235w, https:\/\/site.uit.no\/academiaborealis\/wp-content\/uploads\/sites\/257\/2016\/11\/logo20academia20borealis.png 495w\" sizes=\"(max-width: 94px) 100vw, 94px\" \/><br \/>\nNord-Norges Vitenskapsakademi<\/h2>\n<p style=\"font-weight: 400;text-align: center\">Invitasjon til medlemsm\u00f8te tirsdag 19. desember 2023, kl. 1900<br \/>\n<em>Norges arktiske universitetsmuseum, Rotundes. <\/em>Lars Th\u00f8rings veg 10<\/p>\n<h2><\/h2>\n<h2 style=\"font-weight: 400;text-align: center\"><strong>Professor Lisbeth Pettersen W\u00e6rp<\/strong><\/h2>\n<p style=\"font-weight: 400;text-align: center\"><em>Institutt for spr\u00e5k og kultur, UiT Norges arktiske universitet<br \/>\n<\/em><\/p>\n<h1 style=\"font-weight: 400;text-align: center\"><strong>\u00abDet er berre denne uroa\u00bb <\/strong><br \/>\n<strong>Jon Fosses forfatterskap<\/strong><\/h1>\n<p style=\"font-weight: 400\">\n<p style=\"font-weight: 400\">Nobelprisen i litteratur gikk i 2023 til Jon Fosse, og i Svenska Akademiens annonsering av prisen var begrunnelsen Fosses \u00abnyskapande dramatik och prosa som ger r\u00f6st \u00e5t det os\u00e4gbara\u00bb. Hva kjennetegner forfatterskapet, hvordan er prosa- og dramatekstene komponert og hvordan inviteres vi til \u00e5 lese dem?<\/p>\n<p style=\"font-weight: 400\">\n<p style=\"font-weight: 400;text-align: center\"><em>Sp\u00f8rsm\u00e5l og debatt. M\u00f8tet er \u00e5pent for alle interesserte<\/em><\/p>\n<p style=\"font-weight: 400;text-align: center\">V e l k o m m e n!<\/p>\n<p style=\"font-weight: 400;text-align: center\">Synn\u00f8ve des Bouvrie,<br \/>\nPreses<\/p>\n<h3><\/h3>\n<h3><\/h3>\n<h3 style=\"text-align: center\"><\/h3>\n<iframe src=\"http:\/\/www.facebook.com\/plugins\/like.php?href=https%3A%2F%2Fsite.uit.no%2Facademiaborealis%2Fneste-mote%2F&amp;layout=standard&amp;show_faces=true&amp;width=450&amp;action=like&amp;colorscheme=light&amp;height=80\" scrolling=\"no\" frameborder=\"0\" style=\"border:none; overflow:hidden; width:450px; height:80px;\" allowTransparency=\"true\"><\/iframe>","protected":false},"excerpt":{"rendered":"<p>ACADEMIA BOREALIS, Nord-Norges Vitenskapsakademi Invitasjon til medlemsm\u00f8te tirsdag 19. desember 2023, kl. 1900 Norges arktiske universitetsmuseum, Rotundes. Lars Th\u00f8rings veg 10 Professor Lisbeth Pettersen W\u00e6rp Institutt for spr\u00e5k og kultur, UiT Norges arktiske universitet \u00abDet er berre denne uroa\u00bb Jon Fosses forfatterskap Nobelprisen i litteratur gikk i 2023 til Jon Fosse, og i Svenska Akademiens [&hellip;]<\/p>\n","protected":false},"author":602,"featured_media":0,"parent":0,"menu_order":0,"comment_status":"closed","ping_status":"closed","template":"","meta":{"footnotes":""},"class_list":["post-93","page","type-page","status-publish","hentry"],"_links":{"self":[{"href":"https:\/\/site.uit.no\/academiaborealis\/wp-json\/wp\/v2\/pages\/93","targetHints":{"allow":["GET"]}}],"collection":[{"href":"https:\/\/site.uit.no\/academiaborealis\/wp-json\/wp\/v2\/pages"}],"about":[{"href":"https:\/\/site.uit.no\/academiaborealis\/wp-json\/wp\/v2\/types\/page"}],"author":[{"embeddable":true,"href":"https:\/\/site.uit.no\/academiaborealis\/wp-json\/wp\/v2\/users\/602"}],"replies":[{"embeddable":true,"href":"https:\/\/site.uit.no\/academiaborealis\/wp-json\/wp\/v2\/comments?post=93"}],"version-history":[{"count":3,"href":"https:\/\/site.uit.no\/academiaborealis\/wp-json\/wp\/v2\/pages\/93\/revisions"}],"predecessor-version":[{"id":716,"href":"https:\/\/site.uit.no\/academiaborealis\/wp-json\/wp\/v2\/pages\/93\/revisions\/716"}],"wp:attachment":[{"href":"https:\/\/site.uit.no\/academiaborealis\/wp-json\/wp\/v2\/media?parent=93"}],"curies":[{"name":"wp","href":"https:\/\/api.w.org\/{rel}","templated":true}]}}