{"id":95,"date":"2016-11-17T22:12:36","date_gmt":"2016-11-17T21:12:36","guid":{"rendered":"https:\/\/site.uit.no\/academiaborealis\/?page_id=95"},"modified":"2024-03-18T12:35:37","modified_gmt":"2024-03-18T11:35:37","slug":"varens-program","status":"publish","type":"page","link":"https:\/\/site.uit.no\/academiaborealis\/arrangementer\/varens-program\/","title":{"rendered":"V\u00e5rens program 2024"},"content":{"rendered":"\n<hr class=\"wp-block-separator has-alpha-channel-opacity\" \/>\n\n\n\n<p class=\"has-text-align-center has-medium-font-size\"><strong>ACADEMIA BOREALIS<br \/>Nord-Norges Vitenskapsakademi<\/strong><\/p>\n\n\n\n<p class=\"has-text-align-center\"><strong>Invitasjon til medlemsm\u00f8te<\/strong><\/p>\n\n\n\n<p class=\"has-text-align-center has-medium-font-size\"><strong>Tirsdag 19. mars 2024, kl. 1900\u00a0<\/strong><br \/><em>Norges arktiske universitetsmuseum, Rotunden.\u00a0<\/em>Lars Th\u00f8ringsvei 10\u00a0<\/p>\n\n\n\n<p><\/p>\n\n\n<div class=\"wp-block-image\">\n<figure class=\"aligncenter size-full is-resized\"><img fetchpriority=\"high\" decoding=\"async\" width=\"368\" height=\"452\" src=\"https:\/\/site.uit.no\/academiaborealis\/wp-content\/uploads\/sites\/257\/2024\/03\/image-1.png\" alt=\"\" class=\"wp-image-826\" style=\"width:187px;height:auto\" srcset=\"https:\/\/site.uit.no\/academiaborealis\/wp-content\/uploads\/sites\/257\/2024\/03\/image-1.png 368w, https:\/\/site.uit.no\/academiaborealis\/wp-content\/uploads\/sites\/257\/2024\/03\/image-1-244x300.png 244w\" sizes=\"(max-width: 368px) 100vw, 368px\" \/><\/figure>\n<\/div>\n\n\n<p class=\"has-text-align-center has-large-font-size\"><strong>Prof. Steinar Thorvaldsen\u00a0<\/strong><\/p>\n\n\n\n<p class=\"has-text-align-center\">Institutt for l\u00e6rerutdanning og pedagogikk\u00a0<br \/><strong>Universitetet i Troms\u00f8 &#8211; Norges arktiske universitet\u00a0<\/strong><\/p>\n\n\n\n<p>  <\/p>\n\n\n\n<p class=\"has-text-align-center has-large-font-size\">\u00abDNA som informasjon. En bioinformatisk synsvinkel\u00bb&nbsp;<\/p>\n\n\n\n<p>Arvestoffet i cellenes DNA og gener kan sammenliknes med teksten og kapitlene i en bok. Naturvitenskapen er i stor grad opptatt av kvantifisering og m\u00e5ling. I den nye artikkelen presenterer vi en m\u00e5te \u00e5 m\u00e5le informasjon vi finner i genene.\u00a0Ref.: S. Thorvaldsen &amp; O. H\u00f6ssjer, \u201cEstimating the Information Content of Genetic Sequence Data\u201d, J.Royal S.S.,2023.\u00a0<\/p>\n\n\n\n<p><\/p>\n\n\n\n<p><\/p>\n\n\n<div class=\"wp-block-image\">\n<figure class=\"aligncenter size-full is-resized\"><img decoding=\"async\" width=\"400\" height=\"500\" src=\"https:\/\/site.uit.no\/academiaborealis\/wp-content\/uploads\/sites\/257\/2024\/03\/image-2.png\" alt=\"\" class=\"wp-image-827\" style=\"width:246px;height:auto\" srcset=\"https:\/\/site.uit.no\/academiaborealis\/wp-content\/uploads\/sites\/257\/2024\/03\/image-2.png 400w, https:\/\/site.uit.no\/academiaborealis\/wp-content\/uploads\/sites\/257\/2024\/03\/image-2-240x300.png 240w\" sizes=\"(max-width: 400px) 100vw, 400px\" \/><\/figure>\n<\/div>\n\n\n<p class=\"has-text-align-center\"><strong>Prof. Terje Johansen\u00a0<\/strong><\/p>\n\n\n\n<p class=\"has-text-align-center\">Institutt for medisinsk biologi\u00a0<br \/><strong>Universitetet i Troms\u00f8 &#8211; Norges arktiske universitet\u00a0<\/strong><\/p>\n\n\n\n<p class=\"has-text-align-center has-large-font-size\">\u00abSelektiv autofagi: Kildesortering i cellene v\u00e5re gir sunn aldring\u00bb&nbsp;<\/p>\n\n\n\n<p>Cellene v\u00e5re har et eget renovasjonssystemsom som kalles&nbsp;<em>autofagi.&nbsp;<\/em>Det er en veldig viktig prosess for sortering, der skadede komponenter som vi ikke trenger lengre brytes ned, for \u00e5 forhindre at det dannes hauger av avfall som kan f\u00f8re til sykdom. Vi trenger forst\u00e5 mer om autofagi i forhold til sunn aldring og sykdommer som akselerer aldringen.&nbsp;<\/p>\n\n\n\n<p><\/p>\n\n\n\n<p class=\"has-text-align-center\"><a>P\u00e5 vegne av styret i Academia Borealis,<\/a><br \/>Velkommen!<br \/>Synn\u00f8ve des Bouvrie<\/p>\n<iframe src=\"http:\/\/www.facebook.com\/plugins\/like.php?href=https%3A%2F%2Fsite.uit.no%2Facademiaborealis%2Farrangementer%2Fvarens-program%2F&amp;layout=standard&amp;show_faces=true&amp;width=450&amp;action=like&amp;colorscheme=light&amp;height=80\" scrolling=\"no\" frameborder=\"0\" style=\"border:none; overflow:hidden; width:450px; height:80px;\" allowTransparency=\"true\"><\/iframe>","protected":false},"excerpt":{"rendered":"<p>ACADEMIA BOREALISNord-Norges Vitenskapsakademi Invitasjon til medlemsm\u00f8te Tirsdag 19. mars 2024, kl. 1900\u00a0Norges arktiske universitetsmuseum, Rotunden.\u00a0Lars Th\u00f8ringsvei 10\u00a0 Prof. Steinar Thorvaldsen\u00a0 Institutt for l\u00e6rerutdanning og pedagogikk\u00a0Universitetet i Troms\u00f8 &#8211; Norges arktiske universitet\u00a0 \u00abDNA som informasjon. En bioinformatisk synsvinkel\u00bb&nbsp; Arvestoffet i cellenes DNA og gener kan sammenliknes med teksten og kapitlene i en bok. Naturvitenskapen er i [&hellip;]<\/p>\n","protected":false},"author":602,"featured_media":0,"parent":56,"menu_order":0,"comment_status":"closed","ping_status":"closed","template":"","meta":{"footnotes":""},"class_list":["post-95","page","type-page","status-publish","hentry"],"_links":{"self":[{"href":"https:\/\/site.uit.no\/academiaborealis\/wp-json\/wp\/v2\/pages\/95","targetHints":{"allow":["GET"]}}],"collection":[{"href":"https:\/\/site.uit.no\/academiaborealis\/wp-json\/wp\/v2\/pages"}],"about":[{"href":"https:\/\/site.uit.no\/academiaborealis\/wp-json\/wp\/v2\/types\/page"}],"author":[{"embeddable":true,"href":"https:\/\/site.uit.no\/academiaborealis\/wp-json\/wp\/v2\/users\/602"}],"replies":[{"embeddable":true,"href":"https:\/\/site.uit.no\/academiaborealis\/wp-json\/wp\/v2\/comments?post=95"}],"version-history":[{"count":2,"href":"https:\/\/site.uit.no\/academiaborealis\/wp-json\/wp\/v2\/pages\/95\/revisions"}],"predecessor-version":[{"id":828,"href":"https:\/\/site.uit.no\/academiaborealis\/wp-json\/wp\/v2\/pages\/95\/revisions\/828"}],"up":[{"embeddable":true,"href":"https:\/\/site.uit.no\/academiaborealis\/wp-json\/wp\/v2\/pages\/56"}],"wp:attachment":[{"href":"https:\/\/site.uit.no\/academiaborealis\/wp-json\/wp\/v2\/media?parent=95"}],"curies":[{"name":"wp","href":"https:\/\/api.w.org\/{rel}","templated":true}]}}