{"id":97,"date":"2016-11-17T22:19:21","date_gmt":"2016-11-17T21:19:21","guid":{"rendered":"https:\/\/site.uit.no\/academiaborealis\/?page_id=97"},"modified":"2016-11-18T00:02:36","modified_gmt":"2016-11-17T23:02:36","slug":"leiv-harang","status":"publish","type":"page","link":"https:\/\/site.uit.no\/academiaborealis\/sample-page\/om-academia-borealis-nord-norges-vitenskapsakademi\/minneforelesninger\/leiv-harang\/","title":{"rendered":"Leiv Harang"},"content":{"rendered":"<p><span class=\"Apple-style-span\">Forfatter: <\/span><a href=\"http:\/\/www.snl.no\/.users\/94\">Alv Egeland<\/a><\/p>\n<p><span class=\"Apple-style-span\">Leiv Harang<\/span> var f\u00f8dt 19. april 1902 i Trondheim, og d\u00f8de i Oslo 21. september 1970.<\/p>\n<p>Leiv Harang var den ledende norske nordlysfysikeren i mer enn 30 \u00e5r. Han er internasjonalt kjent og har f\u00e5tt sitt navn knyttet til en viktig fysisk prosess i den polare ionosf\u00e6re, The Harang Discontinuity, som han oppdaget 1946.<\/p>\n<hr id=\"system-readmore\" \/>\n<p>Etter examen artium p\u00e5 reallinjen ved Trondhjems katedralskole 1921 begynte Harang \u00e5 studere realfag ved universitetet i Kristiania og ble cand.real. 1926 med fysikk hovedfag. Etter et studieopphold i G\u00f6ttingen i Tyskland ble han 1928 ansatt som f\u00f8rste bestyrer ved det nyopprettede Nordlysobservatoriet i Troms\u00f8. Takket v\u00e6re pionerinnsatsen til professorene Kristian Birkeland, Carl St\u00f8rmer og Lars Vegard var nordlysfysikken h\u00f8yt prioritert i Norge.<\/p>\n<p>&nbsp;<\/p>\n<p>Harang f\u00f8rte ikke bare de klassiske studier av nordlys og Jordens magnetfelt videre; han tok ogs\u00e5 i bruk den helt nye m\u00e5lemetoden, studier av den \u00f8vre atmosf\u00e6ren (etter 1930 kalt ionosf\u00e6ren) ved hjelp av radiob\u00f8lger. Han ble inspirert av pioneren p\u00e5 dette nye forskningsfeltet, nobelprisvinneren Sir Edward Appleton. Med nytt m\u00e5leutstyr utf\u00f8rte Harang flere grunnleggende studier av ionosf\u00e6ren over Troms\u00f8. Disse var<\/p>\n<div id=\"attachment_27\" style=\"width: 220px\" class=\"wp-caption alignright\"><img fetchpriority=\"high\" decoding=\"async\" aria-describedby=\"caption-attachment-27\" class=\"wp-image-27 size-medium\" src=\"https:\/\/site.uit.no\/academiaborealis\/wp-content\/uploads\/sites\/257\/2016\/11\/LeifHarang-210x300.jpg\" alt=\"Leiv Harang\" width=\"210\" height=\"300\" srcset=\"https:\/\/site.uit.no\/academiaborealis\/wp-content\/uploads\/sites\/257\/2016\/11\/LeifHarang-210x300.jpg 210w, https:\/\/site.uit.no\/academiaborealis\/wp-content\/uploads\/sites\/257\/2016\/11\/LeifHarang-768x1096.jpg 768w, https:\/\/site.uit.no\/academiaborealis\/wp-content\/uploads\/sites\/257\/2016\/11\/LeifHarang-717x1024.jpg 717w, https:\/\/site.uit.no\/academiaborealis\/wp-content\/uploads\/sites\/257\/2016\/11\/LeifHarang.jpg 1553w\" sizes=\"(max-width: 210px) 100vw, 210px\" \/><p id=\"caption-attachment-27\" class=\"wp-caption-text\">Leiv Harang<\/p><\/div>\n<p>sentrale i hans doktoravhandling, som kom 1937. Hovedinnholdet var hvordan de elektriske egenskapene i ionosf\u00e6ren varierte ved store forstyrrelser i Jordens magnetfelt og ved intenst nordlys.<\/p>\n<p>Harang var en produktiv forsker. I perioden frem til 1940 publiserte han 20 vitenskapelige avhandlinger. Dette f\u00f8rte til at Nordlysobservatoriet i Troms\u00f8 ble en n\u00f8kkelstasjon i verdensformat for nordlysstudier. Under den annen verdenskrig publiserte han bare noen f\u00e5 avhandlinger. Hans illegale arbeid med \u00e5 skaffe informasjon om forsvarsanlegg og troppeforflytninger tok mer og mer tid. Opplysningene ble sendt med b\u00e5de kurer og radio til Stockholm og London. V\u00e5ren 1944 ble Harang arrestert, og etter fangeopphold i Bod\u00f8 og Trondheim ble han f\u00f8rt til Berlin.<\/p>\n<p>Etter frigj\u00f8ringen var Harang 1946 en av grunnleggerne av Forsvarets forskningsinstitutt (FFI), hvor han fikk ansvaret for \u00e5 bygge opp avdelingen for telekommunikasjon. Harang prioriterte praktisk kommunikasjon, og det milj\u00f8et han grunnla ved FFI, var i mange \u00e5r et av verdens ledende. 1952 ble han utnevnt til professor i ionosf\u00e6refysikk ved<\/p>\n<p>Universitetet i Oslo. Han sluttet da som forskningssjef ved FFI, men fortsatte som forsker der helt til sin d\u00f8d.<\/p>\n<p>Etter krigen gjorde Harang banebrytende studier av den polare ionosf\u00e6re. Han unders\u00f8kte kilden til de geomagnetiske forstyrrelser basert p\u00e5 samtidige, koordinerte m\u00e5linger fra et nett av magnetiske stasjoner. Det var da han fant at de intense, elektriske str\u00f8mmene i ionosf\u00e6ren plutselig skifter retning n\u00e6r magnetisk midnatt. Dette dramatiske skifte i polaritet skjer gradvis. Det begynner s\u00f8r for nordlyssonen, og ca. 1 time senere kan en observere det samme n\u00e6r magnetpolen. Det er denne markerte reversering i ionosf\u00e6restr\u00f8mmen som 1970 fikk navnet The Harang Discontinuity. Ogs\u00e5 driften av nordlyset forandrer seg samtidig med str\u00f8mmene i ionosf\u00e6ren.<\/p>\n<p><img decoding=\"async\" class=\" wp-image-25 alignleft\" src=\"https:\/\/site.uit.no\/academiaborealis\/wp-content\/uploads\/sites\/257\/2016\/11\/HarangAbsoluttHus-200x300.jpg\" alt=\"harangabsolutthus\" width=\"215\" height=\"323\" srcset=\"https:\/\/site.uit.no\/academiaborealis\/wp-content\/uploads\/sites\/257\/2016\/11\/HarangAbsoluttHus-200x300.jpg 200w, https:\/\/site.uit.no\/academiaborealis\/wp-content\/uploads\/sites\/257\/2016\/11\/HarangAbsoluttHus-768x1151.jpg 768w, https:\/\/site.uit.no\/academiaborealis\/wp-content\/uploads\/sites\/257\/2016\/11\/HarangAbsoluttHus-683x1024.jpg 683w, https:\/\/site.uit.no\/academiaborealis\/wp-content\/uploads\/sites\/257\/2016\/11\/HarangAbsoluttHus.jpg 1615w\" sizes=\"(max-width: 215px) 100vw, 215px\" \/>Professor Harang var en id\u00e9rik og dyktig eksperimentator. Han var den f\u00f8rste som anvendte den fotoelektriske teknikken i nordlysm\u00e5linger. Hans arbeid og interesser spente over et stort felt av sol- og jordfysikken. Fra 1952 og frem til 1969, i en alder da de fleste forskerne roer ned, var han fortsatt meget produktiv og publiserte hele 30 vitenskapelige avhandlinger.<\/p>\n<p>I 12 \u00e5r var Harang medlem av Norges almenvitenskapelige forskningsr\u00e5d, fra 1964 som ordf\u00f8rer i Gruppen for naturvitenskap. Han var ogs\u00e5 styreformann i Det Norske Institutt for Kosmisk Fysikk. Han var sentral ved oppbyggingen og samlingen av FFI p\u00e5 Kjeller, og han var en brobygger mellom FFI og Universitetet i Oslo n\u00e5r det gjaldt forskning og undervisning. Han var ogs\u00e5 en aktiv st\u00f8tte for forskningsvirksomheten i Troms\u00f8-omr\u00e5det.<\/p>\n<p>Harang var medlem av Det Norske Videnskaps-Akademi fra 1946. 1969 fikk han Framkomiteens Nansen-bel\u00f8nning for sin vitenskapelige innsats. Et minneskrift ble utgitt 1972, p\u00e5 70-\u00e5rsdagen for hans f\u00f8dsel.<\/p>\n<p><em><span class=\"Apple-style-span\">Verker, e<\/span><\/em><em>t utvalg<\/em><\/p>\n<ul>\n<li><span class=\"Apple-style-span\">\u00dcber die Kristallstruktur der heuslerschen Legierungen<\/span>, DNVA Avh. I 1927 nr. 3, 1927 (tysk utg. av hans h.oppg. fra 1926)<\/li>\n<li><span class=\"Apple-style-span\">Investigations of the aurora borealis at Nordlysobservatoriet, Troms\u00f8 1929\u20131930<\/span> (sm.m. E. T\u00f8nsberg), Geofysiske publikasjoner 9 nr. 5, 1932<\/li>\n<li><span class=\"Apple-style-span\">\u00c4nderungen der Ionisation der h\u00f6chsten Atmosph\u00e4renschichten w\u00e4hrend der Nordlichter und erdmagnetischen St\u00f6rungen<\/span>, dr.avh., Geofysiske publikasjoner 11 nr. 17, 1937<\/li>\n<li><span class=\"Apple-style-span\">The mean field of disturbance of the polar earth-magnetic storm<\/span>, Geofysiske publikasjoner 16 nr. 12, 1947<\/li>\n<li><span class=\"Apple-style-span\">The Aurorae<\/span>, London\/New York 1951<\/li>\n<li><span class=\"Apple-style-span\">De h\u00f8yeste luftlags fysikk. Unders\u00f8kelsesmetoder og resultater<\/span>, 1953<\/li>\n<li><span class=\"Apple-style-span\">Forelesninger i jonosf\u00e6refysikk<\/span>, 1963 (2. utg. sm.m. A. Egeland, 1967)<\/li>\n<\/ul>\n<p><em><span class=\"Apple-style-span\">Kilder og litteratur<\/span><\/em><\/p>\n<ul>\n<li><span class=\"Apple-style-span\">HEH 1968<\/span><\/li>\n<li><span class=\"Apple-style-span\">Stud. 1921,<\/span> 1971<\/li>\n<li>A. Egeland og J. Holtet (red.): <span class=\"Apple-style-span\">A Collection of Articles on Cosmic Geophysics dedicated to the Memory of Professor L. Harang on the Seventieth Anniversary of his Birth, 19 April 1972,<\/span> 1972<\/li>\n<li>A. Omholt: \u201cProfessor Leiv M. Harang\u201d, i <span class=\"Apple-style-span\">DNVA \u00c5rbok<\/span> 1971<\/li>\n<\/ul>\n<p><span class=\"Apple-style-span\">Hentet med tillatelse fra Store Norsek Leksikon, <a href=\"http:\/\/www.snl.no\/.nbl_biografi\/Leiv_Harang\/utdypning\">http:\/\/www.snl.no\/.nbl_biografi\/Leiv_Harang\/utdypning<\/a><\/span><\/p>\n<iframe src=\"http:\/\/www.facebook.com\/plugins\/like.php?href=https%3A%2F%2Fsite.uit.no%2Facademiaborealis%2Fsample-page%2Fom-academia-borealis-nord-norges-vitenskapsakademi%2Fminneforelesninger%2Fleiv-harang%2F&amp;layout=standard&amp;show_faces=true&amp;width=450&amp;action=like&amp;colorscheme=light&amp;height=80\" scrolling=\"no\" frameborder=\"0\" style=\"border:none; overflow:hidden; width:450px; height:80px;\" allowTransparency=\"true\"><\/iframe>","protected":false},"excerpt":{"rendered":"<p>Forfatter: Alv Egeland Leiv Harang var f\u00f8dt 19. april 1902 i Trondheim, og d\u00f8de i Oslo 21. september 1970. Leiv Harang var den ledende norske nordlysfysikeren i mer enn 30 \u00e5r. Han er internasjonalt kjent og har f\u00e5tt sitt navn knyttet til en viktig fysisk prosess i den polare ionosf\u00e6re, The Harang Discontinuity, som han [&hellip;]<\/p>\n","protected":false},"author":602,"featured_media":0,"parent":109,"menu_order":0,"comment_status":"closed","ping_status":"closed","template":"","meta":{"footnotes":""},"class_list":["post-97","page","type-page","status-publish","hentry"],"_links":{"self":[{"href":"https:\/\/site.uit.no\/academiaborealis\/wp-json\/wp\/v2\/pages\/97","targetHints":{"allow":["GET"]}}],"collection":[{"href":"https:\/\/site.uit.no\/academiaborealis\/wp-json\/wp\/v2\/pages"}],"about":[{"href":"https:\/\/site.uit.no\/academiaborealis\/wp-json\/wp\/v2\/types\/page"}],"author":[{"embeddable":true,"href":"https:\/\/site.uit.no\/academiaborealis\/wp-json\/wp\/v2\/users\/602"}],"replies":[{"embeddable":true,"href":"https:\/\/site.uit.no\/academiaborealis\/wp-json\/wp\/v2\/comments?post=97"}],"version-history":[{"count":1,"href":"https:\/\/site.uit.no\/academiaborealis\/wp-json\/wp\/v2\/pages\/97\/revisions"}],"predecessor-version":[{"id":98,"href":"https:\/\/site.uit.no\/academiaborealis\/wp-json\/wp\/v2\/pages\/97\/revisions\/98"}],"up":[{"embeddable":true,"href":"https:\/\/site.uit.no\/academiaborealis\/wp-json\/wp\/v2\/pages\/109"}],"wp:attachment":[{"href":"https:\/\/site.uit.no\/academiaborealis\/wp-json\/wp\/v2\/media?parent=97"}],"curies":[{"name":"wp","href":"https:\/\/api.w.org\/{rel}","templated":true}]}}