{"id":1008,"date":"2012-12-20T17:21:25","date_gmt":"2012-12-20T16:21:25","guid":{"rendered":"https:\/\/site.uit.no\/aigecala\/?page_id=1008"},"modified":"2022-03-28T15:50:05","modified_gmt":"2022-03-28T13:50:05","slug":"om-sda","status":"publish","type":"page","link":"https:\/\/site.uit.no\/aigecala\/om-sda\/","title":{"rendered":"Om S\u00e1mi die\u0111ala\u0161 \u00e1ige\u010d\u00e1la"},"content":{"rendered":"<h2>S\u00e1mi die\u0111ala\u0161 \u00e1ige\u010d\u00e1la \u2013 fagfellevurdert vitenskapelig tidsskrift p\u00e5 samisk<\/h2>\n<p>S\u00e1mi die\u0111ala\u0161 \u00e1ige\u010d\u00e1la er et tverrfaglig vitenskapelig tidsskrift som publiserer vitenskapelige artikler, bokanmeldelser og pr\u00f8veforelesninger til doktorgrad p\u00e5 samisk. Tidsskriftet utgis av Senter for samiske studier ved UiT Norges arktiske universitet og Samisk h\u00f8gskole. F\u00f8rste nummer ble publisert i 1994.<\/p>\n<p>S\u00e1mi die\u0111ala\u0161 \u00e1ige\u010d\u00e1la er godkjent som publiseringskanal med uttelling p\u00e5 niv\u00e5 2 i Norge. Mer informasjon p\u00e5\u00a0nettsidene til\u00a0<a href=\"http:\/\/dbh.nsd.uib.no\/\">Database for statistikk om h\u00f8gre utdanning<\/a>. I Finland er S\u00e1mi die\u0111ala\u0161 \u00e1ige\u010d\u00e1la godkjent\u00a0som publiseringskanal med uttelling p\u00e5 niv\u00e5 1, mer informasjon p\u00e5\u00a0nettsidene til\u00a0<a href=\"http:\/\/www.julkaisufoorumi.fi\/\" target=\"_blank\" rel=\"noopener noreferrer\">Publikationsforumet<\/a>.<\/p>\n<p>Redaksjonskomiteen til S\u00e1mi die\u0111ala\u0161 \u00e1ige\u010d\u00e1la inviterer forfattere til \u00e5 sende inn artikler til S\u00e1mi die\u0111ala\u0161 \u00e1ige\u010d\u00e1la. Disse kan sendes inn \u00e5ret rundt. Artiklene skal v\u00e6re skrevet p\u00e5 et av de samiske spr\u00e5kene og\u00a0<a href=\"https:\/\/site.uit.no\/aigecala\/forfatterinstruks\/\">forfatterinstruksen<\/a>\u00a0skal f\u00f8lges n\u00f8ye. Artiklene sendes til\u00a0<a href=\"https:\/\/site.uit.no\/aigecala\/redaksjonskomite\/\">redaksjonssekret\u00e6ren<\/a>.<\/p>\n","protected":false},"excerpt":{"rendered":"<p>S\u00e1mi die\u0111ala\u0161 \u00e1ige\u010d\u00e1la \u2013 fagfellevurdert vitenskapelig tidsskrift p\u00e5 samisk S\u00e1mi die\u0111ala\u0161 \u00e1ige\u010d\u00e1la er et tverrfaglig vitenskapelig tidsskrift som publiserer vitenskapelige artikler, bokanmeldelser og pr\u00f8veforelesninger til doktorgrad p\u00e5 samisk. Tidsskriftet utgis av Senter for samiske studier ved UiT Norges arktiske universitet &hellip; <a href=\"https:\/\/site.uit.no\/aigecala\/om-sda\/\">Les videre <span class=\"meta-nav\">&rarr;<\/span><\/a><\/p>\n","protected":false},"author":72,"featured_media":0,"parent":0,"menu_order":0,"comment_status":"closed","ping_status":"closed","template":"","meta":{"footnotes":""},"class_list":["post-1008","page","type-page","status-publish","hentry"],"_links":{"self":[{"href":"https:\/\/site.uit.no\/aigecala\/wp-json\/wp\/v2\/pages\/1008","targetHints":{"allow":["GET"]}}],"collection":[{"href":"https:\/\/site.uit.no\/aigecala\/wp-json\/wp\/v2\/pages"}],"about":[{"href":"https:\/\/site.uit.no\/aigecala\/wp-json\/wp\/v2\/types\/page"}],"author":[{"embeddable":true,"href":"https:\/\/site.uit.no\/aigecala\/wp-json\/wp\/v2\/users\/72"}],"replies":[{"embeddable":true,"href":"https:\/\/site.uit.no\/aigecala\/wp-json\/wp\/v2\/comments?post=1008"}],"version-history":[{"count":34,"href":"https:\/\/site.uit.no\/aigecala\/wp-json\/wp\/v2\/pages\/1008\/revisions"}],"predecessor-version":[{"id":3392,"href":"https:\/\/site.uit.no\/aigecala\/wp-json\/wp\/v2\/pages\/1008\/revisions\/3392"}],"wp:attachment":[{"href":"https:\/\/site.uit.no\/aigecala\/wp-json\/wp\/v2\/media?parent=1008"}],"curies":[{"name":"wp","href":"https:\/\/api.w.org\/{rel}","templated":true}]}}