{"id":2870,"date":"2016-11-16T14:23:42","date_gmt":"2016-11-16T13:23:42","guid":{"rendered":"https:\/\/site.uit.no\/aigecala\/?page_id=2870"},"modified":"2023-03-10T12:23:24","modified_gmt":"2023-03-10T11:23:24","slug":"callit","status":"publish","type":"page","link":"https:\/\/site.uit.no\/aigecala\/callit\/","title":{"rendered":"\u010c\u00e1llit"},"content":{"rendered":"\n<ul class=\"wp-block-list\"><li><a href=\"https:\/\/site.uit.no\/aigecala\/aimo-aikio\/\">Aikio, Aimo<\/a><\/li><li><a href=\"https:\/\/site.uit.no\/aigecala\/samuli-aikio\/\">Aikio, Samuli<\/a><\/li><li><a href=\"https:\/\/site.uit.no\/aigecala\/ulla-aikio-puoskari\/\">Aikio-Puoskari, Ulla<\/a><\/li><li><a href=\"https:\/\/site.uit.no\/aigecala\/aira-harrieth\/\" data-type=\"post\" data-id=\"3496\">Aira, Harrieth<\/a><\/li><li><a href=\"https:\/\/site.uit.no\/aigecala\/andersen-svanhild\/\">Andersen, Svanhild<\/a><\/li><li><a href=\"https:\/\/site.uit.no\/aigecala\/susanna-angeus-kuoljok\/\">Ang\u00e9us Kuoljok, Susanna<\/a><\/li><li><a href=\"https:\/\/site.uit.no\/aigecala\/trond-are-anti\/\">Anti, Trond Are<\/a><\/li><li><a href=\"https:\/\/site.uit.no\/aigecala\/lene-antonsen\/\">Antonsen, Lene<\/a><\/li><li><a href=\"https:\/\/site.uit.no\/aigecala\/biret-anne-bals-baal\/\">Baal, Biret \u00c1nne Bals<\/a><\/li><li><a href=\"https:\/\/site.uit.no\/aigecala\/biret-anne-bals\/\">Bals, Biret \u00c1nne<\/a><\/li><li><a href=\"https:\/\/site.uit.no\/aigecala\/asta-mitkija-balto\/\">Balto, Asta Mitkij\u00e1<\/a><\/li><li><a href=\"https:\/\/site.uit.no\/aigecala\/else-malfrid-boine\/\">Boine, Else M\u00e5lfrid<\/a><\/li><li><a href=\"https:\/\/site.uit.no\/aigecala\/nils-dannemark\/\">Dannemark, Nils<\/a><\/li><li><a href=\"https:\/\/site.uit.no\/aigecala\/inger-marie-gaup-eira\/\">Eira, Inger Marie Gaup<\/a><\/li><li><a href=\"https:\/\/site.uit.no\/aigecala\/nils-isak-eira\/\">Eira, Nils Isak<\/a><\/li><li><a href=\"https:\/\/site.uit.no\/aigecala\/inger-helen-erstad\/\">Erstad, Inger Helen<\/a><\/li><li><a href=\"https:\/\/site.uit.no\/aigecala\/lill-tove-fredriksen\/\">Fredriksen, Lill Tove<\/a><\/li><li><a href=\"https:\/\/site.uit.no\/aigecala\/thor-frette\/\">Frette, Thor<\/a><\/li><li><a href=\"https:\/\/site.uit.no\/aigecala\/harald-gaski\/\">Gaski, Harald<\/a><\/li><li><a href=\"https:\/\/site.uit.no\/aigecala\/elisabeth-utsi-gaup\/\">Gaup, Elisabeth Utsi<\/a><\/li><li><a href=\"https:\/\/site.uit.no\/aigecala\/gunvor-guttorm\/\">Guttorm, Gunvor<\/a><\/li><li><a href=\"https:\/\/site.uit.no\/aigecala\/outi-guttorm\/\">Guttorm,\u00a0Outi<\/a><\/li><li><a href=\"https:\/\/site.uit.no\/aigecala\/vesa-guttorm\/\">Guttorm, Vesa<\/a><\/li><li><a href=\"https:\/\/site.uit.no\/aigecala\/kaisa-rautio-helander\/\">Helander, Kaisa Rautio<\/a><\/li><li><a href=\"https:\/\/site.uit.no\/aigecala\/nils-oivind-helander\/\">Helander, Nils \u00d8ivind<\/a><\/li><li><a href=\"https:\/\/site.uit.no\/aigecala\/jan-erik-henriksen\/\">Henriksen, Jan Erik<\/a><\/li><li><a href=\"https:\/\/site.uit.no\/aigecala\/marit-breie-henriksen\/\">Henriksen, Marit Breie<\/a><\/li><li><a href=\"https:\/\/site.uit.no\/aigecala\/vuokko-hirvonen\/\">Hirvonen, Vuokko<\/a><\/li><li><a href=\"https:\/\/site.uit.no\/aigecala\/johanna-ijas\/\">Ij\u00e4s, Johanna<\/a><\/li><li><a href=\"https:\/\/site.uit.no\/aigecala\/johanna-johansen-ijas\/\">Ij\u00e4s, Johanna Johansen<\/a><\/li><li><a href=\"https:\/\/site.uit.no\/aigecala\/laura-janda\/\">Janda, Laura<\/a><\/li><li><a href=\"https:\/\/site.uit.no\/aigecala\/ylva-jannok-nutti\/\">Jannok Nutti, Ylva<\/a><\/li><li><a href=\"https:\/\/site.uit.no\/aigecala\/annika-jansson\/\">Jansson, Annika<\/a><\/li><li><a href=\"https:\/\/site.uit.no\/aigecala\/nils-jernsletten\/\">Jernsletten, Nils<\/a><\/li><li><a href=\"https:\/\/site.uit.no\/aigecala\/solveig-joks\/\">Joks, Solveig<\/a><\/li><li><a href=\"https:\/\/site.uit.no\/aigecala\/marjatta-jomppanen\/\">Jomppanen, Marjatta<\/a><\/li><li><a href=\"https:\/\/site.uit.no\/aigecala\/johan-klemet-haetta-kalstad\/\">Kalstad, Johan Klemet H\u00e6tta<\/a><\/li><li><a href=\"https:\/\/site.uit.no\/aigecala\/jan-henry-keskitalo\/\">Keskitalo, Jan Henry<\/a><\/li><li><a href=\"https:\/\/site.uit.no\/aigecala\/pigga-keskitalo\/\">Keskitalo, Pigga<\/a><\/li><li><a href=\"https:\/\/site.uit.no\/aigecala\/outi-kilpimaa\/\">Kilpimaa, Outi<\/a><\/li><li><a href=\"https:\/\/site.uit.no\/aigecala\/olavi-korhonen\/\">Korhonen, Olavi<\/a><\/li><li><a href=\"https:\/\/site.uit.no\/aigecala\/rauna-kuokkanen\/\">Kuokkanen, Rauna<\/a><\/li><li><a href=\"https:\/\/site.uit.no\/aigecala\/per-stefan-labba\/\">Labba, Per Stefan<\/a><\/li><li><a href=\"https:\/\/site.uit.no\/aigecala\/pigga-lauhamaa\/\">Lauhamaa, Pigga<\/a><\/li><li><a href=\"https:\/\/site.uit.no\/aigecala\/veli-pekka-lehtola\/\">Lehtola, Veli-Pekka<\/a><\/li><li><a href=\"https:\/\/site.uit.no\/aigecala\/inker-anni-linkola\/\">Linkola, Inker-Anni<\/a><\/li><li><a href=\"https:\/\/site.uit.no\/aigecala\/anni-siiri-lansman\/\">L\u00e4nsman, Anni-Siiri<\/a><\/li><li><a href=\"https:\/\/site.uit.no\/aigecala\/ole-henrik-magga\/\">Magga, Ole Henrik<\/a><\/li><li><a href=\"https:\/\/site.uit.no\/aigecala\/sigga-marja-magga\/\">Magga, Sigga-Marja<\/a><\/li><li><a href=\"https:\/\/site.uit.no\/aigecala\/tuomas-magga\/\">Magga, Tuomas<\/a><\/li><li><a href=\"https:\/\/site.uit.no\/aigecala\/mathiesen-svein-d\/\">Mathiesen, Svein D.<\/a><\/li><li><a href=\"https:\/\/site.uit.no\/aigecala\/makka-regnor\/\">M\u00e1kk\u00e1 Regnor<\/a><\/li><li><a href=\"https:\/\/site.uit.no\/aigecala\/kaarina-maatta\/\">M\u00e4\u00e4tt\u00e4, Kaarina<\/a><\/li><li><a href=\"https:\/\/site.uit.no\/aigecala\/steinar-nilsen\/\">Nilsen, Steinar<\/a><\/li><li><a href=\"https:\/\/site.uit.no\/aigecala\/kristine-nystad\/\">Nystad, Kristine<\/a><\/li><li><a href=\"https:\/\/site.uit.no\/aigecala\/nystad-ritva\/\">Nystad, Ritva<\/a><\/li><li><a href=\"https:\/\/site.uit.no\/aigecala\/ellen-nakkalajarvi\/\">N\u00e4kk\u00e4l\u00e4j\u00e4rvi, Ellen<\/a><\/li><li><a href=\"https:\/\/site.uit.no\/aigecala\/klemetti-nakkalajarvi\/\">N\u00e4kk\u00e4l\u00e4j\u00e4rvi, Klemetti<\/a><\/li><li><a href=\"https:\/\/site.uit.no\/aigecala\/omma-helena\/\">Omma, Helena<\/a><\/li><li><a href=\"https:\/\/site.uit.no\/aigecala\/nils-oskal\/\">Oskal, Nils<\/a><\/li><li><a href=\"https:\/\/site.uit.no\/aigecala\/outakoski-hanna\/\">Outakoski, Hanna<\/a><\/li><li><a href=\"https:\/\/site.uit.no\/aigecala\/kirsi-paltto\/\">Paltto, Kirsi<\/a><\/li><li><a href=\"https:\/\/site.uit.no\/aigecala\/steinar-pedersen\/\">Pedersen, Steinar<\/a><\/li><li><a href=\"https:\/\/site.uit.no\/aigecala\/sierge-rasmus\/\">Rasmus, Sierge<\/a><\/li><li><a href=\"https:\/\/site.uit.no\/aigecala\/torkel-rasmussen\/\">Rasmussen, Torkel<\/a><\/li><li><a href=\"https:\/\/site.uit.no\/aigecala\/ilona-rauhala\/\">Rauhala, Ilona<\/a><\/li><li><a href=\"https:\/\/site.uit.no\/aigecala\/pekka-sammallahti\/\">Sammallahti, Pekka<\/a><\/li><li><a href=\"https:\/\/site.uit.no\/aigecala\/sara-ravdna-biret-marja-e\/\">Sara, Ravdna Biret Marja Eira<\/a><\/li><li><a href=\"https:\/\/site.uit.no\/aigecala\/mikkel-nils-sara\/\">Sara, Mikkel Nils<\/a><\/li><li><a href=\"https:\/\/site.uit.no\/aigecala\/erika-katjaana-sarivaara\/\">Sarivaara, Erika Katjaana<\/a><\/li><li><a href=\"https:\/\/site.uit.no\/aigecala\/merete-saus\/\">Saus, Merete<\/a><\/li><li><a href=\"https:\/\/site.uit.no\/aigecala\/jelena-sergejeva\/\">Sergejeva, Jelena<\/a><\/li><li><a href=\"https:\/\/site.uit.no\/aigecala\/irja-seurujarvi-kari\/\">Seuruj\u00e4rvi-Kari, Irja<\/a><\/li><li><a href=\"https:\/\/site.uit.no\/aigecala\/sjoberg-lovisa-mienna\/\" data-type=\"URL\" data-id=\"https:\/\/site.uit.no\/aigecala\/sjoberg-lovisa-mienna\/\">Sj\u00f6berg, Lovisa Mienna<\/a><\/li><li><a href=\"https:\/\/site.uit.no\/aigecala\/katri-somby\/\">Somby, Katri<\/a><\/li><li><a href=\"https:\/\/site.uit.no\/aigecala\/mikael-svonni\/\">Svonni, Mikael<\/a><\/li><li><a href=\"https:\/\/site.uit.no\/aigecala\/trond-trosterud\/\">Trosterud, Trond<\/a><\/li><li><a href=\"https:\/\/site.uit.no\/aigecala\/mikal-urheim\/\">Urheim, Mikal<\/a><\/li><li><a href=\"https:\/\/site.uit.no\/aigecala\/taarna-valtonen\/\">Valtonen, Taarna<\/a><\/li><li><a href=\"https:\/\/site.uit.no\/aigecala\/laila-susanne-vars\/\">Vars, L\u00e1il\u00e1 Susanne<\/a><\/li><li><a href=\"https:\/\/site.uit.no\/aigecala\/jussi-ylikoski\/\">Ylikoski, Jussi<\/a><\/li><li><a href=\"https:\/\/site.uit.no\/aigecala\/liv-ostmo\/\">\u00d8stmo, Liv<\/a><\/li><\/ul>\n","protected":false},"excerpt":{"rendered":"<p>Aikio, Aimo Aikio, Samuli Aikio-Puoskari, Ulla Aira, Harrieth Andersen, Svanhild Ang\u00e9us Kuoljok, Susanna Anti, Trond Are Antonsen, Lene Baal, Biret \u00c1nne Bals Bals, Biret \u00c1nne Balto, Asta Mitkij\u00e1 Boine, Else M\u00e5lfrid Dannemark, Nils Eira, Inger Marie Gaup Eira, Nils Isak &hellip; <a href=\"https:\/\/site.uit.no\/aigecala\/callit\/\">Les videre <span class=\"meta-nav\">&rarr;<\/span><\/a><\/p>\n","protected":false},"author":357,"featured_media":0,"parent":0,"menu_order":0,"comment_status":"closed","ping_status":"closed","template":"onecolumn-page.php","meta":{"footnotes":""},"class_list":["post-2870","page","type-page","status-publish","hentry"],"_links":{"self":[{"href":"https:\/\/site.uit.no\/aigecala\/wp-json\/wp\/v2\/pages\/2870","targetHints":{"allow":["GET"]}}],"collection":[{"href":"https:\/\/site.uit.no\/aigecala\/wp-json\/wp\/v2\/pages"}],"about":[{"href":"https:\/\/site.uit.no\/aigecala\/wp-json\/wp\/v2\/types\/page"}],"author":[{"embeddable":true,"href":"https:\/\/site.uit.no\/aigecala\/wp-json\/wp\/v2\/users\/357"}],"replies":[{"embeddable":true,"href":"https:\/\/site.uit.no\/aigecala\/wp-json\/wp\/v2\/comments?post=2870"}],"version-history":[{"count":16,"href":"https:\/\/site.uit.no\/aigecala\/wp-json\/wp\/v2\/pages\/2870\/revisions"}],"predecessor-version":[{"id":3499,"href":"https:\/\/site.uit.no\/aigecala\/wp-json\/wp\/v2\/pages\/2870\/revisions\/3499"}],"wp:attachment":[{"href":"https:\/\/site.uit.no\/aigecala\/wp-json\/wp\/v2\/media?parent=2870"}],"curies":[{"name":"wp","href":"https:\/\/api.w.org\/{rel}","templated":true}]}}