{"id":324,"date":"2011-11-11T12:10:41","date_gmt":"2011-11-11T11:10:41","guid":{"rendered":"https:\/\/site.uit.no\/aigecala\/?page_id=324"},"modified":"2023-06-13T13:44:54","modified_gmt":"2023-06-13T11:44:54","slug":"callinravvagat","status":"publish","type":"page","link":"https:\/\/site.uit.no\/aigecala\/callinravvagat\/","title":{"rendered":"\u010c\u00e1llinr\u00e1vvagat"},"content":{"rendered":"<div align=\"left\">\n<h2><strong>S\u00e1mi die\u0111ala\u0161 \u00e1ige\u010d\u00e1llaga \u010d\u00e1llinr\u00e1vvagat<\/strong><\/h2>\n<p>\u010c\u00e1llinr\u00e1vvagiid galg\u00e1 \u010duovvut earenoam\u00e1\u0161 d\u00e1rkilit. \u010c\u00e1lli ferte ie\u0161 divvut \u010d\u00e1llosa ma\u014b\u014bel jus teaksta ii leat h\u00e1bmejuvvon r\u00e1vvagiid mielde.<\/p>\n<p><a href=\"https:\/\/site.uit.no\/aigecala\/wp-content\/uploads\/sites\/8\/2015\/02\/callinravvagat.docx\">\u010c\u00e1llinr\u00e1vvagat Word-fiilan<\/a> (2015)<br \/>\n<a href=\"https:\/\/site.uit.no\/aigecala\/wp-content\/uploads\/sites\/8\/2015\/02\/callinravvagat.pdf\" target=\"_blank\" rel=\"noopener\">\u010c\u00e1llinr\u00e1vvagat PDF-fiilan<\/a> (2015)<\/p>\n<p><strong>Word-templ\u00e1htta ja EndNote-stiila SD\u00c1 v\u00e1r\u00e1s<\/strong><\/p>\n<p>S\u00e1mi die\u0111ala\u0161 \u00e1ige\u010d\u00e1la lea h\u00e1bmen <a href=\"http:\/\/giellatekno.uit.no\/static_files\/SDA_artihkalvuoddu.dotx\">\u010d\u00e1llinr\u00e1vvagiid maid maidd\u00e1i s\u00e1htt\u00e1 geavahit artihkalvuo\u0111\u0111un<\/a> (2015) ja g\u00e1vdno maidd\u00e1i <a href=\"https:\/\/uit.no\/ub\/skriveogreferere\/referansestiler\/sub?p_document_id=731583\">EndNote-stiila<\/a> (2014), mii lea oaivvilduvvon S\u00e1mi die\u0111ala\u0161 \u00e1ige\u010d\u00e1llagii. Stiilla namma lea\u00a0<i>Aigecala<\/i>, ja dan s\u00e1ht\u00e1t\u00a0vie\u017e\u017eat <a href=\"https:\/\/uit.no\/ub\/skriveogreferere\/referansestiler\/sub?p_document_id=731583\">d\u00e1ppe<\/a>. D\u00e1n siiddus g\u00e1vnnat maid \u010dilgehusa, mii \u010d\u00e1jeha mo stiila doaibm\u00e1 Word-dokumeanttas, ja EndNote-girjer\u00e1djosa mas leat muhtun refer\u00e1nsaovdamearkkat.<\/p>\n<p><strong>Die\u0111ut \u010d\u00e1lliide<\/strong><\/p>\n<p>Die\u0111ala\u0161 artihkkalat, girje\u00e1rvvo\u0161tallamat, \u00e1vvu\u010d\u00e1llosat ja doavttirlogaldallamat mat f\u00e1llojuvvojit S\u00e1mi die\u0111ala\u0161 \u00e1ige\u010d\u00e1llagii, \u010d\u00e1llojuvvojit man nu s\u00e1megillii. Dat eai galgga leat almmuhuvvon ovdal eaige galgga leat jorgaluvvon mange ear\u00e1 gielas. \u010c\u00e1llosat galget leat gielala\u010d\u010dat, stiillala\u010d\u010dat ja teknihkala\u010d\u010dat nu g\u00e1rvvis go vejola\u0161, ja \u010d\u00e1lli galg\u00e1 \u010duovvut r\u00e1vvagiid mat leat S\u00e1mi die\u0111ala\u0161 \u00e1ige\u010d\u00e1llaga ruovttusiiddus.<\/p>\n<p>\u00c1ige\u010d\u00e1llagii f\u00e1llojuvvon \u010d\u00e1llosiid mearkamearit oktan gaskkaiguin leat n\u00e1:<\/p>\n<ul>\n<li>die\u0111ala\u0161 artihkkaliin 30 000 \u2013 50 000 mearkka<\/li>\n<li>\u00e1rvvo\u0161tallamiin 10 000 \u2013 15 000 mearkka<\/li>\n<li>doavttirlogaldallamiin 15 000 \u2013 20 000 mearkka<\/li>\n<li>f\u00e1gala\u0161 muitos\u00e1niin 10 000 \u2013 15 000 mearkka<\/li>\n<\/ul>\n<p>\u010c\u00e1lli galg\u00e1 ie\u0161 \u010dielggadit tabeallaid, govaid ja ear\u00e1 dakk\u00e1riid vuoigatvuo\u0111aid ovdal go f\u00e1ll\u00e1 artihkkala S\u00e1mi die\u0111ala\u0161 \u00e1ige\u010d\u00e1llagii. S\u00e1mi die\u0111ala\u0161 \u00e1ige\u010d\u00e1la ii m\u00e1vsse b\u00e1lkk\u00e1 \u010d\u00e1lliide, muhto s\u00e1dde \u010d\u00e1ll\u00e1i ovtta g\u00e1hpp\u00e1laga dan nummaris mas su \u010d\u00e1lus lea almmuhuvvon. \u010c\u00e1llosat almmuhuvvojit sihke b\u00e1berh\u00e1mis ja elektrovnnala\u0161 h\u00e1mis \u00e1ige\u010d\u00e1llaga neahttasiiddus.<\/p>\n<p>\u010c\u00e1llosat s\u00e1ddejuvvojit elektrovnnala\u010d\u010dat <a title=\"Doaimmahusgoddi\" href=\"https:\/\/site.uit.no\/aigecala\/doaimmahusgoddi-2\/\">doaimmahus\u010d\u00e1ll\u00e1i <\/a>(ii pdf-fiilan).<\/p>\n<p><em>Die\u0111ala\u0161 artihkkalat<\/em>: Doaimmahus add\u00e1 artihkkala giehta\u010d\u00e1llosa anonyma f\u00e1gaguoimmi \u00e1rvvo\u0161tallamii, ja \u010d\u00e1lli galg\u00e1 v\u00e1ldit vuhtii \u00e1rvvo\u0161tallamiid.<\/p>\n<p>2015 r\u00e1jes SD\u00c1 \u0161add\u00e1 oassin SIKORis, S\u00e1mi Internation\u00e1la KORpusis, mii lea s\u00e1megielat teaksta\u010doakk\u00e1ldat maid UiT Norgga \u00e1rktala\u0161 universitehta ja Norgga S\u00e1mediggi leat \u010dohkken, ja almmustuvvan artihkkalat ja \u010d\u00e1llosat biddjojit SIKORii: <a href=\"http:\/\/gtweb.uit.no\/korp\">http:\/\/gtweb.uit.no\/korp<\/a><\/p>\n<\/div>\n","protected":false},"excerpt":{"rendered":"<p>S\u00e1mi die\u0111ala\u0161 \u00e1ige\u010d\u00e1llaga \u010d\u00e1llinr\u00e1vvagat \u010c\u00e1llinr\u00e1vvagiid galg\u00e1 \u010duovvut earenoam\u00e1\u0161 d\u00e1rkilit. \u010c\u00e1lli ferte ie\u0161 divvut \u010d\u00e1llosa ma\u014b\u014bel jus teaksta ii leat h\u00e1bmejuvvon r\u00e1vvagiid mielde. \u010c\u00e1llinr\u00e1vvagat Word-fiilan (2015) \u010c\u00e1llinr\u00e1vvagat PDF-fiilan (2015) Word-templ\u00e1htta ja EndNote-stiila SD\u00c1 v\u00e1r\u00e1s S\u00e1mi die\u0111ala\u0161 \u00e1ige\u010d\u00e1la lea h\u00e1bmen \u010d\u00e1llinr\u00e1vvagiid maid &hellip; <a href=\"https:\/\/site.uit.no\/aigecala\/callinravvagat\/\">Les videre <span class=\"meta-nav\">&rarr;<\/span><\/a><\/p>\n","protected":false},"author":7,"featured_media":0,"parent":0,"menu_order":0,"comment_status":"closed","ping_status":"closed","template":"onecolumn-page.php","meta":{"footnotes":""},"class_list":["post-324","page","type-page","status-publish","hentry"],"_links":{"self":[{"href":"https:\/\/site.uit.no\/aigecala\/wp-json\/wp\/v2\/pages\/324","targetHints":{"allow":["GET"]}}],"collection":[{"href":"https:\/\/site.uit.no\/aigecala\/wp-json\/wp\/v2\/pages"}],"about":[{"href":"https:\/\/site.uit.no\/aigecala\/wp-json\/wp\/v2\/types\/page"}],"author":[{"embeddable":true,"href":"https:\/\/site.uit.no\/aigecala\/wp-json\/wp\/v2\/users\/7"}],"replies":[{"embeddable":true,"href":"https:\/\/site.uit.no\/aigecala\/wp-json\/wp\/v2\/comments?post=324"}],"version-history":[{"count":5,"href":"https:\/\/site.uit.no\/aigecala\/wp-json\/wp\/v2\/pages\/324\/revisions"}],"predecessor-version":[{"id":3601,"href":"https:\/\/site.uit.no\/aigecala\/wp-json\/wp\/v2\/pages\/324\/revisions\/3601"}],"wp:attachment":[{"href":"https:\/\/site.uit.no\/aigecala\/wp-json\/wp\/v2\/media?parent=324"}],"curies":[{"name":"wp","href":"https:\/\/api.w.org\/{rel}","templated":true}]}}