{"id":3393,"date":"2022-03-30T11:55:01","date_gmt":"2022-03-30T09:55:01","guid":{"rendered":"https:\/\/site.uit.no\/aigecala\/?page_id=3393"},"modified":"2023-08-29T09:37:04","modified_gmt":"2023-08-29T07:37:04","slug":"doaimmahus","status":"publish","type":"page","link":"https:\/\/site.uit.no\/aigecala\/doaimmahus\/","title":{"rendered":"Doaimmahus"},"content":{"rendered":"<h2 align=\"left\"><strong>S\u00e1mi die\u0111ala\u0161 \u00e1ige\u010d\u00e1llaga doaimmahus ja doaimmahusgoddi <\/strong><\/h2>\n<h2 align=\"left\">Doaimmahus<\/h2>\n<p align=\"left\"><strong>Harald Gaski<\/strong>, S\u00e1mi allaskuvla ja UiT Norgga \u00e1rktala\u0161 universitehta,<br \/>\n<em>v\u00e1ldodoaimmaheaddji<br \/>\n<\/em>E-poasta: <a href=\"mailto:haraldg@samas.no\">haraldg@samas.no<\/a> \/ <a href=\"mailto:harald.gaski@gmail.com\">harald.gaski@gmail.com<\/a><\/p>\n<p align=\"left\"><strong>Arnstein Johnskareng<\/strong>, UiT Norgga \u00e1rktala\u0161 universitehta,<br \/>\n<em>doaimmahus\u010d\u00e1lli<\/em><br \/>\nE-poasta: <a href=\"mailto:arnstein.johnskareng@uit.no\">arnstein.johnskareng@uit.no<\/a><\/p>\n<h2 align=\"left\">Doaimmahusgoddi<\/h2>\n<p align=\"left\"><strong>Berit Anne Bals Baal<\/strong>, UiT Norgga \u00e1rktala\u0161 universitehta.<br \/>\nE-poasta: <a href=\"mailto:berit.a.baal@uit.no\">berit.a.baal@uit.no<\/a><\/p>\n<p align=\"left\"><strong>Lill Tove Fredriksen<\/strong>, vuostta\u0161amanueansa, UiT Norgga \u00e1rktala\u0161 universitehta.<br \/>\nE-poasta: <a href=\"mailto:lill.tove.fredriksen@uit.no\">lill.tove.fredriksen@uit.no<\/a><\/p>\n<p align=\"left\"><strong>Mikkel Nils Sara<\/strong>,\u00a0vuostta\u0161amanueansa, S\u00e1mi allaskuvla.<br \/>\nE-poasta: <a href=\"mailto:mikkelnms@samas.no\">mikkelnms@samas.no<\/a><\/p>\n","protected":false},"excerpt":{"rendered":"<p>S\u00e1mi die\u0111ala\u0161 \u00e1ige\u010d\u00e1llaga doaimmahus ja doaimmahusgoddi Doaimmahus Harald Gaski, S\u00e1mi allaskuvla ja UiT Norgga \u00e1rktala\u0161 universitehta, v\u00e1ldodoaimmaheaddji E-poasta: haraldg@samas.no \/ harald.gaski@gmail.com Arnstein Johnskareng, UiT Norgga \u00e1rktala\u0161 universitehta, doaimmahus\u010d\u00e1lli E-poasta: arnstein.johnskareng@uit.no Doaimmahusgoddi Berit Anne Bals Baal, UiT Norgga \u00e1rktala\u0161 universitehta. E-poasta: &hellip; <a href=\"https:\/\/site.uit.no\/aigecala\/doaimmahus\/\">Les videre <span class=\"meta-nav\">&rarr;<\/span><\/a><\/p>\n","protected":false},"author":91,"featured_media":0,"parent":0,"menu_order":0,"comment_status":"closed","ping_status":"closed","template":"","meta":{"footnotes":""},"class_list":["post-3393","page","type-page","status-publish","hentry"],"_links":{"self":[{"href":"https:\/\/site.uit.no\/aigecala\/wp-json\/wp\/v2\/pages\/3393","targetHints":{"allow":["GET"]}}],"collection":[{"href":"https:\/\/site.uit.no\/aigecala\/wp-json\/wp\/v2\/pages"}],"about":[{"href":"https:\/\/site.uit.no\/aigecala\/wp-json\/wp\/v2\/types\/page"}],"author":[{"embeddable":true,"href":"https:\/\/site.uit.no\/aigecala\/wp-json\/wp\/v2\/users\/91"}],"replies":[{"embeddable":true,"href":"https:\/\/site.uit.no\/aigecala\/wp-json\/wp\/v2\/comments?post=3393"}],"version-history":[{"count":3,"href":"https:\/\/site.uit.no\/aigecala\/wp-json\/wp\/v2\/pages\/3393\/revisions"}],"predecessor-version":[{"id":3608,"href":"https:\/\/site.uit.no\/aigecala\/wp-json\/wp\/v2\/pages\/3393\/revisions\/3608"}],"wp:attachment":[{"href":"https:\/\/site.uit.no\/aigecala\/wp-json\/wp\/v2\/media?parent=3393"}],"curies":[{"name":"wp","href":"https:\/\/api.w.org\/{rel}","templated":true}]}}