{"id":939,"date":"2012-12-12T12:03:36","date_gmt":"2012-12-12T11:03:36","guid":{"rendered":"https:\/\/site.uit.no\/aigecala\/?page_id=939"},"modified":"2023-03-17T13:52:52","modified_gmt":"2023-03-17T12:52:52","slug":"almmuheamit","status":"publish","type":"page","link":"https:\/\/site.uit.no\/aigecala\/almmuheamit\/","title":{"rendered":"Almmuheamit \/ Volumes"},"content":{"rendered":"<ul>\n<li><a href=\"https:\/\/site.uit.no\/aigecala\/2022-1\/\"><span style=\"font-size: 14px\"><span class=\"Apple-style-span\" style=\"color: #000000;line-height: 21px\">S\u00e1mi die\u0111ala\u0161 \u00e1ige\u010d\u00e1la 2022<\/span><\/span><\/a><\/li>\n<li><a href=\"https:\/\/site.uit.no\/aigecala\/2021-1\/\"><span style=\"font-size: 14px\"><span class=\"Apple-style-span\" style=\"color: #000000;line-height: 21px\">S\u00e1mi die\u0111ala\u0161 \u00e1ige\u010d\u00e1la 2021<\/span><\/span><\/a><\/li>\n<li><a href=\"https:\/\/site.uit.no\/aigecala\/2020-1\/\"><span style=\"font-size: 14px\"><span class=\"Apple-style-span\" style=\"color: #000000;line-height: 21px\">S\u00e1mi die\u0111ala\u0161 \u00e1ige\u010d\u00e1la 2020<\/span><\/span><\/a><\/li>\n<li><a href=\"https:\/\/site.uit.no\/aigecala\/2019-1\/\"><span style=\"font-size: 14px\"><span class=\"Apple-style-span\" style=\"color: #000000;line-height: 21px\">S\u00e1mi die\u0111ala\u0161 \u00e1ige\u010d\u00e1la 1\/2019<\/span><\/span><\/a><\/li>\n<li><a href=\"https:\/\/site.uit.no\/aigecala\/2018-1\/\"><span style=\"font-size: 14px\"><span class=\"Apple-style-span\" style=\"color: #000000;line-height: 21px\">S\u00e1mi die\u0111ala\u0161 \u00e1ige\u010d\u00e1la 1\/2018<\/span><\/span><\/a><\/li>\n<li><span style=\"font-size: 14px\"><a href=\"https:\/\/site.uit.no\/aigecala\/2016-2\/\"><span class=\"Apple-style-span\" style=\"color: #000000;line-height: 21px\">S\u00e1mi die\u0111ala\u0161 \u00e1ige\u010d\u00e1la 2\/2016<\/span><\/a><\/span><\/li>\n<li><a title=\"S\u00e1mi die\u0111ala\u0161 \u00e1ige\u010d\u00e1la 2\/2015\" href=\"https:\/\/site.uit.no\/aigecala\/2016-1\/\"><span class=\"Apple-style-span\" style=\"color: #000000;font-size: 14px;line-height: 21px\">S\u00e1mi die\u0111ala\u0161 \u00e1ige\u010d\u00e1la 1\/2016<\/span><\/a><\/li>\n<li><a title=\"S\u00e1mi die\u0111ala\u0161 \u00e1ige\u010d\u00e1la 2\/2015\" href=\"https:\/\/site.uit.no\/aigecala\/2015-2\/\"><span class=\"Apple-style-span\" style=\"color: #000000;font-size: 14px;line-height: 21px\">S\u00e1mi die\u0111ala\u0161 \u00e1ige\u010d\u00e1la 2\/2015<\/span><\/a><\/li>\n<li><a title=\"S\u00e1mi die\u0111ala\u0161 \u00e1ige\u010d\u00e1la 1\/2015\" href=\"https:\/\/site.uit.no\/aigecala\/2015-1\/\"><span class=\"Apple-style-span\" style=\"color: #000000;font-size: 14px;line-height: 21px\">S\u00e1mi die\u0111ala\u0161 \u00e1ige\u010d\u00e1la 1\/2015<\/span><\/a><\/li>\n<li><a title=\"S\u00e1mi die\u0111ala\u0161 \u00e1ige\u010d\u00e1la 2\/2014\" href=\"https:\/\/site.uit.no\/aigecala\/2014-2\/\"><span class=\"Apple-style-span\" style=\"color: #000000;font-size: 14px;line-height: 21px\">S\u00e1mi die\u0111ala\u0161 \u00e1ige\u010d\u00e1la 2\/2014<\/span><\/a><\/li>\n<li><span class=\"Apple-style-span\" style=\"color: #000000;font-size: 14px;line-height: 21px\"><a href=\"https:\/\/site.uit.no\/aigecala\/2014-1\/\">S\u00e1mi die\u0111ala\u0161 \u00e1ige\u010d\u00e1la 1\/2014<\/a><\/span><\/li>\n<li><span class=\"Apple-style-span\" style=\"color: #000000;font-size: 14px;line-height: 21px\"><a href=\"https:\/\/site.uit.no\/aigecala\/2013-2\/\">S\u00e1mi die\u0111ala\u0161 \u00e1ige\u010d\u00e1la 2\/2013<\/a><\/span><\/li>\n<li><span class=\"Apple-style-span\" style=\"color: #000000;font-size: 14px;line-height: 21px\"><a href=\"https:\/\/site.uit.no\/aigecala\/2013-1\/\">S\u00e1mi die\u0111ala\u0161 \u00e1ige\u010d\u00e1la 1\/2013<\/a><\/span><\/li>\n<li><span class=\"Apple-style-span\" style=\"color: #000000;font-size: 14px;line-height: 21px\"><a href=\"https:\/\/site.uit.no\/aigecala\/2012-2\/\">S\u00e1mi die\u0111ala\u0161 \u00e1ige\u010d\u00e1la 2\/2012<\/a><\/span><\/li>\n<li><span class=\"Apple-style-span\" style=\"color: #000000;font-size: 14px;line-height: 21px\"><a href=\"https:\/\/site.uit.no\/aigecala\/2011-2-2012-1\/\">S\u00e1mi die\u0111ala\u0161 \u00e1ige\u010d\u00e1la 2\/2011 ja 1\/2012<\/a><\/span><\/li>\n<li><span class=\"Apple-style-span\" style=\"color: #000000;font-size: 14px;line-height: 21px\"><a title=\"Permalink to S\u00e1mi die\u0111ala\u0161 \u00e1ige\u010d\u00e1la 1, 2011\" href=\"https:\/\/site.uit.no\/aigecala\/2011-1\/\" rel=\"bookmark\">S\u00e1mi die\u0111ala\u0161 \u00e1ige\u010d\u00e1la 1\/2011<\/a><\/span><\/li>\n<li><span class=\"Apple-style-span\" style=\"color: #000000;font-size: 14px;line-height: 21px\"><a title=\"Permalink to S\u00e1mi die\u0111ala\u0161 \u00e1ige\u010d\u00e1la 2, 2010\" href=\"https:\/\/site.uit.no\/aigecala\/2010-2\/\" rel=\"bookmark\">S\u00e1mi die\u0111ala\u0161 \u00e1ige\u010d\u00e1la 2\/2010<\/a><\/span><\/li>\n<li><span class=\"Apple-style-span\" style=\"color: #000000;font-size: 14px;line-height: 21px\"><a title=\"Permalink to S\u00e1mi die\u0111ala\u0161 \u00e1ige\u010d\u00e1la 1, 2010\" href=\"https:\/\/site.uit.no\/aigecala\/2010-1\/\" rel=\"bookmark\">S\u00e1mi die\u0111ala\u0161 \u00e1ige\u010d\u00e1la 1\/2010<\/a><\/span><\/li>\n<li><span class=\"Apple-style-span\" style=\"color: #000000;font-size: 14px;line-height: 21px\"><a title=\"Permalink to S\u00e1mi die\u0111ala\u0161 \u00e1ige\u010d\u00e1la 1-2, 2009\" href=\"https:\/\/site.uit.no\/aigecala\/2009-1\/\" rel=\"bookmark\">S\u00e1mi die\u0111ala\u0161 \u00e1ige\u010d\u00e1la 1-2\/2009<\/a><\/span><\/li>\n<li><span class=\"Apple-style-span\" style=\"color: #000000;font-size: 14px;line-height: 21px\"><a title=\"Permalink to S\u00e1mi die\u0111ala\u0161 \u00e1ige\u010d\u00e1la 2, 2008\" href=\"https:\/\/site.uit.no\/aigecala\/2008-2\/\" rel=\"bookmark\">S\u00e1mi die\u0111ala\u0161 \u00e1ige\u010d\u00e1la 2\/2008<\/a><\/span><\/li>\n<li><span class=\"Apple-style-span\" style=\"color: #000000;font-size: 14px;line-height: 21px\"><a title=\"Permalink to S\u00e1mi die\u0111ala\u0161 \u00e1ige\u010d\u00e1la 1, 2008\" href=\"https:\/\/site.uit.no\/aigecala\/2008-1\/\" rel=\"bookmark\">S\u00e1mi die\u0111ala\u0161 \u00e1ige\u010d\u00e1la 1\/2008<\/a><\/span><\/li>\n<li><span class=\"Apple-style-span\" style=\"color: #000000;font-size: 14px;line-height: 21px\"><a title=\"Permalink to S\u00e1mi die\u0111ala\u0161 \u00e1ige\u010d\u00e1la 1-2, 2007\" href=\"https:\/\/site.uit.no\/aigecala\/2007-1\/\" rel=\"bookmark\">S\u00e1mi die\u0111ala\u0161 \u00e1ige\u010d\u00e1la 1-2\/2007<\/a><\/span><\/li>\n<li><span class=\"Apple-style-span\" style=\"color: #000000;font-size: 14px;line-height: 21px\"><a title=\"Permalink to S\u00e1mi die\u0111ala\u0161 \u00e1ige\u010d\u00e1la 1- 2006\" href=\"https:\/\/site.uit.no\/aigecala\/2006-1\/\" rel=\"bookmark\">S\u00e1mi die\u0111ala\u0161 \u00e1ige\u010d\u00e1la 1\/2006<\/a><\/span><\/li>\n<li><span class=\"Apple-style-span\" style=\"color: #000000;font-size: 14px;line-height: 21px\"><a title=\"Permalink to S\u00e1mi die\u0111ala\u0161 \u00e1ige\u010d\u00e1la 1- 2005\" href=\"https:\/\/site.uit.no\/aigecala\/2005-1\/\" rel=\"bookmark\">S\u00e1mi die\u0111ala\u0161 \u00e1ige\u010d\u00e1la 1\/2005<\/a><\/span><\/li>\n<li><span class=\"Apple-style-span\" style=\"color: #000000;font-size: 14px;line-height: 21px\"><a title=\"Permalink to S\u00e1mi die\u0111ala\u0161 \u00e1ige\u010d\u00e1la nr. 1\/2004\" href=\"https:\/\/site.uit.no\/aigecala\/2004-1\/\" rel=\"bookmark\">S\u00e1mi die\u0111ala\u0161 \u00e1ige\u010d\u00e1la 1\/2004<\/a><\/span><\/li>\n<li><span class=\"Apple-style-span\" style=\"color: #000000;font-size: 14px;line-height: 21px\"><a title=\"Permalink to S\u00e1mi die\u0111ala\u0161 \u00e1ige\u010d\u00e1la nr. 1\/2002\" href=\"https:\/\/site.uit.no\/aigecala\/2002-1\/\" rel=\"bookmark\">S\u00e1mi die\u0111ala\u0161 \u00e1ige\u010d\u00e1la 1\/2002<\/a><\/span><\/li>\n<li><span class=\"Apple-style-span\" style=\"color: #000000;font-size: 14px;line-height: 21px\"><a title=\"Permalink to S\u00e1mi die\u0111ala\u0161 \u00e1ige\u010d\u00e1la nr. 1\/1999\" href=\"https:\/\/site.uit.no\/aigecala\/1999-1\/\" rel=\"bookmark\">S\u00e1mi die\u0111ala\u0161 \u00e1ige\u010d\u00e1la 1\/1999<\/a><\/span><\/li>\n<li><span class=\"Apple-style-span\" style=\"color: #000000;font-size: 14px;line-height: 21px\"><a title=\"Permalink to S\u00e1mi die\u0111ala\u0161 \u00e1ige\u010d\u00e1la nr. 1\/1994\" href=\"https:\/\/site.uit.no\/aigecala\/1994-1\/\" rel=\"bookmark\">S\u00e1mi die\u0111ala\u0161 \u00e1ige\u010d\u00e1la 1\/1994<\/a><\/span><\/li>\n<\/ul>\n","protected":false},"excerpt":{"rendered":"<p>S\u00e1mi die\u0111ala\u0161 \u00e1ige\u010d\u00e1la 2022 S\u00e1mi die\u0111ala\u0161 \u00e1ige\u010d\u00e1la 2021 S\u00e1mi die\u0111ala\u0161 \u00e1ige\u010d\u00e1la 2020 S\u00e1mi die\u0111ala\u0161 \u00e1ige\u010d\u00e1la 1\/2019 S\u00e1mi die\u0111ala\u0161 \u00e1ige\u010d\u00e1la 1\/2018 S\u00e1mi die\u0111ala\u0161 \u00e1ige\u010d\u00e1la 2\/2016 S\u00e1mi die\u0111ala\u0161 \u00e1ige\u010d\u00e1la 1\/2016 S\u00e1mi die\u0111ala\u0161 \u00e1ige\u010d\u00e1la 2\/2015 S\u00e1mi die\u0111ala\u0161 \u00e1ige\u010d\u00e1la 1\/2015 S\u00e1mi die\u0111ala\u0161 \u00e1ige\u010d\u00e1la 2\/2014 &hellip; <a href=\"https:\/\/site.uit.no\/aigecala\/almmuheamit\/\">Les videre <span class=\"meta-nav\">&rarr;<\/span><\/a><\/p>\n","protected":false},"author":72,"featured_media":0,"parent":0,"menu_order":0,"comment_status":"closed","ping_status":"closed","template":"","meta":{"footnotes":""},"class_list":["post-939","page","type-page","status-publish","hentry"],"_links":{"self":[{"href":"https:\/\/site.uit.no\/aigecala\/wp-json\/wp\/v2\/pages\/939","targetHints":{"allow":["GET"]}}],"collection":[{"href":"https:\/\/site.uit.no\/aigecala\/wp-json\/wp\/v2\/pages"}],"about":[{"href":"https:\/\/site.uit.no\/aigecala\/wp-json\/wp\/v2\/types\/page"}],"author":[{"embeddable":true,"href":"https:\/\/site.uit.no\/aigecala\/wp-json\/wp\/v2\/users\/72"}],"replies":[{"embeddable":true,"href":"https:\/\/site.uit.no\/aigecala\/wp-json\/wp\/v2\/comments?post=939"}],"version-history":[{"count":54,"href":"https:\/\/site.uit.no\/aigecala\/wp-json\/wp\/v2\/pages\/939\/revisions"}],"predecessor-version":[{"id":3564,"href":"https:\/\/site.uit.no\/aigecala\/wp-json\/wp\/v2\/pages\/939\/revisions\/3564"}],"wp:attachment":[{"href":"https:\/\/site.uit.no\/aigecala\/wp-json\/wp\/v2\/media?parent=939"}],"curies":[{"name":"wp","href":"https:\/\/api.w.org\/{rel}","templated":true}]}}