{"id":2,"date":"2013-04-11T08:11:21","date_gmt":"2013-04-11T08:11:21","guid":{"rendered":"https:\/\/site.uit.no\/akademikerforbundet\/?page_id=2"},"modified":"2022-09-30T09:32:17","modified_gmt":"2022-09-30T07:32:17","slug":"main","status":"publish","type":"page","link":"https:\/\/site.uit.no\/akademikerforbundet\/","title":{"rendered":"Velkommen!"},"content":{"rendered":"<p><a href=\"http:\/\/akademikerforbundet.no\/\" target=\"_blank\" rel=\"noopener\"><img decoding=\"async\" class=\"alignnone size-full wp-image-4\" alt=\"AKAD_logo\" src=\"https:\/\/site.uit.no\/akademikerforbundet\/wp-content\/uploads\/sites\/127\/2013\/04\/AKAD_logo.png\" width=\"227\" height=\"70\"><\/a><\/p>\n<p>Akademikerforbundet er en av fagforeningene ved Universitetet i Troms\u00f8. Medlemmene i Akademikerforbundet arbeider i hovedsak som administratorer, spesialister og ledere\/mellomledere ved ulike avdelinger p\u00e5 universitetet.<\/p>\n<p>Per i dag (29. september 2022) er vi&nbsp;39 medlemmer, fordelt p\u00e5 mange fakulteter og enheter i Troms\u00f8, Alta, Narvik og Harstad. Hovedtyngden av medlemmene arbeider i sentraladministrasjonen og ved universitetsbiblioteket.<\/p>\n<p>Tillitsvalgte p\u00e5 UiT er:<br \/>\nHovedtillitsvalgt Marit Bull Enger, universitetsbiblioteket<br \/>\n<a href=\"mailto:marit.bull.enger@uit.no\">marit.bull.enger@uit.no<\/a> 77 64 46 49<br \/>\n1. vara hovedtillitsvalgt Gunhild \u00c5rnes Guttvik, Fellesadm<br \/>\n<a href=\"mailto:gunhild.guttvik@uit.no\">gunhild.guttvik@uit.no<\/a> 77 62 32 85<br \/>\n2. vara hovedtillitsvalgt Espen Dybwad Kristensen, Fellesadm<br \/>\n<a href=\"mailto:espen.kristensen@uit.no\">espen.kristensen@uit.no<\/a> 77 64 52 18 espen.kristensen@uit.no<\/p>\n<p>I tillegg har vi plasstillitsvalgte ved universitetsbiblioteket<br \/>\nPlasstillitsvalgt&nbsp;Lars Figenschou <a href=\"mailto:lars.figenschou@uit.no\" target=\"_blank\" rel=\"noopener\">lars.figenschou@uit.no<\/a>&nbsp;77 64&nbsp;41 27<br \/>\n1. vara plasstillitsvalgt Grete Overv\u00e5g <a href=\"mailto:grete.overvag@uit.no\" target=\"_blank\" rel=\"noopener\">grete.overvag@uit.no<\/a> 77 64 54 74<br \/>\n2. vara plasstillitsvalgt Tone Mikkelsen <a href=\"mailto:tone.mikkelsen@uit.no\" target=\"_blank\" rel=\"noopener\">tone.mikkelsen@uit.no<\/a> 77 64 67 82<\/p>\n<p>Akademikerforbundet har dr\u00f8yt 4900 medlemmer p\u00e5 landsbasis, tyngdepunktet av medlemsmassen er i kommunal og statlig sektor men vi har ogs\u00e5 en del medlemmer i helsesektoren og i privat sektor. For \u00e5 kunne bli medlem, m\u00e5 du ha minst tre \u00e5rs universitets- eller h\u00f8yskoleutdanning.<\/p>\n<p>Akademikerforbundet er et UNIO-forbund, og er partipolitisk n\u00f8ytralt.<br \/>\nMer informasjon om Akademikerforbundet finner du p\u00e5 <a title=\"Akademikerforbundet\" href=\"http:\/\/akademikerforbundet.no\/\" target=\"_blank\" rel=\"noopener\">forbundets nettsider<\/a>.<\/p>\n","protected":false},"excerpt":{"rendered":"<p>Akademikerforbundet er en av fagforeningene ved Universitetet i Troms\u00f8. Medlemmene i Akademikerforbundet arbeider i hovedsak som administratorer, spesialister og ledere\/mellomledere ved ulike avdelinger p\u00e5 universitetet. Per i dag (29. september 2022) er vi&nbsp;39 medlemmer, fordelt p\u00e5 mange fakulteter og enheter &hellip; <a href=\"https:\/\/site.uit.no\/akademikerforbundet\/\">Continue reading <span class=\"meta-nav\">&rarr;<\/span><\/a><\/p>\n","protected":false},"author":277,"featured_media":0,"parent":0,"menu_order":0,"comment_status":"open","ping_status":"open","template":"","meta":{"footnotes":""},"class_list":["post-2","page","type-page","status-publish","hentry"],"_links":{"self":[{"href":"https:\/\/site.uit.no\/akademikerforbundet\/wp-json\/wp\/v2\/pages\/2","targetHints":{"allow":["GET"]}}],"collection":[{"href":"https:\/\/site.uit.no\/akademikerforbundet\/wp-json\/wp\/v2\/pages"}],"about":[{"href":"https:\/\/site.uit.no\/akademikerforbundet\/wp-json\/wp\/v2\/types\/page"}],"author":[{"embeddable":true,"href":"https:\/\/site.uit.no\/akademikerforbundet\/wp-json\/wp\/v2\/users\/277"}],"replies":[{"embeddable":true,"href":"https:\/\/site.uit.no\/akademikerforbundet\/wp-json\/wp\/v2\/comments?post=2"}],"version-history":[{"count":27,"href":"https:\/\/site.uit.no\/akademikerforbundet\/wp-json\/wp\/v2\/pages\/2\/revisions"}],"predecessor-version":[{"id":43,"href":"https:\/\/site.uit.no\/akademikerforbundet\/wp-json\/wp\/v2\/pages\/2\/revisions\/43"}],"wp:attachment":[{"href":"https:\/\/site.uit.no\/akademikerforbundet\/wp-json\/wp\/v2\/media?parent=2"}],"curies":[{"name":"wp","href":"https:\/\/api.w.org\/{rel}","templated":true}]}}