{"id":428,"date":"2024-12-12T13:36:37","date_gmt":"2024-12-12T12:36:37","guid":{"rendered":"https:\/\/site.uit.no\/arcticyouth\/?page_id=428"},"modified":"2024-12-18T13:53:45","modified_gmt":"2024-12-18T12:53:45","slug":"hva_gjor_vi","status":"publish","type":"page","link":"https:\/\/site.uit.no\/arcticyouth\/hva_gjor_vi\/","title":{"rendered":"Hva gj\u00f8r vi?"},"content":{"rendered":"[et_pb_section fb_built=&raquo;1&#8243; _builder_version=&raquo;4.27.0&#8243; _module_preset=&raquo;default&raquo; background_image=&raquo;https:\/\/site.uit.no\/arcticyouth\/wp-content\/uploads\/sites\/525\/2024\/12\/AY_Background_Long-1.png&raquo; parallax=&raquo;on&raquo; global_colors_info=&raquo;{}&raquo;][et_pb_row _builder_version=&raquo;4.27.0&#8243; _module_preset=&raquo;default&raquo; background_image=&raquo;https:\/\/site.uit.no\/arcticyouth\/wp-content\/uploads\/sites\/525\/2024\/12\/AY_Banner_narrow-4.png&raquo; parallax=&raquo;on&raquo; global_colors_info=&raquo;{}&raquo;][et_pb_column type=&raquo;4_4&#8243; _builder_version=&raquo;4.27.0&#8243; _module_preset=&raquo;default&raquo; global_colors_info=&raquo;{}&raquo;][et_pb_heading title=&raquo;Myndiggj\u00f8ring for Barn og Unge i Nord&raquo; _builder_version=&raquo;4.27.0&#8243; _module_preset=&raquo;default&raquo; title_font=&raquo;Fredoka|||on|||||&raquo; title_text_color=&raquo;#e63372&#8243; title_font_size=&raquo;49px&raquo; custom_margin=&raquo;|||-83px|false|false&raquo; custom_margin_tablet=&raquo;|||0px|false|false&raquo; custom_margin_phone=&raquo;|||0px|false|false&raquo; custom_margin_last_edited=&raquo;on|tablet&raquo; custom_padding=&raquo;|||0px|false|false&raquo; title_font_size_tablet=&raquo;49px&raquo; title_font_size_phone=&raquo;36px&raquo; title_font_size_last_edited=&raquo;on|phone&raquo; global_colors_info=&raquo;{}&raquo;][\/et_pb_heading][\/et_pb_column][\/et_pb_row][et_pb_row _builder_version=&raquo;4.27.0&#8243; _module_preset=&raquo;default&raquo; global_colors_info=&raquo;{}&raquo;][et_pb_column type=&raquo;4_4&#8243; _builder_version=&raquo;4.27.0&#8243; _module_preset=&raquo;default&raquo; global_colors_info=&raquo;{}&raquo;][et_pb_testimonial author=&raquo;Rita S\u00f8rly&raquo; job_title=&raquo;Senterleder&raquo; portrait_url=&raquo;https:\/\/site.uit.no\/arcticyouth\/wp-content\/uploads\/sites\/525\/2024\/12\/Rita.jpg&raquo; quote_icon_color=&raquo;#e63372&#8243; quote_icon_background_color=&raquo;RGBA(255,255,255,0)&raquo; portrait_width=&raquo;165px&raquo; portrait_height=&raquo;165px&raquo; use_icon_font_size=&raquo;on&raquo; icon_font_size=&raquo;46px&raquo; _builder_version=&raquo;4.27.0&#8243; _module_preset=&raquo;default&raquo; body_font=&raquo;|300|||||||&raquo; body_text_align=&raquo;left&raquo; body_font_size=&raquo;30px&raquo; author_font=&raquo;Fredoka|700|||||||&raquo; author_text_color=&raquo;#E63372&#8243; author_font_size=&raquo;19px&raquo; author_line_height=&raquo;1em&raquo; position_font=&raquo;Fredoka||||||||&raquo; position_font_size=&raquo;15px&raquo; position_line_height=&raquo;2em&raquo; custom_margin=&raquo;0px||||false|false&raquo; body_text_align_tablet=&raquo;left&raquo; body_text_align_phone=&raquo;center&raquo; body_text_align_last_edited=&raquo;on|phone&raquo; body_font_size_tablet=&raquo;30px&raquo; body_font_size_phone=&raquo;24px&raquo; body_font_size_last_edited=&raquo;on|phone&raquo; text_orientation_tablet=&raquo;&raquo; text_orientation_phone=&raquo;&raquo; text_orientation_last_edited=&raquo;on|phone&raquo; global_colors_info=&raquo;{}&raquo;]<p><span>Vi skal forske p\u00e5 hva som kan \u00f8ke utsatte barn og unges f\u00f8lelse av \u00e5 bli verdsatt i hverdagen.<\/span><\/p>[\/et_pb_testimonial][\/et_pb_column][\/et_pb_row][et_pb_row column_structure=&raquo;3_5,2_5&#8243; admin_label=&raquo;row&raquo; _builder_version=&raquo;4.16&#8243; background_size=&raquo;initial&raquo; background_position=&raquo;top_left&raquo; background_repeat=&raquo;repeat&raquo; custom_padding=&raquo;||2px|||&raquo; global_colors_info=&raquo;{}&raquo;][et_pb_column type=&raquo;3_5&#8243; _builder_version=&raquo;4.16&#8243; custom_padding=&raquo;|||&raquo; global_colors_info=&raquo;{}&raquo; custom_padding__hover=&raquo;|||&raquo;][et_pb_text admin_label=&raquo;Text&raquo; _builder_version=&raquo;4.27.0&#8243; text_font=&raquo;|300|||||||&raquo; text_line_height=&raquo;1.8em&raquo; background_size=&raquo;initial&raquo; background_position=&raquo;top_left&raquo; background_repeat=&raquo;repeat&raquo; custom_margin=&raquo;-1px|||||&raquo; global_colors_info=&raquo;{}&raquo;]<p style=\"text-align: justify\">Vi er et forskningssenter som styrker trivsel, myndiggj\u00f8ring, tilh\u00f8righet og fremmer god livskvalitet for barn og unge i nord. M\u00e5let er \u00e5 forbedre profesjonsutdanningene som arbeider med barn og unge, slik at de i st\u00f8rre grad m\u00f8ter utsatte barn og unges behov.<\/p>\n<p style=\"text-align: justify\">Forskningssenteret Arctic Youth skal gi mer kunnskap om hva som kan gj\u00f8res for \u00e5 styrke velv\u00e6re og myndiggj\u00f8ring blant barn og unge, ved \u00e5:<\/p>\n<ul style=\"text-align: justify\">\n<li style=\"list-style-type: none\">\n<ul>\n<li>Fremme forskningsbasert kunnskap om utsatte barn og unges behov i m\u00f8te med tjenestene innenfor utdanninger og praksis i sosialt arbeid og barnevern<\/li>\n<li>Forske p\u00e5 hvordan vi kan bedre samarbeidet mellom barnehage, skoler og l\u00e6rerutdanningene i sm\u00e5 og mellomstore, nordnorske kommuner<\/li>\n<li>Fremme rettighetsbaserte og kulturelt tilpassede tjenester for samiske barn i m\u00f8te med barnevern<\/li>\n<li>Utvikle mer kreative, pedagogiske ferdigheter i utdanningen for helsesykepleiere som skal m\u00f8te utsatte barn og unge i praksis<\/li>\n<li>Inkludere medvirkning fra brukere av helse- og omsorgstjenester inn i profesjonsutdanningene for l\u00e6rere, barnevernspedagoger, sosialarbeidere og helsesykepleiere.<\/li>\n<\/ul>\n<\/li>\n<\/ul>\n<div id=\"wp-block-themeisle-blocks-advanced-columns-1f4477d4\" class=\"wp-block-themeisle-blocks-advanced-columns has-1-columns has-desktop-equal-layout has-tablet-equal-layout has-mobile-equal-layout has-vertical-unset\" style=\"text-align: justify\">\n<div class=\"innerblocks-wrap\">\n<div id=\"wp-block-themeisle-blocks-advanced-column-41c2c202\" class=\"wp-block-themeisle-blocks-advanced-column\">\n<p><\/p>\n<\/div>\n<\/div>\n<\/div>\n<p><\/p>[\/et_pb_text][\/et_pb_column][et_pb_column type=&raquo;2_5&#8243; _builder_version=&raquo;4.27.0&#8243; _module_preset=&raquo;default&raquo; global_colors_info=&raquo;{}&raquo;][et_pb_button button_url=&raquo;https:\/\/site.uit.no\/arcticyouth\/hva_gjor_vi\/arbeidspakke-1&#8243; url_new_window=&raquo;on&raquo; button_text=&raquo;Arbeidspakke 1&#8243; button_alignment=&raquo;center&raquo; _builder_version=&raquo;4.27.0&#8243; _module_preset=&raquo;default&raquo; custom_button=&raquo;on&raquo; button_text_size=&raquo;22px&raquo; button_text_color=&raquo;#ffffff&raquo; button_bg_color=&raquo;#2765B0&#8243; button_border_width=&raquo;0px&raquo; button_border_radius=&raquo;10px&raquo; button_letter_spacing=&raquo;2px&raquo; button_font=&raquo;&#8211;et_global_heading_font|||on|||||&raquo; button_icon=&raquo;&#x49;||divi||400&#8243; background_layout=&raquo;dark&raquo; custom_css_main_element=&raquo;width: 80%;&raquo; global_colors_info=&raquo;{}&raquo;][\/et_pb_button][et_pb_button button_url=&raquo;https:\/\/site.uit.no\/arcticyouth\/hva_gjor_vi\/arbeidspakke-2&#8243; url_new_window=&raquo;on&raquo; button_text=&raquo;Arbeidspakke 2&#8243; button_alignment=&raquo;center&raquo; _builder_version=&raquo;4.27.0&#8243; _module_preset=&raquo;default&raquo; custom_button=&raquo;on&raquo; button_text_size=&raquo;22px&raquo; button_text_color=&raquo;#ffffff&raquo; button_bg_color=&raquo;#F78D20&#8243; button_border_width=&raquo;0px&raquo; button_border_radius=&raquo;10px&raquo; button_letter_spacing=&raquo;2px&raquo; button_font=&raquo;&#8211;et_global_heading_font|||on|||||&raquo; button_icon=&raquo;&#x49;||divi||400&#8243; background_layout=&raquo;dark&raquo; custom_css_main_element=&raquo;width: 80%;&raquo; global_colors_info=&raquo;{}&raquo;][\/et_pb_button][et_pb_button button_url=&raquo;https:\/\/site.uit.no\/arcticyouth\/hva_gjor_vi\/arbeidspakke-3&#8243; url_new_window=&raquo;on&raquo; button_text=&raquo;Arbeidspakke 3&#8243; button_alignment=&raquo;center&raquo; _builder_version=&raquo;4.27.0&#8243; _module_preset=&raquo;default&raquo; custom_button=&raquo;on&raquo; button_text_size=&raquo;22px&raquo; button_text_color=&raquo;#ffffff&raquo; button_bg_color=&raquo;#863A95&#8243; button_border_width=&raquo;0px&raquo; button_border_radius=&raquo;10px&raquo; button_letter_spacing=&raquo;2px&raquo; button_font=&raquo;&#8211;et_global_heading_font|||on|||||&raquo; button_icon=&raquo;&#x49;||divi||400&#8243; background_layout=&raquo;dark&raquo; custom_css_main_element=&raquo;width: 80%;&raquo; global_colors_info=&raquo;{}&raquo;][\/et_pb_button][et_pb_button button_url=&raquo;https:\/\/site.uit.no\/arcticyouth\/hva_gjor_vi\/arbeidspakke-4&#8243; url_new_window=&raquo;on&raquo; button_text=&raquo;Arbeidspakke 4&#8243; button_alignment=&raquo;center&raquo; _builder_version=&raquo;4.27.0&#8243; _module_preset=&raquo;default&raquo; custom_button=&raquo;on&raquo; button_text_size=&raquo;22px&raquo; button_text_color=&raquo;#ffffff&raquo; button_bg_color=&raquo;#078743&#8243; button_border_width=&raquo;0px&raquo; button_border_radius=&raquo;10px&raquo; button_letter_spacing=&raquo;2px&raquo; button_font=&raquo;&#8211;et_global_heading_font|||on|||||&raquo; button_icon=&raquo;&#x49;||divi||400&#8243; background_layout=&raquo;dark&raquo; custom_css_main_element=&raquo;width: 80%;&raquo; global_colors_info=&raquo;{}&raquo;][\/et_pb_button][et_pb_button button_url=&raquo;https:\/\/site.uit.no\/arcticyouth\/hva_gjor_vi\/arbeidspakke-5&#8243; url_new_window=&raquo;on&raquo; button_text=&raquo;Arbeidspakke 5&#8243; button_alignment=&raquo;center&raquo; _builder_version=&raquo;4.27.0&#8243; _module_preset=&raquo;default&raquo; custom_button=&raquo;on&raquo; button_text_size=&raquo;22px&raquo; button_text_color=&raquo;#ffffff&raquo; button_bg_color=&raquo;#E3531D&raquo; button_border_width=&raquo;0px&raquo; button_border_color=&raquo;RGBA(255,255,255,0)&raquo; button_border_radius=&raquo;10px&raquo; button_letter_spacing=&raquo;2px&raquo; button_font=&raquo;&#8211;et_global_heading_font|||on|||||&raquo; button_icon=&raquo;&#x49;||divi||400&#8243; background_layout=&raquo;dark&raquo; custom_css_main_element=&raquo;width: 80%;&raquo; global_colors_info=&raquo;{}&raquo;][\/et_pb_button][et_pb_button button_url=&raquo;https:\/\/site.uit.no\/arcticyouth\/hva_gjor_vi\/arbeidspakke-1&#8243; url_new_window=&raquo;on&raquo; button_text=&raquo;Digital innovasjon&raquo; button_alignment=&raquo;center&raquo; _builder_version=&raquo;4.27.0&#8243; _module_preset=&raquo;default&raquo; custom_button=&raquo;on&raquo; button_text_size=&raquo;22px&raquo; button_text_color=&raquo;#ffffff&raquo; button_bg_color=&raquo;#E63372&#8243; button_border_width=&raquo;0px&raquo; button_border_radius=&raquo;10px&raquo; button_letter_spacing=&raquo;2px&raquo; button_font=&raquo;&#8211;et_global_heading_font|||on|||||&raquo; button_icon=&raquo;&#x49;||divi||400&#8243; background_layout=&raquo;dark&raquo; custom_css_main_element=&raquo;width: 80%;&raquo; global_colors_info=&raquo;{}&raquo;][\/et_pb_button][\/et_pb_column][\/et_pb_row][et_pb_row column_structure=&raquo;2_5,3_5&#8243; _builder_version=&raquo;4.27.0&#8243; _module_preset=&raquo;default&raquo; custom_padding=&raquo;3px|||||&raquo; global_colors_info=&raquo;{}&raquo;][et_pb_column type=&raquo;2_5&#8243; _builder_version=&raquo;4.27.0&#8243; _module_preset=&raquo;default&raquo; global_colors_info=&raquo;{}&raquo;][et_pb_image src=&raquo;https:\/\/site.uit.no\/arcticyouth\/wp-content\/uploads\/sites\/525\/2024\/12\/20241101.png&raquo; title_text=&raquo;20241101&#8243; align=&raquo;center&raquo; _builder_version=&raquo;4.27.0&#8243; _module_preset=&raquo;default&raquo; module_alignment=&raquo;center&raquo; custom_margin=&raquo;33px||||false|false&raquo; global_colors_info=&raquo;{}&raquo;][\/et_pb_image][\/et_pb_column][et_pb_column type=&raquo;3_5&#8243; _builder_version=&raquo;4.27.0&#8243; _module_preset=&raquo;default&raquo; global_colors_info=&raquo;{}&raquo;][et_pb_text admin_label=&raquo;Text&raquo; _builder_version=&raquo;4.27.0&#8243; text_font=&raquo;|300|||||||&raquo; text_line_height=&raquo;1.8em&raquo; background_size=&raquo;initial&raquo; background_position=&raquo;top_left&raquo; background_repeat=&raquo;repeat&raquo; global_colors_info=&raquo;{}&raquo;]<ul style=\"text-align: justify\"><\/ul>\n<p style=\"text-align: justify\">Arctic Youth ledes av Institutt for barnevern og sosialt arbeid, i samarbeid med Institutt for l\u00e6rerutdanning og pedagogikk, Institutt for helse og omsorgsfag, Institutt for spr\u00e5k og kultur, Senter for fredsstudier, HelPed og Result ved UiT Norges Arktiske Universitet. Dette er en felles satsning fra UiT, som understreker betydningen av tverrprofesjonell samhandling for \u00e5 m\u00f8te utfordringene vi st\u00e5r overfor i utdanning, praksis og forskning.<\/p>\n<p style=\"text-align: justify\">Vi forsker p\u00e5 hva som kan \u00f8ke utsatte barn og unges f\u00f8lelse av \u00e5 bli verdsatt i hverdagen. B\u00e5de den individuelle og den kollektive f\u00f8lelsen av \u00e5 bety noe i hverdagslivet, er viktig for \u00e5 kunne styrke en god f\u00f8lelse av egenverdi og tilh\u00f8righet i lokalsamfunnet. Medvirkning og myndiggj\u00f8ring er avgj\u00f8rende for at alle barn og unge skal kunne trives og ha en god livskvalitet i hverdagen.<\/p>\n<div id=\"wp-block-themeisle-blocks-advanced-columns-1f4477d4\" class=\"wp-block-themeisle-blocks-advanced-columns has-1-columns has-desktop-equal-layout has-tablet-equal-layout has-mobile-equal-layout has-vertical-unset\" style=\"text-align: justify\">\n<div class=\"innerblocks-wrap\">\n<div id=\"wp-block-themeisle-blocks-advanced-column-41c2c202\" class=\"wp-block-themeisle-blocks-advanced-column\">\n<p><\/p>\n<\/div>\n<\/div>\n<\/div>\n<p><\/p>[\/et_pb_text][\/et_pb_column][\/et_pb_row][et_pb_row column_structure=&raquo;3_5,2_5&#8243; _builder_version=&raquo;4.27.0&#8243; _module_preset=&raquo;default&raquo; custom_padding=&raquo;3px|||||&raquo; global_colors_info=&raquo;{}&raquo;][et_pb_column type=&raquo;3_5&#8243; _builder_version=&raquo;4.27.0&#8243; _module_preset=&raquo;default&raquo; global_colors_info=&raquo;{}&raquo;][et_pb_text admin_label=&raquo;Text&raquo; _builder_version=&raquo;4.27.0&#8243; text_font=&raquo;|300|||||||&raquo; text_line_height=&raquo;1.8em&raquo; background_size=&raquo;initial&raquo; background_position=&raquo;top_left&raquo; background_repeat=&raquo;repeat&raquo; global_colors_info=&raquo;{}&raquo;]<p style=\"text-align: justify\">P\u00e5 senteret er det en stor grad av brukermedvirkning og samarbeidsbasert forskning. Forskerne samarbeider med sentrale brukerorganisasjoner p\u00e5 feltet, som BAR (Barn av rusmisbrukere), Headspace, Marborg og Alarm. Vi samarbeider ogs\u00e5 med Redd Barna, KS (Kommunenes Sentralforbund), NAV, NASAK, Troms\u00f8 kommune. L\u00e6rere og studenter p\u00e5 l\u00e6rerutdanningen, helsesykepleierutdanningen og utdanningene for barnevernspedagoger og sosialarbeidere er ogs\u00e5 viktige deltakere. Senteret vil ha en oppmerksomhet rettet mot samiske og kvenske barn og unges behov.<\/p>\n<p style=\"text-align: justify\">I tillegg til disse samarbeidspartnerne, er det ogs\u00e5 erfarne forskere fra Canada, England, Finland, Malta, Spania, Sverige, S\u00f8r-Afrika og USA med i det internasjonale panelet.<\/p>\n<div id=\"wp-block-themeisle-blocks-advanced-columns-1f4477d4\" class=\"wp-block-themeisle-blocks-advanced-columns has-1-columns has-desktop-equal-layout has-tablet-equal-layout has-mobile-equal-layout has-vertical-unset\" style=\"text-align: justify\">\n<div class=\"innerblocks-wrap\">\n<div id=\"wp-block-themeisle-blocks-advanced-column-41c2c202\" class=\"wp-block-themeisle-blocks-advanced-column\">\n<p><\/p>\n<\/div>\n<\/div>\n<\/div>\n<p><\/p>[\/et_pb_text][\/et_pb_column][et_pb_column type=&raquo;2_5&#8243; _builder_version=&raquo;4.27.0&#8243; _module_preset=&raquo;default&raquo; global_colors_info=&raquo;{}&raquo;][et_pb_image src=&raquo;https:\/\/site.uit.no\/arcticyouth\/wp-content\/uploads\/sites\/525\/2024\/12\/AY-All-logos.png&raquo; alt=&raquo;Logos of the following associations: Headspace, BAR, Marborg, A-larm, Redd Barna, KS, NAV, NASAK, Troms\u00f8 Kommune, Nye M\u00f8nstre, True North Troms\u00f8 2026&#8243; title_text=&raquo;AY All logos&raquo; _builder_version=&raquo;4.27.0&#8243; _module_preset=&raquo;default&raquo; custom_padding=&raquo;14px|||||&raquo; global_colors_info=&raquo;{}&raquo;][\/et_pb_image][\/et_pb_column][\/et_pb_row][\/et_pb_section][et_pb_section fb_built=&raquo;1&#8243; _builder_version=&raquo;4.27.0&#8243; _module_preset=&raquo;default&raquo; global_colors_info=&raquo;{}&raquo;][\/et_pb_section]","protected":false},"excerpt":{"rendered":"<p>Vi skal forske p\u00e5 hva som kan \u00f8ke utsatte barn og unges f\u00f8lelse av \u00e5 bli verdsatt i hverdagen.Vi er et forskningssenter som styrker trivsel, myndiggj\u00f8ring, tilh\u00f8righet og fremmer god livskvalitet for barn og unge i nord. M\u00e5let er \u00e5 forbedre profesjonsutdanningene som arbeider med barn og unge, slik at de i st\u00f8rre grad m\u00f8ter [&hellip;]<\/p>\n","protected":false},"author":123681,"featured_media":0,"parent":0,"menu_order":0,"comment_status":"closed","ping_status":"closed","template":"","meta":{"_et_pb_use_builder":"on","_et_pb_old_content":"","_et_gb_content_width":"","footnotes":""},"class_list":["post-428","page","type-page","status-publish","hentry"],"_links":{"self":[{"href":"https:\/\/site.uit.no\/arcticyouth\/wp-json\/wp\/v2\/pages\/428","targetHints":{"allow":["GET"]}}],"collection":[{"href":"https:\/\/site.uit.no\/arcticyouth\/wp-json\/wp\/v2\/pages"}],"about":[{"href":"https:\/\/site.uit.no\/arcticyouth\/wp-json\/wp\/v2\/types\/page"}],"author":[{"embeddable":true,"href":"https:\/\/site.uit.no\/arcticyouth\/wp-json\/wp\/v2\/users\/123681"}],"replies":[{"embeddable":true,"href":"https:\/\/site.uit.no\/arcticyouth\/wp-json\/wp\/v2\/comments?post=428"}],"version-history":[{"count":3,"href":"https:\/\/site.uit.no\/arcticyouth\/wp-json\/wp\/v2\/pages\/428\/revisions"}],"predecessor-version":[{"id":829,"href":"https:\/\/site.uit.no\/arcticyouth\/wp-json\/wp\/v2\/pages\/428\/revisions\/829"}],"wp:attachment":[{"href":"https:\/\/site.uit.no\/arcticyouth\/wp-json\/wp\/v2\/media?parent=428"}],"curies":[{"name":"wp","href":"https:\/\/api.w.org\/{rel}","templated":true}]}}