{"id":515,"date":"2024-12-16T11:41:44","date_gmt":"2024-12-16T10:41:44","guid":{"rendered":"https:\/\/site.uit.no\/arcticyouth\/?page_id=515"},"modified":"2025-04-15T11:21:58","modified_gmt":"2025-04-15T09:21:58","slug":"digital-innovasjon","status":"publish","type":"page","link":"https:\/\/site.uit.no\/arcticyouth\/hva_gjor_vi\/digital-innovasjon\/","title":{"rendered":"Digital innovasjon"},"content":{"rendered":"<p>[et_pb_section fb_built=&raquo;1&#8243; _builder_version=&raquo;4.27.0&#8243; _module_preset=&raquo;default&raquo; background_image=&raquo;https:\/\/site.uit.no\/arcticyouth\/wp-content\/uploads\/sites\/525\/2024\/12\/AY-Banners-2.png&raquo; parallax=&raquo;on&raquo; custom_padding=&raquo;26px||1px|||&raquo; hover_enabled=&raquo;0&#8243; locked=&raquo;off&raquo; global_colors_info=&raquo;{}&raquo; title_text=&raquo;AY Banners&raquo; sticky_enabled=&raquo;0&#8243; parallax_method=&raquo;off&raquo;][et_pb_row _builder_version=&raquo;4.27.0&#8243; _module_preset=&raquo;default&raquo; background_image=&raquo;https:\/\/site.uit.no\/arcticyouth\/wp-content\/uploads\/sites\/525\/2024\/12\/AY_Banner_narrow-6.png&raquo; parallax=&raquo;on&raquo; background_pattern_vertical_offset=&raquo;-15%&raquo; background_pattern_repeat=&raquo;repeat-x&raquo; min_height=&raquo;147px&raquo; custom_padding=&raquo;||25px|||&raquo; locked=&raquo;off&raquo; global_colors_info=&raquo;{}&raquo;][et_pb_column type=&raquo;4_4&#8243; _builder_version=&raquo;4.27.0&#8243; _module_preset=&raquo;default&raquo; global_colors_info=&raquo;{}&raquo;][et_pb_heading title=&raquo;Hva jobber vi med?&raquo; _builder_version=&raquo;4.27.0&#8243; _module_preset=&raquo;default&raquo; title_font=&raquo;Fredoka|||on|||||&raquo; title_text_color=&raquo;#e63372&#8243; title_font_size=&raquo;49px&raquo; custom_margin=&raquo;|||-83px|false|false&raquo; custom_margin_tablet=&raquo;|||0px|false|false&raquo; custom_margin_phone=&raquo;|||0px|false|false&raquo; custom_margin_last_edited=&raquo;on|tablet&raquo; custom_padding=&raquo;|||0px|false|false&raquo; title_font_size_tablet=&raquo;49px&raquo; title_font_size_phone=&raquo;36px&raquo; title_font_size_last_edited=&raquo;on|phone&raquo; global_colors_info=&raquo;{}&raquo;][\/et_pb_heading][\/et_pb_column][\/et_pb_row][et_pb_row column_structure=&raquo;3_5,2_5&#8243; _builder_version=&raquo;4.27.0&#8243; _module_preset=&raquo;default&raquo; custom_padding=&raquo;||85px|||&raquo; global_colors_info=&raquo;{}&raquo;][et_pb_column type=&raquo;3_5&#8243; _builder_version=&raquo;4.27.0&#8243; _module_preset=&raquo;default&raquo; global_colors_info=&raquo;{}&raquo;][et_pb_blurb image_icon_width=&raquo;36px&raquo; icon_alignment=&raquo;left&raquo; content_max_width=&raquo;683px&raquo; _builder_version=&raquo;4.27.0&#8243; _module_preset=&raquo;default&raquo; header_font=&raquo;Fredoka||||||||&raquo; body_font=&raquo;Fredoka|||on|||||&raquo; body_text_align=&raquo;justify&raquo; body_text_color=&raquo;#E63372&#8243; body_font_size=&raquo;25px&raquo; body_line_height=&raquo;1.3em&raquo; text_orientation=&raquo;justified&raquo; custom_margin=&raquo;0px|||-62px|false|false&raquo; global_colors_info=&raquo;{}&raquo;]<\/p>\n<p>digital innovasjon i profesjonsutdanningene<\/p>\n<p>[\/et_pb_blurb][et_pb_text _builder_version=&raquo;4.27.0&#8243; _module_preset=&raquo;default&raquo; text_font=&raquo;&#8211;et_global_body_font|300|||||||&raquo; text_font_size=&raquo;17px&raquo; text_line_height=&raquo;1.8em&raquo; text_orientation=&raquo;justified&raquo; global_colors_info=&raquo;{}&raquo;]<\/p>\n<p>Digital innovasjon skal gjennomf\u00f8res ved \u00e5 implementere tverrfaglige strategier som fremmer samarbeid og kreativitet p\u00e5 tvers av arbeidsgruppene. Innovasjonsarbeidet vil blant annet inkludere tverrfaglig samarbeid, id\u00e9dugnader, bruk av ulike digitale verkt\u00f8y, bruk av felles digital plattform og en dynamisk nettside med ulike funksjoner, der arbeidsgruppene kan dele ideer, fremdrift og resultater. Digital innovasjon skal fungere som en ressurs for gjensidig l\u00e6ring og gi alle arbeidsgruppene tilgang til hverandres innsikter og erfaringer. Basert p\u00e5 tilbakemeldinger og ny kunnskap, vil det arbeides for \u00e5 skape en kultur for l\u00e6ring der man stadig tilpasser seg og forbedrer, noe som er viktig for innovasjon.<\/p>\n<p>[\/et_pb_text][\/et_pb_column][et_pb_column type=&raquo;2_5&#8243; _builder_version=&raquo;4.27.0&#8243; _module_preset=&raquo;default&raquo; global_colors_info=&raquo;{}&raquo;][et_pb_image src=&raquo;https:\/\/site.uit.no\/arcticyouth\/wp-content\/uploads\/sites\/525\/2024\/12\/AP-6.png&raquo; title_text=&raquo;AP (6)&raquo; _builder_version=&raquo;4.27.0&#8243; _module_preset=&raquo;default&raquo; global_colors_info=&raquo;{}&raquo;][\/et_pb_image][\/et_pb_column][\/et_pb_row][et_pb_row disabled_on=&raquo;on|on|on&raquo; _builder_version=&raquo;4.27.0&#8243; _module_preset=&raquo;default&raquo; background_image=&raquo;https:\/\/site.uit.no\/arcticyouth\/wp-content\/uploads\/sites\/525\/2024\/12\/AY_Banner_narrow-4.png&raquo; parallax=&raquo;on&raquo; background_pattern_vertical_offset=&raquo;-15%&raquo; background_pattern_repeat=&raquo;repeat-x&raquo; min_height=&raquo;147px&raquo; custom_padding=&raquo;||25px|||&raquo; disabled=&raquo;on&raquo; locked=&raquo;off&raquo; global_colors_info=&raquo;{}&raquo;][et_pb_column type=&raquo;4_4&#8243; _builder_version=&raquo;4.27.0&#8243; _module_preset=&raquo;default&raquo; global_colors_info=&raquo;{}&raquo;][et_pb_heading title=&raquo;Hvem jobber med digital innovasjon?&raquo; _builder_version=&raquo;4.27.0&#8243; _module_preset=&raquo;default&raquo; title_font=&raquo;Fredoka|||on|||||&raquo; title_text_color=&raquo;#e63372&#8243; title_font_size=&raquo;49px&raquo; custom_margin=&raquo;|||-83px|false|false&raquo; custom_margin_tablet=&raquo;|||0px|false|false&raquo; custom_margin_phone=&raquo;|||0px|false|false&raquo; custom_margin_last_edited=&raquo;on|tablet&raquo; custom_padding=&raquo;|||0px|false|false&raquo; title_font_size_tablet=&raquo;49px&raquo; title_font_size_phone=&raquo;36px&raquo; title_font_size_last_edited=&raquo;on|phone&raquo; global_colors_info=&raquo;{}&raquo;][\/et_pb_heading][\/et_pb_column][\/et_pb_row][et_pb_row column_structure=&raquo;1_4,1_4,1_4,1_4&#8243; make_equal=&raquo;on&raquo; disabled_on=&raquo;on|on|on&raquo; _builder_version=&raquo;4.27.0&#8243; _module_preset=&raquo;default&raquo; module_alignment=&raquo;center&raquo; locked=&raquo;off&raquo; global_colors_info=&raquo;{}&raquo;][et_pb_column type=&raquo;1_4&#8243; _builder_version=&raquo;4.27.0&#8243; _module_preset=&raquo;default&raquo; global_colors_info=&raquo;{}&raquo;][et_pb_image src=&raquo;https:\/\/site.uit.no\/arcticyouth\/wp-content\/uploads\/sites\/525\/2024\/12\/Square-photo-BLANK.png&raquo; title_text=&raquo;Square photo BLANK&raquo; _builder_version=&raquo;4.27.0&#8243; _module_preset=&raquo;default&raquo; border_width_all=&raquo;1px&raquo; global_colors_info=&raquo;{}&raquo;][\/et_pb_image][\/et_pb_column][et_pb_column type=&raquo;1_4&#8243; _builder_version=&raquo;4.27.0&#8243; _module_preset=&raquo;default&raquo; global_colors_info=&raquo;{}&raquo;][et_pb_text _builder_version=&raquo;4.27.0&#8243; _module_preset=&raquo;default&raquo; text_font=&raquo;|300|||||||&raquo; header_font=&raquo;Fredoka|500||on|||||&raquo; header_text_color=&raquo;#E63372&#8243; header_font_size=&raquo;24px&raquo; header_2_font=&raquo;Fredoka||||||||&raquo; header_2_font_size=&raquo;19px&raquo; text_orientation=&raquo;justified&raquo; global_colors_info=&raquo;{}&raquo;]<\/p>\n<h1>NAME_SURNAME<\/h1>\n<h2>TITLE<\/h2>\n<p>Short_bio_text_text_text_text_text_text_text_text_text_text_text_text_text_text_text_text_text_text_text_text_text_text_text_text_text_text_text_text_text_text_text_text_text_text_text_text_text_text_text_text_text_text_text_<\/p>\n<p>[\/et_pb_text][\/et_pb_column][et_pb_column type=&raquo;1_4&#8243; _builder_version=&raquo;4.27.0&#8243; _module_preset=&raquo;default&raquo; global_colors_info=&raquo;{}&raquo;][et_pb_image src=&raquo;https:\/\/site.uit.no\/arcticyouth\/wp-content\/uploads\/sites\/525\/2024\/12\/Square-photo-BLANK.png&raquo; title_text=&raquo;Square photo BLANK&raquo; _builder_version=&raquo;4.27.0&#8243; _module_preset=&raquo;default&raquo; border_width_all=&raquo;1px&raquo; global_colors_info=&raquo;{}&raquo;][\/et_pb_image][\/et_pb_column][et_pb_column type=&raquo;1_4&#8243; _builder_version=&raquo;4.27.0&#8243; _module_preset=&raquo;default&raquo; global_colors_info=&raquo;{}&raquo;][et_pb_text _builder_version=&raquo;4.27.0&#8243; _module_preset=&raquo;default&raquo; text_font=&raquo;|300|||||||&raquo; header_font=&raquo;Fredoka|500||on|||||&raquo; header_text_color=&raquo;#E63372&#8243; header_font_size=&raquo;24px&raquo; header_2_font=&raquo;Fredoka||||||||&raquo; header_2_font_size=&raquo;19px&raquo; text_orientation=&raquo;justified&raquo; global_colors_info=&raquo;{}&raquo;]<\/p>\n<h1>NAME_SURNAME<\/h1>\n<h2>TITLE<\/h2>\n<p>Short_bio_text_text_text_text_text_text_text_text_text_text_text_text_text_text_text_text_text_text_text_text_text_text_text_text_text_text_text_text_text_text_text_text_text_text_text_text_text_text_text_text_text_text_text_<\/p>\n<p>[\/et_pb_text][\/et_pb_column][\/et_pb_row][et_pb_row column_structure=&raquo;1_4,1_4,1_4,1_4&#8243; make_equal=&raquo;on&raquo; disabled_on=&raquo;on|on|on&raquo; _builder_version=&raquo;4.27.0&#8243; _module_preset=&raquo;default&raquo; module_alignment=&raquo;center&raquo; locked=&raquo;off&raquo; global_colors_info=&raquo;{}&raquo;][et_pb_column type=&raquo;1_4&#8243; _builder_version=&raquo;4.27.0&#8243; _module_preset=&raquo;default&raquo; global_colors_info=&raquo;{}&raquo;][et_pb_image src=&raquo;https:\/\/site.uit.no\/arcticyouth\/wp-content\/uploads\/sites\/525\/2024\/12\/Square-photo-BLANK.png&raquo; title_text=&raquo;Square photo BLANK&raquo; _builder_version=&raquo;4.27.0&#8243; _module_preset=&raquo;default&raquo; border_width_all=&raquo;1px&raquo; global_colors_info=&raquo;{}&raquo;][\/et_pb_image][\/et_pb_column][et_pb_column type=&raquo;1_4&#8243; _builder_version=&raquo;4.27.0&#8243; _module_preset=&raquo;default&raquo; global_colors_info=&raquo;{}&raquo;][et_pb_text _builder_version=&raquo;4.27.0&#8243; _module_preset=&raquo;default&raquo; text_font=&raquo;|300|||||||&raquo; header_font=&raquo;Fredoka|500||on|||||&raquo; header_text_color=&raquo;#E63372&#8243; header_font_size=&raquo;24px&raquo; header_2_font=&raquo;Fredoka||||||||&raquo; header_2_font_size=&raquo;19px&raquo; text_orientation=&raquo;justified&raquo; global_colors_info=&raquo;{}&raquo;]<\/p>\n<h1>NAME_SURNAME<\/h1>\n<h2>TITLE<\/h2>\n<p>Short_bio_text_text_text_text_text_text_text_text_text_text_text_text_text_text_text_text_text_text_text_text_text_text_text_text_text_text_text_text_text_text_text_text_text_text_text_text_text_text_text_text_text_text_text_<\/p>\n<p>[\/et_pb_text][\/et_pb_column][et_pb_column type=&raquo;1_4&#8243; _builder_version=&raquo;4.27.0&#8243; _module_preset=&raquo;default&raquo; global_colors_info=&raquo;{}&raquo;][et_pb_image src=&raquo;https:\/\/site.uit.no\/arcticyouth\/wp-content\/uploads\/sites\/525\/2024\/12\/Square-photo-BLANK.png&raquo; title_text=&raquo;Square photo BLANK&raquo; _builder_version=&raquo;4.27.0&#8243; _module_preset=&raquo;default&raquo; border_width_all=&raquo;1px&raquo; global_colors_info=&raquo;{}&raquo;][\/et_pb_image][\/et_pb_column][et_pb_column type=&raquo;1_4&#8243; _builder_version=&raquo;4.27.0&#8243; _module_preset=&raquo;default&raquo; global_colors_info=&raquo;{}&raquo;][et_pb_text _builder_version=&raquo;4.27.0&#8243; _module_preset=&raquo;default&raquo; text_font=&raquo;|300|||||||&raquo; header_font=&raquo;Fredoka|500||on|||||&raquo; header_text_color=&raquo;#E63372&#8243; header_font_size=&raquo;24px&raquo; header_2_font=&raquo;Fredoka||||||||&raquo; header_2_font_size=&raquo;19px&raquo; text_orientation=&raquo;justified&raquo; global_colors_info=&raquo;{}&raquo;]<\/p>\n<h1>NAME_SURNAME<\/h1>\n<h2>TITLE<\/h2>\n<p>Short_bio_text_text_text_text_text_text_text_text_text_text_text_text_text_text_text_text_text_text_text_text_text_text_text_text_text_text_text_text_text_text_text_text_text_text_text_text_text_text_text_text_text_text_text_<\/p>\n<p>[\/et_pb_text][\/et_pb_column][\/et_pb_row][et_pb_row column_structure=&raquo;1_4,1_4,1_4,1_4&#8243; make_equal=&raquo;on&raquo; disabled_on=&raquo;on|on|on&raquo; _builder_version=&raquo;4.27.0&#8243; _module_preset=&raquo;default&raquo; module_alignment=&raquo;center&raquo; locked=&raquo;off&raquo; global_colors_info=&raquo;{}&raquo;][et_pb_column type=&raquo;1_4&#8243; _builder_version=&raquo;4.27.0&#8243; _module_preset=&raquo;default&raquo; global_colors_info=&raquo;{}&raquo;][et_pb_image src=&raquo;https:\/\/site.uit.no\/arcticyouth\/wp-content\/uploads\/sites\/525\/2024\/12\/Square-photo-BLANK.png&raquo; title_text=&raquo;Square photo BLANK&raquo; _builder_version=&raquo;4.27.0&#8243; _module_preset=&raquo;default&raquo; border_width_all=&raquo;1px&raquo; global_colors_info=&raquo;{}&raquo;][\/et_pb_image][\/et_pb_column][et_pb_column type=&raquo;1_4&#8243; _builder_version=&raquo;4.27.0&#8243; _module_preset=&raquo;default&raquo; global_colors_info=&raquo;{}&raquo;][et_pb_text _builder_version=&raquo;4.27.0&#8243; _module_preset=&raquo;default&raquo; text_font=&raquo;|300|||||||&raquo; header_font=&raquo;Fredoka|500||on|||||&raquo; header_text_color=&raquo;#E63372&#8243; header_font_size=&raquo;24px&raquo; header_2_font=&raquo;Fredoka||||||||&raquo; header_2_font_size=&raquo;19px&raquo; text_orientation=&raquo;justified&raquo; global_colors_info=&raquo;{}&raquo;]<\/p>\n<h1>NAME_SURNAME<\/h1>\n<h2>TITLE<\/h2>\n<p>Short_bio_text_text_text_text_text_text_text_text_text_text_text_text_text_text_text_text_text_text_text_text_text_text_text_text_text_text_text_text_text_text_text_text_text_text_text_text_text_text_text_text_text_text_text_<\/p>\n<p>[\/et_pb_text][\/et_pb_column][et_pb_column type=&raquo;1_4&#8243; _builder_version=&raquo;4.27.0&#8243; _module_preset=&raquo;default&raquo; global_colors_info=&raquo;{}&raquo;][et_pb_image src=&raquo;https:\/\/site.uit.no\/arcticyouth\/wp-content\/uploads\/sites\/525\/2024\/12\/Square-photo-BLANK.png&raquo; title_text=&raquo;Square photo BLANK&raquo; _builder_version=&raquo;4.27.0&#8243; _module_preset=&raquo;default&raquo; border_width_all=&raquo;1px&raquo; global_colors_info=&raquo;{}&raquo;][\/et_pb_image][\/et_pb_column][et_pb_column type=&raquo;1_4&#8243; _builder_version=&raquo;4.27.0&#8243; _module_preset=&raquo;default&raquo; global_colors_info=&raquo;{}&raquo;][et_pb_text _builder_version=&raquo;4.27.0&#8243; _module_preset=&raquo;default&raquo; text_font=&raquo;|300|||||||&raquo; header_font=&raquo;Fredoka|500||on|||||&raquo; header_text_color=&raquo;#E63372&#8243; header_font_size=&raquo;24px&raquo; header_2_font=&raquo;Fredoka||||||||&raquo; header_2_font_size=&raquo;19px&raquo; text_orientation=&raquo;justified&raquo; global_colors_info=&raquo;{}&raquo;]<\/p>\n<h1>NAME_SURNAME<\/h1>\n<h2>TITLE<\/h2>\n<p>Short_bio_text_text_text_text_text_text_text_text_text_text_text_text_text_text_text_text_text_text_text_text_text_text_text_text_text_text_text_text_text_text_text_text_text_text_text_text_text_text_text_text_text_text_text_<\/p>\n<p>[\/et_pb_text][\/et_pb_column][\/et_pb_row][et_pb_row disabled_on=&raquo;on|on|on&raquo; _builder_version=&raquo;4.27.0&#8243; _module_preset=&raquo;default&raquo; background_image=&raquo;https:\/\/site.uit.no\/arcticyouth\/wp-content\/uploads\/sites\/525\/2024\/12\/AY_Banner_narrow-2.png&raquo; parallax=&raquo;on&raquo; background_pattern_vertical_offset=&raquo;-15%&raquo; background_pattern_repeat=&raquo;repeat-x&raquo; min_height=&raquo;147px&raquo; custom_padding=&raquo;||25px|||&raquo; disabled=&raquo;on&raquo; locked=&raquo;off&raquo; global_colors_info=&raquo;{}&raquo;][et_pb_column type=&raquo;4_4&#8243; _builder_version=&raquo;4.27.0&#8243; _module_preset=&raquo;default&raquo; global_colors_info=&raquo;{}&raquo;][et_pb_heading title=&raquo;Hva skjer med digital innovasjon?&raquo; _builder_version=&raquo;4.27.0&#8243; _module_preset=&raquo;default&raquo; title_font=&raquo;Fredoka|||on|||||&raquo; title_text_color=&raquo;#e63372&#8243; title_font_size=&raquo;49px&raquo; custom_margin=&raquo;|||-83px|false|false&raquo; custom_margin_tablet=&raquo;|||0px|false|false&raquo; custom_margin_phone=&raquo;|||0px|false|false&raquo; custom_margin_last_edited=&raquo;on|tablet&raquo; custom_padding=&raquo;|||0px|false|false&raquo; title_font_size_tablet=&raquo;49px&raquo; title_font_size_phone=&raquo;36px&raquo; title_font_size_last_edited=&raquo;on|phone&raquo; global_colors_info=&raquo;{}&raquo;][\/et_pb_heading][\/et_pb_column][\/et_pb_row][et_pb_row disabled_on=&raquo;on|on|on&raquo; _builder_version=&raquo;4.27.0&#8243; _module_preset=&raquo;default&raquo; disabled=&raquo;on&raquo; global_colors_info=&raquo;{}&raquo;][et_pb_column type=&raquo;4_4&#8243; _builder_version=&raquo;4.27.0&#8243; _module_preset=&raquo;default&raquo; global_colors_info=&raquo;{}&raquo;][et_pb_post_slider include_categories=&raquo;15&#8243; more_text=&raquo;Les mer&raquo; excerpt_length=&raquo;100&#8243; show_meta=&raquo;off&raquo; _builder_version=&raquo;4.27.0&#8243; _module_preset=&raquo;default&raquo; background_color=&raquo;rgba(230,51,114,0.41)&raquo; background_layout=&raquo;light&raquo; display_conditions=&raquo;W3siaWQiOiIxMzQxYzc1Mi00ZTkyLTQ5MzctODQ0Mi0wYjE5YmJiZmE4MzAiLCJjb25kaXRpb24iOiJjYXRlZ29yaWVzIiwiY29uZGl0aW9uU2V0dGluZ3MiOnsiZGlzcGxheVJ1bGUiOiJpcyIsImNhdGVnb3JpZXMiOlt7ImxhYmVsIjoiQVA2IiwidmFsdWUiOiIxNSIsImdyb3VwIjoiQ2F0ZWdvcmllcyIsImdyb3VwU2x1ZyI6ImNhdGVnb3J5IiwiaXNDYXRjaEFsbCI6ZmFsc2V9XSwiYWRtaW5MYWJlbCI6IlBvc3QgQ2F0ZWdvcnkiLCJlbmFibGVDb25kaXRpb24iOiJvbiJ9LCJvcGVyYXRvciI6Ik9SIn1d&raquo; locked=&raquo;off&raquo; global_colors_info=&raquo;{}&raquo;][\/et_pb_post_slider][\/et_pb_column][\/et_pb_row][\/et_pb_section]<\/p>\n","protected":false},"excerpt":{"rendered":"<p>digital innovasjon i profesjonsutdanningeneDigital innovasjon skal gjennomf\u00f8res ved \u00e5 implementere tverrfaglige strategier som fremmer samarbeid og kreativitet p\u00e5 tvers av arbeidsgruppene. Innovasjonsarbeidet vil blant annet inkludere tverrfaglig samarbeid, id\u00e9dugnader, bruk av ulike digitale verkt\u00f8y, bruk av felles digital plattform og en dynamisk nettside med ulike funksjoner, der arbeidsgruppene kan dele ideer, fremdrift og resultater. Digital [&hellip;]<\/p>\n","protected":false},"author":123681,"featured_media":0,"parent":428,"menu_order":6,"comment_status":"closed","ping_status":"closed","template":"","meta":{"_et_pb_use_builder":"on","_et_pb_old_content":"","_et_gb_content_width":"","footnotes":""},"class_list":["post-515","page","type-page","status-publish","hentry"],"_links":{"self":[{"href":"https:\/\/site.uit.no\/arcticyouth\/wp-json\/wp\/v2\/pages\/515","targetHints":{"allow":["GET"]}}],"collection":[{"href":"https:\/\/site.uit.no\/arcticyouth\/wp-json\/wp\/v2\/pages"}],"about":[{"href":"https:\/\/site.uit.no\/arcticyouth\/wp-json\/wp\/v2\/types\/page"}],"author":[{"embeddable":true,"href":"https:\/\/site.uit.no\/arcticyouth\/wp-json\/wp\/v2\/users\/123681"}],"replies":[{"embeddable":true,"href":"https:\/\/site.uit.no\/arcticyouth\/wp-json\/wp\/v2\/comments?post=515"}],"version-history":[{"count":2,"href":"https:\/\/site.uit.no\/arcticyouth\/wp-json\/wp\/v2\/pages\/515\/revisions"}],"predecessor-version":[{"id":823,"href":"https:\/\/site.uit.no\/arcticyouth\/wp-json\/wp\/v2\/pages\/515\/revisions\/823"}],"up":[{"embeddable":true,"href":"https:\/\/site.uit.no\/arcticyouth\/wp-json\/wp\/v2\/pages\/428"}],"wp:attachment":[{"href":"https:\/\/site.uit.no\/arcticyouth\/wp-json\/wp\/v2\/media?parent=515"}],"curies":[{"name":"wp","href":"https:\/\/api.w.org\/{rel}","templated":true}]}}