{"id":8,"date":"2018-06-12T11:30:14","date_gmt":"2018-06-12T09:30:14","guid":{"rendered":"https:\/\/site.uit.no\/balanse\/?page_id=8"},"modified":"2019-11-11T23:46:03","modified_gmt":"2019-11-11T22:46:03","slug":"team","status":"publish","type":"page","link":"https:\/\/site.uit.no\/balanse\/team\/","title":{"rendered":""},"content":{"rendered":"<div class=\"page\" title=\"Page 3\">\n<h2 class=\"layoutArea\">\u00a0<img fetchpriority=\"high\" decoding=\"async\" class=\"aligncenter wp-image-135 \" src=\"https:\/\/site.uit.no\/balanse\/wp-content\/uploads\/sites\/368\/2018\/10\/struktur_prestisje_prosjekt04.jpg\" alt=\"\" width=\"499\" height=\"332\" srcset=\"https:\/\/site.uit.no\/balanse\/wp-content\/uploads\/sites\/368\/2018\/10\/struktur_prestisje_prosjekt04.jpg 1335w, https:\/\/site.uit.no\/balanse\/wp-content\/uploads\/sites\/368\/2018\/10\/struktur_prestisje_prosjekt04-300x200.jpg 300w, https:\/\/site.uit.no\/balanse\/wp-content\/uploads\/sites\/368\/2018\/10\/struktur_prestisje_prosjekt04-768x511.jpg 768w, https:\/\/site.uit.no\/balanse\/wp-content\/uploads\/sites\/368\/2018\/10\/struktur_prestisje_prosjekt04-1024x682.jpg 1024w\" sizes=\"(max-width: 499px) 100vw, 499px\" \/><\/h2>\n<\/div>\n<h2><\/h2>\n<h2><strong>Forskningsgruppe ved UiT&#8217;s Senter for kvinne- og kj\u00f8nnsforskning<\/strong><\/h2>\n<ul>\n<li>Kjersti Fj\u00f8rtoft<\/li>\n<li>Sigfrid Kjeldaas<\/li>\n<li>Katrin Losleben<\/li>\n<li>Lilli Mittner<\/li>\n<li>Malin R\u00f6nnblom<\/li>\n<li>Deatra Walsh<\/li>\n<\/ul>\n<h2><strong>Styringsgruppe<\/strong><\/h2>\n<ul>\n<li>Kenneth Ruud (Prosjektleder <em>Prestisje<\/em>-prosjektet)<\/li>\n<li>Hege Skogvang (Sekret\u00e6r Likestillingsutvalg ved UiT)<\/li>\n<li>Ann Therese Lotherington (Prodekan for forskning HSL, tidligere leder ved Senter for kvinne- og kj\u00f8nnsforskning)<\/li>\n<li>Hilde S. Blix (Leder av BALANSE-prosjekt &#8220;Kj\u00f8nn og skj\u00f8nn&#8221; ved Det kunstfaglige fakultet ved UiT 2015-2018)<\/li>\n<li>Gry Brandser (ekstern)<\/li>\n<li>Sigfrid Kjeldaas (Prosjektkoordinator <em>Prestisje<\/em>-prosjektet, sekret\u00e6r i styringsgruppen)<\/li>\n<\/ul>\n<h2 class=\"layoutArea\"><\/h2>\n<p>&nbsp;<\/p>\n<h2>M\u00f8t menneskene bak prosjektet<\/h2>\n<p>&nbsp;<\/p>\n<p>&nbsp;<\/p>\n<p><strong><img decoding=\"async\" class=\"wp-image-140 alignleft\" src=\"https:\/\/site.uit.no\/balanse\/wp-content\/uploads\/sites\/368\/2018\/10\/Hilde_Blix-237x300.png\" alt=\"\" width=\"152\" height=\"192\" srcset=\"https:\/\/site.uit.no\/balanse\/wp-content\/uploads\/sites\/368\/2018\/10\/Hilde_Blix-237x300.png 237w, https:\/\/site.uit.no\/balanse\/wp-content\/uploads\/sites\/368\/2018\/10\/Hilde_Blix.png 675w\" sizes=\"(max-width: 152px) 100vw, 152px\" \/><\/strong><strong>Hilde Synn\u00f8ve Blix<\/strong>\u00a0er dosent (ph.d.) i h\u00f8rel\u00e6re og musikkpedagogikk og ansatt p\u00e5 Musikkonservatoriet ved UiT \u2013 Norges arktiske universitet. Hun ledet BALANSE prosjektet <a href=\"https:\/\/intranett.uit.no\/prosjekter\/prosjekt?p_document_id=549136\">\u00abKj\u00f8nn og skj\u00f8nn\u00bb<\/a> (NFR 2015-2018) ved Det kunstfaglige fakultet ved UiT og utviklet i denne sammenheng \u00ab<a href=\"http:\/\/kjonnsforskning.no\/nb\/2017\/01\/framsnakk-som-likestillingstiltak\">Framsnakk som likestillingstiltak<\/a>\u00bb. Hilde har holdt flere popul\u00e6rvitenskapelige foredrag om likestilling og kj\u00f8nn i musikkfeltet og er spesielt engasjert i likestillingsarbeid i akademia og kunstfeltet. Hun er medlem i \u00abKomit\u00e9 for kj\u00f8nnsbalanse og mangfold i forskning (Kif)\u00bb nedsatt av Kunnskapsdepartementet 2018\u20132021. I 2017 mottok hun UiTs likestillingspris.<\/p>\n<p>&nbsp;<\/p>\n<p><strong>Gry Brandser<\/strong><\/p>\n<p>&#8211; kommer snart &#8211;<\/p>\n<p>&nbsp;<\/p>\n<p>&nbsp;<\/p>\n<p><strong><img decoding=\"async\" class=\" wp-image-139 alignleft\" src=\"https:\/\/site.uit.no\/balanse\/wp-content\/uploads\/sites\/368\/2018\/10\/KJERSTI-FJ\u00d8RTOFT-K98A9710-200x300.jpg\" alt=\"\" width=\"134\" height=\"200\" srcset=\"https:\/\/site.uit.no\/balanse\/wp-content\/uploads\/sites\/368\/2018\/10\/KJERSTI-FJ\u00d8RTOFT-K98A9710-200x300.jpg 200w, https:\/\/site.uit.no\/balanse\/wp-content\/uploads\/sites\/368\/2018\/10\/KJERSTI-FJ\u00d8RTOFT-K98A9710-768x1152.jpg 768w, https:\/\/site.uit.no\/balanse\/wp-content\/uploads\/sites\/368\/2018\/10\/KJERSTI-FJ\u00d8RTOFT-K98A9710-683x1024.jpg 683w\" sizes=\"(max-width: 134px) 100vw, 134px\" \/><\/strong><strong>Kjersti Fj\u00f8rtoft <\/strong>er professor i filosofi ved institutt for filosofi.\u00a0Hennes forskningsinteresser omfatter (1) feministisk filosofi, herunder teorier om kj\u00f8nnsrettferdighet og (2) politiske filosofi, herunder rettferdighetsteori, demokratiteori og teorier om demokratisk medborgerskap. Kjersti har tidligere v\u00e6rt medlem av Nasjonalforskningsetisk komite for humaniora og samfunnsfag og regional forskningsetisk komite for medisin og helsefag.\u00a0I <em>Prestisje<\/em>-prosjektet skal hun har spesielt ansvar for arbeidspakke IV.<\/p>\n<p>&nbsp;<\/p>\n<p>&nbsp;<\/p>\n<p><strong><img loading=\"lazy\" decoding=\"async\" class=\"wp-image-211 alignleft\" src=\"https:\/\/site.uit.no\/balanse\/wp-content\/uploads\/sites\/368\/2018\/10\/jesper_fundberg-300x194.jpeg\" alt=\"\" width=\"241\" height=\"156\" srcset=\"https:\/\/site.uit.no\/balanse\/wp-content\/uploads\/sites\/368\/2018\/10\/jesper_fundberg-300x194.jpeg 300w, https:\/\/site.uit.no\/balanse\/wp-content\/uploads\/sites\/368\/2018\/10\/jesper_fundberg.jpeg 500w\" sizes=\"(max-width: 241px) 100vw, 241px\" \/>Jesper Fundberg<\/strong> \u00e4r fil dr i etnologi och lektor vid Malm\u00f6 universitet. Han har framf\u00f6rallt arbetat med kritisk maskulinitetsforskning och fokuserat p\u00e5 hur m\u00e4ns \u00f6verordning tar sig uttryck i olika kontexter; i idrott, i akademin och i n\u00e4ringslivets ledningsgrupper. Fundberg har varit senior utredare p\u00e5 J\u00e4mst\u00e4lldhetsmyndigheten och under m\u00e5nga \u00e5r arbetat som konsult i fr\u00e5gor som r\u00f6r k\u00f6n och makt, fr\u00e4mst i riktade insatser mot m\u00e4n. F\u00f6r n\u00e4rvarande arbetar han med att integrera k\u00f6n och makt polisutbildning vid Malm\u00f6 universitet och i den svenska Polismyndighetens chefsutbildningar.<\/p>\n<p>&nbsp;<\/p>\n<p>&nbsp;<\/p>\n<p><strong><img loading=\"lazy\" decoding=\"async\" class=\"wp-image-199 alignleft\" src=\"https:\/\/site.uit.no\/balanse\/wp-content\/uploads\/sites\/368\/2018\/10\/SIGFRID-KJELDAAS-K98A7728-214x300.jpg\" alt=\"\" width=\"144\" height=\"201\" srcset=\"https:\/\/site.uit.no\/balanse\/wp-content\/uploads\/sites\/368\/2018\/10\/SIGFRID-KJELDAAS-K98A7728-214x300.jpg 214w, https:\/\/site.uit.no\/balanse\/wp-content\/uploads\/sites\/368\/2018\/10\/SIGFRID-KJELDAAS-K98A7728-768x1075.jpg 768w, https:\/\/site.uit.no\/balanse\/wp-content\/uploads\/sites\/368\/2018\/10\/SIGFRID-KJELDAAS-K98A7728-731x1024.jpg 731w\" sizes=\"(max-width: 144px) 100vw, 144px\" \/><\/strong><strong>Sigfrid Kjeldaas<\/strong> er forsker ved Senter for kvinne- og kj\u00f8nnsforskning, og koordinator for Prestisje-prosjektet. Hun har tidligere jobbet med studieadministrasjon og internasjonalisering ved UiT, og har ledet universitetets opprykksprosjekt \u00abKarriereutvikling av kvinner til toppstillinger 2016-2018\u00bb. Sigfrid har en faglig bakgrunn i litteraturvitenskap, kulturelle studier og naturvitenskapelige fag med fokus p\u00e5 \u00f8kologi. Hennes forskningsinteresser inkluderer \u00f8kokritikk, kulturelle framstillinger av Arktis og feministisk teori.<\/p>\n<p>&nbsp;<\/p>\n<p>&nbsp;<\/p>\n<p>&nbsp;<\/p>\n<p><strong>Katrin Losleben<\/strong><\/p>\n<p>&#8211; Kommer snart &#8211;<\/p>\n<p>&nbsp;<\/p>\n<p>&nbsp;<\/p>\n<p><b><strong><img loading=\"lazy\" decoding=\"async\" class=\"wp-image-189 alignleft\" src=\"https:\/\/site.uit.no\/balanse\/wp-content\/uploads\/sites\/368\/2018\/10\/Ann-Therese-Loterhington-K98A9216-214x300.jpg\" alt=\"\" width=\"132\" height=\"185\" srcset=\"https:\/\/site.uit.no\/balanse\/wp-content\/uploads\/sites\/368\/2018\/10\/Ann-Therese-Loterhington-K98A9216-214x300.jpg 214w, https:\/\/site.uit.no\/balanse\/wp-content\/uploads\/sites\/368\/2018\/10\/Ann-Therese-Loterhington-K98A9216-768x1075.jpg 768w, https:\/\/site.uit.no\/balanse\/wp-content\/uploads\/sites\/368\/2018\/10\/Ann-Therese-Loterhington-K98A9216-731x1024.jpg 731w\" sizes=\"(max-width: 132px) 100vw, 132px\" \/><\/strong>Ann Therese Lotherington\u00a0<\/b>er professor ved Senter for kvinne- og kj\u00f8nnsforskning og prodekan forskning ved Fakultet for humaniora, samfunnsvitenskap og l\u00e6rerutdanning. I sin forskning unders\u00f8ker hun potensialer for likeverdig medborgerskap basert p\u00e5 forskjellighet i alder, kj\u00f8nn, funksjonsevne, nasjonalitet og etnisitet. Ann Therese leder <a href=\"https:\/\/uit.no\/forskning\/forskningsgrupper\/gruppe?p_document_id=524981\"><em>Artful Dementia Lab<\/em>\u00a0<\/a>ved UiT som utforsker spesielt skaping og gjenskaping av medborgerskap gjennom kreative prosesser og kunstnerisk arbeid som involverer personer som lever med en demenssykdom, helsepersonell, kunstnere og forskere.<\/p>\n<p>&nbsp;<\/p>\n<p>&nbsp;<\/p>\n<p><strong><img loading=\"lazy\" decoding=\"async\" class=\" wp-image-90 alignleft\" src=\"https:\/\/site.uit.no\/balanse\/wp-content\/uploads\/sites\/368\/2018\/09\/Lilli-Mittner-4-225x300.jpg\" alt=\"\" width=\"127\" height=\"169\" srcset=\"https:\/\/site.uit.no\/balanse\/wp-content\/uploads\/sites\/368\/2018\/09\/Lilli-Mittner-4-225x300.jpg 225w, https:\/\/site.uit.no\/balanse\/wp-content\/uploads\/sites\/368\/2018\/09\/Lilli-Mittner-4-768x1024.jpg 768w, https:\/\/site.uit.no\/balanse\/wp-content\/uploads\/sites\/368\/2018\/09\/Lilli-Mittner-4.jpg 1151w\" sizes=\"(max-width: 127px) 100vw, 127px\" \/>Lilli Mittner<\/strong> er postdoc ved UiT\u2019s Senter for kvinne- og kj\u00f8nnsforskning og har ansvar for workshop-basert arbeid om lokale utfordringer med kj\u00f8nnsbalanse i <em>Prestisje<\/em>-prosjektet. Hun har tidligere v\u00e6rt prosjektkoordinator i BALANSE prosjektet <a href=\"https:\/\/intranett.uit.no\/prosjekter\/prosjekt?p_document_id=549136\">\u00abKj\u00f8nn og skj\u00f8nn\u00bb<\/a> (NFR 2015-2018) ved Det kunstfaglige fakultet ved UiT. Lilli arbeider i alle sine prosjekter interdisiplin\u00e6rt med fokus p\u00e5 hvordan humaniora kan bidra til \u00e5 m\u00f8te st\u00f8rre samfunnsutfordringer knyttet til kj\u00f8nn, alder og etnisitet. Hun er spesielt interessert i utforskning av co-kreative prosesser og relasjonell estetikk, samhandling. Lilli har sin faglig bakgrunn i musikkvitenskap og media- og kommunikasjon.<\/p>\n<p>&nbsp;<\/p>\n<p>&nbsp;<\/p>\n<h2 class=\"layoutArea\"><img loading=\"lazy\" decoding=\"async\" class=\" wp-image-246 alignleft\" src=\"https:\/\/site.uit.no\/balanse\/wp-content\/uploads\/sites\/368\/2019\/03\/PROF-II-K98A7707-214x300.jpg\" alt=\"\" width=\"147\" height=\"206\" srcset=\"https:\/\/site.uit.no\/balanse\/wp-content\/uploads\/sites\/368\/2019\/03\/PROF-II-K98A7707-214x300.jpg 214w, https:\/\/site.uit.no\/balanse\/wp-content\/uploads\/sites\/368\/2019\/03\/PROF-II-K98A7707-768x1075.jpg 768w, https:\/\/site.uit.no\/balanse\/wp-content\/uploads\/sites\/368\/2019\/03\/PROF-II-K98A7707-732x1024.jpg 732w\" sizes=\"(max-width: 147px) 100vw, 147px\" \/><\/h2>\n<p><strong>Malin R\u00f6nnblom<\/strong>\u00a0er professor i statsvitenskap ved Karlstads universitet, lektor i kj\u00f8nnsvitenskap ved Ume\u00e5 universitet og professor II ved Senter for kvinne- og kj\u00f8nnsforskning ved UiT Norges arktiske universitet. Ut fra et kritisk perspektiv p\u00e5 politikk har hun i sin forskning studert forskjellige politiske omr\u00e5der som likestillings- og distriktspolitikk. Hennes forskningsinteresser omfatter ogs\u00e5 nye former for politisk styring, urbane og rurale studier, samt feministisk politisk teori og metodologi.\u00a0I <em>Prestisje<\/em>-prosjektet skal hun lede sammen med Jesper Fundberg en dialogrekke med forskningsledere ved UiT om forskning, kvalitet og kj\u00f8nnsbalanse.<\/p>\n<p>&nbsp;<\/p>\n<p>&nbsp;<\/p>\n<p><strong><img loading=\"lazy\" decoding=\"async\" class=\"wp-image-91 alignleft\" src=\"https:\/\/site.uit.no\/balanse\/wp-content\/uploads\/sites\/368\/2018\/09\/Kenneth_Ruud-206x300.jpg\" alt=\"\" width=\"144\" height=\"209\" srcset=\"https:\/\/site.uit.no\/balanse\/wp-content\/uploads\/sites\/368\/2018\/09\/Kenneth_Ruud-206x300.jpg 206w, https:\/\/site.uit.no\/balanse\/wp-content\/uploads\/sites\/368\/2018\/09\/Kenneth_Ruud-768x1116.jpg 768w, https:\/\/site.uit.no\/balanse\/wp-content\/uploads\/sites\/368\/2018\/09\/Kenneth_Ruud-705x1024.jpg 705w, https:\/\/site.uit.no\/balanse\/wp-content\/uploads\/sites\/368\/2018\/09\/Kenneth_Ruud.jpg 940w\" sizes=\"(max-width: 144px) 100vw, 144px\" \/>Kenneth Ruud<\/strong> er prorektor for forskning og innovasjon ved UiT Norges arktiske universitet, leder av likestillings- og mangfoldsutvalget ved UiT siden 2013 og leder av UiT\u2019s BALANSE prosjektet \u00abPrestisje. Kj\u00f8nnsbalanse i forskningsledelse ved UiT Norges arktiske universitet.\u00bb Kenneth er professor i teoretisk kjemi og har betydelig forskningsadministrativ erfaring, b\u00e5de p\u00e5 nasjonalt, nordisk og europeisk niv\u00e5. Han er spesielt engasjert i likestillingsarbeid i akademia og har blant annet gitt flere motivasjonsforedrag b\u00e5de nasjonalt og internasjonalt om arbeidet ved UiT for \u00f8kt kj\u00f8nnsbalanse.<\/p>\n<p>&nbsp;<\/p>\n<p>&nbsp;<\/p>\n<p style=\"text-align: left\"><strong><img loading=\"lazy\" decoding=\"async\" class=\" wp-image-238 alignleft\" src=\"https:\/\/site.uit.no\/balanse\/wp-content\/uploads\/sites\/368\/2019\/03\/Personkort-Hege-225x300.jpg\" alt=\"\" width=\"145\" height=\"193\" srcset=\"https:\/\/site.uit.no\/balanse\/wp-content\/uploads\/sites\/368\/2019\/03\/Personkort-Hege-225x300.jpg 225w, https:\/\/site.uit.no\/balanse\/wp-content\/uploads\/sites\/368\/2019\/03\/Personkort-Hege-768x1024.jpg 768w\" sizes=\"(max-width: 145px) 100vw, 145px\" \/>Hege Skogvang<\/strong>\u00a0er r\u00e5dgiver ved Seksjon for rekruttering og sekret\u00e6r for likestillings- og mangfoldsutvalget ved UiT. Hun har mastergrad i\u00a0 kunsthistorie med et tverrfaglig bakgrunn i sosial antropologi og psykologi. Hun er en viktig ressurs i prosjektet p\u00e5 grunn av en lang erfaring fra personal- og organisasjonsfeltet og er s\u00e6rlig interessert i rekruttering og karriereutvikling.<\/p>\n<p>&nbsp;<\/p>\n<p>&nbsp;<\/p>\n<p>&nbsp;<\/p>\n<p><strong>Deatra Walsh<\/strong><\/p>\n<p>&#8211; Kommer snart &#8211;<\/p>\n<p>&nbsp;<\/p>\n<p>&nbsp;<\/p>\n","protected":false},"excerpt":{"rendered":"<p>\u00a0 Forskningsgruppe ved UiT&#8217;s Senter for kvinne- og kj\u00f8nnsforskning Kjersti Fj\u00f8rtoft Sigfrid Kjeldaas Katrin Losleben Lilli Mittner Malin R\u00f6nnblom Deatra Walsh Styringsgruppe Kenneth Ruud (Prosjektleder Prestisje-prosjektet) Hege Skogvang (Sekret\u00e6r Likestillingsutvalg ved UiT) Ann Therese Lotherington (Prodekan for forskning HSL, tidligere leder ved Senter for kvinne- og kj\u00f8nnsforskning) Hilde S. Blix (Leder av BALANSE-prosjekt &#8220;Kj\u00f8nn og <a class=\"read-more\" href=\"https:\/\/site.uit.no\/balanse\/team\/\">Read More<\/a><\/p>\n","protected":false},"author":746,"featured_media":0,"parent":0,"menu_order":0,"comment_status":"closed","ping_status":"closed","template":"","meta":{"footnotes":""},"class_list":["post-8","page","type-page","status-publish","hentry"],"_links":{"self":[{"href":"https:\/\/site.uit.no\/balanse\/wp-json\/wp\/v2\/pages\/8","targetHints":{"allow":["GET"]}}],"collection":[{"href":"https:\/\/site.uit.no\/balanse\/wp-json\/wp\/v2\/pages"}],"about":[{"href":"https:\/\/site.uit.no\/balanse\/wp-json\/wp\/v2\/types\/page"}],"author":[{"embeddable":true,"href":"https:\/\/site.uit.no\/balanse\/wp-json\/wp\/v2\/users\/746"}],"replies":[{"embeddable":true,"href":"https:\/\/site.uit.no\/balanse\/wp-json\/wp\/v2\/comments?post=8"}],"version-history":[{"count":111,"href":"https:\/\/site.uit.no\/balanse\/wp-json\/wp\/v2\/pages\/8\/revisions"}],"predecessor-version":[{"id":271,"href":"https:\/\/site.uit.no\/balanse\/wp-json\/wp\/v2\/pages\/8\/revisions\/271"}],"wp:attachment":[{"href":"https:\/\/site.uit.no\/balanse\/wp-json\/wp\/v2\/media?parent=8"}],"curies":[{"name":"wp","href":"https:\/\/api.w.org\/{rel}","templated":true}]}}