{"id":5,"date":"2016-11-24T23:25:02","date_gmt":"2016-11-24T22:25:02","guid":{"rendered":"https:\/\/site.uit.no\/bayerlab\/?page_id=5"},"modified":"2020-08-23T21:43:36","modified_gmt":"2020-08-23T19:43:36","slug":"outreach","status":"publish","type":"page","link":"https:\/\/site.uit.no\/bayerlab\/outreach\/","title":{"rendered":"Outreach"},"content":{"rendered":"<div class=\"content\">\n<ul>\n<li>Interview in Forskning.no 13.07.2020: <a href=\"https:\/\/forskning.no\/bakterier-helse-kjemi\/sma-hjelpestoffer-kan-fa-gammel-antibiotika-til-a-virke-igjen\/1711852\">&#8220;Sm\u00e5 hjelpestoffer kan f\u00e5 gammel antibiotika til \u00e5 virke igjen<\/a>&#8220;<\/li>\n<li>Popular science lecture at &#8220;CO2 dagene&#8221; 2018: &#8220;Kan CO2 erstatte olje? Om CO2 som ressurs&#8221;<\/li>\n<li>Popular science lecture at &#8220;L\u00f8rdaguniversitetet&#8221; 2017: &#8220;Kan CO2 erstatte olje?&#8221;<\/li>\n<li>Popular science lecture at \u201dElevkonferansen i kjemi 2015\/2016\/2017\/2018\u201d (conference in chemistry for pupils): \u201d<em>The Chemistry of Breaking Bad<\/em>\u201d<\/li>\n<li>Scientific responsible for the department\u00b4s presentation at the Norwegian Science Week 2014 (<em>Chemical communication \u2013 Smell and invisible ink<\/em>). Awarded prize for next best stand.<\/li>\n<li>Scientific responsible for the department\u00b4s presentation at the Norwegian Science Week 2012 (<em>Nasty slime and diapers \u2013 what do they have in common?<\/em>). Awarded prize for best stand.<\/li>\n<li>Chronicle in the local newspaper Nordlys \u201d<em>Havets hemmeligheter blir medisiner<\/em>.\u201d 26.08.2013<\/li>\n<\/ul>\n<p><img decoding=\"async\" class=\"size-thumbnail wp-image-17 alignleft\" src=\"https:\/\/site.uit.no\/bayerlab\/wp-content\/uploads\/sites\/278\/2016\/11\/IMG_0568-150x150.jpg\" alt=\"Norwegian Science Week 2012 (Nasty slime and diapers \u2013 what do they have in common?)\" width=\"150\" height=\"150\" \/><\/p>\n<p><img decoding=\"async\" class=\"wp-image-16 size-thumbnail alignleft\" src=\"https:\/\/site.uit.no\/bayerlab\/wp-content\/uploads\/sites\/278\/2016\/11\/IMG_0555-150x150.jpg\" alt=\"\" width=\"150\" height=\"150\" \/><\/p>\n<\/div>\n","protected":false},"excerpt":{"rendered":"<p>Interview in Forskning.no 13.07.2020: &#8220;Sm\u00e5 hjelpestoffer kan f\u00e5 gammel antibiotika til \u00e5 virke igjen&#8220; Popular science lecture at &#8220;CO2 dagene&#8221; 2018: &#8220;Kan CO2 erstatte olje? Om CO2 som ressurs&#8221; Popular science lecture at &#8220;L\u00f8rdaguniversitetet&#8221; 2017: &#8220;Kan CO2 erstatte olje?&#8221; Popular &hellip; <a href=\"https:\/\/site.uit.no\/bayerlab\/outreach\/\">Continue reading <span class=\"meta-nav\">&rarr;<\/span><\/a><\/p>\n","protected":false},"author":826,"featured_media":43,"parent":0,"menu_order":0,"comment_status":"closed","ping_status":"closed","template":"","meta":{"footnotes":""},"class_list":["post-5","page","type-page","status-publish","has-post-thumbnail","hentry"],"_links":{"self":[{"href":"https:\/\/site.uit.no\/bayerlab\/wp-json\/wp\/v2\/pages\/5","targetHints":{"allow":["GET"]}}],"collection":[{"href":"https:\/\/site.uit.no\/bayerlab\/wp-json\/wp\/v2\/pages"}],"about":[{"href":"https:\/\/site.uit.no\/bayerlab\/wp-json\/wp\/v2\/types\/page"}],"author":[{"embeddable":true,"href":"https:\/\/site.uit.no\/bayerlab\/wp-json\/wp\/v2\/users\/826"}],"replies":[{"embeddable":true,"href":"https:\/\/site.uit.no\/bayerlab\/wp-json\/wp\/v2\/comments?post=5"}],"version-history":[{"count":21,"href":"https:\/\/site.uit.no\/bayerlab\/wp-json\/wp\/v2\/pages\/5\/revisions"}],"predecessor-version":[{"id":443,"href":"https:\/\/site.uit.no\/bayerlab\/wp-json\/wp\/v2\/pages\/5\/revisions\/443"}],"wp:featuredmedia":[{"embeddable":true,"href":"https:\/\/site.uit.no\/bayerlab\/wp-json\/wp\/v2\/media\/43"}],"wp:attachment":[{"href":"https:\/\/site.uit.no\/bayerlab\/wp-json\/wp\/v2\/media?parent=5"}],"curies":[{"name":"wp","href":"https:\/\/api.w.org\/{rel}","templated":true}]}}