{"id":102,"date":"2026-01-26T12:58:12","date_gmt":"2026-01-26T11:58:12","guid":{"rendered":"https:\/\/site.uit.no\/biebmolassi\/?page_id=102"},"modified":"2026-01-26T14:49:13","modified_gmt":"2026-01-26T13:49:13","slug":"reference-list","status":"publish","type":"page","link":"https:\/\/site.uit.no\/biebmolassi\/reference-list\/","title":{"rendered":"Reference List"},"content":{"rendered":"\n<p>Barlindhaug, S. (2013).&nbsp;<em>Cultural Sites, Traditional&nbsp;Knowledge&nbsp;and Participatory Mapping: Long-Term Land Use in a S\u00e1mi&nbsp;Community in Norway<\/em>. Dissertation for the degree of&nbsp;Philosophiae&nbsp;Doctor.&nbsp;Troms\u00f8: University of&nbsp;Troms\u00f8, Department of Archaeology and Social Anthropology.&nbsp;<\/p>\n\n\n\n<p>Bezner&nbsp;Kerr,&nbsp;R.E.,&nbsp;Totin,&nbsp;L.O.,&nbsp;Naess, B., Allen-O\u2019Neil, H., Nyantakyi-Frimpong, C.,&nbsp;Risvoll, M.G., Rivera-Ferre, M.G., Lopez-i-Gelats, F. and Eriksen, S. (2022).&nbsp;Interplays between changing biophysical and social dynamics under climate change:&nbsp;Limits to&nbsp;sustainable adaptation in food systems.&nbsp;<em>Global Change Biology<\/em>, 28(11).&nbsp;<a href=\"https:\/\/doi.org\/10.1111\/gcb.16124\" target=\"_blank\" rel=\"noreferrer noopener\">https:\/\/doi.org\/10.1111\/gcb.16124<\/a>&nbsp;<\/p>\n\n\n\n<p>Fanzo, J., Davis, C., McLaren, R.&nbsp;and&nbsp;Choufani, J. (2018). The effect of climate change across food systems: Implications for&nbsp;nutrition&nbsp;outcomes.&nbsp;<em>Global Food Security<\/em>, 18, pp. 12-19.&nbsp;<a href=\"https:\/\/doi.org\/10.1016\/j.gfs.2018.06.001\" target=\"_blank\" rel=\"noreferrer noopener\">https:\/\/doi.org\/10.1016\/j.gfs.2018.06.001<\/a>&nbsp;<\/p>\n\n\n\n<p>Henriksen,&nbsp;J.E. and&nbsp;Hydle, I. (2018).&nbsp;<em>Soabahallan. Samisk mekling i reindriften<\/em>. Alta: UiT Norges arktiske universitet.&nbsp;<\/p>\n\n\n\n<p>Henriksen,&nbsp;J.E. and Larsen, T. (2023). Kan urfolkskunnskap og kolonialiseringsbevissthet bidra til det gr\u00f8nne skiftet? In&nbsp;Glemmestad, H., Isaksen, M.S., Kr\u00e5kenes, O.H. (eds.)&nbsp;<em>Gr\u00f8nt sosialt arbeid: gr\u00f8nn omstilling i helse- og sosialfaglig praksis<\/em>. Bergen: Fagbokforlaget,&nbsp;pp. 115-130.&nbsp;<\/p>\n\n\n\n<p>Hydle, I. and Henriksen,&nbsp;J.E. (2022).&nbsp;Restoring&nbsp;Justice&nbsp;and&nbsp;Environmental&nbsp;Knowledge in S\u00e1mi&nbsp;Reindeer&nbsp;Husbandry.&nbsp;In Pali, B.,&nbsp;Forsyth, M. and Tepper, F. (eds.)&nbsp;<em>The Palgrave Handbook of Environmental Restorative Justice<\/em>. London: Palgrave Macmillan.&nbsp;<\/p>\n\n\n\n<p>H\u00f8ybr\u00e5ten, D.,&nbsp;Bj\u00f8rklund, I.,&nbsp;Gur\u00e1k, A.K.,&nbsp;Hermanstrand, H.,&nbsp;Kj\u00f8laas, P.O., Lane, P.,&nbsp;Myrvoll, M., Niemi, E.,&nbsp;Semb, A.J.,&nbsp;Somby,&nbsp;L.I., Syse, A.,&nbsp;Zachariassen, K., Ramstad, L.E., Rasmussen, T.,&nbsp;Utsi,&nbsp;I.E.K.,&nbsp;R\u00e4is\u00e4nen, A.-K. and Turi, I.A. (2023).&nbsp;<em>Sannhet og forsoning \u2013 grunnlag for et oppgj\u00f8r med fornorskingspolitikk og urett mot samer, kvener\/norskfinner og skogfinner<\/em>&nbsp;(Dokument 19 (2022\u20132023) Rapport til Stortinget). Sannhets- og forsoningskommisjonen.&nbsp;Available&nbsp;at:&nbsp;<a href=\"https:\/\/tinyurl.com\/5n8xtkrf\" target=\"_blank\" rel=\"noreferrer noopener\">https:\/\/tinyurl.com\/5n8xtkrf<\/a>&nbsp;<\/p>\n\n\n\n<p>Forsyth, M. and Tepper, F. (eds.)&nbsp;(2022).&nbsp;<em>The Palgrave Handbook of Environmental Justice<\/em>. London: Palgrave Macmillan.&nbsp;<\/p>\n\n\n\n<p>Kovach, M. (2010).&nbsp;<em>Indigenous Methodologies: Characteristics, Conversations, and Contexts<\/em>. Toronto: University of Toronto&nbsp;Press.&nbsp;<\/p>\n\n\n\n<p>Kuhnlein, H.., Eme, B.&nbsp;and&nbsp;Larrinoa&nbsp;(2019).&nbsp;Indigenous food systems: contributions to sustainable food systems and sustainable&nbsp;diets.&nbsp;In&nbsp;Burlingame, B. and&nbsp;Dernini, S.&nbsp;(eds.)&nbsp;<em>Sustainable diets: linking nutrition and food systems.&nbsp;<\/em>CABI Digital Library.&nbsp;<a href=\"https:\/\/doi.org\/10.1079\/9781786392848.0064\">https:\/\/doi.org\/10.1079\/9781786392848.0064<\/a><\/p>\n\n\n\n<p>Olsen, T.A. (2016). Gender and\/in indigenous methodologies: On trouble and harmony in indigenous studies.&nbsp;<em>Ethnicities<\/em>, 0(0),&nbsp;pp. 1\u201317.&nbsp;<\/p>\n\n\n\n<p>Oskal, A., Sara,&nbsp;R.B.M.E.,&nbsp;Krarup-Hansen, K.,&nbsp;Smuk, I.A., Mathiesen, S.D. (2024). Reindeer Herders\u2019 Food Knowledge&nbsp;Systems. In Mathiesen, S.D., Eira, I.M.G., Turi, E.I.,&nbsp;Oskal, A.,&nbsp;Pogodaev, M.,&nbsp;Tonkopeeva, M.&nbsp;(eds.)<em>&nbsp;Reindeer Herders\u2019&nbsp;Food&nbsp;Knowledge Systems<\/em>.&nbsp;Springer, Cham.&nbsp;<a href=\"https:\/\/doi.org\/10.1007\/978-3-031-42289-8_6\" target=\"_blank\" rel=\"noreferrer noopener\">https:\/\/doi.org\/10.1007\/978-3-031-42289-8_6<\/a>&nbsp;<\/p>\n\n\n\n<p>Pali, B., Forsyth, M. and Tepper, F. (eds.) (2022).&nbsp;<em>The Palgrave Handbook of Environmental Restorative Justice<\/em>. London:&nbsp;Palgrave Macmillan.&nbsp;<\/p>\n\n\n\n<p>Porsanger, J. and Guttorm, G. (2011).&nbsp;<em>Working with Traditional Knowledge: Communities, Institutions, Information Systems, Law and Ethics: Writings from the&nbsp;\u00c1rbediehtu&nbsp;Pilot Project on Documentation and Protection of S\u00e1mi Traditional&nbsp;Knowledge<\/em>.&nbsp;Kautokeino: S\u00e1mi&nbsp;allaskuvla&nbsp;\/ S\u00e1mi University of Applied Sciences.&nbsp;<\/p>\n\n\n\n<p>Risvoll, C.,&nbsp;Galafassi, S., Veland, M.,&nbsp;Pavall, T.,&nbsp;Lifjell,&nbsp;A.K., Lundberg,&nbsp;A.K. and Eilertsen,&nbsp;S.M. (2022).&nbsp;Maps and stories in&nbsp;the creation of richer accounts of change in pastoral landscapes in Nordland, northern Norway.&nbsp;<em>Pastoralism: Research, Policy&nbsp;and Practice<\/em>, 12.<em>&nbsp;&nbsp;&nbsp;&nbsp;&nbsp;<\/em>&nbsp;<\/p>\n\n\n\n<p>Risvoll, C.,&nbsp;Veland, S.,&nbsp;Pavall, M. and&nbsp;Eilertsen,&nbsp;S.M. (2022).&nbsp;Tradisjonell og erfaringsbasert kunnskap i reindriftens&nbsp;arealbrukskart.&nbsp;<em>Nordland Research Institute Report<\/em>, 10-2022. Bodo: Nordland Research Institute. Available at:&nbsp;<a href=\"https:\/\/hdl.handle.net\/11250\/3016967\" target=\"_blank\" rel=\"noreferrer noopener\">https:\/\/hdl.handle.net\/11250\/3016967<\/a>&nbsp;<\/p>\n\n\n\n<p>Rybraten, S.,&nbsp;Aira, H., Andersen, S., Joks, S. and Nilsen, S. (2024).&nbsp;Mij\u00e1&nbsp;duobdd\u00e1ga: Sankingspraksiser i samiske kystomr\u00e5der \u2013&nbsp;relasjoner, verdier og b\u00e6rekraft.&nbsp;<em>Tidsskrift for samfunnsforskning<\/em>,&nbsp;65(1).&nbsp;<a href=\"https:\/\/doi.org\/10.18261\/tfs.65.1.3\" target=\"_blank\" rel=\"noreferrer noopener\">https:\/\/doi.org\/10.18261\/tfs.65.1.3<\/a>&nbsp;<\/p>\n\n\n\n<p>Rybr\u00e5ten, S., Bj\u00f8rkan, M.,&nbsp;Hovelsrud,&nbsp;G.K. and Kaltenborn,&nbsp;B.P. (2018).&nbsp;Sustainable coasts?&nbsp;Perceptions&nbsp;of change and&nbsp;livelihood vulnerability in Nordland, Norway.&nbsp;<em>Local Environment<\/em>, 23(12).&nbsp;<a href=\"https:\/\/doi.org\/10.1080\/13549839.2018.1533931\" target=\"_blank\" rel=\"noreferrer noopener\">https:\/\/doi.org\/10.1080\/13549839.2018.1533931<\/a>&nbsp;<\/p>\n\n\n\n<p>Smith, L.T. (2012).&nbsp;<em>Decolonizing Methodologies<\/em>. London: Zed Books.&nbsp;<\/p>\n\n\n\n<p>Wilson, S.&nbsp;(2008).&nbsp;<em>Research is Ceremony: Indigenous Research Methods<\/em>.&nbsp;Winnipeg:&nbsp;Fernwood Publishing.&nbsp;<\/p>\n\n\n\n<div style=\"height:100px\" aria-hidden=\"true\" class=\"wp-block-spacer\"><\/div>\n","protected":false},"excerpt":{"rendered":"<p>Barlindhaug, S. (2013).&nbsp;Cultural Sites, Traditional&nbsp;Knowledge&nbsp;and Participatory Mapping: Long-Term Land Use in a S\u00e1mi&nbsp;Community in Norway. Dissertation for the degree of&nbsp;Philosophiae&nbsp;Doctor.&nbsp;Troms\u00f8: University of&nbsp;Troms\u00f8, Department of Archaeology and Social Anthropology.&nbsp; Bezner&nbsp;Kerr,&nbsp;R.E.,&nbsp;Totin,&nbsp;L.O.,&nbsp;Naess, B., Allen-O\u2019Neil, H., Nyantakyi-Frimpong, C.,&nbsp;Risvoll, M.G., Rivera-Ferre, M.G., Lopez-i-Gelats, F. and Eriksen, S. (2022).&nbsp;Interplays between changing biophysical and social dynamics under [&hellip;]<\/p>\n","protected":false},"author":123712,"featured_media":0,"parent":0,"menu_order":0,"comment_status":"closed","ping_status":"closed","template":"","meta":{"footnotes":""},"class_list":["post-102","page","type-page","status-publish","hentry"],"_links":{"self":[{"href":"https:\/\/site.uit.no\/biebmolassi\/wp-json\/wp\/v2\/pages\/102","targetHints":{"allow":["GET"]}}],"collection":[{"href":"https:\/\/site.uit.no\/biebmolassi\/wp-json\/wp\/v2\/pages"}],"about":[{"href":"https:\/\/site.uit.no\/biebmolassi\/wp-json\/wp\/v2\/types\/page"}],"author":[{"embeddable":true,"href":"https:\/\/site.uit.no\/biebmolassi\/wp-json\/wp\/v2\/users\/123712"}],"replies":[{"embeddable":true,"href":"https:\/\/site.uit.no\/biebmolassi\/wp-json\/wp\/v2\/comments?post=102"}],"version-history":[{"count":2,"href":"https:\/\/site.uit.no\/biebmolassi\/wp-json\/wp\/v2\/pages\/102\/revisions"}],"predecessor-version":[{"id":164,"href":"https:\/\/site.uit.no\/biebmolassi\/wp-json\/wp\/v2\/pages\/102\/revisions\/164"}],"wp:attachment":[{"href":"https:\/\/site.uit.no\/biebmolassi\/wp-json\/wp\/v2\/media?parent=102"}],"curies":[{"name":"wp","href":"https:\/\/api.w.org\/{rel}","templated":true}]}}