{"id":63,"date":"2026-01-26T11:29:46","date_gmt":"2026-01-26T10:29:46","guid":{"rendered":"https:\/\/site.uit.no\/biebmolassi\/?page_id=63"},"modified":"2026-01-26T21:14:50","modified_gmt":"2026-01-26T20:14:50","slug":"researchers","status":"publish","type":"page","link":"https:\/\/site.uit.no\/biebmolassi\/researchers\/","title":{"rendered":"The Project Group"},"content":{"rendered":"\n<p>The\u00a0Biebmolassi\u00a0project is hosted by the Arctic University Museum (UiT) with <a href=\"https:\/\/uit.no\/ansatte\/person?p_document_id=586515\" target=\"_blank\" rel=\"noreferrer noopener\">Eli-Anita \u00d8ivand\u00a0Sch\u00f8ning<\/a>\u00a0as Project Manager. The project group includes\u00a0Sch\u00f8ning,\u00a0<a href=\"https:\/\/uit.no\/ansatte\/person?p_document_id=76267\" target=\"_blank\" rel=\"noreferrer noopener\">Trude Fonneland<\/a>, and\u00a0<a href=\"https:\/\/en.uit.no\/ansatte\/person?p_document_id=93823\" target=\"_blank\" rel=\"noreferrer noopener\">Camilla Brattland<\/a>\u00a0from\u00a0UiT, <a href=\"https:\/\/nordlandsforskning.no\/nb\/employees\/camilla-risvoll\" target=\"_blank\" rel=\"noreferrer noopener\">Camilla Risvoll<\/a>, <a href=\"https:\/\/nordlandsforskning.no\/nb\/employees\/maiken-bjorkan\" target=\"_blank\" rel=\"noreferrer noopener\">Maiken Bj\u00f8rkan<\/a> and <a href=\"https:\/\/nordlandsforskning.no\/nb\/employees\/solveig-oye-bjordal\" target=\"_blank\" rel=\"noreferrer noopener\">Solveig \u00d8ye Bj\u00f8rdal<\/a> from the Nordland Research Institute (NRI), <a href=\"https:\/\/www.vardobaiki.no\/folk\/mathias-eilert-olsen\/\" target=\"_blank\" rel=\"noreferrer noopener\">Mathias Eilert Olsen<\/a> from V\u00e1rdob\u00e1iki s\u00e1mi guovdd\u00e1\u0161, and <a href=\"https:\/\/www.heges.no\/om-hege-1\" target=\"_blank\" rel=\"noreferrer noopener\">Hege Ruud<\/a> from Salten Mat.\u00a0<br><\/p>\n\n\n\n<div style=\"height:52px\" aria-hidden=\"true\" class=\"wp-block-spacer\"><\/div>\n\n\n\n<div class=\"wp-block-buttons is-layout-flex wp-block-buttons-is-layout-flex\">\n<div class=\"wp-block-button\"><a class=\"wp-block-button__link wp-element-button\" href=\"https:\/\/site.uit.no\/biebmolassi\/research-questions-theoretical-approach-and-methodology\/\">Research questions, theoretical&nbsp;approach&nbsp;and&nbsp;methodology<\/a><\/div>\n\n\n\n<div class=\"wp-block-button\"><a class=\"wp-block-button__link wp-element-button\" href=\"https:\/\/site.uit.no\/biebmolassi\/workpackages\/\">Workpackages<\/a><\/div>\n<\/div>\n\n\n\n<div style=\"height:100px\" aria-hidden=\"true\" class=\"wp-block-spacer\"><\/div>\n","protected":false},"excerpt":{"rendered":"<p>The\u00a0Biebmolassi\u00a0project is hosted by the Arctic University Museum (UiT) with Eli-Anita \u00d8ivand\u00a0Sch\u00f8ning\u00a0as Project Manager. The project group includes\u00a0Sch\u00f8ning,\u00a0Trude Fonneland, and\u00a0Camilla Brattland\u00a0from\u00a0UiT, Camilla Risvoll, Maiken Bj\u00f8rkan and Solveig \u00d8ye Bj\u00f8rdal from the Nordland Research Institute (NRI), Mathias Eilert Olsen from V\u00e1rdob\u00e1iki s\u00e1mi guovdd\u00e1\u0161, and Hege Ruud from Salten Mat.\u00a0<\/p>\n","protected":false},"author":123712,"featured_media":0,"parent":0,"menu_order":0,"comment_status":"closed","ping_status":"closed","template":"","meta":{"footnotes":""},"class_list":["post-63","page","type-page","status-publish","hentry"],"_links":{"self":[{"href":"https:\/\/site.uit.no\/biebmolassi\/wp-json\/wp\/v2\/pages\/63","targetHints":{"allow":["GET"]}}],"collection":[{"href":"https:\/\/site.uit.no\/biebmolassi\/wp-json\/wp\/v2\/pages"}],"about":[{"href":"https:\/\/site.uit.no\/biebmolassi\/wp-json\/wp\/v2\/types\/page"}],"author":[{"embeddable":true,"href":"https:\/\/site.uit.no\/biebmolassi\/wp-json\/wp\/v2\/users\/123712"}],"replies":[{"embeddable":true,"href":"https:\/\/site.uit.no\/biebmolassi\/wp-json\/wp\/v2\/comments?post=63"}],"version-history":[{"count":3,"href":"https:\/\/site.uit.no\/biebmolassi\/wp-json\/wp\/v2\/pages\/63\/revisions"}],"predecessor-version":[{"id":183,"href":"https:\/\/site.uit.no\/biebmolassi\/wp-json\/wp\/v2\/pages\/63\/revisions\/183"}],"wp:attachment":[{"href":"https:\/\/site.uit.no\/biebmolassi\/wp-json\/wp\/v2\/media?parent=63"}],"curies":[{"name":"wp","href":"https:\/\/api.w.org\/{rel}","templated":true}]}}