{"id":88,"date":"2026-01-26T12:36:42","date_gmt":"2026-01-26T11:36:42","guid":{"rendered":"https:\/\/site.uit.no\/biebmolassi\/?page_id=88"},"modified":"2026-01-26T15:21:10","modified_gmt":"2026-01-26T14:21:10","slug":"research-questions-theoretical-approach-and-methodology","status":"publish","type":"page","link":"https:\/\/site.uit.no\/biebmolassi\/research-questions-theoretical-approach-and-methodology\/","title":{"rendered":"Research questions, theoretical\u00a0approach\u00a0and\u00a0methodology"},"content":{"rendered":"\n<p>The&nbsp;Biebmolassi&nbsp;project&nbsp;rests on three&nbsp;overarching&nbsp;research questions, each addressed through three work packages:&nbsp;&nbsp;<\/p>\n\n\n\n<p>1.<strong>&nbsp;<\/strong>How can the vitalization of S\u00e1mi food traditions&nbsp;facilitate&nbsp;reconciliation and cultural resilience in the&nbsp;Sallto&nbsp;and&nbsp;Stuornj\u00e1rga&nbsp;regions? (WP1)&nbsp;<\/p>\n\n\n\n<p>2.&nbsp;What are the components and characteristics of local S\u00e1mi food systems in the study regions, considering the diversity of ecological and social contexts? (WP2)&nbsp;<\/p>\n\n\n\n<p>3.&nbsp;How can the documentation and dissemination of Indigenous food knowledge contribute to sustainable food practices and influence policy frameworks for reconciliation? (WP1,&nbsp;WP2, and&nbsp;WP3). <\/p>\n\n\n\n<p>Biebmolassi&nbsp;is a transdisciplinary project focused on S\u00e1mi food systems,&nbsp;utilizing&nbsp;ethnographic research methods like interviews and&nbsp;participatory&nbsp;workshops. It emphasizes the role of elderly S\u00e1mi knowledge holders and the concept of&nbsp;<em>\u00e1rbediehtu<\/em>, or &#8216;inherited knowledge,&#8217; which encompasses both theoretical and practical skills passed down through generations&nbsp;(Porsanger&nbsp;and Guttorm 2011).&nbsp; Biebmolassi&nbsp;explores S\u00e1mi food systems, rooted in cultural values such as flexibility and sustainability, encapsulated in the concept of&nbsp;<em>birgen<\/em>. This involves balancing the natural environment with societal needs, addressing physical, mental, and social health&nbsp;(Porsanger&nbsp;and Guttorm 2011, Henriksen and&nbsp;Hydle&nbsp;2018,&nbsp;Hydle&nbsp;and Henriksen 2022).&nbsp;The project&nbsp;investigates the links between historical disruptions and cultural continuity in food traditions, aiming to foster S\u00e1mi entrepreneurship through a collaborative foodscape mapping approach.&nbsp;&nbsp;<\/p>\n\n\n\n<p>Biebmolassi&nbsp;involves participatory workshops and food&nbsp;arenas&nbsp;to&nbsp;explore&nbsp;traditional practices,&nbsp;with a particular focus&nbsp;on meat,&nbsp;fish&nbsp;and other local resources.&nbsp;The project&nbsp;aims to document and describe local S\u00e1mi food systems in&nbsp;Stuornj\u00e1rga&nbsp;and&nbsp;Sallto&nbsp;through collaboration&nbsp;with V\u00e1rdob\u00e1iki and Salten Mat.&nbsp;It leverages previous and existing research, along with datasets and literature from WP2, to document these food systems.&nbsp;In its&nbsp;second phase, the project&nbsp;will co-create spaces for intergenerational knowledge transfer&nbsp;in close collaboration with local&nbsp;schools&nbsp;and&nbsp;museums,&nbsp;identify&nbsp;potential food products, and address&nbsp;development challenges.&nbsp;Additionally, it will&nbsp;utilize&nbsp;food based on the techniques from WP2 within&nbsp;local&nbsp;food&nbsp;arenas.&nbsp;Collaboration with educational projects will&nbsp;increase awareness, and secure intergenerational knowledge transfer, enhancing local food system development. The Nordland Research Institute, through partnerships and projects like&nbsp;FoodCoast&nbsp;(295004)&nbsp;and&nbsp;INDHOME&nbsp;(324598),&nbsp;supports this approach in&nbsp;Sallto,&nbsp;leveraging&nbsp;local&nbsp;expertise&nbsp;and networks.&nbsp;&nbsp;<\/p>\n\n\n\n<div style=\"height:52px\" aria-hidden=\"true\" class=\"wp-block-spacer\"><\/div>\n\n\n\n<div class=\"wp-block-buttons is-layout-flex wp-block-buttons-is-layout-flex\">\n<div class=\"wp-block-button\"><a class=\"wp-block-button__link wp-element-button\" href=\"https:\/\/site.uit.no\/biebmolassi\/workpackages\/\">Workpackages<\/a><\/div>\n\n\n\n<div class=\"wp-block-button\"><a class=\"wp-block-button__link wp-element-button\" href=\"https:\/\/site.uit.no\/biebmolassi\/researchers\/\">The Project Group<\/a><\/div>\n<\/div>\n\n\n\n<div style=\"height:100px\" aria-hidden=\"true\" class=\"wp-block-spacer\"><\/div>\n","protected":false},"excerpt":{"rendered":"<p>The&nbsp;Biebmolassi&nbsp;project&nbsp;rests on three&nbsp;overarching&nbsp;research questions, each addressed through three work packages:&nbsp;&nbsp; 1.&nbsp;How can the vitalization of S\u00e1mi food traditions&nbsp;facilitate&nbsp;reconciliation and cultural resilience in the&nbsp;Sallto&nbsp;and&nbsp;Stuornj\u00e1rga&nbsp;regions? (WP1)&nbsp; 2.&nbsp;What are the components and characteristics of local S\u00e1mi food systems in the study regions, considering the diversity of ecological and social contexts? (WP2)&nbsp; 3.&nbsp;How can [&hellip;]<\/p>\n","protected":false},"author":123712,"featured_media":0,"parent":0,"menu_order":0,"comment_status":"closed","ping_status":"closed","template":"","meta":{"footnotes":""},"class_list":["post-88","page","type-page","status-publish","hentry"],"_links":{"self":[{"href":"https:\/\/site.uit.no\/biebmolassi\/wp-json\/wp\/v2\/pages\/88","targetHints":{"allow":["GET"]}}],"collection":[{"href":"https:\/\/site.uit.no\/biebmolassi\/wp-json\/wp\/v2\/pages"}],"about":[{"href":"https:\/\/site.uit.no\/biebmolassi\/wp-json\/wp\/v2\/types\/page"}],"author":[{"embeddable":true,"href":"https:\/\/site.uit.no\/biebmolassi\/wp-json\/wp\/v2\/users\/123712"}],"replies":[{"embeddable":true,"href":"https:\/\/site.uit.no\/biebmolassi\/wp-json\/wp\/v2\/comments?post=88"}],"version-history":[{"count":2,"href":"https:\/\/site.uit.no\/biebmolassi\/wp-json\/wp\/v2\/pages\/88\/revisions"}],"predecessor-version":[{"id":167,"href":"https:\/\/site.uit.no\/biebmolassi\/wp-json\/wp\/v2\/pages\/88\/revisions\/167"}],"wp:attachment":[{"href":"https:\/\/site.uit.no\/biebmolassi\/wp-json\/wp\/v2\/media?parent=88"}],"curies":[{"name":"wp","href":"https:\/\/api.w.org\/{rel}","templated":true}]}}