{"id":66,"date":"2018-10-10T13:09:52","date_gmt":"2018-10-10T11:09:52","guid":{"rendered":"https:\/\/site.uit.no\/cage\/?page_id=66"},"modified":"2023-04-04T10:26:44","modified_gmt":"2023-04-04T08:26:44","slug":"job-openings","status":"publish","type":"page","link":"https:\/\/site.uit.no\/cage\/about-us\/job-openings\/","title":{"rendered":"Job openings"},"content":{"rendered":"<h2>PhD Candidate in Physical Oceanography &#8211; 2 positions<\/h2>\n<p>We are seeking a highly motivated candidate with a Master\u2019s degree in physical oceanography or relevant field. Experience in numerical modeling and use of hydro-acoustic, time series analyses, computing skills, and knowledge of Matlab programming will be an asset. This position will involve multiple research cruises to the Arctic Ocean and Barents Sea, where the candidate is expected to learn a variety of field sampling techniques and novel oceanographic underwater technologies.<\/p>\n<h3>Further information about the position is available by contacting:<\/h3>\n<p><strong>Dr. B\u00e9n\u00e9dicte Ferr\u00e9<\/strong><br \/>\n+47 77646607 \/ <a href=\"mailto:benedicte.ferre@uit.no\">benedicte.ferre@uit.no<\/a><\/p>\n<p><strong>Professor Jurgen Mienert<\/strong><br \/>\n+47 77 64 44 46 \/ <a href=\"mailto:jurgen.mienert@uit.no\">jurgen.mienert@uit.no<\/a><\/p>\n<p><strong>You can also read more about the position at JobbNorge<\/strong><\/p>\n<p><a href=\"https:\/\/www.jobbnorge.no\/ledige-stillinger\/stilling\/161593\/phd-candidate-in-marine-geophysics-study-of-near-surface-deformation-across-arctic-passive-margins\" target=\"_blank\" rel=\"noopener noreferrer\">Position 1 \u2192<\/a><\/p>\n<p><a href=\"https:\/\/www.jobbnorge.no\/ledige-stillinger\/stilling\/161594\/phd-candidate-in-marine-geophysics-study-of-near-surface-deformation-across-arctic-passive-margins\" target=\"_blank\" rel=\"noopener noreferrer\">Position 2 \u2192<\/a><\/p>\n","protected":false},"excerpt":{"rendered":"<p>PhD Candidate in Physical Oceanography &#8211; 2 positions We are seeking a highly motivated candidate &hellip; <\/p>\n<p class=\"read-more-link\"><a href=\"https:\/\/site.uit.no\/cage\/about-us\/job-openings\/\">Read more<span class=\"screen-reader-text\"> \u00abJob openings\u00bb<\/span><\/a><\/p>\n","protected":false},"author":123546,"featured_media":0,"parent":56,"menu_order":8,"comment_status":"closed","ping_status":"closed","template":"","meta":{"_acf_changed":false,"footnotes":""},"class_list":["post-66","page","type-page","status-publish","hentry"],"acf":[],"yoast_head":"<!-- This site is optimized with the Yoast SEO plugin v27.4 - https:\/\/yoast.com\/product\/yoast-seo-wordpress\/ -->\n<title>Job openings - CAGE, Centre for Arctic Gas Hydrate, Environment and Climate<\/title>\n<meta name=\"robots\" content=\"index, follow, max-snippet:-1, max-image-preview:large, max-video-preview:-1\" \/>\n<link rel=\"canonical\" href=\"https:\/\/site.uit.no\/cage\/about-us\/job-openings\/\" \/>\n<meta property=\"og:locale\" content=\"en_US\" \/>\n<meta property=\"og:type\" content=\"article\" \/>\n<meta property=\"og:title\" content=\"Job openings - CAGE, Centre for Arctic Gas Hydrate, Environment and Climate\" \/>\n<meta property=\"og:description\" content=\"PhD Candidate in Physical Oceanography &#8211; 2 positions We are seeking a highly motivated candidate &hellip; Read more \u00abJob openings\u00bb\" \/>\n<meta property=\"og:url\" content=\"https:\/\/site.uit.no\/cage\/about-us\/job-openings\/\" \/>\n<meta property=\"og:site_name\" content=\"CAGE, Centre for Arctic Gas Hydrate, Environment and Climate\" \/>\n<meta property=\"article:modified_time\" content=\"2023-04-04T08:26:44+00:00\" \/>\n<meta name=\"twitter:card\" content=\"summary_large_image\" \/>\n<meta name=\"twitter:label1\" content=\"Est. reading time\" \/>\n\t<meta name=\"twitter:data1\" content=\"1 minute\" \/>\n<script type=\"application\/ld+json\" class=\"yoast-schema-graph\">{\"@context\":\"https:\\\/\\\/schema.org\",\"@graph\":[{\"@type\":\"WebPage\",\"@id\":\"https:\\\/\\\/site.uit.no\\\/cage\\\/about-us\\\/job-openings\\\/\",\"url\":\"https:\\\/\\\/site.uit.no\\\/cage\\\/about-us\\\/job-openings\\\/\",\"name\":\"Job openings - CAGE, Centre for Arctic Gas Hydrate, Environment and Climate\",\"isPartOf\":{\"@id\":\"https:\\\/\\\/site.uit.no\\\/cage\\\/#website\"},\"datePublished\":\"2018-10-10T11:09:52+00:00\",\"dateModified\":\"2023-04-04T08:26:44+00:00\",\"breadcrumb\":{\"@id\":\"https:\\\/\\\/site.uit.no\\\/cage\\\/about-us\\\/job-openings\\\/#breadcrumb\"},\"inLanguage\":\"en-US\",\"potentialAction\":[{\"@type\":\"ReadAction\",\"target\":[\"https:\\\/\\\/site.uit.no\\\/cage\\\/about-us\\\/job-openings\\\/\"]}]},{\"@type\":\"BreadcrumbList\",\"@id\":\"https:\\\/\\\/site.uit.no\\\/cage\\\/about-us\\\/job-openings\\\/#breadcrumb\",\"itemListElement\":[{\"@type\":\"ListItem\",\"position\":1,\"name\":\"About us\",\"item\":\"https:\\\/\\\/site.uit.no\\\/cage\\\/about-us\\\/\"},{\"@type\":\"ListItem\",\"position\":2,\"name\":\"Job openings\"}]},{\"@type\":\"WebSite\",\"@id\":\"https:\\\/\\\/site.uit.no\\\/cage\\\/#website\",\"url\":\"https:\\\/\\\/site.uit.no\\\/cage\\\/\",\"name\":\"CAGE, Centre for Arctic Gas Hydrate, Environment and Climate\",\"description\":\"UiT The Arctic University of Norway\",\"potentialAction\":[{\"@type\":\"SearchAction\",\"target\":{\"@type\":\"EntryPoint\",\"urlTemplate\":\"https:\\\/\\\/site.uit.no\\\/cage\\\/?s={search_term_string}\"},\"query-input\":{\"@type\":\"PropertyValueSpecification\",\"valueRequired\":true,\"valueName\":\"search_term_string\"}}],\"inLanguage\":\"en-US\"}]}<\/script>\n<!-- \/ Yoast SEO plugin. -->","yoast_head_json":{"title":"Job openings - CAGE, Centre for Arctic Gas Hydrate, Environment and Climate","robots":{"index":"index","follow":"follow","max-snippet":"max-snippet:-1","max-image-preview":"max-image-preview:large","max-video-preview":"max-video-preview:-1"},"canonical":"https:\/\/site.uit.no\/cage\/about-us\/job-openings\/","og_locale":"en_US","og_type":"article","og_title":"Job openings - CAGE, Centre for Arctic Gas Hydrate, Environment and Climate","og_description":"PhD Candidate in Physical Oceanography &#8211; 2 positions We are seeking a highly motivated candidate &hellip; Read more \u00abJob openings\u00bb","og_url":"https:\/\/site.uit.no\/cage\/about-us\/job-openings\/","og_site_name":"CAGE, Centre for Arctic Gas Hydrate, Environment and Climate","article_modified_time":"2023-04-04T08:26:44+00:00","twitter_card":"summary_large_image","twitter_misc":{"Est. reading time":"1 minute"},"schema":{"@context":"https:\/\/schema.org","@graph":[{"@type":"WebPage","@id":"https:\/\/site.uit.no\/cage\/about-us\/job-openings\/","url":"https:\/\/site.uit.no\/cage\/about-us\/job-openings\/","name":"Job openings - CAGE, Centre for Arctic Gas Hydrate, Environment and Climate","isPartOf":{"@id":"https:\/\/site.uit.no\/cage\/#website"},"datePublished":"2018-10-10T11:09:52+00:00","dateModified":"2023-04-04T08:26:44+00:00","breadcrumb":{"@id":"https:\/\/site.uit.no\/cage\/about-us\/job-openings\/#breadcrumb"},"inLanguage":"en-US","potentialAction":[{"@type":"ReadAction","target":["https:\/\/site.uit.no\/cage\/about-us\/job-openings\/"]}]},{"@type":"BreadcrumbList","@id":"https:\/\/site.uit.no\/cage\/about-us\/job-openings\/#breadcrumb","itemListElement":[{"@type":"ListItem","position":1,"name":"About us","item":"https:\/\/site.uit.no\/cage\/about-us\/"},{"@type":"ListItem","position":2,"name":"Job openings"}]},{"@type":"WebSite","@id":"https:\/\/site.uit.no\/cage\/#website","url":"https:\/\/site.uit.no\/cage\/","name":"CAGE, Centre for Arctic Gas Hydrate, Environment and Climate","description":"UiT The Arctic University of Norway","potentialAction":[{"@type":"SearchAction","target":{"@type":"EntryPoint","urlTemplate":"https:\/\/site.uit.no\/cage\/?s={search_term_string}"},"query-input":{"@type":"PropertyValueSpecification","valueRequired":true,"valueName":"search_term_string"}}],"inLanguage":"en-US"}]}},"amp_enabled":true,"_links":{"self":[{"href":"https:\/\/site.uit.no\/cage\/wp-json\/wp\/v2\/pages\/66","targetHints":{"allow":["GET"]}}],"collection":[{"href":"https:\/\/site.uit.no\/cage\/wp-json\/wp\/v2\/pages"}],"about":[{"href":"https:\/\/site.uit.no\/cage\/wp-json\/wp\/v2\/types\/page"}],"author":[{"embeddable":true,"href":"https:\/\/site.uit.no\/cage\/wp-json\/wp\/v2\/users\/123546"}],"replies":[{"embeddable":true,"href":"https:\/\/site.uit.no\/cage\/wp-json\/wp\/v2\/comments?post=66"}],"version-history":[{"count":3,"href":"https:\/\/site.uit.no\/cage\/wp-json\/wp\/v2\/pages\/66\/revisions"}],"predecessor-version":[{"id":8783,"href":"https:\/\/site.uit.no\/cage\/wp-json\/wp\/v2\/pages\/66\/revisions\/8783"}],"up":[{"embeddable":true,"href":"https:\/\/site.uit.no\/cage\/wp-json\/wp\/v2\/pages\/56"}],"wp:attachment":[{"href":"https:\/\/site.uit.no\/cage\/wp-json\/wp\/v2\/media?parent=66"}],"curies":[{"name":"wp","href":"https:\/\/api.w.org\/{rel}","templated":true}]}}