{"id":16,"date":"2013-02-28T13:40:27","date_gmt":"2013-02-28T12:40:27","guid":{"rendered":"https:\/\/site.uit.no\/candidata\/?page_id=16"},"modified":"2019-12-30T00:13:15","modified_gmt":"2019-12-29T23:13:15","slug":"om-candidata","status":"publish","type":"page","link":"https:\/\/site.uit.no\/candidata\/om-candidata\/","title":{"rendered":"Om CandiData"},"content":{"rendered":"<p><a href=\"https:\/\/site.uit.no\/candidata\/wp-content\/uploads\/sites\/120\/2013\/03\/bug.png\"><img decoding=\"async\" class=\"size-full wp-image-126 alignleft\" src=\"https:\/\/site.uit.no\/candidata\/wp-content\/uploads\/sites\/120\/2013\/03\/bug.png\" alt=\"bug\" width=\"93\" height=\"103\" \/><\/a>CandiData er en alumniforening for <a href=\"https:\/\/uit.no\/ifi\" target=\"_blank\" rel=\"noopener\">Institutt for Informatikk ved UiT &#8211; Norges Arktiske Universitet<\/a> i Troms\u00f8.<\/p>\n<p>Foreningen CandiData har et faglig og sosialt form\u00e5l.<\/p>\n<p>Hovedarrangementet for foreningen er <a href=\"https:\/\/site.uit.no\/candidata\/biennale\/\" target=\"_blank\" rel=\"noopener\">CandiData Biennalen<\/a> som arrangeres annet hvert \u00e5r i januar (fredagen f\u00f8r <a href=\"https:\/\/tiff.no\" target=\"_blank\" rel=\"noopener\">Troms\u00f8 Internasjonale Filmfestival<\/a>).<\/p>\n<h2>Hvem er medlem av CandiData?<\/h2>\n<p>Alle som har fullf\u00f8rt mastergrads-, hovedfags-, doktorgrads- eller sivilingeni\u00f8rutdannelse ved <a href=\"http:\/\/uit.no\/informatikk\" target=\"_blank\" rel=\"noopener\">Institutt for Informatikk, <\/a>UiT \u2013 Norges Arktiske Universitetet, campus Troms\u00f8 er automatisk medlem av CandiData.<\/p>\n<p>Ogs\u00e5 alle tidligere og n\u00e5v\u00e6rende ansatte ved Instituttet er medlem av CandiData.<\/p>\n<h2>N\u00e5r ble CandiData stiftet?<\/h2>\n<p>CandiData ble stiftet 3. november 1988 som et resultat av jubileumsfesten i forbindelse med feiringen av den 50ende kandidaten uteksaminert ved datidens Seksjon for Datafag, Universitetet i Troms\u00f8.<\/p>\n<p>CandiData skal bidra til samhold og kontakt mellom kandidatene som er uteksaminert med en informatikkgrad fra UiT &#8211; Norges Arktiske Universitetet, campus Troms\u00f8.<\/p>\n<ul>\n<li><a href=\"https:\/\/site.uit.no\/candidata\/wp-content\/uploads\/sites\/120\/2013\/03\/candidata-innkalling-stiftelsesmte-1988.pdf\">Innkallingen til stiftelsesm\u00f8tet 3. november 1988<\/a><\/li>\n<\/ul>\n<ul>\n<li><a href=\"https:\/\/site.uit.no\/candidata\/wp-content\/uploads\/sites\/120\/2013\/03\/candidata-stiftelsesmte-referat.pdf\">Referat fra stiftelsesm\u00f8tet 3. november 1988<\/a><\/li>\n<\/ul>\n<p>&nbsp;<\/p>\n","protected":false},"excerpt":{"rendered":"<p>CandiData er en alumniforening for Institutt for Informatikk ved UiT &#8211; Norges Arktiske Universitet i Troms\u00f8. Foreningen CandiData har et faglig og sosialt form\u00e5l. Hovedarrangementet for foreningen er CandiData Biennalen som arrangeres annet hvert \u00e5r i januar (fredagen f\u00f8r Troms\u00f8 &hellip; <a href=\"https:\/\/site.uit.no\/candidata\/om-candidata\/\">Continue reading <span class=\"meta-nav\">&rarr;<\/span><\/a><\/p>\n","protected":false},"author":93,"featured_media":0,"parent":0,"menu_order":1,"comment_status":"closed","ping_status":"closed","template":"","meta":{"footnotes":""},"class_list":["post-16","page","type-page","status-publish","hentry"],"_links":{"self":[{"href":"https:\/\/site.uit.no\/candidata\/wp-json\/wp\/v2\/pages\/16","targetHints":{"allow":["GET"]}}],"collection":[{"href":"https:\/\/site.uit.no\/candidata\/wp-json\/wp\/v2\/pages"}],"about":[{"href":"https:\/\/site.uit.no\/candidata\/wp-json\/wp\/v2\/types\/page"}],"author":[{"embeddable":true,"href":"https:\/\/site.uit.no\/candidata\/wp-json\/wp\/v2\/users\/93"}],"replies":[{"embeddable":true,"href":"https:\/\/site.uit.no\/candidata\/wp-json\/wp\/v2\/comments?post=16"}],"version-history":[{"count":23,"href":"https:\/\/site.uit.no\/candidata\/wp-json\/wp\/v2\/pages\/16\/revisions"}],"predecessor-version":[{"id":466,"href":"https:\/\/site.uit.no\/candidata\/wp-json\/wp\/v2\/pages\/16\/revisions\/466"}],"wp:attachment":[{"href":"https:\/\/site.uit.no\/candidata\/wp-json\/wp\/v2\/media?parent=16"}],"curies":[{"name":"wp","href":"https:\/\/api.w.org\/{rel}","templated":true}]}}