{"id":205,"date":"2013-03-05T10:58:32","date_gmt":"2013-03-05T09:58:32","guid":{"rendered":"https:\/\/site.uit.no\/candidata\/?page_id=205"},"modified":"2026-01-12T09:34:46","modified_gmt":"2026-01-12T08:34:46","slug":"velkommen-til-candidata","status":"publish","type":"page","link":"https:\/\/site.uit.no\/candidata\/","title":{"rendered":"Velkommen til alumniforeningen CandiData!"},"content":{"rendered":"<p>CandiData er en alumniforening for alle som har fullf\u00f8rt mastergrads-, hovedfags-, doktorgrads- eller sivilingeni\u00f8rutdannelse ved <strong><a href=\"http:\/\/uit.no\/informatikk\" target=\"_blank\" rel=\"noopener\">Institutt for Informatikk, <\/a>UiT &#8211; Norges Arktiske Universitetet, campus Troms\u00f8<\/strong>.<\/p>\n<p>CandiData ble stiftet 3. november 1988, og har et sosialt form\u00e5l der <a href=\"https:\/\/site.uit.no\/candidata\/biennale\/\" target=\"_blank\" rel=\"noopener\">CandiData Biennalen<\/a> som arrangeres i januar annet hvert \u00e5r er hovedarrangementet.<\/p>\n<p style=\"text-align: center\"><strong>Neste CandiData Biennale:<br \/>\nFredag 16. januar 2026\u00a0<\/strong><\/p>\n<p><a href=\"http:\/\/uit.no\/informatikk\" target=\"_blank\" rel=\"noopener\"><img fetchpriority=\"high\" decoding=\"async\" class=\"aligncenter\" src=\"https:\/\/site.uit.no\/candidata\/wp-content\/uploads\/sites\/120\/2013\/02\/campus_bilde_rundekanter-300x204.png\" alt=\"campus_bilde_rundekanter\" width=\"300\" height=\"204\" \/><\/a><\/p>\n<p><a href=\"http:\/\/www.facebook.com\/groups\/135143480245\/?fref=ts\" target=\"_blank\" rel=\"noopener\"><img decoding=\"async\" class=\"aligncenter\" src=\"https:\/\/site.uit.no\/candidata\/wp-content\/uploads\/sites\/120\/2013\/03\/facebook_45196a.png\" alt=\"facebook_45196a\" width=\"180\" height=\"44\" \/><\/a><\/p>\n<p><a href=\"https:\/\/www.linkedin.com\/groups\/4474986\" target=\"_blank\" rel=\"noopener\"><img decoding=\"async\" class=\" wp-image-320 aligncenter\" src=\"https:\/\/site.uit.no\/candidata\/wp-content\/uploads\/sites\/120\/2013\/03\/linkedin2-300x81.png\" alt=\"\" width=\"182\" height=\"59\" \/><\/a><\/p>\n","protected":false},"excerpt":{"rendered":"<p>CandiData er en alumniforening for alle som har fullf\u00f8rt mastergrads-, hovedfags-, doktorgrads- eller sivilingeni\u00f8rutdannelse ved Institutt for Informatikk, UiT &#8211; Norges Arktiske Universitetet, campus Troms\u00f8. CandiData ble stiftet 3. november 1988, og har et sosialt form\u00e5l der CandiData Biennalen som &hellip; <a href=\"https:\/\/site.uit.no\/candidata\/\">Continue reading <span class=\"meta-nav\">&rarr;<\/span><\/a><\/p>\n","protected":false},"author":93,"featured_media":0,"parent":0,"menu_order":0,"comment_status":"closed","ping_status":"closed","template":"sidebar-page.php","meta":{"footnotes":""},"class_list":["post-205","page","type-page","status-publish","hentry"],"_links":{"self":[{"href":"https:\/\/site.uit.no\/candidata\/wp-json\/wp\/v2\/pages\/205","targetHints":{"allow":["GET"]}}],"collection":[{"href":"https:\/\/site.uit.no\/candidata\/wp-json\/wp\/v2\/pages"}],"about":[{"href":"https:\/\/site.uit.no\/candidata\/wp-json\/wp\/v2\/types\/page"}],"author":[{"embeddable":true,"href":"https:\/\/site.uit.no\/candidata\/wp-json\/wp\/v2\/users\/93"}],"replies":[{"embeddable":true,"href":"https:\/\/site.uit.no\/candidata\/wp-json\/wp\/v2\/comments?post=205"}],"version-history":[{"count":3,"href":"https:\/\/site.uit.no\/candidata\/wp-json\/wp\/v2\/pages\/205\/revisions"}],"predecessor-version":[{"id":604,"href":"https:\/\/site.uit.no\/candidata\/wp-json\/wp\/v2\/pages\/205\/revisions\/604"}],"wp:attachment":[{"href":"https:\/\/site.uit.no\/candidata\/wp-json\/wp\/v2\/media?parent=205"}],"curies":[{"name":"wp","href":"https:\/\/api.w.org\/{rel}","templated":true}]}}