{"id":24,"date":"2013-02-28T13:47:46","date_gmt":"2013-02-28T12:47:46","guid":{"rendered":"https:\/\/site.uit.no\/candidata\/?page_id=24"},"modified":"2021-12-07T15:41:30","modified_gmt":"2021-12-07T14:41:30","slug":"styre","status":"publish","type":"page","link":"https:\/\/site.uit.no\/candidata\/om-candidata\/styre\/","title":{"rendered":"Styret"},"content":{"rendered":"<p><strong>Leder<\/strong><br \/>\nSverre Coucheron, DIPS, Troms\u00f8 (2020 &#8211; 2024)<\/p>\n<p><strong>Kasserer<\/strong><br \/>\nEva Henriksen, UNN, Troms\u00f8 (2020 &#8211; 2022)<\/p>\n<p><strong>Medlemmer<\/strong><br \/>\nAshenafi Zenabe Woldaregay, IFI, UiT, Troms\u00f8 (2018 &#8211; 2022)<br \/>\nCamilla Stormoen, Norges R\u00e5fisklag, Troms\u00f8 (2020 &#8211; 2024)<br \/>\nPeter Munch-Ellingsen, Dualog, Troms\u00f8 (2020 &#8211; 2024)<\/p>\n<p><strong>Valgkomit\u00e8<br \/>\n<\/strong>Eva Henriksen (2020-2022)<br \/>\nAshenafi Zenabe Woldaregay (2020-2022)<\/p>\n<p><strong>Revisor<br \/>\n<\/strong>Kai-Even Nilssen, IFI, UiT (2020 &#8211; 2022)<\/p>\n","protected":false},"excerpt":{"rendered":"<p>Leder Sverre Coucheron, DIPS, Troms\u00f8 (2020 &#8211; 2024) Kasserer Eva Henriksen, UNN, Troms\u00f8 (2020 &#8211; 2022) Medlemmer Ashenafi Zenabe Woldaregay, IFI, UiT, Troms\u00f8 (2018 &#8211; 2022) Camilla Stormoen, Norges R\u00e5fisklag, Troms\u00f8 (2020 &#8211; 2024) Peter Munch-Ellingsen, Dualog, Troms\u00f8 (2020 &#8211; &hellip; <a href=\"https:\/\/site.uit.no\/candidata\/om-candidata\/styre\/\">Continue reading <span class=\"meta-nav\">&rarr;<\/span><\/a><\/p>\n","protected":false},"author":93,"featured_media":0,"parent":16,"menu_order":0,"comment_status":"closed","ping_status":"closed","template":"","meta":{"footnotes":""},"class_list":["post-24","page","type-page","status-publish","hentry"],"_links":{"self":[{"href":"https:\/\/site.uit.no\/candidata\/wp-json\/wp\/v2\/pages\/24","targetHints":{"allow":["GET"]}}],"collection":[{"href":"https:\/\/site.uit.no\/candidata\/wp-json\/wp\/v2\/pages"}],"about":[{"href":"https:\/\/site.uit.no\/candidata\/wp-json\/wp\/v2\/types\/page"}],"author":[{"embeddable":true,"href":"https:\/\/site.uit.no\/candidata\/wp-json\/wp\/v2\/users\/93"}],"replies":[{"embeddable":true,"href":"https:\/\/site.uit.no\/candidata\/wp-json\/wp\/v2\/comments?post=24"}],"version-history":[{"count":18,"href":"https:\/\/site.uit.no\/candidata\/wp-json\/wp\/v2\/pages\/24\/revisions"}],"predecessor-version":[{"id":506,"href":"https:\/\/site.uit.no\/candidata\/wp-json\/wp\/v2\/pages\/24\/revisions\/506"}],"up":[{"embeddable":true,"href":"https:\/\/site.uit.no\/candidata\/wp-json\/wp\/v2\/pages\/16"}],"wp:attachment":[{"href":"https:\/\/site.uit.no\/candidata\/wp-json\/wp\/v2\/media?parent=24"}],"curies":[{"name":"wp","href":"https:\/\/api.w.org\/{rel}","templated":true}]}}