{"id":278,"date":"2016-01-19T16:00:58","date_gmt":"2016-01-19T15:00:58","guid":{"rendered":"https:\/\/site.uit.no\/candidata\/?page_id=278"},"modified":"2016-01-20T14:49:23","modified_gmt":"2016-01-20T13:49:23","slug":"biennale-2016","status":"publish","type":"page","link":"https:\/\/site.uit.no\/candidata\/biennale\/biennale-2016\/","title":{"rendered":"Biennale 2016"},"content":{"rendered":"<p><strong>Hei og velkommen til Candidata Biennalen 2016!<\/strong><\/p>\n<p>Styret i Candidata \u00f8nsker medlemmene i Candidata velkommen til faglig program og generalforsamling fredag 22. januar 2016!<\/p>\n<p>Vi starter med lunsj p\u00e5 MH-bygget, og fortsetter med foredrag p\u00e5 Store auditorium p\u00e5 Realfagbygget\/ IFI.<\/p>\n<p><strong>PROGRAM<\/strong><\/p>\n<p><strong>Lysg\u00e5rden p\u00e5 MH-bygget<\/strong><\/p>\n<p>12:00 &#8211; 13:00 Lunsj i Lysg\u00e5rden p\u00e5 MH-bygget. Utdeling av navnelapper.<\/p>\n<p>&nbsp;<\/p>\n<p><strong>Store Aud IFI<\/strong><\/p>\n<p>13:00 &#8211; 13:05 Velkommen ved Candidata styreleder<\/p>\n<p>13:05 &#8211; 13:30 &#8220;<em>Informatikk transformerer samfunnet, IFI fremmer informatikk<\/em>&#8221; av Prof. Alexander\u00a0Horsch, Instituttleder IFI<\/p>\n<p>13:30 &#8211; 14:00 &#8220;<em>Pasientjournalen p\u00e5 nett &#8211; under panseret<\/em>&#8221; av Ragnhild Varmedal, NST<\/p>\n<p>14:00 &#8211; 14:15 Frukt og kaffe<\/p>\n<p>14:15 &#8211; 14:45 &#8220;<em>Microsoft Delve \u2013 intelligens i nettskyen<\/em>&#8221; av Krister Mikalsen, Microsoft<\/p>\n<p>14:45 &#8211; 15:15 &#8220;<em>CallMeSmart<\/em>&#8221; av Terje Solvoll, NST<\/p>\n<p>15:15 &#8211; 15:45 &#8220;<em>Shared Motion<\/em>&#8221; av Ingar Arntzen og Nj\u00e5l Borch, Norut<\/p>\n<p>&nbsp;<\/p>\n<p><strong>Bikuben<\/strong><\/p>\n<p>19:00 Oppm\u00f8te Bikuben<\/p>\n<p>19:30 Generalforsamling Bikuben<\/p>\n<p>01:00 Dra hjem<\/p>\n<p>&nbsp;<\/p>\n<p><strong>FOREDRAGENE<\/strong><\/p>\n<p><strong>Informatikk transformerer samfunn, IFI fremmer informatikk &#8211; Prof. Alexander Instituttleder IFI<\/strong><\/p>\n<p>Institutt for informatikk (IFI) ved UiT &#8211; Norges arktiske universitet er et h\u00f8yt attraktivt sted for studenter og forsker. Over mange \u00e5r har IFI bygget opp toppkompetanse i kjerneinformatikk med fokus p\u00e5 distribuerte systemer og i flere anvendelsesomr\u00e5der som bl.a. helse, telemedisin, sport, spill, multimedia, klima, milj\u00f8. Vi alle opplever at informasjons- og kommunikasjonssystemer transformerer samfunn p\u00e5 en fundamental m\u00e5ten. Hvordan ser IFI fagets framtid og sin egen rolle? Hva er instituttets visjon, misjon og strategi for \u00e5 bidra kontinuerlig med toppkandidater og toppforskning til videre utvikling av informatikk som n\u00f8kkelvitenskap? Hvordan kan IFI bidra til global samfunn? Presentasjonen vil gi svar.<\/p>\n<p>&nbsp;<\/p>\n<p><strong>Pasientjournalen p\u00e5 nett &#8211; under panseret &#8211; Ragnhild Varmedal, NST<br \/>\n<\/strong><\/p>\n<p>I desember fikk alle pasienter ved Nord-Norske sykehus mulighet til \u00e5 lese journalen sin p\u00e5 nett. Ragnhild har koordinert det tekniske arbeidet, og gir oss b\u00e5de live demo og tekniske detaljer.<\/p>\n<p>&nbsp;<\/p>\n<p><strong>Microsoft Delve \u2013 intelligens i nettskyen \u00a0&#8211; Krister Mikalsen Principal Group Program Manager, Microsoft<\/strong><\/p>\n<p>Office 365 er et av Microsofts store skysatsninger med millioner av daglige brukere. Delve er et nytt tilskudd til Office 365-familien som hjelper deg \u00e5 oppdage spennende ting som skjer rundt deg p\u00e5 arbeidsplassen uten at du n\u00f8dvendigvis m\u00e5 opps\u00f8ke informasjonen selv. Visste du at Microsofts sjef, Satya Nadella, har omtalt Delve offentlig som en av sine favorittverkt\u00f8y og at dette utvikles i Troms\u00f8?<\/p>\n<p>&nbsp;<\/p>\n<p><strong>CallMeSmart \u2013 Terje Solvoll, NST<br \/>\n<\/strong><\/p>\n<p>CallMeSmart (CMS) is a context-sensitive communication system for mobile communication in hospitals. CMS uses data about the user&#8217;s location, availability and commitments to reduce interruptions from mobile communication devices and to provide contextual services. Data sources also include duty schedules, role summaries, meeting schedules and work plans from the hospital&#8217;s computer system in an effective way.<\/p>\n<p><strong>\u00a0<\/strong><\/p>\n<p><strong>Shared Motion \u2013 Ingar Arntzen og Nj\u00e5l Borch, Norut<br \/>\n<\/strong><\/p>\n<p>Shared Motion is a simple mechanism for temporal control (timing\/synchronization) in distributed (Web) applications. Join us in playful interaction with the future Web.<\/p>\n<p><strong>Tusen takk til sponsorene av Biennalen 2016:<\/strong><\/p>\n<ul>\n<li><a href=\"http:\/\/dualog.com\/\" target=\"_blank\">Dualog<\/a><\/li>\n<li><span class=\"text_exposed_show\"><a href=\"https:\/\/www.facebook.com\/Microsoft-Development-Center-Norway-181706641861059\/\" target=\"_blank\">Microsoft<\/a><\/span><\/li>\n<li><span class=\"text_exposed_show\"><a href=\"https:\/\/uit.no\/om\/enhet\/forsiden?p_dimension_id=88219\" target=\"_blank\">UiT ITA<\/a><\/span><\/li>\n<li><span class=\"text_exposed_show\"><a href=\"http:\/\/www.spacetec.no\/\" target=\"_blank\">Spacetec<\/a><\/span><\/li>\n<li><span class=\"text_exposed_show\"><a href=\"http:\/\/tromso.serit.no\/\" target=\"_blank\">Serit IT Partner<\/a><\/span><\/li>\n<li><span class=\"text_exposed_show\"><a href=\"http:\/\/norut.no\/\" target=\"_blank\">Norut<\/a><\/span><\/li>\n<li><span class=\"text_exposed_show\"><a href=\"http:\/\/www.telemed.no\/\" target=\"_blank\">NST &#8211; Nasjonalt senter for samhandling og telemedisin<\/a><\/span><\/li>\n<li><span class=\"text_exposed_show\"><a href=\"https:\/\/uit.no\/om\/enhet\/forsiden?p_dimension_id=88138\" target=\"_blank\">UiT IFI<\/a><\/span><\/li>\n<\/ul>\n","protected":false},"excerpt":{"rendered":"<p>Hei og velkommen til Candidata Biennalen 2016! Styret i Candidata \u00f8nsker medlemmene i Candidata velkommen til faglig program og generalforsamling fredag 22. januar 2016! Vi starter med lunsj p\u00e5 MH-bygget, og fortsetter med foredrag p\u00e5 Store auditorium p\u00e5 Realfagbygget\/ IFI. &hellip; <a href=\"https:\/\/site.uit.no\/candidata\/biennale\/biennale-2016\/\">Continue reading <span class=\"meta-nav\">&rarr;<\/span><\/a><\/p>\n","protected":false},"author":93,"featured_media":0,"parent":35,"menu_order":-1,"comment_status":"closed","ping_status":"closed","template":"","meta":{"footnotes":""},"class_list":["post-278","page","type-page","status-publish","hentry"],"_links":{"self":[{"href":"https:\/\/site.uit.no\/candidata\/wp-json\/wp\/v2\/pages\/278","targetHints":{"allow":["GET"]}}],"collection":[{"href":"https:\/\/site.uit.no\/candidata\/wp-json\/wp\/v2\/pages"}],"about":[{"href":"https:\/\/site.uit.no\/candidata\/wp-json\/wp\/v2\/types\/page"}],"author":[{"embeddable":true,"href":"https:\/\/site.uit.no\/candidata\/wp-json\/wp\/v2\/users\/93"}],"replies":[{"embeddable":true,"href":"https:\/\/site.uit.no\/candidata\/wp-json\/wp\/v2\/comments?post=278"}],"version-history":[{"count":10,"href":"https:\/\/site.uit.no\/candidata\/wp-json\/wp\/v2\/pages\/278\/revisions"}],"predecessor-version":[{"id":289,"href":"https:\/\/site.uit.no\/candidata\/wp-json\/wp\/v2\/pages\/278\/revisions\/289"}],"up":[{"embeddable":true,"href":"https:\/\/site.uit.no\/candidata\/wp-json\/wp\/v2\/pages\/35"}],"wp:attachment":[{"href":"https:\/\/site.uit.no\/candidata\/wp-json\/wp\/v2\/media?parent=278"}],"curies":[{"name":"wp","href":"https:\/\/api.w.org\/{rel}","templated":true}]}}