{"id":104,"date":"2017-03-03T11:56:56","date_gmt":"2017-03-03T10:56:56","guid":{"rendered":"https:\/\/site.uit.no\/castl\/?page_id=104"},"modified":"2021-01-13T09:53:39","modified_gmt":"2021-01-13T08:53:39","slug":"people","status":"publish","type":"page","link":"https:\/\/site.uit.no\/castl\/people\/","title":{"rendered":"People"},"content":{"rendered":"<p>CASTL consists of two research groups: <a href=\"https:\/\/site.uit.no\/castlfish\/members\/\">CASTLFish<\/a>, led by Gillian Ramchand, and <a href=\"https:\/\/site.uit.no\/lava\/members\/\">LAVA<\/a>, led by Marit Westergaard<\/p>\n<table>\n<tbody>\n<tr>\n<td><strong>Professors and F\u00f8rsteamanuensi<\/strong><\/td>\n<td><\/td>\n<td><\/td>\n<\/tr>\n<tr>\n<td><a href=\"https:\/\/en.uit.no\/om\/enhet\/ansatte\/person?p_document_id=41541&amp;p_dimension_id=88149\">Merete Anderssen<\/a><\/td>\n<td><span class=\"collapseomatic \" id=\"id69e39189300ed\"  tabindex=\"0\" title=\"Research interests:\"    >Research interests:<\/span><div id=\"target-id69e39189300ed\" class=\"collapseomatic_content \"> Monolingual and bilingual first language acquisition. The relationship between word order and information structure: subject shift, object shift and dative alternation. DP-structure, especially definiteness marking and possessives. <\/div><\/td>\n<td>LAVA<\/td>\n<\/tr>\n<tr>\n<td><a href=\"https:\/\/site.uit.no\/castl\/people\/kristine-bentzen\/\">Kristine Bentzen<\/a><\/td>\n<td><span class=\"collapseomatic \" id=\"id69e391893022c\"  tabindex=\"0\" title=\"Research interests:\"    >Research interests:<\/span><div id=\"target-id69e391893022c\" class=\"collapseomatic_content \"> comparative syntax, dialect syntax, first language acquisition, bilingualism, Scandinavian languages, Sami, verb placement, object shift, scrambling, information structure <\/div><\/td>\n<td>CASTLFish, LAVA<\/td>\n<\/tr>\n<tr>\n<td><a href=\"https:\/\/en.uit.no\/om\/enhet\/ansatte\/person?p_document_id=97852&amp;p_dimension_id=88149\">Antonio F\u00e1bregas<\/a><\/td>\n<td><span class=\"collapseomatic \" id=\"id69e391893026d\"  tabindex=\"0\" title=\"Research interests:\"    >Research interests:<\/span><div id=\"target-id69e391893026d\" class=\"collapseomatic_content \"> The syntax-morphology interface, morphosyntactic variation, L2 acquisition, multidialectism, Romance, Scandinavian. <\/div><\/td>\n<td>CASTLFish, LAVA<\/td>\n<\/tr>\n<tr>\n<td><a href=\"http:\/\/blogg.uit.no\/mkr001\/\">Martin Kr\u00e4mer<\/a><\/td>\n<td><span class=\"collapseomatic \" id=\"id69e391893029f\"  tabindex=\"0\" title=\"Research interests:\"    >Research interests:<\/span><div id=\"target-id69e391893029f\" class=\"collapseomatic_content \"> Phonology, Optimality Theory, microvariation. <\/div><\/td>\n<td>CASTLFish, LAVA<\/td>\n<\/tr>\n<tr>\n<td><a href=\"https:\/\/sites.google.com\/site\/gillianramchand01\/\">Gillian Ramchand<\/a><\/td>\n<td>\u00a0<span class=\"collapseomatic \" id=\"id69e39189302cc\"  tabindex=\"0\" title=\"Research interests:\"    >Research interests:<\/span><div id=\"target-id69e39189302cc\" class=\"collapseomatic_content \"> The correlations and mismatches between morphosyntactic form and compositional semantics, particularly within the realm of verbal meaning, tense, aspect and modality; the division of labour between lexical encyclopedic content, structural semantics and pragmatics; the relationship between language and general human cognition; English, Scottish Gaelic, Bengali, Scandinavian crosslinguistic comparison.<\/div><\/td>\n<td>CASTLFish.<\/td>\n<\/tr>\n<tr>\n<td><a href=\"https:\/\/uit.no\/om\/enhet\/ansatte\/person?p_document_id=57107&amp;p_dimension_id=210121\">Yulia Rodina<\/a><\/td>\n<td><span class=\"collapseomatic \" id=\"id69e39189302f7\"  tabindex=\"0\" title=\"Research interests\"    >Research interests<\/span><div id=\"target-id69e39189302f7\" class=\"collapseomatic_content \"> Language acquisition (first, second, third, bilingual), heritage languages, multilingualism and education, multilingual language assessment, Norwegian, Russian, English. <\/div><\/td>\n<td>LAVA<\/td>\n<\/tr>\n<tr>\n<td><a href=\"https:\/\/uit.no\/ansatte\/person?p_document_id=392090\">Jason Rothman<\/a><\/td>\n<td><span class=\"collapseomatic \" id=\"id69e3918930320\"  tabindex=\"0\" title=\"Research interests\"    >Research interests<\/span><div id=\"target-id69e3918930320\" class=\"collapseomatic_content \"> language acquisition and processing across the life span, especially in various types of bilingualism and multilingualism<\/div><\/td>\n<td>AcqVA, Polar Lab<\/td>\n<\/tr>\n<tr>\n<td><a href=\"http:\/\/blogg.uit.no\/psv000\/\">Peter Svenonius<\/a><\/td>\n<td><span class=\"collapseomatic \" id=\"id69e3918930347\"  tabindex=\"0\" title=\"Research interests:\"    >Research interests:<\/span><div id=\"target-id69e3918930347\" class=\"collapseomatic_content \"> Syntax and its interfaces with systems for morphological and lexical expression on the one hand and with systems for conceptual and intentional semantic meaning on the other. <\/div><\/td>\n<td>CASTLFish<\/td>\n<\/tr>\n<tr>\n<td><\/td>\n<td><\/td>\n<td><\/td>\n<\/tr>\n<tr>\n<td><a href=\"https:\/\/en.uit.no\/om\/enhet\/ansatte\/person?p_document_id=41546&amp;p_dimension_id=210121\">\u00d8ystein Vangsnes<\/a><\/td>\n<td><span class=\"collapseomatic \" id=\"id69e391893036f\"  tabindex=\"0\" title=\"Research interests:\"    >Research interests:<\/span><div id=\"target-id69e391893036f\" class=\"collapseomatic_content \"> Grammar, syntax, morphology, syntactic variation, North Germanic languages and dialects, language variation, multilingualism, bidialectalism, language acquisition, cognitive development, language attitudes<\/div><\/td>\n<td>CASTLFish, LAVA<\/td>\n<\/tr>\n<tr>\n<td><a href=\"https:\/\/site.uit.no\/maritwestergaard\/\">Marit Westergaard<\/a><\/td>\n<td><span class=\"collapseomatic \" id=\"id69e3918930396\"  tabindex=\"0\" title=\"Research interests:\"    >Research interests:<\/span><div id=\"target-id69e3918930396\" class=\"collapseomatic_content \">\u00a0\u00a0<span lang=\"EN-US\">First, second\/third &amp; bilingual language acquisition, heritage language\/language attrition, syntactic variation, diachronic change, comparative syntax, word order, nominal structure (grammatical gender, definiteness, possessives), English, Norwegian, Russian, German. <\/div><\/span><\/td>\n<td>LAVA<\/td>\n<\/tr>\n<tr>\n<td colspan=\"2\"><strong>Adjunct Professors and National Partners<\/strong><\/td>\n<td><\/td>\n<\/tr>\n<tr>\n<td><a href=\"https:\/\/uin.academia.edu\/PatrikBye\">Patrik Bye, Nord University, Bod\u00f8<\/a><\/td>\n<td>CASTLFish<\/td>\n<\/tr>\n<tr>\n<td><a href=\"http:\/\/sprak.gu.se\/english\/about-the-department\/staff?languageId=100001&amp;userId=xdownl\">Laura Downing, G\u00f6teborg<\/a><\/td>\n<td>CASTLFish<\/td>\n<\/tr>\n<tr>\n<td><a href=\"http:\/\/ling.uni-konstanz.de\/pages\/home\/kupisch\/\">Tanja Kupisch, Konstanz<\/a><\/td>\n<td>LAVA<\/td>\n<\/tr>\n<tr>\n<td><a href=\"http:\/\/www.ntnu.edu\/employees\/terje.lohndal\">Terje Lohndal, NTNU<\/a><\/td>\n<td>CASTLFish, LAVA<\/td>\n<\/tr>\n<tr>\n<td><a href=\"https:\/\/www.reading.ac.uk\/Psychology\/About\/staff\/j-rothman.aspx\">Jason Rothman, Reading<\/a><\/td>\n<td>LAVA<\/td>\n<\/tr>\n<tr>\n<td><a href=\"https:\/\/www.southampton.ac.uk\/ml\/about\/staff\/rs2a12.page\">Roumyana Slabakova, U. Southampton<\/a><\/td>\n<td>LAVA<\/td>\n<\/tr>\n<tr>\n<td><a href=\"http:\/\/www.hf.uio.no\/ilos\/personer\/vit\/kjelljs\/\">Kjell Johan S\u00e6b\u00f8, UiO<\/a><\/td>\n<td>CASTLFish<\/td>\n<\/tr>\n<tr>\n<td colspan=\"2\"><strong>Post-doctoral researchers<\/strong><\/td>\n<td><\/td>\n<\/tr>\n<tr>\n<td>Jorge Gonz\u00e1lez Alonso<\/td>\n<td>LAVA<\/td>\n<\/tr>\n<tr>\n<td>Bj\u00f6rn Lundquist<\/td>\n<td>CASTLFish, LAVA<\/td>\n<\/tr>\n<tr>\n<td>Natalia Mitrofanova<\/td>\n<td>CASTLFish, LAVA<\/td>\n<\/tr>\n<tr>\n<td>Olga Urek<\/td>\n<td>LAVA<\/td>\n<\/tr>\n<tr>\n<td>Rachel Klassen<\/td>\n<td>LAVA<\/td>\n<\/tr>\n<tr>\n<td><\/td>\n<td><\/td>\n<\/tr>\n<tr>\n<td>Sergey Minor<\/td>\n<td>CASTLFish<\/td>\n<\/tr>\n<tr>\n<td colspan=\"2\"><strong>PhD Students<\/strong><\/td>\n<td><\/td>\n<\/tr>\n<tr>\n<td>Isabel Nadine Jensen<\/td>\n<td>LAVA<\/td>\n<\/tr>\n<tr>\n<td>Ekaterina Fedorova<\/td>\n<td>LAVA<\/td>\n<\/tr>\n<tr>\n<td>Sigr\u00ed\u00f0ur Bj\u00f6rnsd\u00f3ttir<\/td>\n<td>LAVA<\/td>\n<\/tr>\n<tr>\n<td><\/td>\n<td><\/td>\n<\/tr>\n<tr>\n<td>Maud Westendorp<\/td>\n<td>CASTLFish<\/td>\n<\/tr>\n<tr>\n<td>Sebastian Bican-Miclescu<\/td>\n<td>CASTLFish<\/td>\n<\/tr>\n<tr>\n<td><\/td>\n<td><\/td>\n<\/tr>\n<tr>\n<td>Carmen Savu<\/td>\n<td>CASTLFish<\/td>\n<\/tr>\n<tr>\n<td>Bror-Magnus Strand<\/td>\n<td>LAVA<\/td>\n<\/tr>\n<tr>\n<td>Kristina Svensen<\/td>\n<td>CASTLFish<\/td>\n<\/tr>\n<tr>\n<td><\/td>\n<td><\/td>\n<\/tr>\n<tr>\n<td><\/td>\n<td><\/td>\n<\/tr>\n<\/tbody>\n<\/table>\n","protected":false},"excerpt":{"rendered":"<p>CASTL consists of two research groups: CASTLFish, led by Gillian Ramchand, and LAVA, led by Marit Westergaard Professors and F\u00f8rsteamanuensi Merete Anderssen LAVA Kristine Bentzen CASTLFish, LAVA Antonio F\u00e1bregas CASTLFish, LAVA Martin Kr\u00e4mer CASTLFish, LAVA Gillian Ramchand \u00a0 CASTLFish. Yulia &hellip; <a href=\"https:\/\/site.uit.no\/castl\/people\/\">Continue reading <span class=\"meta-nav\">&rarr;<\/span><\/a><\/p>\n","protected":false},"author":690,"featured_media":0,"parent":0,"menu_order":0,"comment_status":"closed","ping_status":"closed","template":"","meta":{"footnotes":""},"class_list":["post-104","page","type-page","status-publish","hentry"],"_links":{"self":[{"href":"https:\/\/site.uit.no\/castl\/wp-json\/wp\/v2\/pages\/104","targetHints":{"allow":["GET"]}}],"collection":[{"href":"https:\/\/site.uit.no\/castl\/wp-json\/wp\/v2\/pages"}],"about":[{"href":"https:\/\/site.uit.no\/castl\/wp-json\/wp\/v2\/types\/page"}],"author":[{"embeddable":true,"href":"https:\/\/site.uit.no\/castl\/wp-json\/wp\/v2\/users\/690"}],"replies":[{"embeddable":true,"href":"https:\/\/site.uit.no\/castl\/wp-json\/wp\/v2\/comments?post=104"}],"version-history":[{"count":65,"href":"https:\/\/site.uit.no\/castl\/wp-json\/wp\/v2\/pages\/104\/revisions"}],"predecessor-version":[{"id":876,"href":"https:\/\/site.uit.no\/castl\/wp-json\/wp\/v2\/pages\/104\/revisions\/876"}],"wp:attachment":[{"href":"https:\/\/site.uit.no\/castl\/wp-json\/wp\/v2\/media?parent=104"}],"curies":[{"name":"wp","href":"https:\/\/api.w.org\/{rel}","templated":true}]}}