{"id":67,"date":"2024-06-05T12:09:25","date_gmt":"2024-06-05T10:09:25","guid":{"rendered":"https:\/\/site.uit.no\/ccgrid2025\/?page_id=67"},"modified":"2025-03-15T13:27:24","modified_gmt":"2025-03-15T12:27:24","slug":"program-committee","status":"publish","type":"page","link":"https:\/\/site.uit.no\/ccgrid2025\/program-committee\/","title":{"rendered":"Program Committee"},"content":{"rendered":"\n<h4 class=\"wp-block-heading\"><strong>Program Chairs<\/strong><\/h4>\n\n\n\n<ul class=\"wp-block-list\">\n<li>Manish Parashar, Utah University, USA<\/li>\n\n\n\n<li>Alba C. M. A. Melo, University of Bras\u00edla, Brazil<\/li>\n\n\n\n<li>Matteo Sereno, Universit\u00e0 di Torino, Italy<\/li>\n<\/ul>\n\n\n\n<h4 class=\"wp-block-heading\"><strong>Track 1: Hardware Systems and Networking: hardware architecture, networking of data centers<\/strong><\/h4>\n\n\n\n<p><strong>Chairs<\/strong><\/p>\n\n\n\n<ul class=\"wp-block-list\">\n<li style=\"margin-top:0px;margin-bottom:0px\">Diana Goehringer, TU Dresden, Germany<\/li>\n\n\n\n<li>Paolo Castagno, University of Torino, Italy<\/li>\n<\/ul>\n\n\n\n<p><strong>PC Members<\/strong><\/p>\n\n\n\n<ul> <!--Hardware Systems and Networking-->\n<li>Ayesha Afzal (Germany)<\/li>\n<li>Marco Ajmone Marsan,&nbsp;IMDEA Networks (Spain)<\/li>\n<li>Tyler Allen (United States)<\/li>\n<li>Leonardo Badia,&nbsp;IMT Lucca Institute for Advanced Studies (Italy)<\/li>\n<li>Antonio Bazco-Nogueras,&nbsp;IMDEA Networks Institute (Spain)<\/li>\n<li>Nick Brown,&nbsp;The University of Edinburgh (United Kingdom)<\/li>\n<li>Anastasiia Butko (United States)<\/li>\n<li>Jon Calhoun,&nbsp;Clemson University (United States)<\/li>\n<li>Marco Guazzone,&nbsp;University of Piemonte Orientale, Italy (Italy)<\/li>\n<li>Aleksandar Ilic,&nbsp;Universidade de Lisboa (Portugal)<\/li>\n<li>Zhiling Lan (United States)<\/li>\n<li>Ana Lucia Varbanescu (Netherlands)<\/li>\n<li>Vincenzo Mancuso,&nbsp;Institute IMDEA Networks (Spain)<\/li>\n<li>Andrea Marin,&nbsp;Universit\u00e0 Ca&#8217; Foscari Venezia (Italy)<\/li>\n<li>Michela Meo,&nbsp;Politecnico Di Torino (Italy)<\/li>\n<li>Shinobu Miwa,&nbsp;The University of Electro-Communications (Japan)<\/li>\n<li>Diletta Olliaro,&nbsp;Ca&#8217; Foscari University of Venice (Italy)<\/li>\n<li>Christian Quadri,&nbsp;University of Milan (Italy)<\/li>\n<li>Bruno Schulze (Brazil)<\/li>\n<li>Greta Vallero,&nbsp;Politecnico di Torino (Italy)<\/li>\n<li>Veronica Vergara Larrea,&nbsp;Oak Ridge National Laboratory (United States)<\/li>\n<\/ul>\n\n\n\n<h4 class=\"wp-block-heading\"><strong>Track 2: Software Systems and Platforms: Programming models and runtime systems<\/strong><\/h4>\n\n\n\n<p><strong>Chairs<\/strong><\/p>\n\n\n\n<ul class=\"wp-block-list\">\n<li>Silvina Ca\u00edno-Lores, Inria, France<\/li>\n\n\n\n<li>Alfredo Goldman, USP, Brazil<\/li>\n<\/ul>\n\n\n\n<p><strong>PC Members<\/strong><\/p>\n\n\n\n<ul> <!--Software Systems and Platforms-->\n<li>Christian Perez, Inria (France)<\/li>\n<li>Ulf Leser, Institut f\u00fcr Informatik, Humboldt-Universit\u00e4t zu Berlin (Germany)<\/li>\n<li>Gabriele Russo Russo, University of Rome Tor Vergata (Italy)<\/li>\n<li>Jesus Carretero, Universidad Carlos III de Madrid (Spain)<\/li>\n<li>Fran\u00e7ois Tessier, Inria (France)<\/li>\n<li>Olivier Richard, LIG Laboratory Grenoble (France)<\/li>\n<li>Sungyong Park, Sogang University (South Korea)<\/li>\n<li>Jakob Luettgau, Inria (France)<\/li>\n<li>Alberto Cascajo, University Carlos III of Madrid (Spain)<\/li>\n<li>Kyle Chard, Computation Institute, University of Chicago and Argonne National Lab (United States)<\/li>\n<li>Valerie Hayot-Sasson, University of Chicago (United States)<\/li>\n<li>M\u00e1rcio Castro, Federal University of Santa Catarina UFSC<\/li>\n<li>Carlos Jaime Barrios Hernandez, UIS<\/li>\n<li>Aleksandar Ilic, Universidade de Lisboa (Portugal)<\/li>\n<li>Sascha Hunold, Faculty of Informatics TU Wien<\/li>\n<li>Yves Denneulin, Grenoble INP institue of engineering Univ. Grenoble Alpes (France)<\/li>\n<li>Kelly Rosa Braghetto, University of S\u00e3o Paulo (Brazil)<\/li>\n<li>Antonio J. Pe\u00f1a, Barcelona Supercomputing Center BSC (Spain)<\/li>\n<li>Rosa M. Badia, Barcelona Supercomputing Center (Spain)<\/li>\n<li>Jean Luca Bez, Lawrence Berkeley National Laboratory<\/li>\n<li>Thomas Fahringer, University of Innsbruck (Austria)<\/li>\n<li>Dewi Yokelson, Lawrence Livermore National Laboratory<\/li>\n<li>Frederic Suter, Oak Ridge National Laboratory<\/li>\n<li>Pedro Valero-Lara, Oak Ridge National Laboratory<\/li>\n<li>Dejan Milojicic, Hewlett Packard Enterprise<\/li>\n<li>Rizos Sakellariou, The University of Manchester<\/li>\n<li>Francesco Quaglia, Universita&#8217; di Roma &#8220;Tor Vergata&#8221;<\/li>\n<li>Julien Bigot, CEA, Maison de la Simulation (France)<\/li>\n<li>Xin Liang, University of California, Riverside (United States)<\/li>\n<li>Dhabaleswar Panda, Ohio State (United States)<\/li>\n<li>Pamela Delgado, University of Applied Sciences Western Switzerland HES-SO (Switzerland)<\/li>\n<li>Marco Netto, microsoft<\/li>\n<li>Anthony Danalis, University of Tennessee (United States)<\/li>\n<li>Ignacio Laguna, Lawrence Livermore National Laboratory<\/li>\n<li>Anirban Mandal, Renaissance Computing Institute<\/li>\n<li>Daniel Cordeiro, University of S\u00e3o Paulo (Brazil)<\/li>\n<li>Justin Wozniak, Argonne National Laboratory<\/li>\n<li>Leonel Sousa, INESC-ID, Instituto Superior T\u00e9cnico, Universidade de Lisboa (Portugal)<\/li>\n<li>Esteban Meneses, University of Pittsburgh<\/li>\n<li>Dan Huang, Sun Yat-sen University<\/li>\n<li>Anna Giannakou, lawrence berkeley national lab (United States)<\/li>\n<\/ul>\n\n\n\n<h4 class=\"wp-block-heading\"><strong>Track 3: Machine Learning (ML) for Systems and Systems for ML: abstraction, architecture, design and implementation supporting machine learning and artificial intelligence applications<\/strong><\/h4>\n\n\n\n<p><strong>Chairs<\/strong><\/p>\n\n\n\n<ul class=\"wp-block-list\">\n<li>Kento Sato, Riken, Japan<\/li>\n\n\n\n<li>Min Si, Facebook, USA<\/li>\n<\/ul>\n\n\n\n<p><strong>PC Members<\/strong><\/p>\n\n\n\n<ul> <!--Machine Learning (ML) for Systems and Systems for ML-->\n<li>Abdullah Alperen, Meta (USA)<\/li>\n<li>Shajulin Benedict, Indian Institute of Information Technology Kottayam (India)<\/li>\n<li>Julien Bigot, CEA, Maison de la Simulation (France)<\/li>\n<li>Suren Byna, The Ohio State University (USA)<\/li>\n<li>Valeria Cardellini, University of Roma &#8220;Tor Vergata&#8221; (Italy)<\/li>\n<li>Steven Chien, University of Edinburgh (UK)<\/li>\n<li>Alexandru Costan, INRIA (France)<\/li>\n<li>Huimin Cui, Institute of Computing Technology, CAS (China)<\/li>\n<li>Dong Dai, UNC-Charlotte (USA)<\/li>\n<li>Aleksandr Drozd, RIKEN R-CCS (Japan)<\/li>\n<li>Murali Emani, Argonne National Laboratory (USA)<\/li>\n<li>Zane Fink, University of Illinois at Urbana-Champaign (USA)<\/li>\n<li>Luanzheng Guo, University of California Merced (USA)<\/li>\n<li>Dongseong Kim, The University of Queensland (Austraria)<\/li>\n<li>Youngjae Kim, Sogang University (Korea)<\/li>\n<li>Kazuhiko Komatsu, Tohoku University (Japan)<\/li>\n<li>Patrick P. C. Lee, The Chinese University of Hong Kong (Hong Kong)<\/li>\n<li>Seung-Hwan Lim, Oak Ridge National Laboratory (USA)<\/li>\n<li>Jinyang Liu, University of California, Riverside (USA)<\/li>\n<li>Jay Lofstead, Sandia National Laboratories (USA)<\/li>\n<li>Jiong Lou, Shanghai Jiao Tong University (China)<\/li>\n<li>Ashwin M.Aji, AMD (USA)<\/li>\n<li>Bo Mao, Xiamen University (China)<\/li>\n<li>Stefano Markidis, KTH Royal Institute of Technology (Sweden)<\/li>\n<li>Avinash Maurya, Argonne National Laboratory (USA)<\/li>\n<li>Sarah Neuwirth, Johannes Gutenberg University Mainz (Germany)<\/li>\n<li>Kaiming Ouyang, Nvidia (USA)<\/li>\n<li>Lo\u00efc Pottier, Lawrence Livermore National Laboratory (USA)<\/li>\n<li>M. Mustafa Rafique, Rochester Institute of Technology (USA)<\/li>\n<li>Wei Shu, Tenstorrent (USA)<\/li>\n<li>Hari Subramoni, The Ohio State University (USA)<\/li>\n<li>Toyotaro Suzumura, The University of Tokyo (Japan)<\/li>\n<li>Dingwen Tao, Chinese Academy of Sciences (China)<\/li>\n<li>Keita Teranishi, Oak Ridge National Laboratory (USA)<\/li>\n<li>Robert Underwood, Argonne National Laboratory (USA)<\/li>\n<li>Zheng Wang, Leeds (UK)<\/li>\n<li>Tongquan Wei, east china normal unviversity (China)<\/li>\n<li>Mike Wilkins, Argonne National Laboratory (USA)<\/li>\n<li>Bing Xie, Microsoft (USA)<\/li>\n<li>Shu Yin, ShanghaiTech University (China)<\/li>\n<li>Mengchi Zhang, Meta (USA)<\/li>\n<li>Xianwei Zhang, AMD Inc (USA)<\/li>\n<\/ul>\n\n\n\n<h4 class=\"wp-block-heading\"><strong>Track 4: Future Compute Continuum and Seamless Ecosystems: Internet computing frontiers<\/strong><\/h4>\n\n\n\n<p><strong>Chairs<\/strong><\/p>\n\n\n\n<ul class=\"wp-block-list\">\n<li>Ivy Peng KTH Royal Institute of Technology, Sweden<\/li>\n\n\n\n<li>Maria Fazio, University of Messina, Italy<\/li>\n<\/ul>\n\n\n\n<p><strong>PC Members<\/strong><\/p>\n\n\n\n<ul> <!--Future Compute Continuum and Seamless Ecosystems-->\n<li>Luiz F. Bittencourt,&nbsp;University of Campinas (Brazil)<\/li>\n<li>Daniel Balouek, Inria (France)<\/li>\n<li>Maria Carla Calzarossa (Italy)<\/li>\n<li>Antony Chazapis,&nbsp;Foundation for Research and Technology &#8211; Hellas (Greece)<\/li>\n<li>Camille Coti,&nbsp;\u00c9cole de Technologie Sup\u00e9rieure, Montr\u00e9al (Canada)<\/li>\n<li>Luca Davoli,&nbsp;University of Parma (Italy)<\/li>\n<li>Pedro Garc\u00eda-L\u00f3pez (Spain)<\/li>\n<li>Ryohei Kobayashi,&nbsp;Institute of Science, Tokyo (Japan)<\/li>\n<li>Filippo Mantovani,&nbsp;Barcelona Supercomputing Center (Spain)<\/li>\n<li>Manolis Marazakis,&nbsp;Instutute of Computer Science, FORTH (Greece)<\/li>\n<li>Gianluca Palermo (Italy)<\/li>\n<li>Tirthak Patel,&nbsp;Rice University (United States)<\/li>\n<li>Radu Prodan,&nbsp;University of Klagenfurt (Austria)<\/li>\n<li>Anna Queralt,&nbsp;UPC (Spain)<\/li>\n<li>Marc Sanchez,&nbsp;Universitat Rovira i Virgili (Spain)<\/li>\n<li>Paul Townend,&nbsp;Ume\u00e5 University (Sweden)<\/li>\n<li>Wolfgang Mauerer (Technical University of Applied Science Regensburg)<\/li>\n<li>Miwako Tsuji (RIKEN R-CCS)<\/li>\n<li>Stefano Markidis (KTH)<\/li>\n<li>Samuel Jaques (University of Waterloo)<\/li>\n<\/ul>\n\n\n\n<h4 class=\"wp-block-heading\"><strong>Track 5: Sustainable IT Systems: abstraction, architecture, design and implementation<\/strong><\/h4>\n\n\n\n<p><strong>Chairs<\/strong><\/p>\n\n\n\n<ul class=\"wp-block-list\">\n<li>Monica Vitali, Politecnico di Milano, Italy<\/li>\n\n\n\n<li>Anne-C\u00e9cile Orgerie, inria, France<\/li>\n<\/ul>\n\n\n\n<p><strong>PC Members<\/strong><\/p>\n\n\n\n<ul> <!--Sustainable IT Systems-->\n<li>Marco Aiello,&nbsp;University of Stuttgart (Germany)<\/li>\n<li>Marcos Assuncao,&nbsp;ETS Montreal (Canada)<\/li>\n<li>Camille Coti,&nbsp;\u00c9cole de Technologie Sup\u00e9rieure, Montr\u00e9al (Canada)<\/li>\n<li>Cl\u00e9ment Courageux-Sudan,&nbsp;Ume\u00e5 University (France)<\/li>\n<li>Stefano Forti,&nbsp;University of Pisa (Italy)<\/li>\n<li>Amina Guermouche,&nbsp;Universite de Bordeaux, Inria Bordeaux (France)<\/li>\n<li>Shadi Ibrahim,&nbsp;Inria, Rennes Bretagne Atlantique Research Center (France)<\/li>\n<li>Guilherme Koslovski,&nbsp;Santa Catarina State University (Brazil)<\/li>\n<li>Lucas Mello Schnorr,&nbsp;UFRGS (Brazil)<\/li>\n<li>Yashwant Singh Patel,&nbsp;Ume\u00e5 University (Sweden)<\/li>\n<li>Abel Souza,&nbsp;University of Massachusetts Amherst (Sweden)<\/li>\n<li>Patricia Stolf,&nbsp;irit (France)<\/li>\n<li>Lauritz Thamsen,&nbsp;University of Glasgow (United Kingdom)<\/li>\n<li>Sebastian Werner,&nbsp;TU Berlin (Germany)<\/li>\n<li>Orcun Yildiz,&nbsp;Argonne National Laboratory (United States)<\/li>\n<li>Gabriele Gianini, University of Milan-Bicocca (Italy)<\/li>\n<li>Wedan Emmanuel Gnibga, University of Chicago (United States)<\/li>\n<li>Brian Keegan, Technological University Dublin (Ireland)<\/li>\n<li>Barbara Pernici, Politecnico di Milano (Italy)<\/li>\n<li>Pierluigi Plebani, Politecnico di Milano (Italy)<\/li>\n<\/ul>\n\n\n\n<h4 class=\"wp-block-heading\"><strong>Track 6: Applications and Workflows<\/strong><\/h4>\n\n\n\n<p><strong>Chairs<\/strong><\/p>\n\n\n\n<ul class=\"wp-block-list\">\n<li>Lucia Drummond, UFF, Brazil<\/li>\n\n\n\n<li>Tanzima Islam, Texas State University, USA<\/li>\n<\/ul>\n\n\n\n<p><strong>PC Members<\/strong><\/p>\n\n\n\n<ul> <!--Applications and Workflows-->\n<li>Shaikh Arifuzzaman,&nbsp;University of Nevada, Las Vegas (United States)<\/li>\n<li>Laure Berti-Equille (France)<\/li>\n<li>Cristina Boeres,&nbsp;Universidade Federal Fluminense (Brazil)<\/li>\n<li>Donna Calhoun (United States)<\/li>\n<li>Jee Choi,&nbsp;Georgia Institute of Technology (United States)<\/li>\n<li>Sagnik Dakshit,&nbsp;The University of Texas at Tyler (United States)<\/li>\n<li>In\u00eas Dutra,&nbsp;University of Porto (Portugal)<\/li>\n<li>Rafael Ferreira da Silva,&nbsp;Oak Ridge National Laboratory (United States)<\/li>\n<li>Lin Gan,&nbsp;Tsinghua University (China)<\/li>\n<li>Ozgur Ozan Kilic,&nbsp;Brookhaven National Laboratory (United States)<\/li>\n<li>Sunggon Kim,&nbsp;Seoul National University of Science and Technology (South Korea)<\/li>\n<li>Ulf Leser<\/li>\n<li>Jiajia Li,&nbsp;NCSU (United States)<\/li>\n<li>Marta Mattoso,&nbsp;COPPE- Federal Univ. Rio de Janeiro (Brazil)<\/li>\n<li>Felipe Portella,&nbsp;Petr\u00f3leo Brasileiro S\/A &#8211; PETROBRAS (Brazil)<\/li>\n<li>Claude Tadonki,&nbsp;Mines ParisTech \/ CRI &#8211; Centre de Recherche en Informatique (France)<\/li>\n<li>Luan Teylo,&nbsp;inria bordeaux (France)<\/li>\n<li>Kowshik Thopalli,&nbsp;Lawrence Livermore national Lab (United States)<\/li>\n<li>Sofia Vallecorsa (Switzerland)<\/li>\n<li>Daniel Oliveira, Universidade Federal Fluminense (Brazil)<\/li>\n<\/ul>\n","protected":false},"excerpt":{"rendered":"<p>Program Chairs Track 1: Hardware Systems and Networking: hardware architecture, networking of data centers Chairs PC Members Ayesha Afzal (Germany) [&hellip;]<\/p>\n","protected":false},"author":123651,"featured_media":0,"parent":0,"menu_order":0,"comment_status":"closed","ping_status":"closed","template":"","meta":{"site-sidebar-layout":"default","site-content-layout":"","ast-site-content-layout":"default","site-content-style":"default","site-sidebar-style":"default","ast-global-header-display":"","ast-banner-title-visibility":"","ast-main-header-display":"","ast-hfb-above-header-display":"","ast-hfb-below-header-display":"","ast-hfb-mobile-header-display":"","site-post-title":"","ast-breadcrumbs-content":"","ast-featured-img":"","footer-sml-layout":"","ast-disable-related-posts":"","theme-transparent-header-meta":"","adv-header-id-meta":"","stick-header-meta":"","header-above-stick-meta":"","header-main-stick-meta":"","header-below-stick-meta":"","astra-migrate-meta-layouts":"default","ast-page-background-enabled":"default","ast-page-background-meta":{"desktop":{"background-color":"var(--ast-global-color-4)","background-image":"","background-repeat":"repeat","background-position":"center center","background-size":"auto","background-attachment":"scroll","background-type":"","background-media":"","overlay-type":"","overlay-color":"","overlay-opacity":"","overlay-gradient":""},"tablet":{"background-color":"","background-image":"","background-repeat":"repeat","background-position":"center center","background-size":"auto","background-attachment":"scroll","background-type":"","background-media":"","overlay-type":"","overlay-color":"","overlay-opacity":"","overlay-gradient":""},"mobile":{"background-color":"","background-image":"","background-repeat":"repeat","background-position":"center center","background-size":"auto","background-attachment":"scroll","background-type":"","background-media":"","overlay-type":"","overlay-color":"","overlay-opacity":"","overlay-gradient":""}},"ast-content-background-meta":{"desktop":{"background-color":"var(--ast-global-color-5)","background-image":"","background-repeat":"repeat","background-position":"center center","background-size":"auto","background-attachment":"scroll","background-type":"","background-media":"","overlay-type":"","overlay-color":"","overlay-opacity":"","overlay-gradient":""},"tablet":{"background-color":"var(--ast-global-color-5)","background-image":"","background-repeat":"repeat","background-position":"center center","background-size":"auto","background-attachment":"scroll","background-type":"","background-media":"","overlay-type":"","overlay-color":"","overlay-opacity":"","overlay-gradient":""},"mobile":{"background-color":"var(--ast-global-color-5)","background-image":"","background-repeat":"repeat","background-position":"center center","background-size":"auto","background-attachment":"scroll","background-type":"","background-media":"","overlay-type":"","overlay-color":"","overlay-opacity":"","overlay-gradient":""}},"ngg_post_thumbnail":0,"footnotes":""},"class_list":["post-67","page","type-page","status-publish","hentry"],"_links":{"self":[{"href":"https:\/\/site.uit.no\/ccgrid2025\/wp-json\/wp\/v2\/pages\/67","targetHints":{"allow":["GET"]}}],"collection":[{"href":"https:\/\/site.uit.no\/ccgrid2025\/wp-json\/wp\/v2\/pages"}],"about":[{"href":"https:\/\/site.uit.no\/ccgrid2025\/wp-json\/wp\/v2\/types\/page"}],"author":[{"embeddable":true,"href":"https:\/\/site.uit.no\/ccgrid2025\/wp-json\/wp\/v2\/users\/123651"}],"replies":[{"embeddable":true,"href":"https:\/\/site.uit.no\/ccgrid2025\/wp-json\/wp\/v2\/comments?post=67"}],"version-history":[{"count":3,"href":"https:\/\/site.uit.no\/ccgrid2025\/wp-json\/wp\/v2\/pages\/67\/revisions"}],"predecessor-version":[{"id":1087,"href":"https:\/\/site.uit.no\/ccgrid2025\/wp-json\/wp\/v2\/pages\/67\/revisions\/1087"}],"wp:attachment":[{"href":"https:\/\/site.uit.no\/ccgrid2025\/wp-json\/wp\/v2\/media?parent=67"}],"curies":[{"name":"wp","href":"https:\/\/api.w.org\/{rel}","templated":true}]}}