{"id":1077,"date":"2021-04-13T14:57:10","date_gmt":"2021-04-13T12:57:10","guid":{"rendered":"https:\/\/site.uit.no\/ck2020\/?page_id=1077"},"modified":"2021-06-02T16:36:18","modified_gmt":"2021-06-02T14:36:18","slug":"program","status":"publish","type":"page","link":"https:\/\/site.uit.no\/ck2020\/program\/","title":{"rendered":"Program Thursday"},"content":{"rendered":"<p>[vc_row 0=&#8221;&#8221;][vc_column 0=&#8221;&#8221;][vc_column_text css=&#8221;.vc_custom_1622644573906{padding-bottom: 25px !important;}&#8221;]<\/p>\n<h1 style=\"text-align: center\">Programme<br \/>\nThursday June 3<\/h1>\n<div style=\"text-align: center\"><a class=\"program\" href=\"\/ck2020\/program\/\">Thursday<\/a><a class=\"program\" href=\"\/ck2020\/program-friday\/\">Friday<\/a><a class=\"program_book\" href=\"\/ck2020\/files\/2021\/06\/Program-with-abstracts-booklet-v4.pdf\" target=\"_blank\" rel=\"noopener\">Download Programme booklet (PDF)<\/a><\/div>\n<p>[\/vc_column_text][vc_column_text 0=&#8221;&#8221;]<\/p>\n<h4 style=\"text-align: center\">08.30-09.00 (UTC +2)<\/h4>\n<p style=\"text-align: center;margin-top: -17px\"><span lang=\"EN-GB\">All times are in\u00a0CEST\u00a0(UTC+2 hours)<\/span><\/p>\n<p>[\/vc_column_text][vc_column_text css=&#8221;.vc_custom_1622618049145{padding-top: 15px !important;padding-bottom: 25px !important;background-color: #de126e !important;border-radius: 15px !important;}&#8221;]<\/p>\n<h5 style=\"text-align: center\"><span style=\"color: #ffffff\">Opening of conference<\/span><\/h5>\n<p>[\/vc_column_text][vc_column_text 0=&#8221;&#8221;]<\/p>\n<h4 style=\"text-align: center\">09.00-10.00<\/h4>\n<p>[\/vc_column_text][vc_column_text css=&#8221;.vc_custom_1618319679308{padding-top: 10px !important;padding-bottom: 25px !important;background-color: #444444 !important;border-radius: 15px !important;}&#8221;]<\/p>\n<h3 style=\"text-align: center\"><span style=\"color: #ffff00\">Keynote<\/span><\/h3>\n<h5 style=\"text-align: center\"><a href=\"https:\/\/site.uit.no\/ck2020\/keynote-speakers\/#duglasBio\"><span style=\"color: #ffffff\">The psychology of conspiracy theories<\/span><\/a><\/h5>\n<h6 style=\"text-align: center\"><span style=\"color: #ffff00\"><a href=\"https:\/\/site.uit.no\/ck2020\/keynote-speakers\/#duglasBio\"><img decoding=\"async\" class=\"circular--square alignnone wp-image-953 size-thumbnail\" src=\"https:\/\/site.uit.no\/ck2020\/wp-content\/uploads\/sites\/367\/2021\/02\/KAREN006-150x150.jpg\" alt=\"Karen Douglas: Keynote speaker at Creating Knowledge, June 2021\" width=\"150\" height=\"150\" \/><\/a><\/span><\/h6>\n<h6 style=\"text-align: center\"><span style=\"color: #ffff00\"><a href=\"https:\/\/site.uit.no\/ck2020\/keynote-speakers\/#duglasBio\">Karen Douglas<\/a><\/span><\/h6>\n<h6 style=\"text-align: center\"><span style=\"color: #ffff00\"><br \/>\n<a href=\"https:\/\/site.uit.no\/ck2020\/keynote-speakers\/#duglasBio\"><img decoding=\"async\" class=\"aligncenter wp-image-626\" src=\"https:\/\/site.uit.no\/ck2020\/wp-content\/uploads\/sites\/367\/2020\/02\/symbolGul-01-e1580675349619.png\" alt=\"\" width=\"35\" height=\"30\" \/><\/a><\/span><\/h6>\n<p>[\/vc_column_text][vc_column_text 0=&#8221;&#8221;]<\/p>\n<h4 style=\"text-align: center\">10.00-10.30<\/h4>\n<p>[\/vc_column_text][vc_column_text css=&#8221;.vc_custom_1622618538717{padding-top: 15px !important;padding-bottom: 25px !important;background-color: #ffa500 !important;border-radius: 15px !important;}&#8221;]<\/p>\n<h5 style=\"text-align: center\"><span style=\"color: #ffffff\">Break (conference lounge is open)<\/span><\/h5>\n<p>[\/vc_column_text][vc_column_text 0=&#8221;&#8221;]<\/p>\n<h4 style=\"text-align: center\">10.30-11.55<\/h4>\n<p>[\/vc_column_text][vc_column_text css=&#8221;.vc_custom_1618319387172{padding-top: 15px !important;padding-bottom: 25px !important;background-color: #444444 !important;border-radius: 15px !important;}&#8221;]<\/p>\n<h5 style=\"text-align: center\"><span style=\"color: #ffffff\">Parallel sessions<\/span><\/h5>\n<p>[\/vc_column_text][\/vc_column][\/vc_row][vc_row 0=&#8221;&#8221;][vc_column width=&#8221;1\/2&#8243;][vc_column_text css=&#8221;.vc_custom_1618319440292{padding-top: 5px !important;padding-bottom: 25px !important;background-color: #de126e !important;border-radius: 15px !important;}&#8221;]<\/p>\n<h4 style=\"text-align: center\"><span style=\"color: #ffffff\">Track A<\/span><\/h4>\n<p>[\/vc_column_text][vc_column_text css=&#8221;.vc_custom_1618319499737{padding-top: 15px !important;padding-bottom: 25px !important;background-color: #de126e !important;border-radius: 15px !important;}&#8221;]<\/p>\n<h6 style=\"text-align: center\"><a href=\"\/ck2020\/files\/2021\/04\/Pyman-Gibbs_Innovative-teaching-in-a-new-normal.pdf\" target=\"_blank\" rel=\"noopener\"><span style=\"color: #ffffff\">Innovative teaching in a new normal: Creating new ways to deliver virtual information literacy and research support training<\/span><\/a><\/h6>\n<p style=\"text-align: center\"><span style=\"color: #ffffff\"><em>Hannah Pyman &amp; Keziah Gibbs<\/em><\/span><\/p>\n<p>[\/vc_column_text][vc_column_text css=&#8221;.vc_custom_1618381488768{padding-top: 15px !important;padding-bottom: 25px !important;background-color: #de126e !important;border-radius: 15px !important;}&#8221;]<\/p>\n<h6 style=\"text-align: center\"><a href=\"\/ck2020\/files\/2021\/04\/Lo\u0308nn-Stensrud_et_al_From-black-screens-to-student-success.pdf\" target=\"_blank\" rel=\"noopener\"><span style=\"color: #ffffff\">From black screens to student success<\/span><\/a><\/h6>\n<p style=\"text-align: center\"><em><span style=\"color: #ffffff\">Jessica L\u00f6nn-Stensrud, Julie Skatteb\u00f8, <\/span><\/em><br \/>\n<em><span style=\"color: #ffffff\">Tone Gadmar &amp; Heidi Konestabo<\/span><\/em><\/p>\n<p>[\/vc_column_text][vc_column_text css=&#8221;.vc_custom_1618381701773{padding-top: 15px !important;padding-bottom: 25px !important;background-color: #de126e !important;border-radius: 15px !important;}&#8221;]<\/p>\n<h6 style=\"text-align: center\"><a href=\"\/ck2020\/files\/2021\/04\/Borgersen_Virtual-Library.pdf\" target=\"_blank\" rel=\"noopener\"><span style=\"color: #ffffff\">The Virtual Library: Connecting NTNU<\/span><\/a><\/h6>\n<p style=\"text-align: center\"><em><span style=\"color: #ffffff\">Gustav Svihus Borgersen<\/span><\/em><\/p>\n<p>[\/vc_column_text][\/vc_column][vc_column width=&#8221;1\/2&#8243;][vc_column_text css=&#8221;.vc_custom_1618319455446{padding-top: 5px !important;padding-bottom: 25px !important;background-color: #455492 !important;border-radius: 15px !important;}&#8221;]<\/p>\n<h4 style=\"text-align: center\"><span style=\"color: #ffffff\">Track B<\/span><\/h4>\n<p>[\/vc_column_text][vc_column_text css=&#8221;.vc_custom_1619613217215{padding-top: 15px !important;padding-bottom: 25px !important;background-color: #455492 !important;border-radius: 15px !important;}&#8221;]<\/p>\n<h6 style=\"text-align: center\"><a href=\"\/ck2020\/files\/2021\/04\/Russell_Be-Media-Smart.pdf\" target=\"_blank\" rel=\"noopener\"><span style=\"color: #ffffff\">Be media smart:<br \/>\nA national media literacy campaign for Ireland<\/span><\/a><\/h6>\n<p style=\"text-align: center\"><em><span style=\"color: #ffffff\">Philip Russell<\/span><\/em><\/p>\n<p>[\/vc_column_text][vc_column_text css=&#8221;.vc_custom_1618381569378{padding-top: 15px !important;padding-bottom: 25px !important;background-color: #455492 !important;border-radius: 15px !important;}&#8221;]<\/p>\n<h6 style=\"text-align: center\"><a href=\"\/ck2020\/files\/2021\/04\/Thorn_An-academic-kickstart.pdf\" target=\"_blank\" rel=\"noopener\"><span style=\"color: #ffffff\">An academic kickstart: How librarian involvement enhances students\u2019 academic literacy <\/span><\/a><\/h6>\n<p style=\"text-align: center\"><span style=\"color: #ffffff\"><em>Jessica Thorn<\/em><\/span><\/p>\n<p>[\/vc_column_text][vc_column_text css=&#8221;.vc_custom_1618381665390{padding-top: 15px !important;padding-bottom: 25px !important;background-color: #455492 !important;border-radius: 15px !important;}&#8221;]<\/p>\n<h6 style=\"text-align: center\"><a href=\"\/ck2020\/files\/2021\/04\/Na\u0308vera\u030a-Olsson_Library\u2013faculty-collaboration.pdf\" target=\"_blank\" rel=\"noopener\"><span style=\"color: #ffffff\">Library-faculty collaboration in the light of a business administration bachelor\u2019s program: \u201cA Scientific Wave\u201d<\/span><\/a><\/h6>\n<p style=\"text-align: center\"><span style=\"color: #ffffff\"><em>Elisabeth N\u00e4ver\u00e5 &amp; Anna Karin Olsson<\/em><\/span><\/p>\n<p>[\/vc_column_text][\/vc_column][\/vc_row][vc_row 0=&#8221;&#8221;][vc_column 0=&#8221;&#8221;][vc_column_text 0=&#8221;&#8221;]<\/p>\n<h4 style=\"text-align: center\">12.00-13.00<\/h4>\n<p>[\/vc_column_text][vc_column_text css=&#8221;.vc_custom_1622618596941{padding-top: 15px !important;padding-bottom: 25px !important;background-color: #ffa500 !important;border-radius: 15px !important;}&#8221;]<\/p>\n<h5 style=\"text-align: center\"><span style=\"color: #ffffff\">Lunch (cultural programme in conference lounge)<\/span><\/h5>\n<p>[\/vc_column_text][vc_column_text 0=&#8221;&#8221;]<\/p>\n<h4 style=\"text-align: center\">13.00-14.00<\/h4>\n<p>[\/vc_column_text][vc_column_text css=&#8221;.vc_custom_1618381800983{padding-top: 10px !important;padding-bottom: 25px !important;background-color: #444444 !important;border-radius: 15px !important;}&#8221;]<\/p>\n<h3 style=\"text-align: center\"><span style=\"color: #ffff00\">Keynote<\/span><\/h3>\n<h5 style=\"text-align: center\"><a href=\"https:\/\/site.uit.no\/ck2020\/keynote-speakers\/#rogerBio\"><span style=\"color: #ffffff\">Learning in a designed world:<br \/>\nInformation literacy from rock carvings to apps<\/span><\/a><\/h5>\n<h6 style=\"text-align: center\"><\/h6>\n<p style=\"text-align: center\"><img decoding=\"async\" class=\"circular--square alignnone wp-image-163 size-thumbnail\" src=\"https:\/\/site.uit.no\/ck2020\/wp-content\/uploads\/sites\/367\/2019\/09\/Roger-saljo-150x150.jpg\" alt=\"\" width=\"150\" height=\"150\" \/><\/p>\n<h6 style=\"text-align: center\"><span style=\"color: #ffff00\"><a href=\"https:\/\/site.uit.no\/ck2020\/keynote-speakers\/#rogerBio\">Roger S\u00e4lj\u00f6 <\/a><\/span><\/h6>\n<h6 style=\"text-align: center\"><span style=\"color: #ffff00\"><a href=\"https:\/\/site.uit.no\/ck2020\/keynote-speakers\/#rogerBio\"><br \/>\n<img decoding=\"async\" class=\"aligncenter wp-image-626\" src=\"https:\/\/site.uit.no\/ck2020\/wp-content\/uploads\/sites\/367\/2020\/02\/symbolGul-01-e1580675349619.png\" alt=\"\" width=\"35\" height=\"30\" \/><\/a><\/span><\/h6>\n<p>[\/vc_column_text][vc_column_text 0=&#8221;&#8221;]<\/p>\n<h4 style=\"text-align: center\">14.00-14.30<\/h4>\n<p>[\/vc_column_text][vc_column_text css=&#8221;.vc_custom_1622618550209{padding-top: 15px !important;padding-bottom: 25px !important;background-color: #ffa500 !important;border-radius: 15px !important;}&#8221;]<\/p>\n<h5 style=\"text-align: center\"><span style=\"color: #ffffff\">Break (conference lounge is open)<\/span><\/h5>\n<p>[\/vc_column_text][vc_column_text 0=&#8221;&#8221;]<\/p>\n<h4 style=\"text-align: center\">14.30-16.25<\/h4>\n<p>[\/vc_column_text][vc_column_text css=&#8221;.vc_custom_1618319387172{padding-top: 15px !important;padding-bottom: 25px !important;background-color: #444444 !important;border-radius: 15px !important;}&#8221;]<\/p>\n<h5 style=\"text-align: center\"><span style=\"color: #ffffff\">Parallel sessions<\/span><\/h5>\n<p>[\/vc_column_text][\/vc_column][\/vc_row][vc_row 0=&#8221;&#8221;][vc_column width=&#8221;1\/3&#8243;][vc_column_text css=&#8221;.vc_custom_1618319576402{padding-top: 5px !important;padding-bottom: 25px !important;background-color: #de126e !important;border-radius: 15px !important;}&#8221;]<\/p>\n<h4 style=\"text-align: center\"><span style=\"color: #ffffff\">Track A<\/span><\/h4>\n<p>[\/vc_column_text][vc_column_text css=&#8221;.vc_custom_1618382696226{padding-top: 5px !important;padding-bottom: 95px !important;background-color: #de126e !important;border-radius: 15px !important;}&#8221;]<\/p>\n<h6 style=\"text-align: center\"><a href=\"\/ck2020\/files\/2021\/04\/Whitworth_Information-Landskapes.pdf\" target=\"_blank\" rel=\"noopener\"><span style=\"color: #ffffff\">An archaeology of information landscapes<\/span><\/a><\/h6>\n<p style=\"text-align: center\"><em><span style=\"color: #ffffff\">Andrew Whitworth<\/span><\/em><\/p>\n<p>[\/vc_column_text][vc_column_text css=&#8221;.vc_custom_1618382273739{padding-top: 5px !important;padding-bottom: 25px !important;background-color: #de126e !important;border-radius: 15px !important;}&#8221;]<\/p>\n<h6 style=\"text-align: center\"><a href=\"\/ck2020\/files\/2021\/04\/Morrison_Creating-a-copyright-literacy-strategy.pdf\" target=\"_blank\" rel=\"noopener\"><span style=\"color: #ffffff\">Creating a copyright literacy strategy: A collaboration between library and academic staff<\/span><\/a><\/h6>\n<p style=\"text-align: center\"><span style=\"color: #ffffff\"><em>Chris Morrison<\/em><\/span><\/p>\n<p>[\/vc_column_text][vc_column_text css=&#8221;.vc_custom_1618383119880{padding-top: 5px !important;padding-right: 10px !important;padding-bottom: 25px !important;padding-left: 10px !important;background-color: #de126e !important;border-radius: 15px !important;}&#8221;]<\/p>\n<h6 style=\"text-align: center\"><a href=\"\/ck2020\/files\/2021\/04\/Steiner_et_al_The-ABC-method.pdf\" target=\"_blank\" rel=\"noopener\"><span style=\"color: #ffffff\">The ABC method as a tool for blended learning course development at Bergen University Library<\/span><\/a><\/h6>\n<p style=\"text-align: center\"><em><span style=\"color: #ffffff\">P\u00e5l Steiner, Ingunn R\u00f8dland, Christian H\u00f8jbjerg Hansen &amp; Henry Langseth<\/span><\/em><\/p>\n<p>[\/vc_column_text][vc_column_text css=&#8221;.vc_custom_1622618742952{padding-top: 5px !important;padding-right: 10px !important;padding-bottom: 25px !important;padding-left: 10px !important;background-color: #de126e !important;border-radius: 15px !important;}&#8221;]<\/p>\n<h6 style=\"text-align: center\"><a href=\"\/ck2020\/files\/2021\/04\/Moore_What\u2019s-new-copycat.pdf\" target=\"_blank\" rel=\"noopener\"><span style=\"color: #ffffff\">What\u2019s new copycat? Alternative facts in interpretations of RCR <\/span><br \/>\n<span style=\"color: #ffffff\">guidelines in Finland<\/span><\/a><\/h6>\n<p style=\"text-align: center\"><span style=\"color: #ffffff\"><em>Erja Moore<\/em><\/span><\/p>\n<p>[\/vc_column_text][\/vc_column][vc_column width=&#8221;1\/3&#8243;][vc_column_text css=&#8221;.vc_custom_1618319590158{padding-top: 5px !important;padding-bottom: 25px !important;background-color: #455492 !important;border-radius: 15px !important;}&#8221;]<\/p>\n<h4 style=\"text-align: center\"><span style=\"color: #ffffff\">Track B<\/span><\/h4>\n<p>[\/vc_column_text][vc_column_text css=&#8221;.vc_custom_1618382781088{padding-top: 5px !important;padding-right: 10px !important;padding-bottom: 75px !important;padding-left: 10px !important;background-color: #455492 !important;border-radius: 15px !important;}&#8221;]<\/p>\n<h6 style=\"text-align: center\"><a href=\"\/ck2020\/files\/2021\/04\/Lo\u0308nn-Stensrud_et_al_Library-faculty-collaboration.pdf\" target=\"_blank\" rel=\"noopener\"><span style=\"color: #ffffff\">Library-faculty collaboration: Academic writing and the just-in-time principle<\/span><\/a><\/h6>\n<p style=\"text-align: center\"><em><span style=\"color: #ffffff\">Jessica L\u00f6nn-Stensrud, Julie Skattebu &amp; Roger Simm<\/span><\/em><\/p>\n<p>[\/vc_column_text][vc_column_text css=&#8221;.vc_custom_1618383082691{padding-top: 5px !important;padding-right: 10px !important;padding-bottom: 25px !important;padding-left: 10px !important;background-color: #455492 !important;border-radius: 15px !important;}&#8221;]<\/p>\n<h6 style=\"text-align: center\"><a href=\"\/ck2020\/files\/2021\/04\/H\u00f8getveit_Facilitating-writing-seminars.pdf\" target=\"_blank\" rel=\"noopener\"><span style=\"color: #ffffff\">Facilitating writing seminars: Beyond shutting up and writing down<\/span><\/a><\/h6>\n<p style=\"text-align: center\"><em><span style=\"color: #ffffff\">\u00c5sne H\u00f8getveit<\/span><\/em><\/p>\n<p>[\/vc_column_text][vc_column_text css=&#8221;.vc_custom_1618383015614{padding-top: 5px !important;padding-right: 10px !important;padding-bottom: 25px !important;padding-left: 10px !important;background-color: #455492 !important;border-radius: 15px !important;}&#8221;]<\/p>\n<h6 style=\"text-align: center\"><a href=\"\/ck2020\/files\/2021\/04\/Lorange_et_al_NTNU-WriteFest-2020.pdf\" target=\"_blank\" rel=\"noopener\"><span style=\"color: #ffffff\">NTNU WriteFest 2020:<br \/>\nA digital writing festival<\/span><\/a><\/h6>\n<p style=\"text-align: center\"><span style=\"color: #ffffff\"><em>Anne L. Lorange, Idun Knutsdatter \u00d8sterdal, Andreas Fagervik &amp; Inga Buset Langfeldt<\/em><\/span><\/p>\n<p>[\/vc_column_text][vc_column_text css=&#8221;.vc_custom_1622618798109{padding-top: 5px !important;padding-right: 10px !important;padding-bottom: 25px !important;padding-left: 10px !important;background-color: #455492 !important;border-radius: 15px !important;}&#8221;]<\/p>\n<h6 style=\"text-align: center\"><a href=\"\/ck2020\/files\/2021\/04\/Miettinen_Into-the-great-wide-open.pdf\" target=\"_blank\" rel=\"noopener\"><span style=\"color: #ffffff\">\u201cInto the great wide open\u201d \u2013 Integrating open science and research into information literacy teaching at Tampere University Library<\/span><\/a><\/h6>\n<p style=\"text-align: center\"><span style=\"color: #ffffff\"><em>Mervi Miettinen<\/em><\/span><\/p>\n<p>[\/vc_column_text][\/vc_column][vc_column width=&#8221;1\/3&#8243;][vc_column_text css=&#8221;.vc_custom_1619599707059{padding-top: 5px !important;padding-bottom: 25px !important;background-color: #737373 !important;border-radius: 15px !important;}&#8221;]<\/p>\n<h4 style=\"text-align: center\"><span style=\"color: #ffffff\">Track C<\/span><\/h4>\n<p>[\/vc_column_text][vc_column_text css=&#8221;.vc_custom_1619599712598{padding-top: 5px !important;padding-right: 10px !important;padding-bottom: 25px !important;padding-left: 10px !important;background-color: #737373 !important;border-radius: 15px !important;}&#8221;]<\/p>\n<h6 style=\"text-align: center\"><a href=\"\/ck2020\/files\/2021\/04\/Sejersen-Brink_Strengthening-students\u2019-academic-digital-competencies.pdf\" target=\"_blank\" rel=\"noopener\"><span style=\"color: #ffffff\">Strengthening students\u2019 academic digital competencies through development of learning patterns: a Danish national project (STAK)<\/span><\/a><\/h6>\n<p style=\"text-align: center\"><em><span style=\"color: #ffffff\">Charlotte Wind, Dorthe Brauner Sejersen, Helle Brink, Lisbeth Ramsgaard Carlsen &amp; Ulla Buch Nilson<\/span><\/em><\/p>\n<p>[\/vc_column_text][vc_column_text css=&#8221;.vc_custom_1622445003455{padding-top: 5px !important;padding-right: 5px !important;padding-bottom: 45px !important;padding-left: 5px !important;background-color: #737373 !important;border-radius: 15px !important;}&#8221;]<\/p>\n<h6 style=\"text-align: center\"><a href=\"\/ck2020\/files\/2021\/04\/Kristensen-Kalland_Introduction-to-Evidence-Based-Practice.pdf\" target=\"_blank\" rel=\"noopener\"><span style=\"color: #ffffff\">Preparing students for an evidence-based health service: A collaboration between the University Library and Faculty<\/span><\/a><\/h6>\n<p style=\"text-align: center\"><span style=\"color: #ffffff\"><em>Lilja Marlen Johannessen, Linn Kristine Kristensen &amp; Kari Kalland<\/em><\/span><\/p>\n<p>[\/vc_column_text][vc_column_text css=&#8221;.vc_custom_1619599725375{padding-top: 5px !important;padding-bottom: 75px !important;background-color: #737373 !important;border-radius: 15px !important;}&#8221;]<\/p>\n<h6 style=\"text-align: center\"><a href=\"\/ck2020\/files\/2021\/04\/Bergsaker_et_al_New-skills-for-the-21st-century-lawyer-students.pdf\" target=\"_blank\" rel=\"noopener\"><span style=\"color: #ffffff\">New skills for the 21<sup>st<\/sup> century lawyer students<\/span><\/a><\/h6>\n<p style=\"text-align: center\"><em><span style=\"color: #ffffff\">Anne Schad Bergsaker, Andrea Gasparini &amp; Hilde Westbye<\/span><\/em><\/p>\n<p>[\/vc_column_text][vc_column_text css=&#8221;.vc_custom_1619599730841{padding-top: 5px !important;padding-bottom: 25px !important;background-color: #737373 !important;border-radius: 15px !important;}&#8221;]<\/p>\n<h6 style=\"text-align: center\"><a href=\"\/ck2020\/files\/2021\/04\/Schneider_Online-courses-for-information-literacy-skills-development.pdf\" target=\"_blank\" rel=\"noopener\"><span style=\"color: #ffffff\">Online courses for information literacy skills development in VIA University college<\/span><\/a><\/h6>\n<p style=\"text-align: center\"><em><span style=\"color: #ffffff\">Maria Viftrup Schneider<\/span><\/em><\/p>\n<p>[\/vc_column_text][\/vc_column][\/vc_row][vc_row 0=&#8221;&#8221;][vc_column 0=&#8221;&#8221;][vc_column_text 0=&#8221;&#8221;]<\/p>\n<h4 style=\"text-align: center\">16.30-16.40<\/h4>\n<p>[\/vc_column_text][vc_column_text css=&#8221;.vc_custom_1618381991063{padding-top: 15px !important;padding-bottom: 25px !important;background-color: #ffa500 !important;border-radius: 15px !important;}&#8221;]<\/p>\n<h5 style=\"text-align: center\"><span style=\"color: #ffffff\">Closing of day 1<\/span><\/h5>\n<p>[\/vc_column_text][vc_column_text css=&#8221;.vc_custom_1618389838436{padding-top: 50px !important;}&#8221;]<\/p>\n<div style=\"text-align: center\"><a class=\"program\" href=\"https:\/\/site.uit.no\/ck2020\/program\/\">Thursday\u00a0\u00a0<\/a><a class=\"program\" href=\"https:\/\/site.uit.no\/ck2020\/program-friday\/\">Friday<\/a><\/div>\n<p>[\/vc_column_text][\/vc_column][\/vc_row]<\/p>\n","protected":false},"excerpt":{"rendered":"<p>[vc_row 0=&#8221;&#8221;][vc_column 0=&#8221;&#8221;][vc_column_text css=&#8221;.vc_custom_1622644573906{padding-bottom: 25px !important;}&#8221;] Programme Thursday June 3 ThursdayFridayDownload Programme booklet (PDF) [\/vc_column_text][vc_column_text 0=&#8221;&#8221;] 08.30-09.00 (UTC +2) All times are in\u00a0CEST\u00a0(UTC+2 hours) [\/vc_column_text][vc_column_text css=&#8221;.vc_custom_1622618049145{padding-top: 15px !important;padding-bottom: 25px !important;background-color: #de126e !important;border-radius: 15px !important;}&#8221;] Opening of conference [\/vc_column_text][vc_column_text 0=&#8221;&#8221;] 09.00-10.00 [\/vc_column_text][vc_column_text css=&#8221;.vc_custom_1618319679308{padding-top: 10px !important;padding-bottom: 25px !important;background-color: #444444 !important;border-radius: 15px !important;}&#8221;] &hellip;<\/p>\n","protected":false},"author":956,"featured_media":923,"parent":0,"menu_order":0,"comment_status":"closed","ping_status":"closed","template":"","meta":{"footnotes":""},"class_list":["post-1077","page","type-page","status-publish","has-post-thumbnail","hentry"],"_links":{"self":[{"href":"https:\/\/site.uit.no\/ck2020\/wp-json\/wp\/v2\/pages\/1077","targetHints":{"allow":["GET"]}}],"collection":[{"href":"https:\/\/site.uit.no\/ck2020\/wp-json\/wp\/v2\/pages"}],"about":[{"href":"https:\/\/site.uit.no\/ck2020\/wp-json\/wp\/v2\/types\/page"}],"author":[{"embeddable":true,"href":"https:\/\/site.uit.no\/ck2020\/wp-json\/wp\/v2\/users\/956"}],"replies":[{"embeddable":true,"href":"https:\/\/site.uit.no\/ck2020\/wp-json\/wp\/v2\/comments?post=1077"}],"version-history":[{"count":88,"href":"https:\/\/site.uit.no\/ck2020\/wp-json\/wp\/v2\/pages\/1077\/revisions"}],"predecessor-version":[{"id":1362,"href":"https:\/\/site.uit.no\/ck2020\/wp-json\/wp\/v2\/pages\/1077\/revisions\/1362"}],"wp:featuredmedia":[{"embeddable":true,"href":"https:\/\/site.uit.no\/ck2020\/wp-json\/wp\/v2\/media\/923"}],"wp:attachment":[{"href":"https:\/\/site.uit.no\/ck2020\/wp-json\/wp\/v2\/media?parent=1077"}],"curies":[{"name":"wp","href":"https:\/\/api.w.org\/{rel}","templated":true}]}}