{"id":104,"date":"2015-04-07T16:16:38","date_gmt":"2015-04-07T14:16:38","guid":{"rendered":"http:\/\/www.corporesano.no\/?page_id=104"},"modified":"2019-05-24T11:49:07","modified_gmt":"2019-05-24T09:49:07","slug":"in-the-media","status":"publish","type":"page","link":"https:\/\/site.uit.no\/corporesano\/in-the-media\/","title":{"rendered":"In the Media"},"content":{"rendered":"<ul>\n<li class=\"copy-paste-block\">&#8220;<a href=\"http:\/\/www.techweekeurope.co.uk\/software\/norway-football-analytics-video-165708\">Could Data And Video Analysis Power Norway To Euro 2016 Qualification?<\/a>&#8220;; by Steve McCaskill, TechWeek Europe,\u00a0<span class=\"date\">April 1, 2015<\/span>.<\/li>\n<li class=\"copy-paste-block\">NRK covered some of our technologies and their use throughout the popular science program &#8220;<a href=\"http:\/\/tv.nrk.no\/serie\/schrodingers-katt\/DMPV73000915\/09-04-2015#t=49s\">Schr\u00f6dingers katt<\/a>&#8220;, April 9, 2015.<\/li>\n<li class=\"copy-paste-block\">Bagadus presented at conference in Copenhagen and mentioned in associated article on international elite soccer development, &#8220;<a href=\"http:\/\/Topforskere skaber bedre fodboldtr\u00e6ning\">Topforskere skaber bedre fodboldtr\u00e6ning<\/a>&#8220;. Published in <a href=\"http:\/\/videnskab.dk\/krop-sundhed\/topforskere-skaber-bedre-fodboldtraening\">Videnskab.dk<\/a> May 20 2015 by Thomas Hoffman, and translated by Lars Nygaard for <a href=\"http:\/\/forskning.no\/menneskekroppen-fotball\/2015\/05\/toppforskere-skaper-bedre-fotballtrening\">forskning.no<\/a> May 31, 2015.<\/li>\n<li class=\"copy-paste-block\">Soccer technology article in <a href=\"https:\/\/www.corporesano.no\/files\/2015\/04\/Nordlys.Corpore.19Sep2015.pdf\">Nordlys<\/a> by Torje D. Johansen and Ole \u00c5sheim, September 19, 2015.<\/li>\n<li class=\"copy-paste-block\">Swedish Televison SVTV2 covered our <a href=\"http:\/\/www.svt.se\/nyheter\/vetenskap\/ratt-teknik-pa-fotbollsplanen\">soccer technology<\/a> in their scientific program\u00a0 Vetenskapens v\u00e4rld October 26, 2015.<\/li>\n<li class=\"copy-paste-block\">Newspaper articles covering our collaboration and work with elite youth athletes (NTG students in Troms\u00f8):\n<ul>\n<li class=\"copy-paste-block\">&#8220;<a href=\"http:\/\/www.itromso.no\/sport\/2016\/01\/12\/Skal-forske-d%C3%B8gnet-rundt-p%C3%A5-idrettstalenter-fra-Troms%C3%B8-12018693.ece\">Skal forske d\u00f8gnet rundt p\u00e5 idrettstalenter fra Troms\u00f8<\/a>&#8220;, by Lars Eidissen, Troms\u00f8, January 12, 2016.<\/li>\n<li class=\"copy-paste-block\">&#8220;<a href=\"https:\/\/www.corporesano.no\/files\/2015\/04\/NTG-Corpore.nordlys_no_24.pdf\">100 elever fra NTG med p\u00e5 storstilt prosjekt: Bidrar til \u00e5 l\u00f8se helseproblemer<\/a>&#8220;, by Torje D. Johansen and Torgrim Rath Olsen, Nordlys,\u00a0 January 12, 2016.<\/li>\n<\/ul>\n<\/li>\n<li>Microsoft News Centre Europe with article on <a href=\"http:\/\/news.microsoft.com\/europe\/2017\/01\/05\/the-medical-revolution\/#sm.001h5hqbm105yd2twui1c278ofwxw#0mSZ0mG5I7O58zMY.97\">&#8220;The Medical Revolution&#8221;<\/a> where Corpore Sano is featured, January 6, 2017.<\/li>\n<li>Article in Nordlys covering <a href=\"https:\/\/www.nordlys.no\/til\/alfheim\/har-fatt-inn-12-millioner-kroner-til-a-forske-pa-unge-utovere\/s\/5-34-557647\">external funding<\/a> (12 Mill. Nkr) of our research field lab at Alfheim soccer stadium, Troms\u00f8, January 25, 2017.<\/li>\n<li>Article in <a href=\"https:\/\/www.tu.no\/artikler\/forskning-kunstig-intelligens-gjenkjenner-bilder-av-de-atte-vanligste-magesykdommene\/382439\">Teknisk Ukeblad<\/a> covering our research on automatic detection of diseases in the gastrointestinal tract by use of computers, May 8, 2017. An English version published in <a href=\"https:\/\/titan.uio.no\/node\/2302\">Titan<\/a> May 24, 2017.<\/li>\n<li>Article in &#8220;Dagbladet&#8221; covering the national pilot <a href=\"http:\/\/www.dagbladet.no\/nyheter\/norge-ligger-pa-verdenstoppen-i-forekomsten-av-tarmkreft---den-nye-behandlingsmetoden-kan-redde-liv\/67623905\">study on bowel cancer screening<\/a> in Norway ; Oslo, May 26, 2017.<\/li>\n<li>US Ambassador <a href=\"https:\/\/uit.no\/nyheter\/artikkel?p_document_id=606119&amp;p_dim=88205\">Kenneth Braithwaite<\/a> visits UiT and the Corpore Sano Centre, November 29, 2018.<\/li>\n<li>\n<p class=\"headline\"><a href=\"https:\/\/www.tu.no\/artikler\/norsk-programvare-avdekker-kreftfare-i-fordoyelsessystemet-pa-minutter\/465038\">Norsk programvare avdekker kreftfare i ford\u00f8yelsessystemet p\u00e5 minutter,<\/a> Teknisk Ukeblad, Mai 12, 2019.<\/p>\n<\/li>\n<li><a href=\"https:\/\/uit.no\/labyrint\/a\/teknologimotskader\">Teknologi hjelper TIL \u00e5 forutse skader<\/a>, UIT, Mai, 2019.<\/li>\n<li><a href=\"https:\/\/www.nord24.no\/bedrift\/okonomi-og-naringsliv\/tromso-sentrum\/bedriften-har-100-millioner-i-banken-nyansatt-sjef-og-et-festlig-lokale-men-hva-de-skal-gjore-er-ikke-godt-a-si\/s\/5-32-123858\">Bedriften har 100 millioner i banken, nyansatt sjef og et \u00abfestlig\u00bb lokale. Men, hva de skal gj\u00f8re er ikke godt \u00e5 si<\/a>, Nord24, May 2019,<\/li>\n<\/ul>\n","protected":false},"excerpt":{"rendered":"<p>&#8220;Could Data And Video Analysis Power Norway To Euro 2016 Qualification?&#8220;; by Steve McCaskill, TechWeek Europe,\u00a0April 1, 2015. NRK covered some of our technologies and their use throughout the popular science program &#8220;Schr\u00f6dingers katt&#8220;, April 9, 2015. Bagadus presented at conference in Copenhagen and mentioned in associated article on international &#8230;<\/p>\n","protected":false},"author":238,"featured_media":0,"parent":0,"menu_order":0,"comment_status":"closed","ping_status":"closed","template":"","meta":{"footnotes":""},"class_list":["post-104","page","type-page","status-publish","hentry","column","twocol"],"_links":{"self":[{"href":"https:\/\/site.uit.no\/corporesano\/wp-json\/wp\/v2\/pages\/104","targetHints":{"allow":["GET"]}}],"collection":[{"href":"https:\/\/site.uit.no\/corporesano\/wp-json\/wp\/v2\/pages"}],"about":[{"href":"https:\/\/site.uit.no\/corporesano\/wp-json\/wp\/v2\/types\/page"}],"author":[{"embeddable":true,"href":"https:\/\/site.uit.no\/corporesano\/wp-json\/wp\/v2\/users\/238"}],"replies":[{"embeddable":true,"href":"https:\/\/site.uit.no\/corporesano\/wp-json\/wp\/v2\/comments?post=104"}],"version-history":[{"count":30,"href":"https:\/\/site.uit.no\/corporesano\/wp-json\/wp\/v2\/pages\/104\/revisions"}],"predecessor-version":[{"id":564,"href":"https:\/\/site.uit.no\/corporesano\/wp-json\/wp\/v2\/pages\/104\/revisions\/564"}],"wp:attachment":[{"href":"https:\/\/site.uit.no\/corporesano\/wp-json\/wp\/v2\/media?parent=104"}],"curies":[{"name":"wp","href":"https:\/\/api.w.org\/{rel}","templated":true}]}}