{"id":320,"date":"2017-09-23T22:13:12","date_gmt":"2017-09-23T20:13:12","guid":{"rendered":"https:\/\/site.uit.no\/dataverseno\/?page_id=320"},"modified":"2024-09-20T09:59:52","modified_gmt":"2024-09-20T07:59:52","slug":"heim","status":"publish","type":"page","link":"https:\/\/site.uit.no\/dataverseno\/nn\/heim\/","title":{"rendered":""},"content":{"rendered":"<p><strong>DataverseNO<\/strong> (<a href=\"https:\/\/dataverse.no\" target=\"_blank\" rel=\"noopener\">https:\/\/dataverse.no<\/a>) er eit <strong>nasjonalt, generisk arkiv for opne forskingsdata<\/strong> fr\u00e5 forskarar fr\u00e5 norske forskingsinstitusjonar. DataverseNO st\u00f8r opp om <a href=\"https:\/\/www.go-fair.org\/fair-principles\/\" target=\"_blank\" rel=\"noopener\">FAIR Guiding Principles for scientific data management and stewardship<\/a>\u00a0og er\u00a0<a href=\"https:\/\/site.uit.no\/dataverseno\/nn\/2020\/03\/30\/dataverseno-er-coretrustseal-sertifisert\/\" target=\"_blank\" rel=\"noopener\">CoreTrustSeal-sertifisert<\/a>.\u00a0Meir informasjon om arkivet finn du p\u00e5 sida <a href=\"https:\/\/site.uit.no\/dataverseno\/nn\/om\/\" target=\"_blank\" rel=\"noopener\"><em>Om<\/em><\/a>. Du kan ogs\u00e5 ta kontakt med oss p\u00e5 <a href=\"mailto:support@dataverse.no\">support@dataverse.no<\/a>.<\/p>\n<p><strong>Ny brukar?<\/strong>\u00a0Sj\u00e5 avsnittet <a href=\"https:\/\/site.uit.no\/dataverseno\/nn\/arkivering\/arkiver-dataa-dine\/#logga-inn\" target=\"_blank\" rel=\"noopener\"><em>Oppretta ein brukarkonto<\/em><\/a>.<\/p>\n<p><strong>Norske forskingsinstitusjonar:<\/strong> Sj\u00e5 avsnittet <a href=\"https:\/\/site.uit.no\/dataverseno\/nn\/om\/#for-institusjonar\" target=\"_blank\" rel=\"noopener\">For forskingsinstitusjonar<\/a> for meir informasjon om DataverseNO og om korleis ein kan bli partnarinstitusjon i DataverseNO.<\/p>\n<p>G\u00e5 til DataverseNO-arkivet:<\/p>\n<p><a href=\"https:\/\/dataverse.no\/\" target=\"_blank\" rel=\"noopener\"><img decoding=\"async\" class=\"alignnone size-medium wp-image-2308\" src=\"https:\/\/site.uit.no\/dataverseno\/wp-content\/uploads\/sites\/314\/2020\/04\/dataverse_no_top-header-1-300x56.png\" alt=\"\" width=\"300\" height=\"56\" srcset=\"https:\/\/site.uit.no\/dataverseno\/wp-content\/uploads\/sites\/314\/2020\/04\/dataverse_no_top-header-1-300x56.png 300w, https:\/\/site.uit.no\/dataverseno\/wp-content\/uploads\/sites\/314\/2020\/04\/dataverse_no_top-header-1.png 378w\" sizes=\"(max-width: 300px) 100vw, 300px\" \/><\/a><\/p>\n","protected":false},"excerpt":{"rendered":"<p>DataverseNO (https:\/\/dataverse.no) er eit nasjonalt, generisk arkiv for opne forskingsdata fr\u00e5 forskarar fr\u00e5 norske forskingsinstitusjonar. DataverseNO st\u00f8r opp om FAIR Guiding Principles for scientific data management and stewardship\u00a0og er\u00a0CoreTrustSeal-sertifisert.\u00a0Meir informasjon om arkivet finn du p\u00e5 sida Om. Du kan ogs\u00e5 &hellip; <a href=\"https:\/\/site.uit.no\/dataverseno\/nn\/heim\/\">Continue reading <span class=\"meta-nav\">&rarr;<\/span><\/a><\/p>\n","protected":false},"author":425,"featured_media":0,"parent":0,"menu_order":0,"comment_status":"closed","ping_status":"closed","template":"","meta":{"footnotes":""},"class_list":["post-320","page","type-page","status-publish","hentry"],"_links":{"self":[{"href":"https:\/\/site.uit.no\/dataverseno\/wp-json\/wp\/v2\/pages\/320","targetHints":{"allow":["GET"]}}],"collection":[{"href":"https:\/\/site.uit.no\/dataverseno\/wp-json\/wp\/v2\/pages"}],"about":[{"href":"https:\/\/site.uit.no\/dataverseno\/wp-json\/wp\/v2\/types\/page"}],"author":[{"embeddable":true,"href":"https:\/\/site.uit.no\/dataverseno\/wp-json\/wp\/v2\/users\/425"}],"replies":[{"embeddable":true,"href":"https:\/\/site.uit.no\/dataverseno\/wp-json\/wp\/v2\/comments?post=320"}],"version-history":[{"count":2,"href":"https:\/\/site.uit.no\/dataverseno\/wp-json\/wp\/v2\/pages\/320\/revisions"}],"predecessor-version":[{"id":3581,"href":"https:\/\/site.uit.no\/dataverseno\/wp-json\/wp\/v2\/pages\/320\/revisions\/3581"}],"wp:attachment":[{"href":"https:\/\/site.uit.no\/dataverseno\/wp-json\/wp\/v2\/media?parent=320"}],"curies":[{"name":"wp","href":"https:\/\/api.w.org\/{rel}","templated":true}]}}