{"id":3722,"date":"2025-04-01T07:56:04","date_gmt":"2025-04-01T05:56:04","guid":{"rendered":"https:\/\/site.uit.no\/dataverseno\/?page_id=3722"},"modified":"2025-04-01T09:27:05","modified_gmt":"2025-04-01T07:27:05","slug":"revider-dataa-dine","status":"publish","type":"page","link":"https:\/\/site.uit.no\/dataverseno\/nn\/arkivering\/revider-dataa-dine\/","title":{"rendered":"Revider dataa dine (versjonering)"},"content":{"rendered":"\n\n\n<p>Dersom det er n\u00f8dvendig, kan du endra p\u00e5 metadata og\/eller datafilene ogs\u00e5 etter at datasettet er publisert. D\u00e5 blir det oppretta ein ny versjon av datasettet. Kvar ny versjon m\u00e5 godkjennast av ein kurator fr\u00e5 samlinga di. Derfor m\u00e5 du hugsa p\u00e5 \u00e5 senda den nye versjonen inn til vurdering (&#8220;Submit for Review&#8221;). Tidlegare versjonar blir ikkje sletta, men er alltid tilgjengelege i arkivet.<\/p>\n<p>NB! Det er IKKJE mogleg \u00e5 sletta eit datasett som er publisert. I visse tilfelle er det mogleg \u00e5 fjerna tilgangen til filene i eit datasett, men informasjonen om datasettet (forfattar, tittel, beskrivelse osb.) vil framleis vera synleg. Dersom du \u00f8nskjer \u00e5 fjerna tilgang til filene i eit publisert datasett, ta kontakt med <a href=\"https:\/\/site.uit.no\/dataverseno\/nn\/stotte\/\" target=\"_blank\" rel=\"noopener\">brukarst\u00f8tta<\/a>\u00a0p\u00e5 institusjonen din.<\/p>\n<p>\u00a0<\/p>\n","protected":false},"excerpt":{"rendered":"<p>Dersom det er n\u00f8dvendig, kan du endra p\u00e5 metadata og\/eller datafilene ogs\u00e5 etter at datasettet er publisert. D\u00e5 blir det oppretta ein ny versjon av datasettet. Kvar ny versjon m\u00e5 godkjennast av ein kurator fr\u00e5 samlinga di. Derfor m\u00e5 du &hellip; <a href=\"https:\/\/site.uit.no\/dataverseno\/nn\/arkivering\/revider-dataa-dine\/\">Continue reading <span class=\"meta-nav\">&rarr;<\/span><\/a><\/p>\n","protected":false},"author":425,"featured_media":0,"parent":376,"menu_order":0,"comment_status":"closed","ping_status":"closed","template":"","meta":{"footnotes":""},"class_list":["post-3722","page","type-page","status-publish","hentry"],"_links":{"self":[{"href":"https:\/\/site.uit.no\/dataverseno\/wp-json\/wp\/v2\/pages\/3722","targetHints":{"allow":["GET"]}}],"collection":[{"href":"https:\/\/site.uit.no\/dataverseno\/wp-json\/wp\/v2\/pages"}],"about":[{"href":"https:\/\/site.uit.no\/dataverseno\/wp-json\/wp\/v2\/types\/page"}],"author":[{"embeddable":true,"href":"https:\/\/site.uit.no\/dataverseno\/wp-json\/wp\/v2\/users\/425"}],"replies":[{"embeddable":true,"href":"https:\/\/site.uit.no\/dataverseno\/wp-json\/wp\/v2\/comments?post=3722"}],"version-history":[{"count":3,"href":"https:\/\/site.uit.no\/dataverseno\/wp-json\/wp\/v2\/pages\/3722\/revisions"}],"predecessor-version":[{"id":3754,"href":"https:\/\/site.uit.no\/dataverseno\/wp-json\/wp\/v2\/pages\/3722\/revisions\/3754"}],"up":[{"embeddable":true,"href":"https:\/\/site.uit.no\/dataverseno\/wp-json\/wp\/v2\/pages\/376"}],"wp:attachment":[{"href":"https:\/\/site.uit.no\/dataverseno\/wp-json\/wp\/v2\/media?parent=3722"}],"curies":[{"name":"wp","href":"https:\/\/api.w.org\/{rel}","templated":true}]}}