{"id":3839,"date":"2025-11-17T08:24:31","date_gmt":"2025-11-17T07:24:31","guid":{"rendered":"https:\/\/site.uit.no\/dataverseno\/?page_id=3839"},"modified":"2026-01-21T14:33:36","modified_gmt":"2026-01-21T13:33:36","slug":"dobbelt-blind-fagfellevurdering","status":"publish","type":"page","link":"https:\/\/site.uit.no\/dataverseno\/nn\/admin\/kuratering\/dobbelt-blind-fagfellevurdering\/","title":{"rendered":"Dobbelt-blind fagfellevurdering"},"content":{"rendered":"\n<p>Dersom eit datasettutkast skal inng\u00e5 i <strong>dobbelt-blind fagfellevurdering<\/strong> (\u00abdouble-blind peer review\u00bb), dvs. at b\u00e5de forfattar og fagfellar er anonyme, s\u00e5 kan ikkje forskar dela datasettet slik det er med redakt\u00f8r, fordi namnet p\u00e5 deponent dukkar opp i versjonskontrollen (sj\u00e5\u00a0<em>Version<\/em>-fana). I slike tilfelle lagar kurator ein anonymisert versjon av datasettutkastet etter oppskrifta nedanfor.<\/p>\n<ul>\n<li>Kurator kuraterer ferdig datasettutkastet som vanleg, men utan \u00e5 publisera det.<\/li>\n<li>N\u00e5r datasettutkastet er klart for publisering, opprettar kurator eit nytt, identisk, men anonymisert datasettutkast i ei samling som er dedikert til datasett som er del av dobbelt-blind fagfellevurdering.<\/li>\n<li>For \u00e5 f\u00e5 tilgang til denne samlinga send ein e-post til\u00a0<a href=\"mailto:support@dataverse.no\">support@dataverse.no<\/a>og be om brukarnamn og passord til DataverseNO Review Curator.<\/li>\n<li>Logg inn p\u00e5 dataverse.no som Review Curator. Du m\u00e5 vera logga ut som vanleg kurator, eller bruka eit inkognito-vindauge. Bruk innloggingsalternativet\u00a0<em>Other Options \u2013 Username\/Email<\/em>, og logg inn.<\/li>\n<li>G\u00e5 til denne samlinga:\u00a0<a href=\"https:\/\/dataverse.no\/dataverse\/review\">https:\/\/dataverse.no\/dataverse\/review<\/a>(NB! Samlinga er ikkje publisert\/skal ikkje publiserast.)<\/li>\n<li>Opprett det anonymiserte datasettet (sj\u00e5 meir info nedanfor), la vera \u00e5 publisera det, og lag ein f\u00f8rehandsvisings-URL (sj\u00e5\u00a0<a href=\"https:\/\/site.uit.no\/dataverseno\/nn\/admin\/kuratering\/#lesetilgang-til-upublisert-datasett\">Lesetilgang til upublisert datasett<\/a>), som du kan dela med forskar. N\u00e5r du er ferdig, log ut som Review Curator.<\/li>\n<li>Slik anonymiserer du datasettet (n\u00e5r du er logga inn som Review Curator):\n<ul>\n<li>S\u00f8rg for at det ikkje ligg att informasjon om forfattar i metadataskjemaet, dvs. at du anten fjernar identifiserande informasjon eller legg inn \u00abAnon.\u00bb i dei felta som m\u00e5 anonymiserast: <em>Author<\/em>(<em>Name<\/em>),\u00a0<em>Contact<\/em>\u00a0(<em>Name<\/em>\u00a0osb.),\u00a0<em>Producer<\/em>\u00a0(<em>Name<\/em>\u00a0osb.) og ev. andre felt som inneheld informasjon som kan identifisera forfattaren. I standard metadataskjemaet i Review-samlinga er \u00abAnon.\u00bb allereie lagt inn i slike felt.<\/li>\n<li>Du b\u00f8r ogs\u00e5 s\u00f8rgja for at forfattarnamn og annan identifiserande informasjon er erstatta med \u00abAnon.\u00bb i ReadMe-fila.<\/li>\n<li>Identifiserande informasjon m\u00e5 ogs\u00e5 fjernast fr\u00e5 filmetadata til alle filene. Her er\u00a0<a href=\"https:\/\/support.microsoft.com\/en-us\/office\/remove-hidden-data-and-personal-information-by-inspecting-documents-presentations-or-workbooks-356b7b5d-77af-44fe-a07f-9aa4d085966f\">ei oppskrift<\/a>p\u00e5 korleis du fjernar slik informasjon fr\u00e5 Microsoft Office-dokument. Bruk hjelpesider og informasjon p\u00e5 nettet for \u00e5 gjera det same i andre typar dokument. Ved sp\u00f8rsm\u00e5l, ta kontakt med DataverseNO.<\/li>\n<\/ul>\n<\/li>\n<li>Det er dette\u00a0<strong>nye<\/strong>, anonymiserte datasettet som s\u00e5\u00a0<strong>kan delast<\/strong>med redakt\u00f8r, som regel via ein f\u00f8rehandsvisings-URL (sj\u00e5\u00a0<a href=\"https:\/\/site.uit.no\/dataverseno\/nn\/admin\/kuratering\/#lesetilgang-til-upublisert-datasett\">Lesetilgang til upublisert datasett<\/a>).<\/li>\n<li>Men\u00a0<strong>NB!<\/strong>N\u00e5r artikkelen er blitt akseptert, er det det\u00a0<strong>opphavlege<\/strong>\u00a0datasettet som forskaren har oppretta, som\u00a0<strong>skal publiserast<\/strong>, og kurator skal d\u00e5 sletta det anonymiserte datasettet. Derfor er det viktig at forskaren heilt fr\u00e5 starten bruker ein anonymisert\u00a0<strong>referanse<\/strong>\u00a0(inkl. DOI) til det opphavlege datasettet i publikasjonen.<\/li>\n<\/ul>\n","protected":false},"excerpt":{"rendered":"<p>Dersom eit datasettutkast skal inng\u00e5 i dobbelt-blind fagfellevurdering (\u00abdouble-blind peer review\u00bb), dvs. at b\u00e5de forfattar og fagfellar er anonyme, s\u00e5 kan ikkje forskar dela datasettet slik det er med redakt\u00f8r, fordi namnet p\u00e5 deponent dukkar opp i versjonskontrollen (sj\u00e5\u00a0Version-fana). I &hellip; <a href=\"https:\/\/site.uit.no\/dataverseno\/nn\/admin\/kuratering\/dobbelt-blind-fagfellevurdering\/\">Continue reading <span class=\"meta-nav\">&rarr;<\/span><\/a><\/p>\n","protected":false},"author":425,"featured_media":0,"parent":337,"menu_order":0,"comment_status":"closed","ping_status":"closed","template":"","meta":{"footnotes":""},"class_list":["post-3839","page","type-page","status-publish","hentry"],"_links":{"self":[{"href":"https:\/\/site.uit.no\/dataverseno\/wp-json\/wp\/v2\/pages\/3839","targetHints":{"allow":["GET"]}}],"collection":[{"href":"https:\/\/site.uit.no\/dataverseno\/wp-json\/wp\/v2\/pages"}],"about":[{"href":"https:\/\/site.uit.no\/dataverseno\/wp-json\/wp\/v2\/types\/page"}],"author":[{"embeddable":true,"href":"https:\/\/site.uit.no\/dataverseno\/wp-json\/wp\/v2\/users\/425"}],"replies":[{"embeddable":true,"href":"https:\/\/site.uit.no\/dataverseno\/wp-json\/wp\/v2\/comments?post=3839"}],"version-history":[{"count":2,"href":"https:\/\/site.uit.no\/dataverseno\/wp-json\/wp\/v2\/pages\/3839\/revisions"}],"predecessor-version":[{"id":3953,"href":"https:\/\/site.uit.no\/dataverseno\/wp-json\/wp\/v2\/pages\/3839\/revisions\/3953"}],"up":[{"embeddable":true,"href":"https:\/\/site.uit.no\/dataverseno\/wp-json\/wp\/v2\/pages\/337"}],"wp:attachment":[{"href":"https:\/\/site.uit.no\/dataverseno\/wp-json\/wp\/v2\/media?parent=3839"}],"curies":[{"name":"wp","href":"https:\/\/api.w.org\/{rel}","templated":true}]}}